{"id":95203,"date":"2021-08-21T20:02:53","date_gmt":"2021-08-21T12:02:53","guid":{"rendered":"https:\/\/www.grab.com\/vn\/?p=95203"},"modified":"2024-01-24T17:55:09","modified_gmt":"2024-01-24T09:55:09","slug":"huong-dan-tai-va-cai-dat-grab","status":"publish","type":"page","link":"https:\/\/www.grab.com\/vn\/huong-dan-tai-va-cai-dat-grab\/","title":{"rendered":"H\u01b0\u1edbng d\u1eabn t\u1ea3i v\u00e0 c\u00e0i \u0111\u1eb7t Grab"},"content":{"rendered":"<p><img decoding=\"async\" src=\"https:\/\/play-lh.googleusercontent.com\/hZsdUzqm2SsogeJix-RBov7ToCCyJoKYhCPQ4zPrIBqAxzQIyDrOfIJI8cAV6ta_W9FKW4b696rtjYiuuk0=w1440-h789-rw\" alt=\"\u1ea2nh ch\u1ee5p m\u00e0n h\u00ecnh\" \/><\/p>\n<p><em><strong>V\u1ec1 Grab:<\/strong> Grab l\u00e0 si\u00eau \u1ee9ng d\u1ee5ng \u0111a d\u1ecbch v\u1ee5 h\u00e0ng \u0111\u1ea7u \u0110\u00f4ng Nam \u00c1. Ch\u00fang t\u00f4i cung c\u1ea5p nhi\u1ec1u d\u1ecbch v\u1ee5 thi\u1ebft y\u1ebfu h\u00e0ng ng\u00e0y cho h\u01a1n 670 tri\u1ec7u ng\u01b0\u1eddi tr\u00ean kh\u1eafp Singapore, Indonesia, Malaysia, Th\u00e1i Lan, Philippines, Vi\u1ec7t Nam, Campuchia v\u00e0 Myanmar. C\u00e1c d\u1ecbch v\u1ee5 thi\u1ebft y\u1ebfu c\u1ee7a ch\u00fang t\u00f4i bao g\u1ed3m Giao h\u00e0ng (<a href=\"https:\/\/www.grab.com\/vn\/food\/\">giao \u0111\u1ed3 \u0103n<\/a>, giao t\u1ea1p h\u00f3a, giao h\u00e0ng), Di chuy\u1ec3n (4 b\u00e1nh, 2 b\u00e1nh), D\u1ecbch v\u1ee5 T\u00e0i ch\u00ednh (cho vay, b\u1ea3o hi\u1ec3m, thanh to\u00e1n kh\u00f4ng ti\u1ec1n m\u1eb7t), Doanh nghi\u1ec7p v\u00e0 c\u00e1c D\u1ecbch v\u1ee5 kh\u00e1c. S\u1ee9 m\u1ec7nh c\u1ee7a ch\u00fang t\u00f4i l\u00e0 th\u00fac \u0111\u1ea9y \u0110\u00f4ng Nam \u00c1 ph\u00e1t tri\u1ec3n th\u00f4ng qua n\u1ed7 l\u1ef1c trao quy\u1ec1n kinh t\u1ebf cho t\u1ea5t c\u1ea3 m\u1ecdi ng\u01b0\u1eddi trong khu v\u1ef1c.<\/em><\/p>\n<h4><\/h4>\n<h4 style=\"text-align: left\"><b>H\u01af\u1edaNG D\u1eaaN T\u1ea2I V\u00c0 C\u00c0I \u0110\u1eb6T <\/b><\/h4>\n<p><strong>B\u01b0\u1edbc 1<\/strong>: T\u1ea3i \u1ee9ng d\u1ee5ng Grab v\u1ec1 \u0111i\u1ec7n tho\u1ea1i<\/p>\n<p>&#8211; \u0110\u1ed1i v\u1edbi thi\u1ebft b\u1ecb Android\u00a0t\u1ea3i \u1ee9ng d\u1ee5ng:\u00a0<a href=\"https:\/\/play.google.com\/store\/apps\/details?id=com.grabtaxi.passenger&amp;hl=vi&amp;gl=US\" target=\"_blank\" rel=\"nofollow noopener noreferrer\" data-cke-saved-href=\"https:\/\/play.google.com\/store\/apps\/details?id=com.grabtaxi.passenger&amp;hl=vi&amp;gl=US\">T\u1ea0I \u0110\u00c2Y.<\/a><\/p>\n<p>&#8211; \u0110\u1ed1i v\u1edbi thi\u1ebft b\u1ecb iOs t\u1ea3i \u1ee9ng d\u1ee5ng: <a href=\"https:\/\/apps.apple.com\/vn\/app\/grab-%C4%91%E1%BB%93-%C4%83n-giao-h%C3%A0ng-g%E1%BB%8Di-xe\/id647268330?l=vi\" target=\"_blank\" rel=\"nofollow noopener noreferrer\" data-cke-saved-href=\"https:\/\/apps.apple.com\/vn\/app\/grab-%C4%91%E1%BB%93-%C4%83n-giao-h%C3%A0ng-g%E1%BB%8Di-xe\/id647268330?l=vi\">T\u1ea0I \u0110\u00c2Y<\/a>.<\/p>\n<p><strong>B\u01b0\u1edbc 2<\/strong>: M\u1edf \u1ee9ng d\u1ee5ng\u00a0<strong>Grab<\/strong> &gt; Nh\u1eadp s\u1ed1 \u0111i\u1ec7n tho\u1ea1i c\u1ee7a b\u1ea1n \u0111\u1ec3 \u0111\u0103ng k\u00fd &gt; Nh\u1ea5n <strong>Ti\u1ebfp t\u1ee5c.<\/strong><\/p>\n<p><img loading=\"lazy\" decoding=\"async\" class=\"wp-image-95206 aligncenter\" src=\"https:\/\/assets.grab.com\/wp-content\/uploads\/sites\/11\/2021\/08\/21202008\/grap-1-800x600.jpg\" alt=\"\" width=\"788\" height=\"591\" \/><\/p>\n<p style=\"text-align: center\"><em>Nh\u1eadp s\u1ed1 \u0111i\u1ec7n tho\u1ea1i \u0111\u1ec3 \u0111\u0103ng k\u00fd t\u00e0i kho\u1ea3n<\/em><\/p>\n<p><strong>B\u01b0\u1edbc 3<\/strong>: Nh\u1eadp m\u00e3 x\u00e1c nh\u1eadn \u0111\u01b0\u1ee3c t\u1ef1 \u0111\u1ed9ng g\u1eedi v\u1ec1 s\u1ed1 \u0111i\u1ec7n tho\u1ea1i v\u00e0 nh\u1ea5n \u1ea5n <strong>Ti\u1ebfp t\u1ee5c<\/strong>.<\/p>\n<p><img decoding=\"async\" class=\"aligncenter\" src=\"https:\/\/cdn.tgdd.vn\/hoi-dap\/922701\/grap-2-800x600.jpg\" alt=\"Nh\u1eadp m\u00e3 x\u00e1c nh\u1eadn \u0111\u01b0\u1ee3c g\u1eedi v\u1ec1 s\u1ed1 \u0111i\u1ec7n tho\u1ea1i \u0111\u0103ng k\u00fd\" \/><\/p>\n<p style=\"text-align: center\"><em>Nh\u1eadp m\u00e3 x\u00e1c nh\u1eadn \u0111\u01b0\u1ee3c g\u1eedi v\u1ec1 s\u1ed1 \u0111i\u1ec7n tho\u1ea1i \u0111\u0103ng k\u00fd<\/em><\/p>\n<p>V\u1eady l\u00e0 b\u1ea1n \u0111\u00e3 t\u1ea1o th\u00e0nh c\u00f4ng t\u00e0i kho\u1ea3n v\u00e0 s\u1eb5n s\u00e0ng s\u1eed d\u1ee5ng c\u00e1c d\u1ecbch v\u1ee5 c\u1ee7a Grab.<\/p>\n","protected":false},"excerpt":{"rendered":"V\u1ec1 Grab: Grab l\u00e0 si\u00eau \u1ee9ng d\u1ee5ng \u0111a d\u1ecbch v\u1ee5 h\u00e0ng \u0111\u1ea7u \u0110\u00f4ng Nam \u00c1. Ch\u00fang t\u00f4i cung c\u1ea5p nhi\u1ec1u d\u1ecbch v\u1ee5 thi\u1ebft y\u1ebfu h\u00e0ng ng\u00e0y cho h\u01a1n 670 tri\u1ec7u ng\u01b0\u1eddi tr\u00ean kh\u1eafp Singapore, Indonesia, Malaysia, Th\u00e1i Lan, Philippines, Vi\u1ec7t Nam, Campuchia v\u00e0 Myanmar. C\u00e1c d\u1ecbch v\u1ee5 thi\u1ebft y\u1ebfu c\u1ee7a ch\u00fang t\u00f4i bao g\u1ed3m Giao [&hellip;]","protected":false},"author":1123,"featured_media":0,"parent":0,"menu_order":0,"comment_status":"closed","ping_status":"open","template":"","meta":{"_acf_changed":false,"footnotes":""},"acf":[],"_links":{"self":[{"href":"https:\/\/www.grab.com\/vn\/wp-json\/wp\/v2\/pages\/95203"}],"collection":[{"href":"https:\/\/www.grab.com\/vn\/wp-json\/wp\/v2\/pages"}],"about":[{"href":"https:\/\/www.grab.com\/vn\/wp-json\/wp\/v2\/types\/page"}],"author":[{"embeddable":true,"href":"https:\/\/www.grab.com\/vn\/wp-json\/wp\/v2\/users\/1123"}],"replies":[{"embeddable":true,"href":"https:\/\/www.grab.com\/vn\/wp-json\/wp\/v2\/comments?post=95203"}],"version-history":[{"count":6,"href":"https:\/\/www.grab.com\/vn\/wp-json\/wp\/v2\/pages\/95203\/revisions"}],"predecessor-version":[{"id":161459,"href":"https:\/\/www.grab.com\/vn\/wp-json\/wp\/v2\/pages\/95203\/revisions\/161459"}],"wp:attachment":[{"href":"https:\/\/www.grab.com\/vn\/wp-json\/wp\/v2\/media?parent=95203"}],"curies":[{"name":"wp","href":"https:\/\/api.w.org\/{rel}","templated":true}]}}