{"id":93552,"date":"2021-08-05T18:22:44","date_gmt":"2021-08-05T10:22:44","guid":{"rendered":"https:\/\/www.grab.com\/vn\/?page_id=93552"},"modified":"2021-08-05T18:22:44","modified_gmt":"2021-08-05T10:22:44","slug":"quy-trinh-xu-ly-don-hang-giao-khong-thanh-cong-chinh-sach-boi-hoan-grabexpress-sieu-toc-thuc-pham-grabexpress-nhieu-diem-thuc-pham","status":"publish","type":"page","link":"https:\/\/www.grab.com\/vn\/quy-trinh-xu-ly-don-hang-giao-khong-thanh-cong-chinh-sach-boi-hoan-grabexpress-sieu-toc-thuc-pham-grabexpress-nhieu-diem-thuc-pham\/","title":{"rendered":"Quy tr\u00ecnh x\u1eed l\u00fd \u0111\u01a1n h\u00e0ng giao kh\u00f4ng th\u00e0nh c\u00f4ng &amp; Ch\u00ednh s\u00e1ch b\u1ed3i ho\u00e0n GrabExpress Si\u00eau T\u1ed1c (Th\u1ef1c Ph\u1ea9m) &amp; GrabExpress Nhi\u1ec1u \u0110i\u1ec3m (Th\u1ef1c Ph\u1ea9m)"},"content":{"rendered":"<p><img loading=\"lazy\" decoding=\"async\" width=\"842\" height=\"1646\" class=\"alignnone size-full wp-image-93590 aligncenter\" src=\"https:\/\/assets.grab.com\/wp-content\/uploads\/sites\/11\/2021\/08\/05182218\/qt-boi-hoan-3.png\" alt=\"\" \/><\/p>\n","protected":false},"excerpt":{"rendered":"","protected":false},"author":1018,"featured_media":0,"parent":0,"menu_order":0,"comment_status":"closed","ping_status":"closed","template":"","meta":{"_acf_changed":false,"footnotes":""},"acf":[],"_links":{"self":[{"href":"https:\/\/www.grab.com\/vn\/wp-json\/wp\/v2\/pages\/93552"}],"collection":[{"href":"https:\/\/www.grab.com\/vn\/wp-json\/wp\/v2\/pages"}],"about":[{"href":"https:\/\/www.grab.com\/vn\/wp-json\/wp\/v2\/types\/page"}],"author":[{"embeddable":true,"href":"https:\/\/www.grab.com\/vn\/wp-json\/wp\/v2\/users\/1018"}],"replies":[{"embeddable":true,"href":"https:\/\/www.grab.com\/vn\/wp-json\/wp\/v2\/comments?post=93552"}],"version-history":[{"count":1,"href":"https:\/\/www.grab.com\/vn\/wp-json\/wp\/v2\/pages\/93552\/revisions"}],"predecessor-version":[{"id":93592,"href":"https:\/\/www.grab.com\/vn\/wp-json\/wp\/v2\/pages\/93552\/revisions\/93592"}],"wp:attachment":[{"href":"https:\/\/www.grab.com\/vn\/wp-json\/wp\/v2\/media?parent=93552"}],"curies":[{"name":"wp","href":"https:\/\/api.w.org\/{rel}","templated":true}]}}