{"id":92990,"date":"2021-08-01T19:36:30","date_gmt":"2021-08-01T11:36:30","guid":{"rendered":"https:\/\/www.grab.com\/vn\/?page_id=92990"},"modified":"2021-08-05T11:11:26","modified_gmt":"2021-08-05T03:11:26","slug":"grab-2-banh-mot-so-luu-y-danh-cho-doi-tac-hoat-dong-dich-vu-grabexpress-mua-ho-giao-lien-quan","status":"publish","type":"page","link":"https:\/\/www.grab.com\/vn\/grab-2-banh-mot-so-luu-y-danh-cho-doi-tac-hoat-dong-dich-vu-grabexpress-mua-ho-giao-lien-quan\/","title":{"rendered":"[Grab 2 b\u00e1nh] M\u1ed9t s\u1ed1 l\u01b0u \u00fd d\u00e0nh cho \u0110\u1ed1i t\u00e1c ho\u1ea1t \u0111\u1ed9ng d\u1ecbch v\u1ee5 GrabExpress Mua H\u1ed9 &#8211; Giao Li\u00ean Qu\u1eadn"},"content":{"rendered":"<p><a href=\"https:\/\/www.grab.com\/vn\/blog\/chinhsachhotrokhoanphatviphamhanhchinh\/\"><img loading=\"lazy\" decoding=\"async\" width=\"1000\" height=\"4345\" class=\"alignnone size-full wp-image-93462 aligncenter\" src=\"https:\/\/assets.grab.com\/wp-content\/uploads\/sites\/11\/2021\/08\/04204840\/F-Poster-GEMH-04.08.png\" alt=\"\" \/><\/a><\/p>\n","protected":false},"excerpt":{"rendered":"","protected":false},"author":1018,"featured_media":0,"parent":0,"menu_order":0,"comment_status":"closed","ping_status":"closed","template":"","meta":{"_acf_changed":false,"footnotes":""},"acf":[],"_links":{"self":[{"href":"https:\/\/www.grab.com\/vn\/wp-json\/wp\/v2\/pages\/92990"}],"collection":[{"href":"https:\/\/www.grab.com\/vn\/wp-json\/wp\/v2\/pages"}],"about":[{"href":"https:\/\/www.grab.com\/vn\/wp-json\/wp\/v2\/types\/page"}],"author":[{"embeddable":true,"href":"https:\/\/www.grab.com\/vn\/wp-json\/wp\/v2\/users\/1018"}],"replies":[{"embeddable":true,"href":"https:\/\/www.grab.com\/vn\/wp-json\/wp\/v2\/comments?post=92990"}],"version-history":[{"count":7,"href":"https:\/\/www.grab.com\/vn\/wp-json\/wp\/v2\/pages\/92990\/revisions"}],"predecessor-version":[{"id":93473,"href":"https:\/\/www.grab.com\/vn\/wp-json\/wp\/v2\/pages\/92990\/revisions\/93473"}],"wp:attachment":[{"href":"https:\/\/www.grab.com\/vn\/wp-json\/wp\/v2\/media?parent=92990"}],"curies":[{"name":"wp","href":"https:\/\/api.w.org\/{rel}","templated":true}]}}