{"id":80301,"date":"2021-01-07T16:18:09","date_gmt":"2021-01-07T08:18:09","guid":{"rendered":"https:\/\/www.grab.com\/vn\/?page_id=80301"},"modified":"2026-03-16T11:05:40","modified_gmt":"2026-03-16T03:05:40","slug":"drive","status":"publish","type":"page","link":"https:\/\/www.grab.com\/vn\/driver\/drive\/","title":{"rendered":"Drive"},"content":{"rendered":"\t\t<div data-elementor-type=\"wp-post\" data-elementor-id=\"80301\" class=\"elementor elementor-80301\" data-elementor-post-type=\"page\">\n\t\t\t\t\t\t<section class=\"elementor-section elementor-top-section elementor-element elementor-element-6a5f936b elementor-section-full_width elementor-section-height-default elementor-section-height-default\" data-id=\"6a5f936b\" data-element_type=\"section\" data-settings=\"{&quot;background_background&quot;:&quot;classic&quot;}\">\n\t\t\t\t\t\t<div class=\"elementor-container elementor-column-gap-no\">\n\t\t\t\t\t<div class=\"elementor-column elementor-col-100 elementor-top-column elementor-element elementor-element-59f8c0be\" data-id=\"59f8c0be\" data-element_type=\"column\">\n\t\t\t<div class=\"elementor-widget-wrap\">\n\t\t\t\t\t\t\t<\/div>\n\t\t<\/div>\n\t\t\t\t\t<\/div>\n\t\t<\/section>\n\t\t\t\t<\/div>\n\t\t","protected":false},"excerpt":{"rendered":"N\u1ebfu b\u1ea1n l\u00e0 \u0110\u1ed1i t\u00e1c Grab \u0111ang g\u1eb7p s\u1ef1 c\u1ed1 v\u1ec1 t\u00e0i kho\u1ea3n, vui l\u00f2ng truy c\u1eadp Trung t\u00e2m tr\u1ee3 gi\u00fap. Tr\u1edf th\u00e0nh \u0110\u1ed1i t\u00e1c c\u1ee7a Grab Tr\u1edf th\u00e0nh \u0110\u1ed1i t\u00e1c c\u1ee7a Grab \u0111\u1ec3 l\u00e0m ch\u1ee7 cu\u1ed9c s\u1ed1ng c\u1ee7a m\u00ecnh v\u00e0 h\u01a1n th\u1ebf n\u1eefa. H\u00e3y c\u00f9ng nhau b\u1eaft \u0111\u1ea7u h\u00e0nh tr\u00ecnh ngay n\u00e0o. \u0110\u0103ng k\u00fd [&hellip;]","protected":false},"author":996,"featured_media":0,"parent":42133,"menu_order":3,"comment_status":"closed","ping_status":"closed","template":"grab20-boxed","meta":{"_acf_changed":false,"footnotes":""},"acf":[],"_links":{"self":[{"href":"https:\/\/www.grab.com\/vn\/wp-json\/wp\/v2\/pages\/80301"}],"collection":[{"href":"https:\/\/www.grab.com\/vn\/wp-json\/wp\/v2\/pages"}],"about":[{"href":"https:\/\/www.grab.com\/vn\/wp-json\/wp\/v2\/types\/page"}],"author":[{"embeddable":true,"href":"https:\/\/www.grab.com\/vn\/wp-json\/wp\/v2\/users\/996"}],"replies":[{"embeddable":true,"href":"https:\/\/www.grab.com\/vn\/wp-json\/wp\/v2\/comments?post=80301"}],"version-history":[{"count":218,"href":"https:\/\/www.grab.com\/vn\/wp-json\/wp\/v2\/pages\/80301\/revisions"}],"predecessor-version":[{"id":201963,"href":"https:\/\/www.grab.com\/vn\/wp-json\/wp\/v2\/pages\/80301\/revisions\/201963"}],"up":[{"embeddable":true,"href":"https:\/\/www.grab.com\/vn\/wp-json\/wp\/v2\/pages\/42133"}],"wp:attachment":[{"href":"https:\/\/www.grab.com\/vn\/wp-json\/wp\/v2\/media?parent=80301"}],"curies":[{"name":"wp","href":"https:\/\/api.w.org\/{rel}","templated":true}]}}