{"id":71067,"date":"2020-08-14T12:27:01","date_gmt":"2020-08-14T04:27:01","guid":{"rendered":"https:\/\/www.grab.com\/vn\/copy-of-grabfood-khoa-dao-tao-nang-cao-danh-cho-doi-tac-nha-hang\/"},"modified":"2020-08-14T12:27:01","modified_gmt":"2020-08-14T04:27:01","slug":"copy-of-grabfood-khoa-dao-tao-nang-cao-danh-cho-doi-tac-nha-hang","status":"publish","type":"page","link":"https:\/\/www.grab.com\/vn\/copy-of-grabfood-khoa-dao-tao-nang-cao-danh-cho-doi-tac-nha-hang\/","title":{"rendered":"Copy of [GrabFood] Kh\u00f3a \u0110\u00e0o T\u1ea1o N\u00e2ng Cao D\u00e0nh Cho \u0110\u1ed1i T\u00e1c Nh\u00e0 H\u00e0ng"},"content":{"rendered":"<p><img loading=\"lazy\" decoding=\"async\" width=\"1200\" height=\"375\" class=\"aligncenter size-full wp-image-71058\" src=\"https:\/\/assets.grab.com\/wp-content\/uploads\/sites\/11\/2020\/08\/14122042\/1-1.jpg\" alt=\"\" srcset=\"https:\/\/assets.grab.com\/wp-content\/uploads\/sites\/11\/2020\/08\/14122042\/1-1.jpg 1200w, https:\/\/assets.grab.com\/wp-content\/uploads\/sites\/11\/2020\/08\/14122042\/1-1-250x78.jpg 250w, https:\/\/assets.grab.com\/wp-content\/uploads\/sites\/11\/2020\/08\/14122042\/1-1-768x240.jpg 768w, https:\/\/assets.grab.com\/wp-content\/uploads\/sites\/11\/2020\/08\/14122042\/1-1-700x219.jpg 700w, https:\/\/assets.grab.com\/wp-content\/uploads\/sites\/11\/2020\/08\/14122042\/1-1-120x38.jpg 120w\" sizes=\"(max-width: 1200px) 100vw, 1200px\" \/><\/p>\n<p>&nbsp;<\/p>\n<p style=\"text-align: left\"><span style=\"font-weight: 400\">Qu\u00fd \u0110\u1ed1i t\u00e1c Nh\u00e0 h\u00e0ng th\u00e2n m\u1ebfn,\u00a0<\/span><\/p>\n<p style=\"text-align: left\"><span style=\"font-weight: 400\">Trong cu\u1ed9c s\u1ed1ng th\u01b0\u1eddng ng\u00e0y, m\u1ed7i ch\u00fang ta \u0111\u1ec1u \u0111\u00f3ng vai tr\u00f2 l\u00e0 Kh\u00e1ch h\u00e0ng \u0111\u00e3 v\u00e0 \u0111ang tr\u1ea3i nghi\u1ec7m nhi\u1ec1u d\u1ecbch v\u1ee5 kh\u00e1c nhau t\u1eeb \u0103n u\u1ed1ng, mua s\u1eafm \u0111\u1ebfn vui ch\u01a1i. V\u00ec th\u1ebf ch\u1eafc h\u1eb3n Qu\u00fd \u0110\u1ed1i t\u00e1c c\u0169ng mong mu\u1ed1n b\u1ea3n th\u00e2n s\u1ebd \u0111\u01b0\u1ee3c ph\u1ee5c v\u1ee5 th\u1eadt chu \u0111\u00e1o, \u00e2n c\u1ea7n v\u1edbi t\u1eebng d\u1ecbch v\u1ee5 m\u00ecnh s\u1eed d\u1ee5ng. Grab tin r\u1eb1ng, tr\u00ean c\u01b0\u01a1ng v\u1ecb l\u00e0 ng\u01b0\u1eddi cung c\u1ea5p d\u1ecbch v\u1ee5, Qu\u00fd \u0110\u1ed1i t\u00e1c c\u0169ng c\u00f3 th\u1ec3 mang \u0111\u1ebfn cho Kh\u00e1ch h\u00e0ng th\u1eadt nhi\u1ec1u tr\u1ea3i nghi\u1ec7m 5 sao.<\/span><\/p>\n<p style=\"text-align: left\"><span style=\"font-weight: 400\">Khi Kh\u00e1ch h\u00e0ng h\u00e0i l\u00f2ng, \u0110\u1ed1i t\u00e1c s\u1ebd c\u00f3 \u0111\u01b0\u1ee3c nh\u1eefng k\u00eanh truy\u1ec1n th\u00f4ng t\u1ed1t nh\u1ea5t, gi\u00fap m\u1ecdi ng\u01b0\u1eddi tin d\u00f9ng Grab nhi\u1ec1u h\u01a1n, t\u1eeb \u0111\u00f3 t\u0103ng th\u00eam thu nh\u1eadp cho \u0110\u1ed1i t\u00e1c.<\/span><\/p>\n<p><span style=\"font-weight: 400\">V\u00ec th\u1ebf, v\u1edbi mong mu\u1ed1n trang b\u1ecb cho Qu\u00fd \u0110\u1ed1i t\u00e1c k\u1ef9 n\u0103ng x\u1eed l\u00fd nh\u1eefng t\u00ecnh hu\u1ed1ng th\u01b0\u1eddng g\u1eb7p, c\u00e1c b\u01b0\u1edbc ho\u00e0n thi\u1ec7n ch\u1ea5t l\u01b0\u1ee3ng d\u1ecbch v\u1ee5 d\u00e0nh cho Kh\u00e1ch h\u00e0ng, Grab cho ra m\u1eaft <\/span><b>\u00a0<\/b><b>\u201cKh\u00f3a \u0111\u00e0o t\u1ea1o n\u00e2ng cao d\u00e0nh Cho \u0110\u1ed1i t\u00e1c Nh\u00e0 h\u00e0ng\u201d<\/b><b>.<\/b><\/p>\n<p><img loading=\"lazy\" decoding=\"async\" width=\"1200\" height=\"469\" class=\"aligncenter size-full wp-image-71060\" src=\"https:\/\/assets.grab.com\/wp-content\/uploads\/sites\/11\/2020\/08\/14122224\/2-2.jpg\" alt=\"\" srcset=\"https:\/\/assets.grab.com\/wp-content\/uploads\/sites\/11\/2020\/08\/14122224\/2-2.jpg 1200w, https:\/\/assets.grab.com\/wp-content\/uploads\/sites\/11\/2020\/08\/14122224\/2-2-250x98.jpg 250w, https:\/\/assets.grab.com\/wp-content\/uploads\/sites\/11\/2020\/08\/14122224\/2-2-768x300.jpg 768w, https:\/\/assets.grab.com\/wp-content\/uploads\/sites\/11\/2020\/08\/14122224\/2-2-700x274.jpg 700w, https:\/\/assets.grab.com\/wp-content\/uploads\/sites\/11\/2020\/08\/14122224\/2-2-120x47.jpg 120w\" sizes=\"(max-width: 1200px) 100vw, 1200px\" \/><\/p>\n<p><img loading=\"lazy\" decoding=\"async\" width=\"1200\" height=\"722\" class=\"aligncenter size-full wp-image-71061\" src=\"https:\/\/assets.grab.com\/wp-content\/uploads\/sites\/11\/2020\/08\/14122246\/3-1.jpg\" alt=\"\" srcset=\"https:\/\/assets.grab.com\/wp-content\/uploads\/sites\/11\/2020\/08\/14122246\/3-1.jpg 1200w, https:\/\/assets.grab.com\/wp-content\/uploads\/sites\/11\/2020\/08\/14122246\/3-1-250x150.jpg 250w, https:\/\/assets.grab.com\/wp-content\/uploads\/sites\/11\/2020\/08\/14122246\/3-1-768x462.jpg 768w, https:\/\/assets.grab.com\/wp-content\/uploads\/sites\/11\/2020\/08\/14122246\/3-1-700x421.jpg 700w, https:\/\/assets.grab.com\/wp-content\/uploads\/sites\/11\/2020\/08\/14122246\/3-1-120x72.jpg 120w\" sizes=\"(max-width: 1200px) 100vw, 1200px\" \/><\/p>\n<p><a href=\"https:\/\/bit.ly\/hdZoom\"><img loading=\"lazy\" decoding=\"async\" width=\"1200\" height=\"222\" class=\"aligncenter size-full wp-image-71062\" src=\"https:\/\/assets.grab.com\/wp-content\/uploads\/sites\/11\/2020\/08\/14122322\/4-1.jpg\" alt=\"\" srcset=\"https:\/\/assets.grab.com\/wp-content\/uploads\/sites\/11\/2020\/08\/14122322\/4-1.jpg 1200w, https:\/\/assets.grab.com\/wp-content\/uploads\/sites\/11\/2020\/08\/14122322\/4-1-250x46.jpg 250w, https:\/\/assets.grab.com\/wp-content\/uploads\/sites\/11\/2020\/08\/14122322\/4-1-768x142.jpg 768w, https:\/\/assets.grab.com\/wp-content\/uploads\/sites\/11\/2020\/08\/14122322\/4-1-700x130.jpg 700w, https:\/\/assets.grab.com\/wp-content\/uploads\/sites\/11\/2020\/08\/14122322\/4-1-120x22.jpg 120w\" sizes=\"(max-width: 1200px) 100vw, 1200px\" \/><\/a><\/p>\n<p><a href=\"http:\/\/grb.to\/nangcaodvMEX\"><img loading=\"lazy\" decoding=\"async\" width=\"1200\" height=\"355\" class=\"aligncenter size-full wp-image-71063\" src=\"https:\/\/assets.grab.com\/wp-content\/uploads\/sites\/11\/2020\/08\/14122334\/51.jpg\" alt=\"\" srcset=\"https:\/\/assets.grab.com\/wp-content\/uploads\/sites\/11\/2020\/08\/14122334\/51.jpg 1200w, https:\/\/assets.grab.com\/wp-content\/uploads\/sites\/11\/2020\/08\/14122334\/51-250x74.jpg 250w, https:\/\/assets.grab.com\/wp-content\/uploads\/sites\/11\/2020\/08\/14122334\/51-768x227.jpg 768w, https:\/\/assets.grab.com\/wp-content\/uploads\/sites\/11\/2020\/08\/14122334\/51-700x207.jpg 700w, https:\/\/assets.grab.com\/wp-content\/uploads\/sites\/11\/2020\/08\/14122334\/51-120x36.jpg 120w\" sizes=\"(max-width: 1200px) 100vw, 1200px\" \/><\/a><\/p>\n<p><a href=\"https:\/\/bit.ly\/taidaotaomex\"><img loading=\"lazy\" decoding=\"async\" width=\"1200\" height=\"532\" class=\"aligncenter size-full wp-image-71064\" src=\"https:\/\/assets.grab.com\/wp-content\/uploads\/sites\/11\/2020\/08\/14122347\/61.jpg\" alt=\"\" srcset=\"https:\/\/assets.grab.com\/wp-content\/uploads\/sites\/11\/2020\/08\/14122347\/61.jpg 1200w, https:\/\/assets.grab.com\/wp-content\/uploads\/sites\/11\/2020\/08\/14122347\/61-250x111.jpg 250w, https:\/\/assets.grab.com\/wp-content\/uploads\/sites\/11\/2020\/08\/14122347\/61-768x340.jpg 768w, https:\/\/assets.grab.com\/wp-content\/uploads\/sites\/11\/2020\/08\/14122347\/61-700x310.jpg 700w, https:\/\/assets.grab.com\/wp-content\/uploads\/sites\/11\/2020\/08\/14122347\/61-120x53.jpg 120w\" sizes=\"(max-width: 1200px) 100vw, 1200px\" \/><\/a><\/p>\n","protected":false},"excerpt":{"rendered":"&nbsp; Qu\u00fd \u0110\u1ed1i t\u00e1c Nh\u00e0 h\u00e0ng th\u00e2n m\u1ebfn,\u00a0 Trong cu\u1ed9c s\u1ed1ng th\u01b0\u1eddng ng\u00e0y, m\u1ed7i ch\u00fang ta \u0111\u1ec1u \u0111\u00f3ng vai tr\u00f2 l\u00e0 Kh\u00e1ch h\u00e0ng \u0111\u00e3 v\u00e0 \u0111ang tr\u1ea3i nghi\u1ec7m nhi\u1ec1u d\u1ecbch v\u1ee5 kh\u00e1c nhau t\u1eeb \u0103n u\u1ed1ng, mua s\u1eafm \u0111\u1ebfn vui ch\u01a1i. V\u00ec th\u1ebf ch\u1eafc h\u1eb3n Qu\u00fd \u0110\u1ed1i t\u00e1c c\u0169ng mong mu\u1ed1n b\u1ea3n th\u00e2n s\u1ebd \u0111\u01b0\u1ee3c [&hellip;]","protected":false},"author":933,"featured_media":0,"parent":0,"menu_order":0,"comment_status":"closed","ping_status":"closed","template":"","meta":{"_acf_changed":false,"footnotes":""},"acf":[],"_links":{"self":[{"href":"https:\/\/www.grab.com\/vn\/wp-json\/wp\/v2\/pages\/71067"}],"collection":[{"href":"https:\/\/www.grab.com\/vn\/wp-json\/wp\/v2\/pages"}],"about":[{"href":"https:\/\/www.grab.com\/vn\/wp-json\/wp\/v2\/types\/page"}],"author":[{"embeddable":true,"href":"https:\/\/www.grab.com\/vn\/wp-json\/wp\/v2\/users\/933"}],"replies":[{"embeddable":true,"href":"https:\/\/www.grab.com\/vn\/wp-json\/wp\/v2\/comments?post=71067"}],"version-history":[{"count":0,"href":"https:\/\/www.grab.com\/vn\/wp-json\/wp\/v2\/pages\/71067\/revisions"}],"wp:attachment":[{"href":"https:\/\/www.grab.com\/vn\/wp-json\/wp\/v2\/media?parent=71067"}],"curies":[{"name":"wp","href":"https:\/\/api.w.org\/{rel}","templated":true}]}}