{"id":69007,"date":"2020-07-13T18:38:57","date_gmt":"2020-07-13T10:38:57","guid":{"rendered":"https:\/\/www.grab.com\/vn\/?page_id=69007"},"modified":"2020-07-22T23:48:31","modified_gmt":"2020-07-22T15:48:31","slug":"homegrown-heroes","status":"publish","type":"page","link":"https:\/\/www.grab.com\/vn\/homegrown-heroes\/","title":{"rendered":"Homegrown Heroes"},"content":{"rendered":"\t\t<div data-elementor-type=\"wp-post\" data-elementor-id=\"69007\" class=\"elementor elementor-69007\" data-elementor-post-type=\"page\">\n\t\t\t\t\t\t<section class=\"elementor-section elementor-top-section elementor-element elementor-element-8c57c7e elementor-section-stretched elementor-section-boxed elementor-section-height-default elementor-section-height-default\" data-id=\"8c57c7e\" data-element_type=\"section\" data-settings=\"{&quot;stretch_section&quot;:&quot;section-stretched&quot;}\">\n\t\t\t\t\t\t<div class=\"elementor-container elementor-column-gap-default\">\n\t\t\t\t\t<div class=\"elementor-column elementor-col-100 elementor-top-column elementor-element elementor-element-c3787c7\" data-id=\"c3787c7\" data-element_type=\"column\">\n\t\t\t<div class=\"elementor-widget-wrap elementor-element-populated\">\n\t\t\t\t\t\t<div class=\"elementor-element elementor-element-6b7b0c4 elementor-widget elementor-widget-image\" data-id=\"6b7b0c4\" data-element_type=\"widget\" data-widget_type=\"image.default\">\n\t\t\t\t<div class=\"elementor-widget-container\">\n\t\t\t\t\t\t\t\t\t\t\t\t\t<img loading=\"lazy\" decoding=\"async\" width=\"1200\" height=\"600\" src=\"https:\/\/assets.grab.com\/wp-content\/uploads\/sites\/11\/2020\/07\/13184003\/VN_Campaign-Site_Banner.jpg\" class=\"attachment-full size-full wp-image-69009\" alt=\"\" srcset=\"https:\/\/assets.grab.com\/wp-content\/uploads\/sites\/11\/2020\/07\/13184003\/VN_Campaign-Site_Banner.jpg 1200w, https:\/\/assets.grab.com\/wp-content\/uploads\/sites\/11\/2020\/07\/13184003\/VN_Campaign-Site_Banner-250x125.jpg 250w, https:\/\/assets.grab.com\/wp-content\/uploads\/sites\/11\/2020\/07\/13184003\/VN_Campaign-Site_Banner-768x384.jpg 768w, https:\/\/assets.grab.com\/wp-content\/uploads\/sites\/11\/2020\/07\/13184003\/VN_Campaign-Site_Banner-700x350.jpg 700w, https:\/\/assets.grab.com\/wp-content\/uploads\/sites\/11\/2020\/07\/13184003\/VN_Campaign-Site_Banner-120x60.jpg 120w\" sizes=\"(max-width: 1200px) 100vw, 1200px\" \/>\t\t\t\t\t\t\t\t\t\t\t\t\t<\/div>\n\t\t\t\t<\/div>\n\t\t\t\t\t<\/div>\n\t\t<\/div>\n\t\t\t\t\t<\/div>\n\t\t<\/section>\n\t\t\t\t<section class=\"elementor-section elementor-top-section elementor-element elementor-element-9ee7fff elementor-section-stretched elementor-section-boxed elementor-section-height-default elementor-section-height-default\" data-id=\"9ee7fff\" data-element_type=\"section\" data-settings=\"{&quot;stretch_section&quot;:&quot;section-stretched&quot;}\">\n\t\t\t\t\t\t<div class=\"elementor-container elementor-column-gap-default\">\n\t\t\t\t\t<div class=\"elementor-column elementor-col-100 elementor-top-column elementor-element elementor-element-52ef8d8\" data-id=\"52ef8d8\" data-element_type=\"column\">\n\t\t\t<div class=\"elementor-widget-wrap elementor-element-populated\">\n\t\t\t\t\t\t<div class=\"elementor-element elementor-element-c650c61 elementor-widget elementor-widget-spacer\" data-id=\"c650c61\" data-element_type=\"widget\" data-widget_type=\"spacer.default\">\n\t\t\t\t<div class=\"elementor-widget-container\">\n\t\t\t\t\t<div class=\"elementor-spacer\">\n\t\t\t<div class=\"elementor-spacer-inner\"><\/div>\n\t\t<\/div>\n\t\t\t\t<\/div>\n\t\t\t\t<\/div>\n\t\t\t\t<div class=\"elementor-element elementor-element-523f238 elementor-widget elementor-widget-heading\" data-id=\"523f238\" data-element_type=\"widget\" data-widget_type=\"heading.default\">\n\t\t\t\t<div class=\"elementor-widget-container\">\n\t\t\t<h2 class=\"elementor-heading-title elementor-size-default\">Truy\u1ec1n l\u1eeda y\u00eau th\u01b0\u01a1ng, ti\u1ebfp s\u1ee9c qu\u00e1n ngon trong n\u01b0\u1edbc!<\/h2>\t\t<\/div>\n\t\t\t\t<\/div>\n\t\t\t\t<div class=\"elementor-element elementor-element-2d08d57 elementor-widget elementor-widget-spacer\" data-id=\"2d08d57\" data-element_type=\"widget\" data-widget_type=\"spacer.default\">\n\t\t\t\t<div class=\"elementor-widget-container\">\n\t\t\t\t\t<div class=\"elementor-spacer\">\n\t\t\t<div class=\"elementor-spacer-inner\"><\/div>\n\t\t<\/div>\n\t\t\t\t<\/div>\n\t\t\t\t<\/div>\n\t\t\t\t<div class=\"elementor-element elementor-element-2cd310a elementor-widget elementor-widget-text-editor\" data-id=\"2cd310a\" data-element_type=\"widget\" data-widget_type=\"text-editor.default\">\n\t\t\t\t<div class=\"elementor-widget-container\">\n\t\t\t\t\t\t\t<p>M\u1ed7i qu\u00e1n ngon nh\u1ecf l\u1ebb \u0111\u1ec1u l\u00e0 1 &#8220;m\u00e0u s\u1eafc&#8221; t\u00f4 \u0111i\u1ec3m cho n\u1ec1n \u1ea9m th\u1ef1c Vi\u1ec7t phong ph\u00fa, ghi \u0111i\u1ec3m trong m\u1eaft th\u1ebf gi\u1edbi. V\u00ec v\u1eady, Grab s\u1ebd chung tay h\u1ed7 tr\u1ee3 h\u1ebft m\u00ecnh qua vi\u1ec7c \u01b0u ti\u00ean qu\u1ea3ng c\u00e1o cho nh\u1eefng qu\u00e1n ngon qu\u00ea m\u00ecnh tr\u00ean \u1ee9ng d\u1ee5ng Grab t\u1eeb ng\u00e0y 15 June \u0111\u1ebfn ng\u00e0y 2 August 2020.<\/p><p>Grab s\u1ebd h\u1ed7 tr\u1ee3 c\u00e1c qu\u00e1n ngon nh\u1ecf, nh\u00e0 h\u00e0ng gia \u0111\u00ecnh t\u1ea1i \u0111\u1ecba ph\u01b0\u01a1ng b\u1eb1ng c\u00e1ch t\u00e0i tr\u1ee3 mi\u1ec5n ph\u00ed v\u1ecb tr\u00ed qu\u1ea3ng c\u00e1o b\u1eaft m\u1eaft nh\u1ea5t tr\u00ean \u1ee9ng d\u1ee5ng Grab v\u00e0 t\u1ea1o qu\u1ea3ng c\u00e1o mi\u1ec5n ph\u00ed cho c\u00e1c qu\u00e1n n\u00e0y.<\/p>\t\t\t\t\t\t<\/div>\n\t\t\t\t<\/div>\n\t\t\t\t<div class=\"elementor-element elementor-element-682fc8d elementor-arrows-position-inside elementor-pagination-position-outside elementor-widget elementor-widget-image-carousel\" data-id=\"682fc8d\" data-element_type=\"widget\" data-settings=\"{&quot;slides_to_show&quot;:&quot;1&quot;,&quot;navigation&quot;:&quot;both&quot;,&quot;autoplay&quot;:&quot;yes&quot;,&quot;pause_on_hover&quot;:&quot;yes&quot;,&quot;pause_on_interaction&quot;:&quot;yes&quot;,&quot;autoplay_speed&quot;:5000,&quot;infinite&quot;:&quot;yes&quot;,&quot;effect&quot;:&quot;slide&quot;,&quot;speed&quot;:500}\" data-widget_type=\"image-carousel.default\">\n\t\t\t\t<div class=\"elementor-widget-container\">\n\t\t\t\t\t<div class=\"elementor-image-carousel-wrapper swiper-container\" dir=\"ltr\">\n\t\t\t<div class=\"elementor-image-carousel swiper-wrapper\" aria-live=\"off\">\n\t\t\t\t\t\t\t\t<div class=\"swiper-slide\" role=\"group\" aria-roledescription=\"slide\" aria-label=\"1 of 5\"><figure class=\"swiper-slide-inner\"><img decoding=\"async\" class=\"swiper-slide-image\" src=\"https:\/\/assets.grab.com\/wp-content\/uploads\/sites\/11\/2020\/07\/13184703\/Banner_HN_Savor_BanhMiTraSua-700x350.jpg\" alt=\"Banner_HN_Savor_BanhMiTraSua\" \/><\/figure><\/div><div class=\"swiper-slide\" role=\"group\" aria-roledescription=\"slide\" aria-label=\"2 of 5\"><figure class=\"swiper-slide-inner\"><img decoding=\"async\" class=\"swiper-slide-image\" src=\"https:\/\/assets.grab.com\/wp-content\/uploads\/sites\/11\/2020\/07\/13184705\/Banner_HN_PizzaOngtay-700x350.jpg\" alt=\"Banner_HN_PizzaOngtay\" \/><\/figure><\/div><div class=\"swiper-slide\" role=\"group\" aria-roledescription=\"slide\" aria-label=\"3 of 5\"><figure class=\"swiper-slide-inner\"><img decoding=\"async\" class=\"swiper-slide-image\" src=\"https:\/\/assets.grab.com\/wp-content\/uploads\/sites\/11\/2020\/07\/13184701\/Banner_SG_GaNuongMuoiOt-700x350.jpg\" alt=\"Banner_SG_GaNuongMuoiOt\" \/><\/figure><\/div><div class=\"swiper-slide\" role=\"group\" aria-roledescription=\"slide\" aria-label=\"4 of 5\"><figure class=\"swiper-slide-inner\"><img decoding=\"async\" class=\"swiper-slide-image\" src=\"https:\/\/assets.grab.com\/wp-content\/uploads\/sites\/11\/2020\/07\/13184702\/Banner_SG_GaCoBap-700x350.jpg\" alt=\"Banner_SG_GaCoBap\" \/><\/figure><\/div><div class=\"swiper-slide\" role=\"group\" aria-roledescription=\"slide\" aria-label=\"5 of 5\"><figure class=\"swiper-slide-inner\"><img decoding=\"async\" class=\"swiper-slide-image\" src=\"https:\/\/assets.grab.com\/wp-content\/uploads\/sites\/11\/2020\/07\/13184705\/Banner_HN_NemChuaRan_36TamThuong-700x350.jpg\" alt=\"Banner_HN_NemChuaRan_36TamThuong\" \/><\/figure><\/div>\t\t\t<\/div>\n\t\t\t\t\t\t\t\t\t\t\t\t<div class=\"elementor-swiper-button elementor-swiper-button-prev\" role=\"button\" tabindex=\"0\">\n\t\t\t\t\t\t<i aria-hidden=\"true\" class=\"eicon-chevron-left\"><\/i>\t\t\t\t\t<\/div>\n\t\t\t\t\t<div class=\"elementor-swiper-button elementor-swiper-button-next\" role=\"button\" tabindex=\"0\">\n\t\t\t\t\t\t<i aria-hidden=\"true\" class=\"eicon-chevron-right\"><\/i>\t\t\t\t\t<\/div>\n\t\t\t\t\n\t\t\t\t\t\t\t\t\t<div class=\"swiper-pagination\"><\/div>\n\t\t\t\t\t\t\t\t\t<\/div>\n\t\t\t\t<\/div>\n\t\t\t\t<\/div>\n\t\t\t\t<div class=\"elementor-element elementor-element-df4fd33 elementor-widget elementor-widget-text-editor\" data-id=\"df4fd33\" data-element_type=\"widget\" data-widget_type=\"text-editor.default\">\n\t\t\t\t<div class=\"elementor-widget-container\">\n\t\t\t\t\t\t\t<p>H\u00e3y c\u00f9ng chung tay v\u1edbi Grab \u0111\u1ec3 c\u00f9ng t\u1ea1o ra nh\u1eefng thay \u0111\u1ed5i t\u00edch c\u1ef1c. Xem c\u00e1c qu\u1ea3ng c\u00e1o tr\u00ean \u1ee9ng d\u1ee5ng Grab ho\u1eb7c \u1ee7ng h\u1ed9 qu\u00e1n ngon qu\u00ea m\u00ecnh ngay d\u01b0\u1edbi \u0111\u00e2y.<\/p>\t\t\t\t\t\t<\/div>\n\t\t\t\t<\/div>\n\t\t\t\t<div class=\"elementor-element elementor-element-b99d461 elementor-widget-divider--view-line elementor-widget elementor-widget-divider\" data-id=\"b99d461\" data-element_type=\"widget\" data-widget_type=\"divider.default\">\n\t\t\t\t<div class=\"elementor-widget-container\">\n\t\t\t\t\t<div class=\"elementor-divider\">\n\t\t\t<span class=\"elementor-divider-separator\">\n\t\t\t\t\t\t<\/span>\n\t\t<\/div>\n\t\t\t\t<\/div>\n\t\t\t\t<\/div>\n\t\t\t\t\t<\/div>\n\t\t<\/div>\n\t\t\t\t\t<\/div>\n\t\t<\/section>\n\t\t\t\t<section class=\"elementor-section elementor-top-section elementor-element elementor-element-91ecd00 elementor-section-stretched elementor-section-boxed elementor-section-height-default elementor-section-height-default\" data-id=\"91ecd00\" data-element_type=\"section\" data-settings=\"{&quot;stretch_section&quot;:&quot;section-stretched&quot;}\">\n\t\t\t\t\t\t<div class=\"elementor-container elementor-column-gap-default\">\n\t\t\t\t\t<div class=\"elementor-column elementor-col-100 elementor-top-column elementor-element elementor-element-7c98478\" data-id=\"7c98478\" data-element_type=\"column\">\n\t\t\t<div class=\"elementor-widget-wrap elementor-element-populated\">\n\t\t\t\t\t\t<div class=\"elementor-element elementor-element-2930378 elementor-widget elementor-widget-spacer\" data-id=\"2930378\" data-element_type=\"widget\" data-widget_type=\"spacer.default\">\n\t\t\t\t<div class=\"elementor-widget-container\">\n\t\t\t\t\t<div class=\"elementor-spacer\">\n\t\t\t<div class=\"elementor-spacer-inner\"><\/div>\n\t\t<\/div>\n\t\t\t\t<\/div>\n\t\t\t\t<\/div>\n\t\t\t\t<div class=\"elementor-element elementor-element-7228cc4 elementor-widget elementor-widget-heading\" data-id=\"7228cc4\" data-element_type=\"widget\" data-widget_type=\"heading.default\">\n\t\t\t\t<div class=\"elementor-widget-container\">\n\t\t\t<h2 class=\"elementor-heading-title elementor-size-default\">C\u00e1c doanh nghi\u1ec7p \u0111\u1ecba ph\u01b0\u01a1ng<\/h2>\t\t<\/div>\n\t\t\t\t<\/div>\n\t\t\t\t<div class=\"elementor-element elementor-element-4300da3 elementor-widget elementor-widget-spacer\" data-id=\"4300da3\" data-element_type=\"widget\" data-widget_type=\"spacer.default\">\n\t\t\t\t<div class=\"elementor-widget-container\">\n\t\t\t\t\t<div class=\"elementor-spacer\">\n\t\t\t<div class=\"elementor-spacer-inner\"><\/div>\n\t\t<\/div>\n\t\t\t\t<\/div>\n\t\t\t\t<\/div>\n\t\t\t\t<div class=\"elementor-element elementor-element-eb3671b elementor-widget elementor-widget-accordion\" data-id=\"eb3671b\" data-element_type=\"widget\" data-widget_type=\"accordion.default\">\n\t\t\t\t<div class=\"elementor-widget-container\">\n\t\t\t        <div class=\"elementor-accordion \" role=\"tablist\">\n                            <div class=\"elementor-accordion-item\">\n                    <div id=\"elementor-tab-title-2462\" class=\"elementor-tab-title\" data-tab=\"2\" role=\"tab\" aria-controls=\"elementor-tab-content-2462\" aria-expanded=\"false\">\n                                                    <span class=\"elementor-accordion-icon elementor-accordion-icon-left\" aria-hidden=\"true\">\n                                                            <span class=\"elementor-accordion-icon-closed\"><i class=\"fas fa-plus\"><\/i><\/span>\n                                <span class=\"elementor-accordion-icon-opened\"><i class=\"fas fa-minus\"><\/i><\/span>\n                                                        <\/span>\n                                                                        <a class=\"elementor-accordion-title\" href=\"\">Hanoi<\/a>\n                    <\/div>\n                    <div id=\"elementor-tab-content-2462\" class=\"elementor-tab-content elementor-clearfix\" data-tab=\"2\" role=\"tabpanel\" aria-labelledby=\"elementor-tab-title-2462\"><ul><li>RoyalTea<\/li><li>Tiger Sugar<\/li><li>KOMBO<\/li><li>Pozaa Tea<\/li><li>N\u00e9t Hu\u1ebf<\/li><li>S\u1eefa Chua Tr\u00e2n Ch\u00e2u H\u00e0 N\u1ed9i<\/li><li>C\u01a1m T\u1ea5m Ph\u01b0\u01a1ng Anh Ch\u00ednh Hi\u1ec7u<\/li><li>C\u01a1m Ngon 123<\/li><li>S\u1eefa Chua Tr\u00e2n ch\u00e2u Thanh Nghi<\/li><li>X\u00f4i G\u00e0 B\u1ecf L\u00f2 198<\/li><li>Korea House \u0110\u1ed3 \u0102n H\u00e0n Qu\u1ed1c<\/li><li>Savor Kitchen<\/li><li>S\u1eefa Chua Tr\u00e2n Ch\u00e2u C\u00f4 Nghi Since 1999<\/li><li>Paradise &#8211; C\u01a1m V\u0103n Ph\u00f2ng Online<\/li><li>Mi\u1ebfn Tr\u1ed9n T\u00fa B\u00e9o<\/li><li>Nh\u00e0 H\u00e0ng Full House Pizza<\/li><li>Pizza Ch\u1ea3o<\/li><\/ul><\/div>\n                <\/div>\n                            <div class=\"elementor-accordion-item\">\n                    <div id=\"elementor-tab-title-2463\" class=\"elementor-tab-title\" data-tab=\"3\" role=\"tab\" aria-controls=\"elementor-tab-content-2463\" aria-expanded=\"false\">\n                                                    <span class=\"elementor-accordion-icon elementor-accordion-icon-left\" aria-hidden=\"true\">\n                                                            <span class=\"elementor-accordion-icon-closed\"><i class=\"fas fa-plus\"><\/i><\/span>\n                                <span class=\"elementor-accordion-icon-opened\"><i class=\"fas fa-minus\"><\/i><\/span>\n                                                        <\/span>\n                                                                        <a class=\"elementor-accordion-title\" href=\"\">Ho Chi Minh<\/a>\n                    <\/div>\n                    <div id=\"elementor-tab-content-2463\" class=\"elementor-tab-content elementor-clearfix\" data-tab=\"3\" role=\"tabpanel\" aria-labelledby=\"elementor-tab-title-2463\"><ul><li>Laha Caf\u00e9<\/li><li>B\u00fan B\u00f2 Hu\u1ebf X\u01b0a<\/li><li>TocoToco<\/li><li>B\u00fan \u0110\u1eadu Homemade<\/li><li>San Fu Lou Nh\u00e0 H\u00e0ng Qu\u1ea3ng \u0110\u00f4ng<\/li><li>Cam Mix<\/li><li>Tr\u00e0 s\u1eefa Huy&#8217;s<\/li><li>Beno<\/li><li>Ding Tea<\/li><li>Cimi Fruit<\/li><li>Pizza King<\/li><li>G\u00e0 9 Qu\u00fd<\/li><li>D\u00ec Mai Nh\u00e0 H\u00e0ng Vi\u1ec7t Nam<\/li><li>HAOCHA Milk Tea<\/li><li>Tr\u00e1i C\u00e2y S\u1ea1ch Yumi \u0110\u1ed3 \u0102n V\u1eb7t<\/li><li>Tai Yang King Castella<\/li><li>G\u00e0 N\u01b0\u1edbng Mu\u1ed1i \u1edat<\/li><li>\u00d9 Quay<\/li><li>B\u00e1nh M\u00ec PewPew<\/li><li>Gu-Chi, Hamburger B\u00f2 V\u00e0 Sandwich<\/li><li>Nori Fruit<\/li><li>Th\u00e1i ToGo<\/li><li>Ch\u00e1o S\u01b0\u1eddn Ch\u00fa Chen<\/li><li>Pablo Cheesetart Vietnam<\/li><li>Lobster Bay<\/li><li>Sinh T\u1ed1 C\u00f3c<\/li><li>G\u00e0 N\u01b0\u1edbng Lu Vi\u1ec7t H\u01b0\u01a1ng<\/li><li>Britea<\/li><li>G\u00e0 M\u1eb9t Qu\u00e1n<\/li><li>Th\u1ebf Gi\u1edbi T\u00e0u H\u0169<\/li><li>Mr Steak<\/li><li>Canopee<\/li><li>B\u00fan Cay Th\u00e1i 2 Thu\u1eadn<\/li><li>Ch\u00e1o S\u01b0\u1eddn C\u00f4 Loan<\/li><li>Sushi Now<\/li><li>S\u00fap Cua C\u00f4 Tuy\u1ebft<\/li><li>Ch\u00e8, Sinh T\u1ed1, Tr\u00e1i C\u00e2y &amp; B\u00e1nh Flan Rose<\/li><li>S\u00fap Cua C\u1ea9m Long Online<\/li><li>Qu\u00e1n B\u00e1nh Tr\u00e1ng 18<\/li><li>H\u00e1 C\u1ea3o B\u1ea3o Minh<\/li><li>Th\u00e0nh M\u1eadp<\/li><li>Hungry Bunny<\/li><li>B\u00e1nh M\u00ec \u00d4ng To\u00e0n<\/li><li>S\u1ee5n g\u00e0\/H\u00e1 c\u1ea3o\/B\u1ed9t chi\u00ean\/M\u00ec tr\u1ed9n\/Nui\/C\u01a1m\/\u0102n v\u1eb7t-Linh 92<\/li><li>Sen Sen Tr\u00e1i C\u00e2y S\u1ea1ch V\u00e0 \u0110\u1ed3 \u0102n V\u1eb7t<\/li><li>B\u00e1nh \u0110\u00fac N\u00f3ng B\u00e0 Xu\u00e2n<\/li><li>B\u00e1nh B\u1ed9t L\u1ecdc Bu\u00f4n M\u00ea<\/li><li>Tr\u00e0 S\u1eefa &amp; \u0102n V\u1eb7t B\u00e9 B\u1ef1<\/li><li>\u0102n V\u1eb7t, S\u00fap Cua &amp; C\u00e1 Vi\u00ean Chi\u00ean Lam S\u01a1n<\/li><li>\u0102n V\u1eb7t M\u00e8o \u1edat<\/li><li>H\u00e1 C\u1ea3o &amp; Rau C\u00e2u Tr\u00e0 S\u1eefa<\/li><li>\u0102n V\u1eb7t Rio<\/li><li>\u1ed0c B\u1ee5i<\/li><li>Bread &amp; Butter<\/li><li>M\u00ec Cay<\/li><li>Tr\u00e1i C\u00e2y Emy<\/li><li>\u0102n V\u1eb7t Takoyaki<\/li><li>Qu\u00e1n \u0102n V\u1eb7t Bin Bin<\/li><li>G\u00e0 R\u00e1n Khoai Lang L\u1eafc Tr\u00e0 S\u1eefa Ho\u00e0ng Gia<\/li><li>G\u00e0 R\u00e1n Tr\u00e0 S\u1eefa Ho\u00e0ng Gia<\/li><li>Qu\u00e1n \u1ed0c \u0110\u00f4 Na<\/li><li>Kim Korea Food<\/li><li>\u0102n V\u1eb7t Ph\u01b0\u1ee3ng \u00d9<\/li><li>B\u00e1nh Tr\u00e1ng Tr\u1ed9n Thanh Tr\u00fac<\/li><li>B\u00e1nh Canh B\u1ed9t G\u1ea1o Hai Nhi\u00ean<\/li><li>B\u1ebfp R\u00f9a<\/li><li>Vitamin Bar<\/li><li>B\u00e1nh Bao Chi\u00ean N\u01b0\u1edbc \u0110\u1ec9nh Long<\/li><li>The Munchbox<\/li><li>G\u1ecfi Cu\u1ed1n<\/li><li>\u0102n V\u1eb7t C\u00f4 Ch\u1ea3nh<\/li><li>\u0102n V\u1eb7t S\u00e0i G\u00f2n 1992<\/li><li>B\u00e1nh Kem Minh Xu\u00e2n<\/li><li>Th\u00edch \u0102n L\u1ea9u<\/li><li>L\u1ea9u &amp; \u0110\u1eb7c S\u1ea3n 3 Mi\u1ec1n<\/li><li>Cottatea<\/li><li>Luminus Smoothies<\/li><li>V\u1ecbt Quay &amp; Heo Quay \u0110\u1eafc H\u00f2a<\/li><li>Nem N\u01b0\u1edbng D&#8217;ran &#8211; Since 1968<\/li><li>\u0110\u1eadu M\u00e1 Mix<\/li><li>Sinh T\u1ed1 Hi\u1ec3n<\/li><li>N\u01b0\u1edbc \u00c9p &amp; Sinh T\u1ed1 Green Family<\/li><li>Ch\u00e8 B\u01b0\u1edfi \u0110\u1ed3ng Th\u00e1p<\/li><li>N\u1eafng<\/li><li>Tr\u00e0 S\u1eefa Kem Tr\u1ee9ng Ch\u00e1y Tea&amp;kafe A3<\/li><li>G\u00e0 B\u00f3 X\u00f4i 1Ngon<\/li><li>H\u00e0o S\u1eefa Ph\u00e1p &#8211; Nguy\u1ec5n H\u1eefu C\u1ea3nh<\/li><li>Cua 1 C\u00e0ng<\/li><li>Ch\u00e8 \u0110\u1ea7u To<\/li><li>L\u1ea9u B\u00f2 Khu Nh\u00e0 Ch\u00e1y<\/li><li>Xi\u00ean N Beer<\/li><li>M\u00f3n H\u00e0n Gangnam &#8211; Modern Korean Food<\/li><\/ul><\/div>\n                <\/div>\n                    <\/div>\n        \t\t<\/div>\n\t\t\t\t<\/div>\n\t\t\t\t\t<\/div>\n\t\t<\/div>\n\t\t\t\t\t<\/div>\n\t\t<\/section>\n\t\t\t\t<section class=\"elementor-section elementor-top-section elementor-element elementor-element-18f6f9f elementor-section-stretched elementor-section-boxed elementor-section-height-default elementor-section-height-default\" data-id=\"18f6f9f\" data-element_type=\"section\" data-settings=\"{&quot;stretch_section&quot;:&quot;section-stretched&quot;}\">\n\t\t\t\t\t\t<div class=\"elementor-container elementor-column-gap-default\">\n\t\t\t\t\t<div class=\"elementor-column elementor-col-100 elementor-top-column elementor-element elementor-element-c70c9ba\" data-id=\"c70c9ba\" data-element_type=\"column\">\n\t\t\t<div class=\"elementor-widget-wrap elementor-element-populated\">\n\t\t\t\t\t\t<div class=\"elementor-element elementor-element-5e711d0 elementor-widget elementor-widget-text-editor\" data-id=\"5e711d0\" data-element_type=\"widget\" data-widget_type=\"text-editor.default\">\n\t\t\t\t<div class=\"elementor-widget-container\">\n\t\t\t\t\t\t\t<pre><a href=\"\/\/open?screenType=GRABFOOD&amp;sourceAppName=your-source-app-name&amp;sourceID=A4pcqCZkS4&amp;categoryShortcutID=1682\"><strong>Nh\u1ea5n ch\u1ecdn \u0111\u1ec3 \u1ee7ng h\u1ed9 ngay.<\/strong><\/a><\/pre>\t\t\t\t\t\t<\/div>\n\t\t\t\t<\/div>\n\t\t\t\t<div class=\"elementor-element elementor-element-0259f93 elementor-widget elementor-widget-spacer\" data-id=\"0259f93\" data-element_type=\"widget\" data-widget_type=\"spacer.default\">\n\t\t\t\t<div class=\"elementor-widget-container\">\n\t\t\t\t\t<div class=\"elementor-spacer\">\n\t\t\t<div class=\"elementor-spacer-inner\"><\/div>\n\t\t<\/div>\n\t\t\t\t<\/div>\n\t\t\t\t<\/div>\n\t\t\t\t\t<\/div>\n\t\t<\/div>\n\t\t\t\t\t<\/div>\n\t\t<\/section>\n\t\t\t\t<\/div>\n\t\t","protected":false},"excerpt":{"rendered":"Without them, so many things we all hold dear would disappear.\u00a0So, in support of them, we\u2019ll be highlighting local businesses on your Grab app from 6 July to 9 August 2020. We\u2019re offering our local small businesses the best front page spot on the Grab app for free, and creating personalised ads for them.\u00a0 Join [&hellip;]","protected":false},"author":825,"featured_media":0,"parent":0,"menu_order":0,"comment_status":"closed","ping_status":"closed","template":"","meta":{"_acf_changed":false,"footnotes":""},"acf":[],"_links":{"self":[{"href":"https:\/\/www.grab.com\/vn\/wp-json\/wp\/v2\/pages\/69007"}],"collection":[{"href":"https:\/\/www.grab.com\/vn\/wp-json\/wp\/v2\/pages"}],"about":[{"href":"https:\/\/www.grab.com\/vn\/wp-json\/wp\/v2\/types\/page"}],"author":[{"embeddable":true,"href":"https:\/\/www.grab.com\/vn\/wp-json\/wp\/v2\/users\/825"}],"replies":[{"embeddable":true,"href":"https:\/\/www.grab.com\/vn\/wp-json\/wp\/v2\/comments?post=69007"}],"version-history":[{"count":14,"href":"https:\/\/www.grab.com\/vn\/wp-json\/wp\/v2\/pages\/69007\/revisions"}],"predecessor-version":[{"id":69568,"href":"https:\/\/www.grab.com\/vn\/wp-json\/wp\/v2\/pages\/69007\/revisions\/69568"}],"wp:attachment":[{"href":"https:\/\/www.grab.com\/vn\/wp-json\/wp\/v2\/media?parent=69007"}],"curies":[{"name":"wp","href":"https:\/\/api.w.org\/{rel}","templated":true}]}}