{"id":6583,"date":"2016-09-15T15:39:22","date_gmt":"2016-09-15T07:39:22","guid":{"rendered":"https:\/\/www.grab.com\/vn\/?page_id=6583"},"modified":"2021-03-23T19:11:26","modified_gmt":"2021-03-23T11:11:26","slug":"brand-story","status":"publish","type":"page","link":"https:\/\/www.grab.com\/vn\/brand-story\/","title":{"rendered":"Th\u00f4ng tin v\u1ec1 Grab"},"content":{"rendered":"\t\t<div data-elementor-type=\"wp-post\" data-elementor-id=\"6583\" class=\"elementor elementor-6583\" data-elementor-post-type=\"page\">\n\t\t\t\t\t\t<section class=\"elementor-section elementor-top-section elementor-element elementor-element-c81b55a elementor-section-boxed elementor-section-height-default elementor-section-height-default\" data-id=\"c81b55a\" data-element_type=\"section\">\n\t\t\t\t\t\t<div class=\"elementor-container elementor-column-gap-no\">\n\t\t\t\t\t<div class=\"elementor-column elementor-col-100 elementor-top-column elementor-element elementor-element-0865e65\" data-id=\"0865e65\" data-element_type=\"column\">\n\t\t\t<div class=\"elementor-widget-wrap elementor-element-populated\">\n\t\t\t\t\t\t<div class=\"elementor-element elementor-element-0ec24f9 elementor-widget elementor-widget-video\" data-id=\"0ec24f9\" data-element_type=\"widget\" data-settings=\"{&quot;youtube_url&quot;:&quot;https:\\\/\\\/youtu.be\\\/fqiV718Jyj4&quot;,&quot;autoplay&quot;:&quot;yes&quot;,&quot;video_type&quot;:&quot;youtube&quot;,&quot;controls&quot;:&quot;yes&quot;}\" data-widget_type=\"video.default\">\n\t\t\t\t<div class=\"elementor-widget-container\">\n\t\t\t\t\t<div class=\"elementor-wrapper elementor-open-inline\">\n\t\t\t<div class=\"elementor-video\"><\/div>\t\t<\/div>\n\t\t\t\t<\/div>\n\t\t\t\t<\/div>\n\t\t\t\t\t<\/div>\n\t\t<\/div>\n\t\t\t\t\t<\/div>\n\t\t<\/section>\n\t\t\t\t<section class=\"elementor-section elementor-top-section elementor-element elementor-element-564a60e2 elementor-section-boxed elementor-section-height-default elementor-section-height-default elementor-invisible\" data-id=\"564a60e2\" data-element_type=\"section\" data-settings=\"{&quot;animation&quot;:&quot;fadeIn&quot;}\">\n\t\t\t\t\t\t<div class=\"elementor-container elementor-column-gap-default\">\n\t\t\t\t\t<div class=\"elementor-column elementor-col-33 elementor-top-column elementor-element elementor-element-613a4119\" data-id=\"613a4119\" data-element_type=\"column\">\n\t\t\t<div class=\"elementor-widget-wrap elementor-element-populated\">\n\t\t\t\t\t\t<div class=\"elementor-element elementor-element-57224fa9 elementor-widget elementor-widget-text-editor\" data-id=\"57224fa9\" data-element_type=\"widget\" data-widget_type=\"text-editor.default\">\n\t\t\t\t<div class=\"elementor-widget-container\">\n\t\t\t\t\t\t\t<p>C\u00e2u chuy\u1ec7n b\u1eaft \u0111\u1ea7u t\u1eeb m\u1ed9t c\u00e2u h\u1ecfi<\/p>\t\t\t\t\t\t<\/div>\n\t\t\t\t<\/div>\n\t\t\t\t\t<\/div>\n\t\t<\/div>\n\t\t\t\t<div class=\"elementor-column elementor-col-33 elementor-top-column elementor-element elementor-element-22d8fa12\" data-id=\"22d8fa12\" data-element_type=\"column\">\n\t\t\t<div class=\"elementor-widget-wrap\">\n\t\t\t\t\t\t\t<\/div>\n\t\t<\/div>\n\t\t\t\t<div class=\"elementor-column elementor-col-33 elementor-top-column elementor-element elementor-element-544b6d6c\" data-id=\"544b6d6c\" data-element_type=\"column\">\n\t\t\t<div class=\"elementor-widget-wrap elementor-element-populated\">\n\t\t\t\t\t\t<div class=\"elementor-element elementor-element-56b28a2 elementor-widget elementor-widget-text-editor\" data-id=\"56b28a2\" data-element_type=\"widget\" data-widget_type=\"text-editor.default\">\n\t\t\t\t<div class=\"elementor-widget-container\">\n\t\t\t\t\t\t\t<p><i>\u201cV\u00ec sao ch\u00fang ta kh\u00f4ng th\u1ec3 c\u00f3 nh\u1eefng l\u1ef1a ch\u1ecdn di chuy\u1ec3n an to\u00e0n h\u01a1n?\u201d<br \/>\u201cLi\u1ec7u ch\u00fang ta c\u00f3 th\u1ec3 gi\u00fap c\u00e1c b\u00e1c t\u00e0i c\u00f3 \u0111i\u1ec1u ki\u1ec7n l\u00e0m vi\u1ec7c t\u1ed1t h\u01a1n kh\u00f4ng?\u201d<br \/>\u201cN\u1ebfu nh\u01b0 ch\u00fang ta c\u00f3 kh\u1ea3 n\u0103ng gi\u00fap cu\u1ed9c s\u1ed1ng n\u00e0y tr\u1edf n\u00ean d\u1ec5 d\u00e0ng h\u01a1n m\u1ed9t ch\u00fat th\u00ec sao?\u201d<\/i><br \/><br \/>\u1eea th\u00ec, th\u1ef1c ra kh\u00f4ng ph\u1ea3i l\u00e0 m\u1ed9t, m\u00e0 l\u00e0 m\u1ed9t v\u00e0i c\u00e2u h\u1ecfi nh\u01b0 b\u1ea1n th\u1ea5y \u0111\u1ea5y. V\u00e0 nh\u1eefng c\u00e2u h\u1ecfi n\u00e0y ch\u00ednh l\u00e0 \u0111\u1ed9ng l\u1ef1c \u0111\u1ec3 m\u1ed9t nh\u00f3m b\u1ea1n c\u1ef1c k\u1ef3 tham v\u1ecdng (v\u00e0 c\u1ef1c k\u1ef3 l\u1ea1c quan) quy\u1ebft \u0111\u1ecbnh th\u00e0nh l\u1eadp c\u00f4ng ty n\u00e0y, v\u1edbi tr\u1ee5 s\u1edf \u0111\u1ea7u ti\u00ean l\u00e0 m\u1ed9t nh\u00e0 kho nh\u1ecf x\u00edu \u0111\u01b0\u1ee3c thu\u00ea t\u1ea1m, \u0111\u00e2u \u0111\u00f3 t\u1ea1i Kuala Lumpur, Malaysia.<br \/><br \/>\u0110\u00f3 l\u00e0 n\u0103m 2012.<br \/><br \/>Ng\u00e0y nay, c\u00f4ng ty nh\u1ecf x\u00edu \u0111\u00f3 \u0111\u00e3 tr\u1edf th\u00e0nh Grab, si\u00eau \u1ee9ng d\u1ee5ng \u0111a d\u1ecbch v\u1ee5 h\u00e0ng \u0111\u1ea7u v\u00e0 l\u00e0 c\u00f4ng ty c\u00f4ng ngh\u1ec7 di \u0111\u1ed9ng l\u1edbn nh\u1ea5t \u0110\u00f4ng Nam \u00c1, gi\u00fap k\u1ebft n\u1ed1i h\u00e0ng tri\u1ec7u kh\u00e1ch h\u00e0ng v\u1edbi h\u00e0ng tri\u1ec7u \u0110\u1ed1i t\u00e1c t\u00e0i x\u1ebf, \u0110\u1ed1i t\u00e1c nh\u00e0 h\u00e0ng v\u00e0 \u0110\u1ed1i t\u00e1c kinh doanh. Grab mang tr\u00ean m\u00ecnh tr\u00e1ch nhi\u1ec7m gi\u1ea3i quy\u1ebft nh\u1eefng th\u00e1ch th\u1ee9c \u0111ang t\u1ed3n t\u1ea1i trong khu v\u1ef1c \u0110\u00f4ng Nam \u00c1, bao g\u1ed3m thi\u1ebfu kh\u1ea3 n\u0103ng ti\u1ebfp c\u1eadn c\u00f4ng ngh\u1ec7, c\u01a1 s\u1edf h\u1ea1 t\u1ea7ng ch\u01b0a ho\u00e0n thi\u1ec7n, v\u00e0 ch\u00eanh l\u1ec7ch thu nh\u1eadp.<br \/><br \/>Gi\u1ed1ng nh\u01b0 m\u1ed7i ng\u01b0\u1eddi d\u00e2n \u0110\u00f4ng Nam \u00c1 kh\u00e1c, ch\u00fang t\u00f4i mang trong m\u00ecnh nhi\u1ec1u tham v\u1ecdng v\u00e0 quy\u1ebft t\u00e2m. Ch\u00fang t\u00f4i v\u1eabn lu\u00f4n t\u1ef1 h\u1ecfi cu\u1ed9c s\u1ed1ng h\u00e0ng ng\u00e0y \u0111ang c\u00f3 nh\u1eefng tr\u1edf ng\u1ea1i g\u00ec c\u1ea7n m\u00ecnh kh\u1eafc ph\u1ee5c. V\u00e0 m\u1ed7i ng\u00e0y tr\u00f4i qua, ch\u00fang t\u00f4i c\u0169ng v\u00f4 c\u00f9ng l\u1ea1c quan v\u1ec1 m\u1ed9t cu\u1ed9c s\u1ed1ng c\u00f3 Grab.<\/p>\t\t\t\t\t\t<\/div>\n\t\t\t\t<\/div>\n\t\t\t\t\t<\/div>\n\t\t<\/div>\n\t\t\t\t\t<\/div>\n\t\t<\/section>\n\t\t\t\t<section class=\"elementor-section elementor-top-section elementor-element elementor-element-63328d42 elementor-reverse-mobile elementor-section-boxed elementor-section-height-default elementor-section-height-default\" data-id=\"63328d42\" data-element_type=\"section\">\n\t\t\t\t\t\t<div class=\"elementor-container elementor-column-gap-no\">\n\t\t\t\t\t<div class=\"elementor-column elementor-col-50 elementor-top-column elementor-element elementor-element-33579e1f\" data-id=\"33579e1f\" data-element_type=\"column\" data-settings=\"{&quot;animation&quot;:&quot;none&quot;,&quot;animation_mobile&quot;:&quot;none&quot;}\">\n\t\t\t<div class=\"elementor-widget-wrap elementor-element-populated\">\n\t\t\t\t\t\t<div class=\"elementor-element elementor-element-0e3ca78 elementor--h-position-center elementor--v-position-middle elementor-widget elementor-widget-slides\" data-id=\"0e3ca78\" data-element_type=\"widget\" data-settings=\"{&quot;navigation&quot;:&quot;none&quot;,&quot;autoplay_speed&quot;:2000,&quot;transition&quot;:&quot;fade&quot;,&quot;autoplay&quot;:&quot;yes&quot;,&quot;infinite&quot;:&quot;yes&quot;,&quot;transition_speed&quot;:500}\" data-widget_type=\"slides.default\">\n\t\t\t\t<div class=\"elementor-widget-container\">\n\t\t\t\t\t<div class=\"elementor-swiper\">\n\t\t\t<div class=\"elementor-slides-wrapper elementor-main-swiper swiper-container\" dir=\"ltr\" data-animation=\"fadeInUp\">\n\t\t\t\t<div class=\"swiper-wrapper elementor-slides\">\n\t\t\t\t\t\t\t\t\t\t<div class=\"elementor-repeater-item-3f07d3c swiper-slide\"><div class=\"swiper-slide-bg\" role=\"img\"><\/div><div class=\"swiper-slide-inner\" ><div class=\"swiper-slide-contents\"><\/div><\/div><\/div><div class=\"elementor-repeater-item-983ee73 swiper-slide\"><div class=\"swiper-slide-bg\" role=\"img\"><\/div><div class=\"swiper-slide-inner\" ><div class=\"swiper-slide-contents\"><\/div><\/div><\/div><div class=\"elementor-repeater-item-67abd56 swiper-slide\"><div class=\"swiper-slide-bg\" role=\"img\"><\/div><div class=\"swiper-slide-inner\" ><div class=\"swiper-slide-contents\"><\/div><\/div><\/div><div class=\"elementor-repeater-item-db51cad swiper-slide\"><div class=\"swiper-slide-bg\" role=\"img\"><\/div><div class=\"swiper-slide-inner\" ><div class=\"swiper-slide-contents\"><\/div><\/div><\/div><div class=\"elementor-repeater-item-a95c436 swiper-slide\"><div class=\"swiper-slide-bg\" role=\"img\"><\/div><div class=\"swiper-slide-inner\" ><div class=\"swiper-slide-contents\"><\/div><\/div><\/div>\t\t\t\t<\/div>\n\t\t\t\t\t\t\t\t\t\t\t\t\t\t\t\t\t\t\t\t\t<\/div>\n\t\t<\/div>\n\t\t\t\t<\/div>\n\t\t\t\t<\/div>\n\t\t\t\t\t<\/div>\n\t\t<\/div>\n\t\t\t\t<div class=\"elementor-column elementor-col-50 elementor-top-column elementor-element elementor-element-50a63c7\" data-id=\"50a63c7\" data-element_type=\"column\" data-settings=\"{&quot;animation&quot;:&quot;none&quot;,&quot;animation_delay&quot;:&quot;0&quot;,&quot;background_background&quot;:&quot;classic&quot;,&quot;animation_mobile&quot;:&quot;none&quot;}\">\n\t\t\t<div class=\"elementor-widget-wrap elementor-element-populated\">\n\t\t\t\t\t\t<div class=\"elementor-element elementor-element-3a026909 elementor-widget elementor-widget-text-editor\" data-id=\"3a026909\" data-element_type=\"widget\" data-widget_type=\"text-editor.default\">\n\t\t\t\t<div class=\"elementor-widget-container\">\n\t\t\t\t\t\t\t<p>V\u00ec sao l\u00e0 \u0110\u00f4ng Nam \u00c1<\/p>\t\t\t\t\t\t<\/div>\n\t\t\t\t<\/div>\n\t\t\t\t<div class=\"elementor-element elementor-element-387cabe elementor-widget elementor-widget-text-editor\" data-id=\"387cabe\" data-element_type=\"widget\" data-widget_type=\"text-editor.default\">\n\t\t\t\t<div class=\"elementor-widget-container\">\n\t\t\t\t\t\t\t<p>C\u00f3 m\u1ed9t th\u1ef1c t\u1ebf l\u00e0: hi\u1ec7n nay \u0110\u00f4ng Nam \u00c1 l\u00e0 khu v\u1ef1c c\u00f3 t\u1ed1c \u0111\u1ed9 t\u0103ng tr\u01b0\u1edfng nhanh nh\u1ea5t th\u1ebf gi\u1edbi. M\u1eb7c d\u00f9 ng\u01b0\u1eddi d\u00e2n \u0110\u00f4ng Nam \u00c1 c\u00f2n ph\u1ea3i \u0111\u1ed1i m\u1eb7t v\u1edbi nhi\u1ec1u r\u00e0o c\u1ea3n v\u1ec1 c\u01a1 s\u1edf h\u1ea1 t\u1ea7ng trong \u0111\u1eddi s\u1ed1ng h\u00e0ng ng\u00e0y, h\u01a1n 73% trong s\u1ed1 h\u1ecd lu\u00f4n tin r\u1eb1ng m\u00ecnh s\u1ebd th\u00e0nh c\u00f4ng v\u00e0 \u0111\u1ea1t \u0111\u01b0\u1ee3c \u01b0\u1edbc m\u01a1 c\u1ee7a m\u00ecnh. V\u1edbi tinh th\u1ea7n l\u1ea1c quan c\u1ee7a c\u1ea3 m\u1ed9t khu v\u1ef1c nh\u01b0 v\u1eady, v\u00e0 s\u1ef1 quy\u1ebft t\u00e2m c\u1ee7a ch\u00fang t\u00f4i, kh\u00f4ng c\u00f3 g\u00ec l\u00e0 kh\u00f4ng th\u1ec3.<\/p>\t\t\t\t\t\t<\/div>\n\t\t\t\t<\/div>\n\t\t\t\t\t<\/div>\n\t\t<\/div>\n\t\t\t\t\t<\/div>\n\t\t<\/section>\n\t\t\t\t<section class=\"elementor-section elementor-top-section elementor-element elementor-element-5233066 elementor-section-boxed elementor-section-height-default elementor-section-height-default\" data-id=\"5233066\" data-element_type=\"section\">\n\t\t\t\t\t\t<div class=\"elementor-container elementor-column-gap-no\">\n\t\t\t\t\t<div class=\"elementor-column elementor-col-100 elementor-top-column elementor-element elementor-element-1cc704f8\" data-id=\"1cc704f8\" data-element_type=\"column\">\n\t\t\t<div class=\"elementor-widget-wrap elementor-element-populated\">\n\t\t\t\t\t\t<div class=\"elementor-element elementor-element-4ab304de elementor-widget elementor-widget-text-editor\" data-id=\"4ab304de\" data-element_type=\"widget\" data-widget_type=\"text-editor.default\">\n\t\t\t\t<div class=\"elementor-widget-container\">\n\t\t\t\t\t\t\t<p>Grab t\u0103ng c\u01b0\u1eddng n\u0103ng l\u1ef1c cho \u0110\u00f4ng Nam \u00c1 nh\u01b0 th\u1ebf n\u00e0o<\/p>\t\t\t\t\t\t<\/div>\n\t\t\t\t<\/div>\n\t\t\t\t\t<\/div>\n\t\t<\/div>\n\t\t\t\t\t<\/div>\n\t\t<\/section>\n\t\t\t\t<section class=\"elementor-section elementor-top-section elementor-element elementor-element-d18d160 elementor-section-boxed elementor-section-height-default elementor-section-height-default\" data-id=\"d18d160\" data-element_type=\"section\" data-settings=\"{&quot;animation&quot;:&quot;none&quot;}\">\n\t\t\t\t\t\t<div class=\"elementor-container elementor-column-gap-default\">\n\t\t\t\t\t<div class=\"elementor-column elementor-col-33 elementor-top-column elementor-element elementor-element-2e0b9e8\" data-id=\"2e0b9e8\" data-element_type=\"column\">\n\t\t\t<div class=\"elementor-widget-wrap elementor-element-populated\">\n\t\t\t\t\t\t<div class=\"elementor-element elementor-element-f110861 elementor-widget elementor-widget-heading\" data-id=\"f110861\" data-element_type=\"widget\" data-widget_type=\"heading.default\">\n\t\t\t\t<div class=\"elementor-widget-container\">\n\t\t\t<h3 class=\"elementor-heading-title elementor-size-default\">Con ng\u01b0\u1eddi<\/h3>\t\t<\/div>\n\t\t\t\t<\/div>\n\t\t\t\t<div class=\"elementor-element elementor-element-ac8bfae elementor-widget elementor-widget-text-editor\" data-id=\"ac8bfae\" data-element_type=\"widget\" data-widget_type=\"text-editor.default\">\n\t\t\t\t<div class=\"elementor-widget-container\">\n\t\t\t\t\t\t\t<p>Mang c\u01a1 h\u1ed9i \u0111\u1ebfn v\u1edbi t\u1ea5t c\u1ea3 m\u1ecdi ng\u01b0\u1eddi, kh\u00f4ng ph\u00e2n bi\u1ec7t ho\u00e0n c\u1ea3nh xu\u1ea5t th\u00e2n ho\u1eb7c kh\u1ea3 n\u0103ng.<\/p><p>V\u1edbi cam k\u1ebft th\u00fac \u0111\u1ea9y s\u1ef1 h\u00f2a nh\u1eadp, ch\u00fang t\u00f4i t\u1ea1o c\u01a1 h\u1ed9i n\u00e2ng cao thu nh\u1eadp cho t\u1ea5t c\u1ea3 m\u1ecdi ng\u01b0\u1eddi, bao g\u1ed3m nh\u1eefng ng\u01b0\u1eddi c\u00f3 ho\u00e0n c\u1ea3nh kh\u00f3 kh\u0103n.<\/p>\t\t\t\t\t\t<\/div>\n\t\t\t\t<\/div>\n\t\t\t\t\t<\/div>\n\t\t<\/div>\n\t\t\t\t<div class=\"elementor-column elementor-col-33 elementor-top-column elementor-element elementor-element-20a896f\" data-id=\"20a896f\" data-element_type=\"column\">\n\t\t\t<div class=\"elementor-widget-wrap elementor-element-populated\">\n\t\t\t\t\t\t<div class=\"elementor-element elementor-element-eb1b70c elementor-widget elementor-widget-heading\" data-id=\"eb1b70c\" data-element_type=\"widget\" data-widget_type=\"heading.default\">\n\t\t\t\t<div class=\"elementor-widget-container\">\n\t\t\t<h3 class=\"elementor-heading-title elementor-size-default\">\u0110\u00f4 th\u1ecb<\/h3>\t\t<\/div>\n\t\t\t\t<\/div>\n\t\t\t\t<div class=\"elementor-element elementor-element-d8e9862 elementor-widget elementor-widget-text-editor\" data-id=\"d8e9862\" data-element_type=\"widget\" data-widget_type=\"text-editor.default\">\n\t\t\t\t<div class=\"elementor-widget-container\">\n\t\t\t\t\t\t\t<p>Cung c\u1ea5p gi\u1ea3i ph\u00e1p c\u00f4ng ngh\u1ec7 \u0111\u1ec3 ki\u1ebfn t\u1ea1o nh\u1eefng \u0111\u00f4 th\u1ecb th\u00f4ng minh h\u01a1n, an to\u00e0n h\u01a1n.<\/p><p>R\u1ea5t nhi\u1ec1u \u0111\u00f4 th\u1ecb c\u1ee7a \u0110\u00f4ng Nam \u00c1 ph\u1ea3i \u0111\u1ed1i m\u1eb7t v\u1edbi nh\u1eefng tr\u1edf ng\u1ea1i h\u00e0ng ng\u00e0y nh\u01b0 v\u1ea5n \u0111\u1ec1 \u00f9n t\u1eafc giao th\u00f4ng hay c\u01a1 s\u1edf h\u1ea1 t\u1ea7ng c\u00f4ng c\u1ed9ng y\u1ebfu k\u00e9m. V\u1edbi vai tr\u00f2 l\u00e0 si\u00eau \u1ee9ng d\u1ee5ng cho cu\u1ed9c s\u1ed1ng h\u00e0ng ng\u00e0y, ch\u00fang t\u00f4i g\u00f3p ph\u1ea7n gi\u1ea3i quy\u1ebft nh\u1eefng kh\u00f3 kh\u0103n n\u00e0y v\u00e0 gi\u00fap cu\u1ed9c s\u1ed1ng ng\u00e0y m\u1ed9t thu\u1eadn ti\u1ec7n h\u01a1n.<\/p>\t\t\t\t\t\t<\/div>\n\t\t\t\t<\/div>\n\t\t\t\t\t<\/div>\n\t\t<\/div>\n\t\t\t\t<div class=\"elementor-column elementor-col-33 elementor-top-column elementor-element elementor-element-aee2093\" data-id=\"aee2093\" data-element_type=\"column\">\n\t\t\t<div class=\"elementor-widget-wrap elementor-element-populated\">\n\t\t\t\t\t\t<div class=\"elementor-element elementor-element-543fda4 elementor-widget elementor-widget-heading\" data-id=\"543fda4\" data-element_type=\"widget\" data-widget_type=\"heading.default\">\n\t\t\t\t<div class=\"elementor-widget-container\">\n\t\t\t<h3 class=\"elementor-heading-title elementor-size-default\">H\u00e0nh tinh<\/h3>\t\t<\/div>\n\t\t\t\t<\/div>\n\t\t\t\t<div class=\"elementor-element elementor-element-dbf4dc4 elementor-widget elementor-widget-text-editor\" data-id=\"dbf4dc4\" data-element_type=\"widget\" data-widget_type=\"text-editor.default\">\n\t\t\t\t<div class=\"elementor-widget-container\">\n\t\t\t\t\t\t\t<p>B\u1ea3o v\u1ec7 h\u00e0nh tinh c\u1ee7a ch\u00fang ta b\u1eb1ng c\u00e1ch gi\u1ea3m thi\u1ec3u nh\u1eefng t\u00e1c \u0111\u1ed9ng \u0111\u1ebfn m\u00f4i tr\u01b0\u1eddng sinh th\u00e1i.<\/p><p>Tr\u00e1i \u0110\u1ea5t l\u00e0 duy nh\u1ea5t. V\u00ec v\u1eady m\u1ed7i ch\u00fang ta ph\u1ea3i c\u00f3 tr\u00e1ch nhi\u1ec7m b\u1ea3o v\u1ec7 ng\u00f4i nh\u00e0 chung n\u00e0y. Ch\u00fang t\u00f4i \u0111ang \u00e1p d\u1ee5ng c\u00e1c gi\u1ea3i ph\u00e1p m\u1edbi trong c\u00e1c m\u1ea3nh kinh doanh v\u00e0 tr\u00ean to\u00e0n h\u1ec7 sinh th\u00e1i Grab nh\u1eb1m h\u01b0\u1edbng t\u1edbi m\u1ed9t t\u01b0\u01a1ng lai b\u1ec1n v\u1eefng h\u01a1n.<\/p>\t\t\t\t\t\t<\/div>\n\t\t\t\t<\/div>\n\t\t\t\t\t<\/div>\n\t\t<\/div>\n\t\t\t\t\t<\/div>\n\t\t<\/section>\n\t\t\t\t<section class=\"elementor-section elementor-top-section elementor-element elementor-element-754d7657 elementor-section-boxed elementor-section-height-default elementor-section-height-default\" data-id=\"754d7657\" data-element_type=\"section\" data-settings=\"{&quot;background_background&quot;:&quot;classic&quot;}\">\n\t\t\t\t\t\t<div class=\"elementor-container elementor-column-gap-default\">\n\t\t\t\t\t<div class=\"elementor-column elementor-col-50 elementor-top-column elementor-element elementor-element-600d5ece\" data-id=\"600d5ece\" data-element_type=\"column\">\n\t\t\t<div class=\"elementor-widget-wrap elementor-element-populated\">\n\t\t\t\t\t\t<div class=\"elementor-element elementor-element-38bf18fb elementor-widget elementor-widget-text-editor\" data-id=\"38bf18fb\" data-element_type=\"widget\" data-widget_type=\"text-editor.default\">\n\t\t\t\t<div class=\"elementor-widget-container\">\n\t\t\t\t\t\t\t<p>B\u1ea1n lu\u00f4n quan t\u00e2m t\u00ecm ki\u1ebfm gi\u1ea3i ph\u00e1p \u0111\u1ec3 gi\u1ea3i quy\u1ebft nh\u1eefng v\u1ea5n \u0111\u1ec1 thi\u1ebft th\u1ef1c? H\u00e3y tham gia c\u00f9ng ch\u00fang t\u00f4i.<\/p>\t\t\t\t\t\t<\/div>\n\t\t\t\t<\/div>\n\t\t\t\t<div class=\"elementor-element elementor-element-bd98f56 elementor-widget elementor-widget-button\" data-id=\"bd98f56\" data-element_type=\"widget\" data-settings=\"{&quot;_animation&quot;:&quot;none&quot;}\" data-widget_type=\"button.default\">\n\t\t\t\t<div class=\"elementor-widget-container\">\n\t\t\t\t\t<div class=\"elementor-button-wrapper\">\n\t\t\t<a class=\"elementor-button elementor-button-link elementor-size-md\" href=\"https:\/\/grab.careers\/\" target=\"_blank\">\n\t\t\t\t\t\t<span class=\"elementor-button-content-wrapper\">\n\t\t\t\t\t\t<span class=\"elementor-button-icon elementor-align-icon-right\">\n\t\t\t\t<i aria-hidden=\"true\" class=\"fas fa-arrow-right\"><\/i>\t\t\t<\/span>\n\t\t\t\t\t\t<span class=\"elementor-button-text\">Tham gia v\u00e0o \u0111\u1ed9i ng\u0169 Grab<\/span>\n\t\t<\/span>\n\t\t\t\t\t<\/a>\n\t\t<\/div>\n\t\t\t\t<\/div>\n\t\t\t\t<\/div>\n\t\t\t\t\t<\/div>\n\t\t<\/div>\n\t\t\t\t<div class=\"elementor-column elementor-col-50 elementor-top-column elementor-element elementor-element-577c839f elementor-hidden-phone\" data-id=\"577c839f\" data-element_type=\"column\">\n\t\t\t<div class=\"elementor-widget-wrap\">\n\t\t\t\t\t\t\t<\/div>\n\t\t<\/div>\n\t\t\t\t\t<\/div>\n\t\t<\/section>\n\t\t\t\t<\/div>\n\t\t","protected":false},"excerpt":{"rendered":"https:\/\/youtu.be\/fqiV718Jyj4 C\u00e2u chuy\u1ec7n b\u1eaft \u0111\u1ea7u t\u1eeb m\u1ed9t c\u00e2u h\u1ecfi \u201cV\u00ec sao ch\u00fang ta kh\u00f4ng th\u1ec3 c\u00f3 nh\u1eefng l\u1ef1a ch\u1ecdn di chuy\u1ec3n an to\u00e0n h\u01a1n?\u201d\u201cLi\u1ec7u ch\u00fang ta c\u00f3 th\u1ec3 gi\u00fap c\u00e1c b\u00e1c t\u00e0i c\u00f3 \u0111i\u1ec1u ki\u1ec7n l\u00e0m vi\u1ec7c t\u1ed1t h\u01a1n kh\u00f4ng?\u201d\u201cN\u1ebfu nh\u01b0 ch\u00fang ta c\u00f3 kh\u1ea3 n\u0103ng gi\u00fap cu\u1ed9c s\u1ed1ng n\u00e0y tr\u1edf n\u00ean d\u1ec5 d\u00e0ng h\u01a1n [&hellip;]","protected":false},"author":54,"featured_media":0,"parent":0,"menu_order":4,"comment_status":"closed","ping_status":"closed","template":"elementor_header_footer","meta":{"_acf_changed":false,"footnotes":""},"acf":[],"_links":{"self":[{"href":"https:\/\/www.grab.com\/vn\/wp-json\/wp\/v2\/pages\/6583"}],"collection":[{"href":"https:\/\/www.grab.com\/vn\/wp-json\/wp\/v2\/pages"}],"about":[{"href":"https:\/\/www.grab.com\/vn\/wp-json\/wp\/v2\/types\/page"}],"author":[{"embeddable":true,"href":"https:\/\/www.grab.com\/vn\/wp-json\/wp\/v2\/users\/54"}],"replies":[{"embeddable":true,"href":"https:\/\/www.grab.com\/vn\/wp-json\/wp\/v2\/comments?post=6583"}],"version-history":[{"count":22,"href":"https:\/\/www.grab.com\/vn\/wp-json\/wp\/v2\/pages\/6583\/revisions"}],"predecessor-version":[{"id":84533,"href":"https:\/\/www.grab.com\/vn\/wp-json\/wp\/v2\/pages\/6583\/revisions\/84533"}],"wp:attachment":[{"href":"https:\/\/www.grab.com\/vn\/wp-json\/wp\/v2\/media?parent=6583"}],"curies":[{"name":"wp","href":"https:\/\/api.w.org\/{rel}","templated":true}]}}