{"id":64655,"date":"2020-05-13T12:41:26","date_gmt":"2020-05-13T04:41:26","guid":{"rendered":"https:\/\/www.grab.com\/vn\/?page_id=64655"},"modified":"2020-06-11T11:41:11","modified_gmt":"2020-06-11T03:41:11","slug":"goi-uu-dai-danh-cho-nguoi-ban-moi-dung-the-hoac-vi-moca-tren-ung-dung-grab","status":"publish","type":"page","link":"https:\/\/www.grab.com\/vn\/goi-uu-dai-danh-cho-nguoi-ban-moi-dung-the-hoac-vi-moca-tren-ung-dung-grab\/","title":{"rendered":"G\u00f3i \u01b0u \u0111\u00e3i d\u00e0nh cho ng\u01b0\u1eddi b\u1ea1n m\u1edbi d\u00f9ng th\u1ebb ho\u1eb7c V\u00ed Moca tr\u00ean \u1ee9ng d\u1ee5ng Grab"},"content":{"rendered":"<p>&nbsp;<\/p>\n<p><img loading=\"lazy\" decoding=\"async\" width=\"1125\" height=\"420\" class=\"alignnone size-full wp-image-67086\" src=\"https:\/\/assets.grab.com\/wp-content\/uploads\/sites\/11\/2020\/06\/11113751\/Inbox-3.png\" alt=\"\" srcset=\"https:\/\/assets.grab.com\/wp-content\/uploads\/sites\/11\/2020\/06\/11113751\/Inbox-3.png 1125w, https:\/\/assets.grab.com\/wp-content\/uploads\/sites\/11\/2020\/06\/11113751\/Inbox-3-250x93.png 250w, https:\/\/assets.grab.com\/wp-content\/uploads\/sites\/11\/2020\/06\/11113751\/Inbox-3-768x287.png 768w, https:\/\/assets.grab.com\/wp-content\/uploads\/sites\/11\/2020\/06\/11113751\/Inbox-3-700x261.png 700w, https:\/\/assets.grab.com\/wp-content\/uploads\/sites\/11\/2020\/06\/11113751\/Inbox-3-120x45.png 120w\" sizes=\"(max-width: 1125px) 100vw, 1125px\" \/><\/p>\n<p><span style=\"font-weight: 400\">T\u1eb7ng b\u1ea1n m\u00e3 <strong><span style=\"color: #00b14f\">RIDE40*<\/span><\/strong> &#8211; \u01b0u \u0111\u00e3i\u00a0 <strong><em>40.000\u0111 x 7 chuy\u1ebfn GrabBike\/GrabCar, <\/em><\/strong>\u00a0khi L\u1ea6N \u0110\u1ea6U thanh to\u00e1n kh\u00f4ng ti\u1ec1n m\u1eb7t (bao g\u1ed3m tr\u1ef1c ti\u1ebfp qua <strong>Th\u1ebb<\/strong> ho\u1eb7c <\/span>V\u00ed \u0111i\u1ec7n t\u1eed<strong><em> <span style=\"color: #1092d4\">Moca<\/span><\/em><\/strong> tr\u00ean \u1ee9ng d\u1ee5ng <span style=\"color: #00b14f\">Grab<\/span><span style=\"font-weight: 400\">) t\u1eeb n\u00e0y cho \u0111\u1ebfn 30\/06 .<\/span><\/p>\n<p><b>L\u01b0u \u00fd:<\/b><\/p>\n<p><span style=\"font-weight: 400\">\u2714\ufe0f \u01afu \u0111\u00e3i kh\u00f4ng bao g\u1ed3m ph\u1ee5 ph\u00ed. B\u1ea1n vui l\u00f2ng thanh to\u00e1n ph\u1ee5 ph\u00ed (n\u1ebfu c\u00f3) cho t\u00e0i x\u1ebf.<\/span><\/p>\n<p><span style=\"font-weight: 400\">\u2714\ufe0f B\u1ea1n c<\/span>h\u1ec9 c\u1ea7n nh\u1eadp m\u00e3 cho chuy\u1ebfn \u0111i \u0111\u1ea7u ti\u00ean, \u01b0u \u0111\u00e3i nh\u1eefng chuy\u1ebfn sau s\u1ebd \u0111\u01b0\u1ee3c g\u1eedi v\u00e0o &#8220;MyRewards\/ \u01afu \u0111\u00e3i c\u1ee7a t\u00f4i&#8221;<\/p>\n<p><span style=\"font-weight: 400\">\u2714\ufe0f \u01afu \u0111\u00e3i ch\u1ec9 \u00e1p d\u1ee5ng tr\u00ean phi\u00ean b\u1ea3n \u1ee9ng d\u1ee5ng m\u1edbi nh\u1ea5t.<\/span><\/p>\n<p><span style=\"font-weight: 400\">\u2714\ufe0f S\u1ed1 l\u01b0\u1ee3t khuy\u1ebfn m\u00e3i c\u00f3 gi\u1edbi h\u1ea1n m\u1ed7i ng\u00e0y.<\/span><\/p>\n","protected":false},"excerpt":{"rendered":"&nbsp; T\u1eb7ng b\u1ea1n m\u00e3 RIDE40* &#8211; \u01b0u \u0111\u00e3i\u00a0 40.000\u0111 x 7 chuy\u1ebfn GrabBike\/GrabCar, \u00a0khi L\u1ea6N \u0110\u1ea6U thanh to\u00e1n kh\u00f4ng ti\u1ec1n m\u1eb7t (bao g\u1ed3m tr\u1ef1c ti\u1ebfp qua Th\u1ebb ho\u1eb7c V\u00ed \u0111i\u1ec7n t\u1eed Moca tr\u00ean \u1ee9ng d\u1ee5ng Grab) t\u1eeb n\u00e0y cho \u0111\u1ebfn 30\/06 . L\u01b0u \u00fd: \u2714\ufe0f \u01afu \u0111\u00e3i kh\u00f4ng bao g\u1ed3m ph\u1ee5 ph\u00ed. B\u1ea1n vui l\u00f2ng [&hellip;]","protected":false},"author":237,"featured_media":0,"parent":0,"menu_order":0,"comment_status":"closed","ping_status":"closed","template":"","meta":{"_acf_changed":false,"footnotes":""},"acf":[],"_links":{"self":[{"href":"https:\/\/www.grab.com\/vn\/wp-json\/wp\/v2\/pages\/64655"}],"collection":[{"href":"https:\/\/www.grab.com\/vn\/wp-json\/wp\/v2\/pages"}],"about":[{"href":"https:\/\/www.grab.com\/vn\/wp-json\/wp\/v2\/types\/page"}],"author":[{"embeddable":true,"href":"https:\/\/www.grab.com\/vn\/wp-json\/wp\/v2\/users\/237"}],"replies":[{"embeddable":true,"href":"https:\/\/www.grab.com\/vn\/wp-json\/wp\/v2\/comments?post=64655"}],"version-history":[{"count":7,"href":"https:\/\/www.grab.com\/vn\/wp-json\/wp\/v2\/pages\/64655\/revisions"}],"predecessor-version":[{"id":67087,"href":"https:\/\/www.grab.com\/vn\/wp-json\/wp\/v2\/pages\/64655\/revisions\/67087"}],"wp:attachment":[{"href":"https:\/\/www.grab.com\/vn\/wp-json\/wp\/v2\/media?parent=64655"}],"curies":[{"name":"wp","href":"https:\/\/api.w.org\/{rel}","templated":true}]}}