{"id":59616,"date":"2020-03-10T13:25:09","date_gmt":"2020-03-10T05:25:09","guid":{"rendered":"https:\/\/www.grab.com\/vn\/?page_id=59616"},"modified":"2020-03-10T13:25:09","modified_gmt":"2020-03-10T05:25:09","slug":"grabcar-goc-thong-tin-thang-03-2020-ban-nen-biet","status":"publish","type":"page","link":"https:\/\/www.grab.com\/vn\/grabcar-goc-thong-tin-thang-03-2020-ban-nen-biet\/","title":{"rendered":"[GrabCar] G\u00f3c th\u00f4ng tin th\u00e1ng 03\/2020 b\u1ea1n n\u00ean bi\u1ebft"},"content":{"rendered":"<p><a href=\"https:\/\/www.grab.com\/vn\/blog\/driver\/grab-phong-chong-dich-covid-19-luu-y-danh-cho-bac-tai-trong-qua-trinh-hoat-dong-hang-ngay\/\"><img loading=\"lazy\" decoding=\"async\" width=\"717\" height=\"1212\" class=\"aligncenter size-full wp-image-59621\" src=\"https:\/\/assets.grab.com\/wp-content\/uploads\/sites\/11\/2020\/03\/10132138\/1-min.png\" alt=\"\" srcset=\"https:\/\/assets.grab.com\/wp-content\/uploads\/sites\/11\/2020\/03\/10132138\/1-min.png 717w, https:\/\/assets.grab.com\/wp-content\/uploads\/sites\/11\/2020\/03\/10132138\/1-min-250x423.png 250w, https:\/\/assets.grab.com\/wp-content\/uploads\/sites\/11\/2020\/03\/10132138\/1-min-700x1183.png 700w, https:\/\/assets.grab.com\/wp-content\/uploads\/sites\/11\/2020\/03\/10132138\/1-min-120x203.png 120w\" sizes=\"(max-width: 717px) 100vw, 717px\" \/><\/a><\/p>\n<p><a href=\"https:\/\/www.grab.com\/vn\/blog\/driver\/grab-4-banh-grab-ap-dung-phi-nen-tang-tu-19-02-2020\/\"><img loading=\"lazy\" decoding=\"async\" width=\"720\" height=\"368\" class=\"aligncenter size-full wp-image-59617\" src=\"https:\/\/assets.grab.com\/wp-content\/uploads\/sites\/11\/2020\/03\/10131927\/21.png\" alt=\"\" srcset=\"https:\/\/assets.grab.com\/wp-content\/uploads\/sites\/11\/2020\/03\/10131927\/21.png 720w, https:\/\/assets.grab.com\/wp-content\/uploads\/sites\/11\/2020\/03\/10131927\/21-250x128.png 250w, https:\/\/assets.grab.com\/wp-content\/uploads\/sites\/11\/2020\/03\/10131927\/21-700x358.png 700w, https:\/\/assets.grab.com\/wp-content\/uploads\/sites\/11\/2020\/03\/10131927\/21-120x61.png 120w\" sizes=\"(max-width: 720px) 100vw, 720px\" \/><\/a><\/p>\n<p><a href=\"https:\/\/www.grab.com\/vn\/blog\/driver\/car\/grab-toan-quoc-ra-mat-tinh-nang-thay-doi-diem-don\/\"><img loading=\"lazy\" decoding=\"async\" width=\"719\" height=\"301\" class=\"aligncenter size-full wp-image-59618\" src=\"https:\/\/assets.grab.com\/wp-content\/uploads\/sites\/11\/2020\/03\/10131928\/32.png\" alt=\"\" srcset=\"https:\/\/assets.grab.com\/wp-content\/uploads\/sites\/11\/2020\/03\/10131928\/32.png 719w, https:\/\/assets.grab.com\/wp-content\/uploads\/sites\/11\/2020\/03\/10131928\/32-250x105.png 250w, https:\/\/assets.grab.com\/wp-content\/uploads\/sites\/11\/2020\/03\/10131928\/32-700x293.png 700w, https:\/\/assets.grab.com\/wp-content\/uploads\/sites\/11\/2020\/03\/10131928\/32-120x50.png 120w\" sizes=\"(max-width: 719px) 100vw, 719px\" \/><\/a><\/p>\n<p><img loading=\"lazy\" decoding=\"async\" width=\"717\" height=\"417\" class=\"aligncenter size-full wp-image-59619\" src=\"https:\/\/assets.grab.com\/wp-content\/uploads\/sites\/11\/2020\/03\/10131929\/4.png\" alt=\"\" srcset=\"https:\/\/assets.grab.com\/wp-content\/uploads\/sites\/11\/2020\/03\/10131929\/4.png 717w, https:\/\/assets.grab.com\/wp-content\/uploads\/sites\/11\/2020\/03\/10131929\/4-250x145.png 250w, https:\/\/assets.grab.com\/wp-content\/uploads\/sites\/11\/2020\/03\/10131929\/4-700x407.png 700w, https:\/\/assets.grab.com\/wp-content\/uploads\/sites\/11\/2020\/03\/10131929\/4-120x70.png 120w\" sizes=\"(max-width: 717px) 100vw, 717px\" \/> <img loading=\"lazy\" decoding=\"async\" width=\"1377\" height=\"707\" class=\"aligncenter size-full wp-image-59620\" src=\"https:\/\/assets.grab.com\/wp-content\/uploads\/sites\/11\/2020\/03\/10131934\/5.png\" alt=\"\" srcset=\"https:\/\/assets.grab.com\/wp-content\/uploads\/sites\/11\/2020\/03\/10131934\/5.png 1377w, https:\/\/assets.grab.com\/wp-content\/uploads\/sites\/11\/2020\/03\/10131934\/5-250x128.png 250w, https:\/\/assets.grab.com\/wp-content\/uploads\/sites\/11\/2020\/03\/10131934\/5-768x394.png 768w, https:\/\/assets.grab.com\/wp-content\/uploads\/sites\/11\/2020\/03\/10131934\/5-700x359.png 700w, https:\/\/assets.grab.com\/wp-content\/uploads\/sites\/11\/2020\/03\/10131934\/5-120x62.png 120w\" sizes=\"(max-width: 1377px) 100vw, 1377px\" \/><\/p>\n<p><strong><span style=\"color: #00953a\">Tr\u00e2n tr\u1ecdng,<\/span><\/strong><\/p>\n<p><strong><span style=\"color: #00953a\">\u0110\u1ed9i ng\u0169 Grab<\/span><\/strong><\/p>\n","protected":false},"excerpt":{"rendered":"Tr\u00e2n tr\u1ecdng, \u0110\u1ed9i ng\u0169 Grab","protected":false},"author":491,"featured_media":0,"parent":0,"menu_order":0,"comment_status":"closed","ping_status":"closed","template":"","meta":{"_acf_changed":false,"footnotes":""},"acf":[],"_links":{"self":[{"href":"https:\/\/www.grab.com\/vn\/wp-json\/wp\/v2\/pages\/59616"}],"collection":[{"href":"https:\/\/www.grab.com\/vn\/wp-json\/wp\/v2\/pages"}],"about":[{"href":"https:\/\/www.grab.com\/vn\/wp-json\/wp\/v2\/types\/page"}],"author":[{"embeddable":true,"href":"https:\/\/www.grab.com\/vn\/wp-json\/wp\/v2\/users\/491"}],"replies":[{"embeddable":true,"href":"https:\/\/www.grab.com\/vn\/wp-json\/wp\/v2\/comments?post=59616"}],"version-history":[{"count":2,"href":"https:\/\/www.grab.com\/vn\/wp-json\/wp\/v2\/pages\/59616\/revisions"}],"predecessor-version":[{"id":59623,"href":"https:\/\/www.grab.com\/vn\/wp-json\/wp\/v2\/pages\/59616\/revisions\/59623"}],"wp:attachment":[{"href":"https:\/\/www.grab.com\/vn\/wp-json\/wp\/v2\/media?parent=59616"}],"curies":[{"name":"wp","href":"https:\/\/api.w.org\/{rel}","templated":true}]}}