{"id":57573,"date":"2020-02-12T13:00:13","date_gmt":"2020-02-12T05:00:13","guid":{"rendered":"https:\/\/www.grab.com\/vn\/?page_id=57573"},"modified":"2020-02-21T19:44:45","modified_gmt":"2020-02-21T11:44:45","slug":"grabcar-goc-thong-tin-thang-02-2020-ban-nen-biet","status":"publish","type":"page","link":"https:\/\/www.grab.com\/vn\/grabcar-goc-thong-tin-thang-02-2020-ban-nen-biet\/","title":{"rendered":"[GrabCar] G\u00f3c th\u00f4ng tin th\u00e1ng 02\/2020 b\u1ea1n n\u00ean bi\u1ebft"},"content":{"rendered":"<p><a href=\"https:\/\/www.grab.com\/vn\/blog\/driver\/car\/grab-luu-y-ve-benh-viem-duong-ho-hap-cap-do-virus-corona-moi-2019-ncov\/\"><img loading=\"lazy\" decoding=\"async\" class=\"aligncenter wp-image-58313\" src=\"https:\/\/assets.grab.com\/wp-content\/uploads\/sites\/11\/2020\/02\/21194216\/86970750_2529240294063195_9221709510849069056_n-min.png\" alt=\"\" width=\"975\" height=\"1733\" srcset=\"https:\/\/assets.grab.com\/wp-content\/uploads\/sites\/11\/2020\/02\/21194216\/86970750_2529240294063195_9221709510849069056_n-min.png 720w, https:\/\/assets.grab.com\/wp-content\/uploads\/sites\/11\/2020\/02\/21194216\/86970750_2529240294063195_9221709510849069056_n-min-250x444.png 250w, https:\/\/assets.grab.com\/wp-content\/uploads\/sites\/11\/2020\/02\/21194216\/86970750_2529240294063195_9221709510849069056_n-min-700x1244.png 700w, https:\/\/assets.grab.com\/wp-content\/uploads\/sites\/11\/2020\/02\/21194216\/86970750_2529240294063195_9221709510849069056_n-min-120x213.png 120w\" sizes=\"(max-width: 975px) 100vw, 975px\" \/><\/a><\/p>\n<p><a href=\"https:\/\/www.grab.com\/vn\/blog\/driver\/car\/grabcar-toan-quoc-huong-dan-cach-bao-ve-tai-khoan-grab-driver-cua-ban\/\"><img loading=\"lazy\" decoding=\"async\" width=\"975\" height=\"465\" class=\"aligncenter size-full wp-image-57574\" src=\"https:\/\/assets.grab.com\/wp-content\/uploads\/sites\/11\/2020\/02\/12125544\/Picture3.png\" alt=\"\" srcset=\"https:\/\/assets.grab.com\/wp-content\/uploads\/sites\/11\/2020\/02\/12125544\/Picture3.png 975w, https:\/\/assets.grab.com\/wp-content\/uploads\/sites\/11\/2020\/02\/12125544\/Picture3-250x119.png 250w, https:\/\/assets.grab.com\/wp-content\/uploads\/sites\/11\/2020\/02\/12125544\/Picture3-768x366.png 768w, https:\/\/assets.grab.com\/wp-content\/uploads\/sites\/11\/2020\/02\/12125544\/Picture3-700x334.png 700w, https:\/\/assets.grab.com\/wp-content\/uploads\/sites\/11\/2020\/02\/12125544\/Picture3-120x57.png 120w\" sizes=\"(max-width: 975px) 100vw, 975px\" \/><\/a> <a href=\"https:\/\/www.grab.com\/vn\/blog\/driver\/car\/grabcar-toan-quoc-tien-loi-hon-voi-vi-dien-tu-moca\/\"><img loading=\"lazy\" decoding=\"async\" width=\"975\" height=\"504\" class=\"aligncenter size-full wp-image-57575\" src=\"https:\/\/assets.grab.com\/wp-content\/uploads\/sites\/11\/2020\/02\/12125549\/Picture4.png\" alt=\"\" srcset=\"https:\/\/assets.grab.com\/wp-content\/uploads\/sites\/11\/2020\/02\/12125549\/Picture4.png 975w, https:\/\/assets.grab.com\/wp-content\/uploads\/sites\/11\/2020\/02\/12125549\/Picture4-250x129.png 250w, https:\/\/assets.grab.com\/wp-content\/uploads\/sites\/11\/2020\/02\/12125549\/Picture4-768x397.png 768w, https:\/\/assets.grab.com\/wp-content\/uploads\/sites\/11\/2020\/02\/12125549\/Picture4-700x362.png 700w, https:\/\/assets.grab.com\/wp-content\/uploads\/sites\/11\/2020\/02\/12125549\/Picture4-120x62.png 120w\" sizes=\"(max-width: 975px) 100vw, 975px\" \/><\/a> <a href=\"https:\/\/docs.google.com\/forms\/d\/e\/1FAIpQLSeu1yiPSwvjXAx4t8J00s8TOkKAJNaz7sZLU9Tz3cnYujhMdw\/viewform\"><img loading=\"lazy\" decoding=\"async\" width=\"975\" height=\"471\" class=\"aligncenter size-full wp-image-57576\" src=\"https:\/\/assets.grab.com\/wp-content\/uploads\/sites\/11\/2020\/02\/12125553\/Picture5.png\" alt=\"\" srcset=\"https:\/\/assets.grab.com\/wp-content\/uploads\/sites\/11\/2020\/02\/12125553\/Picture5.png 975w, https:\/\/assets.grab.com\/wp-content\/uploads\/sites\/11\/2020\/02\/12125553\/Picture5-250x121.png 250w, https:\/\/assets.grab.com\/wp-content\/uploads\/sites\/11\/2020\/02\/12125553\/Picture5-768x371.png 768w, https:\/\/assets.grab.com\/wp-content\/uploads\/sites\/11\/2020\/02\/12125553\/Picture5-700x338.png 700w, https:\/\/assets.grab.com\/wp-content\/uploads\/sites\/11\/2020\/02\/12125553\/Picture5-120x58.png 120w\" sizes=\"(max-width: 975px) 100vw, 975px\" \/><\/a><\/p>\n<p><strong><span style=\"color: #00953a\">Tr\u00e2n tr\u1ecdng,<\/span><\/strong><\/p>\n<p><strong><span style=\"color: #00953a\">\u0110\u1ed9i ng\u0169 GrabCar<\/span><\/strong><\/p>\n","protected":false},"excerpt":{"rendered":"Tr\u00e2n tr\u1ecdng, \u0110\u1ed9i ng\u0169 GrabCar","protected":false},"author":491,"featured_media":0,"parent":0,"menu_order":0,"comment_status":"closed","ping_status":"closed","template":"","meta":{"_acf_changed":false,"footnotes":""},"acf":[],"_links":{"self":[{"href":"https:\/\/www.grab.com\/vn\/wp-json\/wp\/v2\/pages\/57573"}],"collection":[{"href":"https:\/\/www.grab.com\/vn\/wp-json\/wp\/v2\/pages"}],"about":[{"href":"https:\/\/www.grab.com\/vn\/wp-json\/wp\/v2\/types\/page"}],"author":[{"embeddable":true,"href":"https:\/\/www.grab.com\/vn\/wp-json\/wp\/v2\/users\/491"}],"replies":[{"embeddable":true,"href":"https:\/\/www.grab.com\/vn\/wp-json\/wp\/v2\/comments?post=57573"}],"version-history":[{"count":3,"href":"https:\/\/www.grab.com\/vn\/wp-json\/wp\/v2\/pages\/57573\/revisions"}],"predecessor-version":[{"id":58314,"href":"https:\/\/www.grab.com\/vn\/wp-json\/wp\/v2\/pages\/57573\/revisions\/58314"}],"wp:attachment":[{"href":"https:\/\/www.grab.com\/vn\/wp-json\/wp\/v2\/media?parent=57573"}],"curies":[{"name":"wp","href":"https:\/\/api.w.org\/{rel}","templated":true}]}}