{"id":56791,"date":"2020-01-31T17:43:13","date_gmt":"2020-01-31T09:43:13","guid":{"rendered":"https:\/\/www.grab.com\/vn\/?page_id=56791"},"modified":"2020-01-31T17:44:20","modified_gmt":"2020-01-31T09:44:20","slug":"huong-dan-deo-khau-trang-dung-cach-de-phong-chong-virus-ncov","status":"publish","type":"page","link":"https:\/\/www.grab.com\/vn\/huong-dan-deo-khau-trang-dung-cach-de-phong-chong-virus-ncov\/","title":{"rendered":"H\u01b0\u1edbng d\u1eabn \u0111eo kh\u1ea9u trang \u0111\u00fang c\u00e1ch \u0111\u1ec3 ph\u00f2ng ch\u1ed1ng virus nCov"},"content":{"rendered":"<p><img loading=\"lazy\" decoding=\"async\" width=\"565\" height=\"1629\" class=\"alignnone size-full wp-image-56790 aligncenter\" src=\"https:\/\/assets.grab.com\/wp-content\/uploads\/sites\/11\/2020\/01\/31174118\/195b0271e04c1812415d.jpg\" alt=\"\" srcset=\"https:\/\/assets.grab.com\/wp-content\/uploads\/sites\/11\/2020\/01\/31174118\/195b0271e04c1812415d.jpg 565w, https:\/\/assets.grab.com\/wp-content\/uploads\/sites\/11\/2020\/01\/31174118\/195b0271e04c1812415d-250x721.jpg 250w, https:\/\/assets.grab.com\/wp-content\/uploads\/sites\/11\/2020\/01\/31174118\/195b0271e04c1812415d-120x346.jpg 120w\" sizes=\"(max-width: 565px) 100vw, 565px\" \/><\/p>\n<p>(ngu\u1ed3n: <a href=\"http:\/\/vncdc.gov.vn\/vi\/phong-chong-dich-benh-viem-phoi-cap-ncov\/8608\/khuyen-cao-moi-nhat-cua-bo-y-te-ve-phong-chong-dich-benh-do-virus-ncov\">B\u1ed9 Y t\u1ebf<\/a>)<\/p>\n","protected":false},"excerpt":{"rendered":"(ngu\u1ed3n: B\u1ed9 Y t\u1ebf)","protected":false},"author":489,"featured_media":0,"parent":0,"menu_order":0,"comment_status":"closed","ping_status":"closed","template":"","meta":{"_acf_changed":false,"footnotes":""},"acf":[],"_links":{"self":[{"href":"https:\/\/www.grab.com\/vn\/wp-json\/wp\/v2\/pages\/56791"}],"collection":[{"href":"https:\/\/www.grab.com\/vn\/wp-json\/wp\/v2\/pages"}],"about":[{"href":"https:\/\/www.grab.com\/vn\/wp-json\/wp\/v2\/types\/page"}],"author":[{"embeddable":true,"href":"https:\/\/www.grab.com\/vn\/wp-json\/wp\/v2\/users\/489"}],"replies":[{"embeddable":true,"href":"https:\/\/www.grab.com\/vn\/wp-json\/wp\/v2\/comments?post=56791"}],"version-history":[{"count":2,"href":"https:\/\/www.grab.com\/vn\/wp-json\/wp\/v2\/pages\/56791\/revisions"}],"predecessor-version":[{"id":56793,"href":"https:\/\/www.grab.com\/vn\/wp-json\/wp\/v2\/pages\/56791\/revisions\/56793"}],"wp:attachment":[{"href":"https:\/\/www.grab.com\/vn\/wp-json\/wp\/v2\/media?parent=56791"}],"curies":[{"name":"wp","href":"https:\/\/api.w.org\/{rel}","templated":true}]}}