{"id":54840,"date":"2020-01-02T17:12:01","date_gmt":"2020-01-02T09:12:01","guid":{"rendered":"https:\/\/www.grab.com\/vn\/?page_id=54840"},"modified":"2020-01-02T17:12:01","modified_gmt":"2020-01-02T09:12:01","slug":"grabcar-goc-thong-tin-thang-01-2020-ban-nen-biet","status":"publish","type":"page","link":"https:\/\/www.grab.com\/vn\/grabcar-goc-thong-tin-thang-01-2020-ban-nen-biet\/","title":{"rendered":"[GrabCar] G\u00f3c th\u00f4ng tin th\u00e1ng 01\/2020 b\u1ea1n n\u00ean bi\u1ebft"},"content":{"rendered":"<p><img loading=\"lazy\" decoding=\"async\" width=\"1915\" height=\"665\" class=\"aligncenter size-full wp-image-54841\" src=\"https:\/\/assets.grab.com\/wp-content\/uploads\/sites\/11\/2020\/01\/02170725\/Blog.png\" alt=\"\" srcset=\"https:\/\/assets.grab.com\/wp-content\/uploads\/sites\/11\/2020\/01\/02170725\/Blog.png 1915w, https:\/\/assets.grab.com\/wp-content\/uploads\/sites\/11\/2020\/01\/02170725\/Blog-250x87.png 250w, https:\/\/assets.grab.com\/wp-content\/uploads\/sites\/11\/2020\/01\/02170725\/Blog-768x267.png 768w, https:\/\/assets.grab.com\/wp-content\/uploads\/sites\/11\/2020\/01\/02170725\/Blog-700x243.png 700w, https:\/\/assets.grab.com\/wp-content\/uploads\/sites\/11\/2020\/01\/02170725\/Blog-120x42.png 120w\" sizes=\"(max-width: 1915px) 100vw, 1915px\" \/><\/p>\n<p>&nbsp;<\/p>\n<p><a href=\"https:\/\/www.grab.com\/vn\/blog\/driver\/car\/grab-cap-nhat-giao-dien-hien-thi-ty-le-nhan-va-huy-cuoc-tai-man-hinh-chinh\/\"><img loading=\"lazy\" decoding=\"async\" width=\"1079\" height=\"466\" class=\"aligncenter size-full wp-image-54843\" src=\"https:\/\/assets.grab.com\/wp-content\/uploads\/sites\/11\/2020\/01\/02170757\/Picture1.png\" alt=\"\" srcset=\"https:\/\/assets.grab.com\/wp-content\/uploads\/sites\/11\/2020\/01\/02170757\/Picture1.png 1079w, https:\/\/assets.grab.com\/wp-content\/uploads\/sites\/11\/2020\/01\/02170757\/Picture1-250x108.png 250w, https:\/\/assets.grab.com\/wp-content\/uploads\/sites\/11\/2020\/01\/02170757\/Picture1-768x332.png 768w, https:\/\/assets.grab.com\/wp-content\/uploads\/sites\/11\/2020\/01\/02170757\/Picture1-700x302.png 700w, https:\/\/assets.grab.com\/wp-content\/uploads\/sites\/11\/2020\/01\/02170757\/Picture1-120x52.png 120w\" sizes=\"(max-width: 1079px) 100vw, 1079px\" \/><\/a><\/p>\n<p><a href=\"https:\/\/www.grab.com\/vn\/blog\/driver\/grab-ho-chi-minh-ha-noi-da-nang-ap-dung-ty-le-chap-nhan-chuyen-cho-tinh-nang-che-diem-den\/\"> <img loading=\"lazy\" decoding=\"async\" width=\"1079\" height=\"960\" class=\"aligncenter size-full wp-image-54844\" src=\"https:\/\/assets.grab.com\/wp-content\/uploads\/sites\/11\/2020\/01\/02170759\/Picture2.png\" alt=\"\" srcset=\"https:\/\/assets.grab.com\/wp-content\/uploads\/sites\/11\/2020\/01\/02170759\/Picture2.png 1079w, https:\/\/assets.grab.com\/wp-content\/uploads\/sites\/11\/2020\/01\/02170759\/Picture2-250x222.png 250w, https:\/\/assets.grab.com\/wp-content\/uploads\/sites\/11\/2020\/01\/02170759\/Picture2-768x683.png 768w, https:\/\/assets.grab.com\/wp-content\/uploads\/sites\/11\/2020\/01\/02170759\/Picture2-700x623.png 700w, https:\/\/assets.grab.com\/wp-content\/uploads\/sites\/11\/2020\/01\/02170759\/Picture2-120x107.png 120w\" sizes=\"(max-width: 1079px) 100vw, 1079px\" \/><\/a><\/p>\n<p><a href=\"https:\/\/www.grab.com\/vn\/blog\/driver\/grabcar-toan-quoc-cai-tien-tinh-nang-diem-den-yeu-thich\/\"> <img loading=\"lazy\" decoding=\"async\" width=\"1079\" height=\"445\" class=\"aligncenter size-full wp-image-54845\" src=\"https:\/\/assets.grab.com\/wp-content\/uploads\/sites\/11\/2020\/01\/02170800\/Picture3.png\" alt=\"\" srcset=\"https:\/\/assets.grab.com\/wp-content\/uploads\/sites\/11\/2020\/01\/02170800\/Picture3.png 1079w, https:\/\/assets.grab.com\/wp-content\/uploads\/sites\/11\/2020\/01\/02170800\/Picture3-250x103.png 250w, https:\/\/assets.grab.com\/wp-content\/uploads\/sites\/11\/2020\/01\/02170800\/Picture3-768x317.png 768w, https:\/\/assets.grab.com\/wp-content\/uploads\/sites\/11\/2020\/01\/02170800\/Picture3-700x289.png 700w, https:\/\/assets.grab.com\/wp-content\/uploads\/sites\/11\/2020\/01\/02170800\/Picture3-120x49.png 120w\" sizes=\"(max-width: 1079px) 100vw, 1079px\" \/><\/a><\/p>\n<p><a href=\"https:\/\/docs.google.com\/forms\/d\/e\/1FAIpQLSeu1yiPSwvjXAx4t8J00s8TOkKAJNaz7sZLU9Tz3cnYujhMdw\/viewform\"> <img loading=\"lazy\" decoding=\"async\" width=\"1079\" height=\"789\" class=\"aligncenter size-full wp-image-54846\" src=\"https:\/\/assets.grab.com\/wp-content\/uploads\/sites\/11\/2020\/01\/02170802\/Picture4.png\" alt=\"\" srcset=\"https:\/\/assets.grab.com\/wp-content\/uploads\/sites\/11\/2020\/01\/02170802\/Picture4.png 1079w, https:\/\/assets.grab.com\/wp-content\/uploads\/sites\/11\/2020\/01\/02170802\/Picture4-250x183.png 250w, https:\/\/assets.grab.com\/wp-content\/uploads\/sites\/11\/2020\/01\/02170802\/Picture4-768x562.png 768w, https:\/\/assets.grab.com\/wp-content\/uploads\/sites\/11\/2020\/01\/02170802\/Picture4-700x512.png 700w, https:\/\/assets.grab.com\/wp-content\/uploads\/sites\/11\/2020\/01\/02170802\/Picture4-120x88.png 120w\" sizes=\"(max-width: 1079px) 100vw, 1079px\" \/><\/a><\/p>\n<p><strong><span style=\"color: #00953a\">Tr\u00e2n Tr\u1ecdng,<\/span><\/strong><\/p>\n<p><strong><span style=\"color: #00953a\">\u0110\u1ed9i ng\u0169 Grab<\/span><\/strong><\/p>\n<p>&nbsp;<\/p>\n","protected":false},"excerpt":{"rendered":"&nbsp; Tr\u00e2n Tr\u1ecdng, \u0110\u1ed9i ng\u0169 Grab &nbsp;","protected":false},"author":491,"featured_media":0,"parent":0,"menu_order":0,"comment_status":"closed","ping_status":"closed","template":"","meta":{"_acf_changed":false,"footnotes":""},"acf":[],"_links":{"self":[{"href":"https:\/\/www.grab.com\/vn\/wp-json\/wp\/v2\/pages\/54840"}],"collection":[{"href":"https:\/\/www.grab.com\/vn\/wp-json\/wp\/v2\/pages"}],"about":[{"href":"https:\/\/www.grab.com\/vn\/wp-json\/wp\/v2\/types\/page"}],"author":[{"embeddable":true,"href":"https:\/\/www.grab.com\/vn\/wp-json\/wp\/v2\/users\/491"}],"replies":[{"embeddable":true,"href":"https:\/\/www.grab.com\/vn\/wp-json\/wp\/v2\/comments?post=54840"}],"version-history":[{"count":1,"href":"https:\/\/www.grab.com\/vn\/wp-json\/wp\/v2\/pages\/54840\/revisions"}],"predecessor-version":[{"id":54847,"href":"https:\/\/www.grab.com\/vn\/wp-json\/wp\/v2\/pages\/54840\/revisions\/54847"}],"wp:attachment":[{"href":"https:\/\/www.grab.com\/vn\/wp-json\/wp\/v2\/media?parent=54840"}],"curies":[{"name":"wp","href":"https:\/\/api.w.org\/{rel}","templated":true}]}}