{"id":51963,"date":"2019-11-26T16:46:17","date_gmt":"2019-11-26T08:46:17","guid":{"rendered":"https:\/\/www.grab.com\/vn\/?page_id=51963"},"modified":"2019-11-26T16:46:17","modified_gmt":"2019-11-26T08:46:17","slug":"grabcar-goc-thong-tin-thang-12-ban-nen-biet","status":"publish","type":"page","link":"https:\/\/www.grab.com\/vn\/grabcar-goc-thong-tin-thang-12-ban-nen-biet\/","title":{"rendered":"[GrabCar] G\u00f3c th\u00f4ng tin th\u00e1ng 12 b\u1ea1n n\u00ean bi\u1ebft"},"content":{"rendered":"<h3><span style=\"color: #00953a\">1. C\u1eadp nh\u1eadt B\u1ed9 Quy t\u1eafc \u1ee8ng x\u1eed, \u00e1p d\u1ee5ng t\u1eeb ng\u00e0y 30\/11\/2019<\/span><\/h3>\n<p><span style=\"font-weight: 400\">Grab xin th\u00f4ng b\u00e1o \u0111\u1ebfn Qu\u00fd \u0110\u1ed1i t\u00e1c n\u1ed9i dung m\u1edbi c\u1ee7a v\u0103n b\u1ea3n Th\u1ecfa thu\u1eadn v\u1ec1 h\u00ecnh th\u1ee9c x\u1eed l\u00fd \u0111\u1ed1i v\u1edbi h\u00e0nh vi vi ph\u1ea1m <\/span><strong><span style=\"color: #00953a\">B\u1ed9 Quy t\u1eafc \u1ee8ng x\u1eed<\/span><\/strong><span style=\"font-weight: 400\"> c\u1ee7a \u0110\u1ed1i t\u00e1c T\u00e0i X\u1ebf g\u00e2y \u1ea3nh h\u01b0\u1edfng \u0111\u1ebfn uy t\u00edn v\u00e0 s\u1ef1 ho\u1ea1t \u0111\u1ed9ng b\u00ecnh th\u01b0\u1eddng c\u1ee7a c\u00f4ng ty TNHH Grab. C\u1ee5 th\u1ec3 nh\u01b0 sau:<\/span><\/p>\n<ul>\n<li style=\"font-weight: 400\"><span style=\"font-weight: 400\">M\u1ed1c quy \u0111\u1ecbnh \u0111ang \u0111\u01b0\u1ee3c \u00e1p d\u1ee5ng v\u1edbi<\/span> <strong><span style=\"color: #00953a\">t\u1ef7 l\u1ec7 hu\u1ef7 chuy\u1ebfn<\/span><\/strong><span style=\"font-weight: 400\"> h\u00e0ng tu\u1ea7n (hi\u00ea\u0309n thi\u0323 tr\u00ean ma\u0300n hi\u0300nh chi\u0301nh) l\u00e0 <\/span><strong><span style=\"color: #00953a\">kh\u00f4ng qu\u00e1 30%<\/span><\/strong><\/li>\n<li style=\"font-weight: 400\">M\u1ed1c quy \u0111\u1ecbnh \u0111\u1eb7c bi\u1ec7t \u0111\u01b0\u1ee3c \u00e1p d\u1ee5ng cho t\u00ednh n\u0103ng Che \u0110i\u1ec3m \u0110\u1ebfn l\u00e0<strong><span style=\"color: #00953a\"> t\u1ef7 l\u1ec7 ch\u1ea5p nh\u1eadn <\/span><\/strong>chuy\u1ebfn h\u00e0ng tu\u1ea7n (hi\u1ec3n th\u1ecb tr\u00ean m\u00e0n h\u00ecnh ch\u00ednh)<strong><span style=\"color: #00953a\"> kh\u00f4ng d\u01b0\u1edbi 70%<\/span><\/strong><\/li>\n<\/ul>\n<p><span style=\"font-weight: 400\">H\u00e3y c\u00f9ng Grab t\u00ecm hi\u1ec3u nh\u1eefng thay \u0111\u1ed5i n\u00e0y <\/span><a href=\"https:\/\/www.grab.com\/vn\/blog\/driver\/grab-cap-nhat-bo-quy-tac-ung-xu-ap-dung-tu-ngay-30-11-2019\/\"><b>T\u1ea0I \u0110\u00c2Y<\/b><\/a><span style=\"font-weight: 400\"> b\u1ea1n nh\u00e9.<\/span><\/p>\n<h3><span style=\"color: #00953a\">\u00a02.\u00a0 \u00c1p d\u1ee5ng t\u1ef7 l\u1ec7 ch\u1ea5p nh\u1eadn chuy\u1ebfn cho t\u00ednh n\u0103ng \u201cChe \u0111i\u1ec3m \u0111\u1ebfn\u201d<\/span><\/h3>\n<p><span style=\"font-weight: 400\">Grab lu\u00f4n n\u1ed7 l\u1ef1c kh\u00f4ng ng\u1eebng nh\u1eb1m ho\u00e0n thi\u1ec7n v\u1ec1 ch\u1ea5t l\u01b0\u1ee3ng d\u1ecbch v\u1ee5 cung c\u1ea5p cho Kh\u00e1ch h\u00e0ng c\u0169ng nh\u01b0 t\u1ea1o m\u00f4i tr\u01b0\u1eddng l\u00e0m vi\u1ec7c c\u00f4ng b\u1eb1ng v\u00e0 minh b\u1ea1ch cho c\u1ed9ng \u0111\u1ed3ng \u0110\u1ed1i t\u00e1c. \u0110\u1ec3 \u0111\u1ea3m b\u1ea3o hi\u1ec7u qu\u1ea3 v\u1eadn h\u00e0nh cu\u0309a toa\u0300n h\u00ea\u0323 th\u00f4\u0301ng, Grab ch\u00ednh th\u1ee9c \u00e1p d\u1ee5ng \u0111i\u1ec1u kho\u1ea3n <\/span><strong><span style=\"color: #00953a\">T\u1ef7 l\u1ec7 ch\u1ea5p nh\u1eadn chuy\u1ebfn 70%<\/span><\/strong><span style=\"font-weight: 400\"> cho ti\u0301nh n\u0103ng <\/span><span style=\"color: #00953a\"><strong>\u201cChe \u0111i\u00ea\u0309m \u0111\u00ea\u0301n\u201d<\/strong><\/span><span style=\"font-weight: 400\"> t\u1ea1i H\u00e0 N\u1ed9i, H\u1ed3 Ch\u00ed Minh v\u00e0 \u0110\u00e0 N\u1eb5ng.<\/span><\/p>\n<p><img loading=\"lazy\" decoding=\"async\" width=\"1697\" height=\"204\" class=\"aligncenter size-full wp-image-51770\" src=\"https:\/\/assets.grab.com\/wp-content\/uploads\/sites\/11\/2019\/11\/23110525\/Picture18.png\" alt=\"\" srcset=\"https:\/\/assets.grab.com\/wp-content\/uploads\/sites\/11\/2019\/11\/23110525\/Picture18.png 1697w, https:\/\/assets.grab.com\/wp-content\/uploads\/sites\/11\/2019\/11\/23110525\/Picture18-250x30.png 250w, https:\/\/assets.grab.com\/wp-content\/uploads\/sites\/11\/2019\/11\/23110525\/Picture18-768x92.png 768w, https:\/\/assets.grab.com\/wp-content\/uploads\/sites\/11\/2019\/11\/23110525\/Picture18-700x84.png 700w, https:\/\/assets.grab.com\/wp-content\/uploads\/sites\/11\/2019\/11\/23110525\/Picture18-120x14.png 120w\" sizes=\"(max-width: 1697px) 100vw, 1697px\" \/><\/p>\n<ul>\n<li style=\"font-weight: 400\"><span style=\"font-weight: 400\">T\u1ef7 l\u1ec7 ch\u1ea5p nh\u1eadn chuy\u1ebfn trong tu\u1ea7n (t\u1eeb th\u1ee9 2 \u0111\u1ebfn Ch\u1ee7 Nh\u1eadt) &lt; 70% th\u00ec trong 07 ng\u00e0y c\u1ee7a tu\u1ea7n ti\u1ebfp theo (t\u1eeb th\u1ee9 3 \u0111\u1ebfn th\u1ee9 2 tu\u1ea7n sau n\u1eefa), ma\u0300n hi\u0300nh \u201cNh\u00e2\u0323n cu\u00f4\u0301c xe\u201d se\u0303 chi\u0309 hi\u00ea\u0309n thi\u0323 th\u00f4ng tin v\u00ea\u0300 \u0111i\u00ea\u0309m \u0111o\u0301n kha\u0301ch. C\u00e1c th\u00f4ng tin kh\u00e1c nh\u01b0: \u0111i\u1ec3m \u0111\u1ebfn, gi\u00e1 c\u01b0\u1edbc, ph\u01b0\u01a1ng th\u1ee9c thanh to\u00e1n (ti\u1ec1n m\u1eb7t hay th\u1ebb\/v\u00ed), khuy\u1ebfn m\u00e3i\u2026 s\u1ebd ch\u1ec9 \u0111\u01b0\u1ee3c hi\u1ec3n th\u1ecb sau khi \u0110\u1ed1i t\u00e1c nh\u00e2\u0301n n\u00fat \u201c\u0110\u00f3n kh\u00e1ch\u201d<\/span><\/li>\n<li style=\"font-weight: 400\"><span style=\"font-weight: 400\">M\u00e0n h\u00ecnh nh\u1eadn cu\u1ed1c s\u1ebd hi\u1ec3n th\u1ecb l\u1ea1i \u0111\u1ea7y \u0111\u1ee7 th\u00f4ng tin va\u0300o tu\u00e2\u0300n k\u00ea\u0301 ti\u00ea\u0301p khi \u0110\u1ed1i t\u00e1c duy tr\u00ec t\u1ef7 l\u1ec7 ch\u1ea5p nh\u1eadn chuy\u1ebfn trong tu\u1ea7n &gt;= 70%<\/span><\/li>\n<\/ul>\n<p><span style=\"font-weight: 400\">Chi ti\u1ebft b\u1ea1n xem th\u00eam<\/span> <a href=\"https:\/\/www.grab.com\/vn\/blog\/driver\/grab-ho-chi-minh-ha-noi-da-nang-ap-dung-ty-le-chap-nhan-chuyen-cho-tinh-nang-che-diem-den\/\"><b>T\u1ea0I \u0110\u00c2Y<\/b><\/a> <span style=\"font-weight: 400\">nh\u00e9.<\/span><\/p>\n<h3><span style=\"color: #00953a\">3. Ch\u01b0\u01a1ng tr\u00ecnh GrabCar \u2013 C\u00e0 Ph\u00ea &amp; K\u1ebft N\u1ed1i<\/span><\/h3>\n<p><span style=\"font-weight: 400\">Trong xuy\u00ean su\u1ed1t qu\u00fd 04\/2019, Grab s\u1ebd li\u00ean t\u1ee5c t\u1ed5 ch\u1ee9c ch\u01b0\u01a1ng tr\u00ecnh giao l\u01b0u<\/span> <strong><span style=\"color: #00953a\">\u201cGRABCAR\u00a0 \u2013 C\u00c0 PH\u00ca &amp; K\u1ebeT N\u1ed0I\u201d<\/span><\/strong><span style=\"font-weight: 400\"> nh\u1eb1m m\u1ee5c \u0111\u00edch h\u1ed7 tr\u1ee3 v\u00e0 gi\u1ea3i \u0111\u00e1p c\u00e1c th\u1eafc m\u1eafc trong qu\u00e1 tr\u00ecnh ho\u1ea1t \u0111\u1ed9ng cho qu\u00fd \u0110\u1ed1i t\u00e1c. B\u1ea1n c\u00f3 nhi\u1ec1u v\u1ea5n \u0111\u1ec1 th\u1eafc m\u1eafc v\u1ec1 qu\u00e1 tr\u00ecnh ho\u1ea1t \u0111\u1ed9ng nh\u01b0ng ch\u01b0a c\u00f3 c\u00e2u tr\u1ea3 l\u1eddi th\u1ecfa \u0111\u00e1ng nh\u01b0:\u00a0<\/span><\/p>\n<ul>\n<li style=\"font-weight: 400\"><span style=\"font-weight: 400\">Nh\u1eefng th\u00f4ng tin tr\u00e1i chi\u1ec1u v\u1ec1 vi\u1ec7c Grab \u01b0u ti\u00ean ph\u00e1t cu\u1ed1c cho m\u1ed9t s\u1ed1 \u0110\u1ed1i t\u00e1c?<\/span><\/li>\n<li style=\"font-weight: 400\"><span style=\"font-weight: 400\">T\u1ea1i sao kh\u00e1ch h\u00e0ng h\u1ee7y cu\u1ed1c l\u1ea1i \u1ea3nh h\u01b0\u1edfng t\u1ec9 l\u1ec7 c\u1ee7a \u0110\u1ed1i t\u00e1c?<\/span><\/li>\n<li style=\"font-weight: 400\"><span style=\"font-weight: 400\">Cu\u1ed1c xe v\u1eeba nh\u1eadn nh\u01b0ng bi\u1ebfn m\u1ea5t ngay v\u00e0 kh\u00f4ng t\u00ecm th\u1ea5y trong l\u1ecbch s\u1eed<\/span><\/li>\n<\/ul>\n<p><span style=\"font-weight: 400\">\u0110\u1ed9i ng\u0169 Grab s\u1ebd \u0111\u1ed1i tho\u1ea1i v\u00e0 gi\u1ea3i \u0111\u00e1p tr\u1ef1c ti\u1ebfp cho b\u1ea1n ngay t\u1ea1i ch\u01b0\u01a1ng tr\u00ecnh <\/span><strong><span style=\"color: #00953a\">\u201cGrabCar \u2013 C\u00e0 Ph\u00ea &amp; K\u1ebft N\u1ed1i\u201d<\/span><\/strong><\/p>\n<p><span style=\"font-weight: 400\">\u0110\u0103ng k\u00fd tham gia ngay nh\u00e9:<\/span><\/p>\n<ul>\n<li style=\"font-weight: 400\"><span style=\"font-weight: 400\">H\u1ed3 Ch\u00ed Minh: <\/span><b><a href=\"https:\/\/docs.google.com\/forms\/d\/1wll-AgoIVbRCXgxPZCyXDBOfDHaSi9gi-xGXEvoxuiA\/viewform?edit_requested=true\">T\u1ea0I \u0110\u00c2Y<\/a><\/b><\/li>\n<li style=\"font-weight: 400\">H\u00e0 N\u1ed9i: <a href=\"https:\/\/docs.google.com\/forms\/d\/e\/1FAIpQLSdRlvveJ0AD5CM_uIgUJA3mGLnyLllyf9zpYzISLaKz68VC_Q\/viewform\"><b>T\u1ea0I \u0110\u00c2Y<\/b><\/a><\/li>\n<\/ul>\n<h3><span style=\"color: #00953a\">4. Ch\u01b0\u01a1ng tr\u00ecnh \u0111\u1ed9i nh\u00f3m GrabCar<\/span><\/h3>\n<p><span style=\"color: #00953a\">\u201cMu\u1ed1n \u0111i nhanh th\u00ec h\u00e3y \u0111i m\u1ed9t m\u00ecnh \u2013 Mu\u1ed1n \u0111i xa h\u00e3y \u0111i c\u00f9ng nhau\u201d<\/span><span style=\"font-weight: 400\"> \u2013 \u0111\u00f3 l\u00e0 kim ch\u1ec9 nam gi\u00fap cho m\u00f4 h\u00ecnh \u0111\u1ed9i nh\u00f3m ng\u00e0y c\u00e0ng g\u1eafn k\u1ebft v\u00e0 ph\u00e1t tri\u1ec3n. \u0110\u1ebfn th\u1eddi \u0111i\u1ec3m hi\u1ec7n t\u1ea1i, c\u00e2u h\u1ecfi: <\/span><span style=\"color: #00953a\"><strong>\u201cTham gia \u0110\u1ed9i nh\u00f3m, t\u00f4i \u0111\u01b0\u1ee3c l\u1ee3i \u00edch g\u00ec?\u201d <\/strong><\/span><span style=\"font-weight: 400\">\u0111\u00e3 kh\u00f4ng c\u00f2n xu\u1ea5t hi\u1ec7n, b\u1edfi l\u1ebd ch\u00ednh m\u1ed7i th\u00e0nh vi\u00ean \u0111\u1ec1u \u0111\u00e3 v\u00e0 \u0111ang c\u1ea3m nh\u1eadn \u0111\u01b0\u1ee3c l\u1ee3i \u00edch tinh th\u1ea7n to l\u1edbn m\u00e0 m\u00f4 h\u00ecnh n\u00e0y \u0111em l\u1ea1i. Ch\u00fang ta \u0111\u1ebfn v\u1edbi nhau v\u00ec ch\u00fang ta c\u1ea3m th\u1ea5y c\u1ea7n nhau, ch\u00fang ta h\u1ed7 tr\u1ee3 nhau kh\u00f4ng ch\u1ec9 trong c\u00f4ng vi\u1ec7c m\u00e0 c\u00f2n trong cu\u1ed9c s\u1ed1ng. N\u00e0o, h\u00e3y nhanh tay \u0111\u0103ng k\u00fd \u0111\u1ec3 c\u00f3 th\u1ec3 \u0111\u01b0\u1ee3c:<\/span><\/p>\n<ul>\n<li style=\"font-weight: 400\"><span style=\"font-weight: 400\">Nh\u1eadn \u0111\u01b0\u1ee3c s\u1ef1 d\u1eabn d\u1eaft, h\u1ed7 tr\u1ee3 nhi\u1ec7t t\u00ecnh t\u1eeb c\u00e1c \u0110\u1ed9i tr\u01b0\u1edfng trong su\u1ed1t qu\u00e1 tr\u00ecnh ho\u1ea1t \u0111\u1ed9ng GrabCar<\/span><\/li>\n<li style=\"font-weight: 400\"><span style=\"font-weight: 400\">C\u00f3 c\u01a1 h\u1ed9i g\u1eb7p g\u1ee1 v\u00e0 giao l\u01b0u v\u1edbi nh\u1eefng \u0110\u1ed1i t\u00e1c GrabCar trong \u0111\u1ed9i nh\u00f3m kh\u00e1c<\/span><\/li>\n<li style=\"font-weight: 400\"><span style=\"font-weight: 400\">C\u00f3 c\u01a1 h\u1ed9i tham gia v\u00e0o c\u00e1c ho\u1ea1t \u0111\u1ed9ng th\u1ec3 thao, thi\u1ec7n nguy\u1ec7n,\u2026 do Grab ho\u0103\u0323c \u0111\u00f4\u0323i nho\u0301m t\u00f4\u0309 ch\u01b0\u0301c<\/span><\/li>\n<\/ul>\n<p><span style=\"font-weight: 400\">Chi ti\u1ebft \u0111\u0103ng k\u00fd <\/span><a href=\"https:\/\/docs.google.com\/forms\/d\/e\/1FAIpQLSeu1yiPSwvjXAx4t8J00s8TOkKAJNaz7sZLU9Tz3cnYujhMdw\/viewform\"><b>T\u1ea0I \u0110\u00c2Y<\/b><\/a> <span style=\"font-weight: 400\">b\u1ea1n nh\u00e9.<\/span><\/p>\n<p><strong><span style=\"color: #00953a\">Tr\u00e2n Tr\u1ecdng,<\/span><\/strong><\/p>\n<p><strong><span style=\"color: #00953a\">\u0110\u1ed9i ng\u0169 Grab.<\/span><\/strong><\/p>\n","protected":false},"excerpt":{"rendered":"1. C\u1eadp nh\u1eadt B\u1ed9 Quy t\u1eafc \u1ee8ng x\u1eed, \u00e1p d\u1ee5ng t\u1eeb ng\u00e0y 30\/11\/2019 Grab xin th\u00f4ng b\u00e1o \u0111\u1ebfn Qu\u00fd \u0110\u1ed1i t\u00e1c n\u1ed9i dung m\u1edbi c\u1ee7a v\u0103n b\u1ea3n Th\u1ecfa thu\u1eadn v\u1ec1 h\u00ecnh th\u1ee9c x\u1eed l\u00fd \u0111\u1ed1i v\u1edbi h\u00e0nh vi vi ph\u1ea1m B\u1ed9 Quy t\u1eafc \u1ee8ng x\u1eed c\u1ee7a \u0110\u1ed1i t\u00e1c T\u00e0i X\u1ebf g\u00e2y \u1ea3nh h\u01b0\u1edfng \u0111\u1ebfn uy [&hellip;]","protected":false},"author":491,"featured_media":0,"parent":0,"menu_order":0,"comment_status":"closed","ping_status":"closed","template":"","meta":{"_acf_changed":false,"footnotes":""},"acf":[],"_links":{"self":[{"href":"https:\/\/www.grab.com\/vn\/wp-json\/wp\/v2\/pages\/51963"}],"collection":[{"href":"https:\/\/www.grab.com\/vn\/wp-json\/wp\/v2\/pages"}],"about":[{"href":"https:\/\/www.grab.com\/vn\/wp-json\/wp\/v2\/types\/page"}],"author":[{"embeddable":true,"href":"https:\/\/www.grab.com\/vn\/wp-json\/wp\/v2\/users\/491"}],"replies":[{"embeddable":true,"href":"https:\/\/www.grab.com\/vn\/wp-json\/wp\/v2\/comments?post=51963"}],"version-history":[{"count":2,"href":"https:\/\/www.grab.com\/vn\/wp-json\/wp\/v2\/pages\/51963\/revisions"}],"predecessor-version":[{"id":51965,"href":"https:\/\/www.grab.com\/vn\/wp-json\/wp\/v2\/pages\/51963\/revisions\/51965"}],"wp:attachment":[{"href":"https:\/\/www.grab.com\/vn\/wp-json\/wp\/v2\/media?parent=51963"}],"curies":[{"name":"wp","href":"https:\/\/api.w.org\/{rel}","templated":true}]}}