{"id":49425,"date":"2019-10-23T11:18:26","date_gmt":"2019-10-23T03:18:26","guid":{"rendered":"https:\/\/www.grab.com\/vn\/?page_id=49425"},"modified":"2019-10-29T17:29:49","modified_gmt":"2019-10-29T09:29:49","slug":"grabcar-tp-hcm-mot-so-luu-y-khi-tham-gia-chuong-trinh-grabcar-ket-noi-va-se-chia","status":"publish","type":"page","link":"https:\/\/www.grab.com\/vn\/grabcar-tp-hcm-mot-so-luu-y-khi-tham-gia-chuong-trinh-grabcar-ket-noi-va-se-chia\/","title":{"rendered":"[GrabCar TP.HCM] M\u1ed9t s\u1ed1 l\u01b0u \u00fd khi tham gia ch\u01b0\u01a1ng tr\u00ecnh t\u00e1i \u0111\u00e0o t\u1ea1o \u201cGrabCar \u2013 K\u1ebft n\u1ed1i v\u00e0 S\u1ebb chia\u201d"},"content":{"rendered":"<p><i><span style=\"font-weight: 400\">B\u1ea1n th\u00e2n m\u1ebfn,\u00a0<\/span><\/i><\/p>\n<p><span style=\"font-weight: 400\">Grab xin th\u00f4ng b\u00e1o \u0111\u1ebfn b\u1ea1n m\u1ed9t s\u1ed1 \u0111i\u1ec3m c\u1ea7n l\u01b0u \u00fd khi tham gia ch\u01b0\u01a1ng tr\u00ecnh t\u00e1i \u0111\u00e0o t\u1ea1o \u201cGrabCar &#8211; K\u1ebft n\u1ed1i v\u00e0 S\u1ebb chia\u201d.<\/span><\/p>\n<h2><b>1. Th\u1eddi gian &amp; \u0111\u1ecba \u0111i\u1ec3m:<\/b><\/h2>\n<p><strong>Th\u1eddi gian:<\/strong> \u0111\u00fang 09h00 s\u00e1ng<\/p>\n<p><strong>\u0110\u1ecba \u0111i\u1ec3m:<\/strong> T\u1ea7ng L, t\u00f2a nh\u00e0 Amazing, Ph\u01b0\u1eddng 2, Qu\u1eadn T\u00e2n B\u00ecnh.<\/p>\n<h2><b>2. S\u1ed1 l\u01b0\u1ee3ng tham gia<\/b><b>: <\/b>25 \u0110\u1ed1i t\u00e1c\/bu\u1ed5i.<\/h2>\n<h2><b>3. N\u1ed9i dung ch\u01b0\u01a1ng tr\u00ecnh:<\/b><\/h2>\n<p><img loading=\"lazy\" decoding=\"async\" width=\"972\" height=\"375\" class=\"alignnone size-full wp-image-49436 aligncenter\" src=\"https:\/\/assets.grab.com\/wp-content\/uploads\/sites\/11\/2019\/10\/23114826\/miniofffline-4.jpg\" alt=\"\" srcset=\"https:\/\/assets.grab.com\/wp-content\/uploads\/sites\/11\/2019\/10\/23114826\/miniofffline-4.jpg 972w, https:\/\/assets.grab.com\/wp-content\/uploads\/sites\/11\/2019\/10\/23114826\/miniofffline-4-250x96.jpg 250w, https:\/\/assets.grab.com\/wp-content\/uploads\/sites\/11\/2019\/10\/23114826\/miniofffline-4-768x296.jpg 768w, https:\/\/assets.grab.com\/wp-content\/uploads\/sites\/11\/2019\/10\/23114826\/miniofffline-4-700x270.jpg 700w, https:\/\/assets.grab.com\/wp-content\/uploads\/sites\/11\/2019\/10\/23114826\/miniofffline-4-120x46.jpg 120w\" sizes=\"(max-width: 972px) 100vw, 972px\" \/><\/p>\n<h2><b>4. \u0110\u1ecba \u0111i\u1ec3m g\u1eedi xe:\u00a0<\/b><\/h2>\n<p><span style=\"font-weight: 400\">Do b\u00e3i gi\u1eef xe t\u00f2a nh\u00e0 b\u1ecb gi\u1edbi h\u1ea1n, v\u00ec v\u1eady \u0111\u1ec3 \u0111\u1ea3m b\u1ea3o tr\u1eadt t\u1ef1:\u00a0<\/span><\/p>\n<p><span style=\"font-weight: 400\">&#8211; Grab khuy\u1ebfn kh\u00edch b\u1ea1n s\u1eed d\u1ee5ng xe m\u00e1y khi \u0111\u1ebfn tham gia ch\u01b0\u01a1ng tr\u00ecnh v\u00e0 g\u1eedi xe thu\u1eadn ti\u1ec7n t\u1ea1i t\u1ea7ng h\u1ea7m c\u1ee7a t\u00f2a nh\u00e0.<\/span><\/p>\n<p><span style=\"font-weight: 400\">&#8211;\u00a0 N\u1ebfu b\u1ea1n \u0111\u1ebfn b\u1eb1ng \u00f4 t\u00f4, vui l\u00f2ng g\u1eedi xe t\u1ea1i:<\/span><\/p>\n<ul>\n<li><span style=\"font-weight: 400\">T\u00f2a nh\u00e0 Parkson CT plaza (02 Tr\u01b0\u1eddng S\u01a1n). Sau \u0111\u00f3, \u0111i b\u1ed9 \u0111\u1ebfn \u0111\u1ecba \u0111i\u1ec3m t\u1ed5 ch\u1ee9c c\u00e1ch 300m.<\/span><\/li>\n<li><span style=\"font-weight: 400\">Khu c\u0103n h\u1ed9 Airport Plaza (Ng\u00e3 t\u01b0 H\u1ed3ng H\u00e0 v\u00e0 B\u1ea1ch \u0110\u1eb1ng)<\/span><\/li>\n<li style=\"list-style-type: none\"><\/li>\n<\/ul>\n<p><img loading=\"lazy\" decoding=\"async\" width=\"2093\" height=\"963\" class=\"alignnone size-full wp-image-48600 aligncenter\" src=\"https:\/\/assets.grab.com\/wp-content\/uploads\/sites\/11\/2019\/10\/14141214\/cafe-2.png\" alt=\"\" srcset=\"https:\/\/assets.grab.com\/wp-content\/uploads\/sites\/11\/2019\/10\/14141214\/cafe-2.png 2093w, https:\/\/assets.grab.com\/wp-content\/uploads\/sites\/11\/2019\/10\/14141214\/cafe-2-250x115.png 250w, https:\/\/assets.grab.com\/wp-content\/uploads\/sites\/11\/2019\/10\/14141214\/cafe-2-768x353.png 768w, https:\/\/assets.grab.com\/wp-content\/uploads\/sites\/11\/2019\/10\/14141214\/cafe-2-700x322.png 700w, https:\/\/assets.grab.com\/wp-content\/uploads\/sites\/11\/2019\/10\/14141214\/cafe-2-120x55.png 120w\" sizes=\"(max-width: 2093px) 100vw, 2093px\" \/><\/p>\n<h2><b>5. L\u01afU \u00dd KH\u00c1C:<\/b><\/h2>\n<p>&#8211; \u0110\u00e2y l\u00e0 \u0111i\u1ec1u ki\u1ec7n t\u00e1i d\u00e0o t\u1ea1o b\u1eaft bu\u1ed9c v\u00ec v\u1eady b\u1ea1n \u0111\u00e3 x\u00e1c nh\u1eadn nh\u01b0ng kh\u00f4ng tham gia ho\u1eb7c \u0111\u1ebfn tr\u1ec5 qu\u00e1 15 ph\u00fat th\u00ec s\u1ebd ph\u1ea3i tham gia v\u00e0o m\u1ed9t ng\u00e0y kh\u00e1c do Grab s\u1eafp x\u1ebfp. N\u1ebfu qu\u00e1 02 nh\u1ea7n nh\u1eafc nh\u1edf nh\u01b0ng v\u1eabn kh\u00f4ng tham gia th\u00ec t\u00e0i kho\u1ea3n \u1ee9ng d\u1ee5ng Grab Driver c\u1ee7a b\u1ea1n s\u1ebd b\u1ecb t\u1ea1m kh\u00f3a cho \u0111\u1ebfn khi b\u1ea1n tham gia \u0111\u1ea1t l\u1edbp t\u00e1i \u0111\u00e0o t\u1ea1o n\u00e0y.<\/p>\n<p><span style=\"font-weight: 400\">\u2013\u00a0 Nh\u1eb1m ti\u1ebft ki\u1ec7m th\u1eddi gian v\u00e0 h\u1ed7 tr\u1ee3 B\u1ea1n t\u1ed1t nh\u1ea5t trong bu\u1ed5i t\u00e1i \u0111\u00e0o t\u1ea1o, h\u00e3y g\u1eedi cho Grab nh\u1eefng \u00fd ki\u1ebfn th\u1eafc m\u1eafc v\u00e0 c\u00e2u h\u1ecfi c\u1ee7a m\u00ecnh <\/span><a href=\"https:\/\/docs.google.com\/forms\/d\/e\/1FAIpQLSfei1khsViI1MUYd3Mp6etbUx2yObN-rCU-w_46X_w6VY27Fw\/viewform\"><b>T\u1ea0I \u0110\u00c2Y<\/b><\/a> <span style=\"font-weight: 400\">nh\u00e9 !<\/span><\/p>\n<p><span style=\"font-weight: 400\">\u2013 B\u1ea1n vui l\u00f2ng tham gia \u0111\u00fang theo th\u1eddi gian \u0111\u00e3 \u0111\u01b0\u1ee3c Grab x\u00e1c nh\u1eadn qua tin nh\u1eafn.<\/span><\/p>\n<p><span style=\"font-weight: 400\">\u2013 Vui l\u00f2ng kh\u00f4ng l\u00e0m \u1ed3n trong khu v\u1ef1c t\u00f2a nh\u00e0 \u0111\u1ec3 tr\u00e1nh \u1ea3nh h\u01b0\u1edfng \u0111\u1ebfn kh\u00f4ng gian chung.\u00a0<\/span><\/p>\n<p><span style=\"font-weight: 400\">\u2013 Kh\u00f4ng \u0111\u01b0\u1ee3c ph\u00e9p h\u00fat thu\u1ed1c trong khu v\u1ef1c H\u1ed9i tr\u01b0\u1eddng v\u00e0 t\u00f2a nh\u00e0. N\u1ebfu vi ph\u1ea1m, b\u1ea1n s\u1ebd b\u1ecb ph\u1ea1t theo m\u1ee9c quy \u0111\u1ecbnh c\u1ee7a t\u00f2a nh\u00e0.\u00a0<\/span><\/p>\n<p><span style=\"font-weight: 400\">C\u1ea3m \u01a1n b\u1ea1n \u0111\u00e3 h\u1ee3p t\u00e1c v\u00e0 h\u1eb9n g\u1eb7p b\u1ea1n t\u1ea1i ch\u01b0\u01a1ng tr\u00ecnh!<\/span><\/p>\n<p><b>Tr\u00e2n tr\u1ecdng,<\/b><\/p>\n<p><b>\u0110\u1ed9i ng\u0169 GrabCar<\/b><\/p>\n","protected":false},"excerpt":{"rendered":"B\u1ea1n th\u00e2n m\u1ebfn,\u00a0 Grab xin th\u00f4ng b\u00e1o \u0111\u1ebfn b\u1ea1n m\u1ed9t s\u1ed1 \u0111i\u1ec3m c\u1ea7n l\u01b0u \u00fd khi tham gia ch\u01b0\u01a1ng tr\u00ecnh t\u00e1i \u0111\u00e0o t\u1ea1o \u201cGrabCar &#8211; K\u1ebft n\u1ed1i v\u00e0 S\u1ebb chia\u201d. 1. Th\u1eddi gian &amp; \u0111\u1ecba \u0111i\u1ec3m: Th\u1eddi gian: \u0111\u00fang 09h00 s\u00e1ng \u0110\u1ecba \u0111i\u1ec3m: T\u1ea7ng L, t\u00f2a nh\u00e0 Amazing, Ph\u01b0\u1eddng 2, Qu\u1eadn T\u00e2n B\u00ecnh. 2. S\u1ed1 [&hellip;]","protected":false},"author":489,"featured_media":0,"parent":0,"menu_order":0,"comment_status":"closed","ping_status":"closed","template":"","meta":{"_acf_changed":false,"footnotes":""},"acf":[],"_links":{"self":[{"href":"https:\/\/www.grab.com\/vn\/wp-json\/wp\/v2\/pages\/49425"}],"collection":[{"href":"https:\/\/www.grab.com\/vn\/wp-json\/wp\/v2\/pages"}],"about":[{"href":"https:\/\/www.grab.com\/vn\/wp-json\/wp\/v2\/types\/page"}],"author":[{"embeddable":true,"href":"https:\/\/www.grab.com\/vn\/wp-json\/wp\/v2\/users\/489"}],"replies":[{"embeddable":true,"href":"https:\/\/www.grab.com\/vn\/wp-json\/wp\/v2\/comments?post=49425"}],"version-history":[{"count":13,"href":"https:\/\/www.grab.com\/vn\/wp-json\/wp\/v2\/pages\/49425\/revisions"}],"predecessor-version":[{"id":49852,"href":"https:\/\/www.grab.com\/vn\/wp-json\/wp\/v2\/pages\/49425\/revisions\/49852"}],"wp:attachment":[{"href":"https:\/\/www.grab.com\/vn\/wp-json\/wp\/v2\/media?parent=49425"}],"curies":[{"name":"wp","href":"https:\/\/api.w.org\/{rel}","templated":true}]}}