{"id":47029,"date":"2019-09-27T17:36:34","date_gmt":"2019-09-27T09:36:34","guid":{"rendered":"https:\/\/www.grab.com\/vn\/?page_id=47029"},"modified":"2019-12-27T12:33:36","modified_gmt":"2019-12-27T04:33:36","slug":"vietcombank","status":"publish","type":"page","link":"https:\/\/www.grab.com\/vn\/vietcombank\/","title":{"rendered":"Kh\u1eafc ph\u1ee5c v\u1ea5n \u0111\u1ec1 khi k\u00edch ho\u1ea1t V\u00ed \u0111i\u1ec7n t\u1eed Moca tr\u00ean \u1ee9ng d\u1ee5ng Grab v\u1edbi Th\u1ebb Vietcombank"},"content":{"rendered":"<p><img loading=\"lazy\" decoding=\"async\" width=\"3201\" height=\"1601\" class=\"alignnone size-full wp-image-47034\" src=\"https:\/\/assets.grab.com\/wp-content\/uploads\/sites\/11\/2019\/09\/27173519\/VCB.jpg\" alt=\"\" srcset=\"https:\/\/assets.grab.com\/wp-content\/uploads\/sites\/11\/2019\/09\/27173519\/VCB.jpg 3201w, https:\/\/assets.grab.com\/wp-content\/uploads\/sites\/11\/2019\/09\/27173519\/VCB-250x125.jpg 250w, https:\/\/assets.grab.com\/wp-content\/uploads\/sites\/11\/2019\/09\/27173519\/VCB-768x384.jpg 768w, https:\/\/assets.grab.com\/wp-content\/uploads\/sites\/11\/2019\/09\/27173519\/VCB-700x350.jpg 700w, https:\/\/assets.grab.com\/wp-content\/uploads\/sites\/11\/2019\/09\/27173519\/VCB-120x60.jpg 120w\" sizes=\"(max-width: 3201px) 100vw, 3201px\" \/><\/p>\n<p><strong>H\u01b0\u1edbng d\u1eabn c\u00e1ch kh\u1eafc ph\u1ee5c nhanh 5 v\u1ea5n \u0111\u1ec1 th\u01b0\u1eddng g\u1eb7p khi k\u00edch ho\u1ea1t V\u00ed b\u1eb1ng th\u1ebb #Vietcombank:<\/strong><\/p>\n<p><span style=\"font-weight: 400\">\ud83d\udcb3<span style=\"color: #009d3b\"><strong> Tr\u01b0\u1eddng h\u1ee3p 1<\/strong> <\/span>&#8211; <\/span><span style=\"font-weight: 400\">S\u1ed1 \u0111i\u1ec7n tho\u1ea1i \u0111\u0103ng k\u00fd<span style=\"color: #009d3b\"> <strong>Grab<\/strong><\/span> kh\u00f4ng tr\u00f9ng v\u1edbi s\u1ed1 \u0111i\u1ec7n tho\u1ea1i \u0111\u0103ng k\u00fd v\u1edbi ng\u00e2n h\u00e0ng: Vui l\u00f2ng c\u1eadp nh\u1eadt s\u1ed1 \u0111i\u1ec7n tho\u1ea1i c\u1ee7a m\u1ed9t trong hai t\u00e0i kho\u1ea3n:<\/span><\/p>\n<ul>\n<li style=\"font-weight: 400\"><span style=\"font-weight: 400\"><em>T\u00e0i kho\u1ea3n <strong><span style=\"color: #009d3b\">Grab<\/span><\/strong>:<\/em> Xem h\u01b0\u1edbng d\u1eabn c\u1eadp nh\u1eadt s\u1ed1 \u0111i\u1ec7n tho\u1ea1i t\u00e0i kho\u1ea3n <span style=\"color: #009d3b\"><strong>Grab<\/strong> <\/span><\/span><span style=\"font-weight: 400\">t\u1ea1i \u0111\u00e2y<\/span><span style=\"font-weight: 400\">: https:\/\/grb.to\/capnhatsodt<\/span><\/li>\n<li style=\"font-weight: 400\"><span style=\"font-weight: 400\"><em>T\u00e0i kho\u1ea3n ng\u00e2n h\u00e0ng<\/em>: \u0110\u1ebfn chi nh\u00e1nh ho\u1eb7c qu\u1ea7y giao d\u1ecbch c\u1ee7a <strong>Vietcombank<\/strong> \u0111\u1ec3 \u0111\u01b0\u1ee3c h\u1ed7 tr\u1ee3 th\u00eam.<\/span><\/li>\n<\/ul>\n<p><span style=\"font-weight: 400\">\ud83d\udcb3 <span style=\"color: #009d3b\"><strong>Tr\u01b0\u1eddng h\u1ee3p 2<\/strong><\/span> &#8211; Ch\u01b0a \u0111\u0103ng k\u00fd d\u1ecbch v\u1ee5 SMS Banking c\u1ee7a ng\u00e2n h\u00e0ng <strong>Vietcombank<\/strong>. Vui l\u00f2ng <\/span><span style=\"font-weight: 400\">xem th\u00eam h\u01b0\u1edbng d\u1eabn t\u1ea1i \u0111\u00e2y: https:\/\/grb.to\/VCB2<\/span><\/p>\n<p><span style=\"font-weight: 400\">\ud83d\udcb3 <span style=\"color: #009d3b\"><strong>Tr\u01b0\u1eddng h\u1ee3p 3<\/strong><\/span> &#8211; Ch\u01b0a \u0111\u0103ng k\u00fd d\u1ecbch v\u1ee5 SMS OTP c\u1ee7a ng\u00e2n h\u00e0ng <strong>Vietcombank<\/strong>. Vui l\u00f2ng xem th\u00eam h\u01b0\u1edbng d\u1eabn t\u1ea1i \u0111\u00e2y: <\/span><span style=\"font-weight: 400\">https:\/\/grb.to\/VCB3<\/span><\/p>\n<p><span style=\"font-weight: 400\">\ud83d\udcb3 <span style=\"color: #009d3b\"><strong>Tr\u01b0\u1eddng h\u1ee3p 4<\/strong><\/span> &#8211; Th\u1ebb kh\u00f4ng h\u1ee3p l\u1ec7 do c\u00e1c nguy\u00ean nh\u00e2n: sai th\u00f4ng tin s\u1ed1 th\u1ebb, h\u1ecd t\u00ean ch\u1ee7 th\u1ebb, ng\u00e0y c\u1ea5p th\u1ebb ho\u1eb7c tr\u1ee5c tr\u1eb7c t\u1eeb ng\u00e2n h\u00e0ng (ch\u01b0a k\u00edch ho\u1ea1t th\u1ebb, t\u1ea1m kho\u00e1 th\u1ebb), kh\u00e1ch h\u00e0ng ch\u01b0a \u0111\u1ed5i m\u00e3 PIN l\u1ea7n \u0111\u1ea7u. \u0110\u1ec3 kh\u1eafc ph\u1ee5c, b\u1ea1n vui l\u00f2ng xem h\u01b0\u1edbng d\u1eabn t\u1ea1i \u0111\u00e2y:<\/span><span style=\"font-weight: 400\"> https:\/\/grb.to\/VCB1<\/span><\/p>\n<p><span style=\"font-weight: 400\">\ud83d\udcb3 <span style=\"color: #009d3b\"><strong>Tr\u01b0\u1eddng h\u1ee3p 5<\/strong><\/span> &#8211; T\u00e0i kho\u1ea3n thanh to\u00e1n m\u1eb7c \u0111\u1ecbnh kh\u00f4ng \u0111\u1ee7 s\u1ed1 d\u01b0 ho\u1eb7c kh\u00f4ng ph\u1ea3i l\u00e0 t\u00e0i kho\u1ea3n VN\u0110. Vui l\u00f2ng xem gi\u1ea3i ph\u00e1p t\u1ea1i \u0111\u00e2y: https:\/\/grb.to\/VCB4<\/span><\/p>\n<p>&nbsp;<\/p>\n","protected":false},"excerpt":{"rendered":"H\u01b0\u1edbng d\u1eabn c\u00e1ch kh\u1eafc ph\u1ee5c nhanh 5 v\u1ea5n \u0111\u1ec1 th\u01b0\u1eddng g\u1eb7p khi k\u00edch ho\u1ea1t V\u00ed b\u1eb1ng th\u1ebb #Vietcombank: \ud83d\udcb3 Tr\u01b0\u1eddng h\u1ee3p 1 &#8211; S\u1ed1 \u0111i\u1ec7n tho\u1ea1i \u0111\u0103ng k\u00fd Grab kh\u00f4ng tr\u00f9ng v\u1edbi s\u1ed1 \u0111i\u1ec7n tho\u1ea1i \u0111\u0103ng k\u00fd v\u1edbi ng\u00e2n h\u00e0ng: Vui l\u00f2ng c\u1eadp nh\u1eadt s\u1ed1 \u0111i\u1ec7n tho\u1ea1i c\u1ee7a m\u1ed9t trong hai t\u00e0i kho\u1ea3n: T\u00e0i kho\u1ea3n [&hellip;]","protected":false},"author":237,"featured_media":0,"parent":0,"menu_order":0,"comment_status":"closed","ping_status":"closed","template":"","meta":{"_acf_changed":false,"footnotes":""},"acf":[],"_links":{"self":[{"href":"https:\/\/www.grab.com\/vn\/wp-json\/wp\/v2\/pages\/47029"}],"collection":[{"href":"https:\/\/www.grab.com\/vn\/wp-json\/wp\/v2\/pages"}],"about":[{"href":"https:\/\/www.grab.com\/vn\/wp-json\/wp\/v2\/types\/page"}],"author":[{"embeddable":true,"href":"https:\/\/www.grab.com\/vn\/wp-json\/wp\/v2\/users\/237"}],"replies":[{"embeddable":true,"href":"https:\/\/www.grab.com\/vn\/wp-json\/wp\/v2\/comments?post=47029"}],"version-history":[{"count":4,"href":"https:\/\/www.grab.com\/vn\/wp-json\/wp\/v2\/pages\/47029\/revisions"}],"predecessor-version":[{"id":54455,"href":"https:\/\/www.grab.com\/vn\/wp-json\/wp\/v2\/pages\/47029\/revisions\/54455"}],"wp:attachment":[{"href":"https:\/\/www.grab.com\/vn\/wp-json\/wp\/v2\/media?parent=47029"}],"curies":[{"name":"wp","href":"https:\/\/api.w.org\/{rel}","templated":true}]}}