{"id":43627,"date":"2019-08-27T17:15:47","date_gmt":"2019-08-27T09:15:47","guid":{"rendered":"https:\/\/www.grab.com\/vn\/?page_id=43627"},"modified":"2019-10-01T10:16:46","modified_gmt":"2019-10-01T02:16:46","slug":"grabcar-goc-thong-tin-thang-9-ban-nen-biet","status":"publish","type":"page","link":"https:\/\/www.grab.com\/vn\/grabcar-goc-thong-tin-thang-9-ban-nen-biet\/","title":{"rendered":"[GrabCar] G\u00f3c th\u00f4ng tin th\u00e1ng 9 b\u1ea1n n\u00ean bi\u1ebft"},"content":{"rendered":"<h3><span style=\"color: #339966\"><strong>1. T\u00ednh n\u0103ng &#8220;R\u00fat ti\u1ec1n si\u00eau nhanh&#8221;\u00a0<\/strong><\/span><\/h3>\n<h3>\u0110\u1ed1i v\u1edbi nh\u1eefng \u0110\u1ed1i t\u00e1c s\u1eed d\u1ee5ng t\u00e0i kho\u1ea3n Techcombank<\/h3>\n<p>N\u1ebfu b\u1ea1n \u0111ang s\u1eed d\u1ee5ng t\u00e0i kho\u1ea3n ng\u00e2n h\u00e0ng Techcombank, xin ch\u00fac m\u1eebng! B\u1ea1n s\u1ebd \u0111\u01b0\u1ee3c t\u1ef1 \u0111\u1ed9ng \u00e1p d\u1ee5ng t\u00ednh n\u0103ng\u00a0<strong>\u201cR\u00fat Ti\u1ec1n Si\u00eau Nhanh\u201d<\/strong>\u00a0ho\u00e0n to\u00e0n\u00a0<strong>mi\u1ec5n ph\u00ed<\/strong>\u00a0v\u00e0 kh\u00f4ng ph\u1ea3i th\u1ef1c hi\u1ec7n th\u00eam b\u1ea5t k\u00ec thao t\u00e1c n\u00e0o d\u00f9 c\u00f3 \u0111\u0103ng k\u00fd tr\u01b0\u1edbc \u0111\u00f3 hay kh\u00f4ng.<\/p>\n<p><strong>L\u01afU \u00dd:\u00a0<\/strong>Trong tr\u01b0\u1eddng h\u1ee3p b\u1ea1n chuy\u1ec3n sang t\u00e0i kho\u1ea3n ng\u00e2n h\u00e0ng kh\u00e1c Techcombank trong qu\u00e1 tr\u00ecnh ho\u1ea1t \u0111\u1ed9ng, t\u00ednh n\u0103ng\u00a0<strong>\u201cR\u00fat Ti\u1ec1n Si\u00eau Nhanh\u201d<\/strong>\u00a0c\u1ee7a b\u1ea1n s\u1ebd \u0111\u01b0\u1ee3c t\u1eaft cho t\u1edbi khi b\u1ea1n li\u00ean k\u1ebft l\u1ea1i v\u1edbi m\u1ed9t t\u00e0i kho\u1ea3n Techcombank ho\u1eb7c \u0111\u0103ng k\u00fd s\u1eed d\u1ee5ng tr\u1ea3 ph\u00ed t\u1ea1i m\u1ee5c\u00a0<strong>H\u1ed7 tr\u1ee3 &gt; Tr\u1ee3 gi\u00fap &gt; V\u1ea5n \u0111\u1ec1 Thanh to\u00e1n v\u00e0 Top Up &gt; R\u00fat ti\u1ec1n si\u00eau nhanh<\/strong>\u00a0trong \u1ee9ng d\u1ee5ng Grab Driver.<\/p>\n<h3>\u0110\u1ed1i v\u1edbi nh\u1eefng \u0110\u1ed1i t\u00e1c s\u1eed d\u1ee5ng t\u00e0i kho\u1ea3n ngo\u00e0i Techcombank<\/h3>\n<p>Grab khuy\u1ebfn ngh\u1ecb b\u1ea1n m\u1edf t\u00e0i kho\u1ea3n Techcombank v\u00e0 li\u00ean k\u1ebft v\u1edbi t\u00e0i kho\u1ea3n Grab tr\u01b0\u1edbc ng\u00e0y 31\/03\/2019 \u0111\u1ec3 \u0111\u01b0\u1ee3c t\u1ef1 \u0111\u1ed9ng \u00e1p d\u1ee5ng t\u00ednh n\u0103ng\u00a0<strong>\u201cR\u00fat Ti\u1ec1n Si\u00eau Nhanh\u201d<\/strong>\u00a0mi\u1ec5n ph\u00ed t\u1eeb ng\u00e0y 01\/04\/2019 d\u00f9 c\u00f3 \u0111\u0103ng k\u00fd tr\u01b0\u1edbc \u0111\u00f3 hay kh\u00f4ng:<\/p>\n<p><img loading=\"lazy\" decoding=\"async\" width=\"635\" height=\"254\" class=\"size-full wp-image-34560 aligncenter\" src=\"https:\/\/assets.grab.com\/wp-content\/uploads\/sites\/11\/2019\/03\/27185441\/Screen-Shot-2019-03-27-at-5.54.29-PM.png\" alt=\"\" srcset=\"https:\/\/assets.grab.com\/wp-content\/uploads\/sites\/11\/2019\/03\/27185441\/Screen-Shot-2019-03-27-at-5.54.29-PM.png 635w, https:\/\/assets.grab.com\/wp-content\/uploads\/sites\/11\/2019\/03\/27185441\/Screen-Shot-2019-03-27-at-5.54.29-PM-250x100.png 250w, https:\/\/assets.grab.com\/wp-content\/uploads\/sites\/11\/2019\/03\/27185441\/Screen-Shot-2019-03-27-at-5.54.29-PM-120x48.png 120w\" sizes=\"(max-width: 635px) 100vw, 635px\" \/><\/p>\n<p>Trong tr\u01b0\u1eddng h\u1ee3p b\u1ea1n mu\u1ed1n s\u1eed d\u1ee5ng t\u00ednh n\u0103ng\u00a0<strong>\u201cR\u00fat Ti\u1ec1n Si\u00eau Nhanh\u201d<\/strong>\u00a0v\u1edbi t\u00e0i kho\u1ea3n ng\u00e2n h\u00e0ng hi\u1ec7n t\u1ea1i (ngo\u00e0i Techcombank), vui l\u00f2ng \u0111\u0103ng k\u00fd t\u1ea1i m\u1ee5c\u00a0<strong>H\u1ed7 tr\u1ee3 &gt; Tr\u1ee3 gi\u00fap &gt; V\u1ea5n \u0111\u1ec1 Thanh to\u00e1n v\u00e0 Top Up &gt; R\u00fat ti\u1ec1n si\u00eau nhanh<\/strong>\u00a0trong \u1ee9ng d\u1ee5ng Grab Driver.<\/p>\n<p><strong>L\u01afU \u00dd:<\/strong><\/p>\n<ul>\n<li>M\u1ee9c ph\u00ed s\u1eed d\u1ee5ng d\u1ecbch v\u1ee5 \u0111\u1ec3 s\u1eed d\u1ee5ng t\u00ednh n\u0103ng \u201cR\u00fat Ti\u1ec1n Si\u00eau Nhanh\u201d \u0111\u1ed1i v\u1edbi c\u00e1c ng\u00e2n h\u00e0ng ngo\u00e0i Techcombank l\u00e0:\u00a0<strong>360.000 VND\/3 th\u00e1ng.<\/strong><\/li>\n<li>\u0110\u1ed1i v\u1edbi c\u00e1c \u0110\u1ed1i t\u00e1c \u0111ang s\u1eed d\u1ee5ng t\u00ednh n\u0103ng\u00a0<strong>\u201cR\u00fat Ti\u1ec1n Si\u00eau Nhanh\u201d<\/strong>\u00a0th\u00f4ng qua ch\u01b0\u01a1ng tr\u00ecnh tr\u1ea3i nghi\u1ec7m mi\u1ec5n ph\u00ed, n\u1ebfu b\u1ea1n kh\u00f4ng li\u00ean k\u1ebft t\u00e0i kho\u1ea3n Techcombank m\u1edbi ho\u1eb7c \u0111\u0103ng k\u00fd s\u1eed d\u1ee5ng v\u1edbi t\u00e0i kho\u1ea3n ng\u00e2n h\u00e0ng ngo\u00e0i Techcombank tr\u01b0\u1edbc ng\u00e0y 31\/03\/2019, t\u00ednh n\u0103ng\u00a0<strong>\u201cR\u00fat Ti\u1ec1n Si\u00eau Nhanh\u201d<\/strong>\u00a0s\u1ebd \u0111\u01b0\u1ee3c t\u1ef1 \u0111\u1ed9ng t\u1eaft t\u1eeb ng\u00e0y 01\/04\/2019.<\/li>\n<li>C\u00e1c \u0110\u1ed1i t\u00e1c \u0111\u0103ng k\u00fd s\u1eed d\u1ee5ng t\u00ednh n\u0103ng\u00a0<strong>\u201cR\u00fat Ti\u1ec1n Si\u00eau Nhanh\u201d<\/strong>\u00a0v\u1edbi t\u00e0i kho\u1ea3n ng\u00e2n h\u00e0ng kh\u00e1c Techcombank s\u1ebd ch\u1ec9 \u0111\u01b0\u1ee3c k\u00edch ho\u1ea1t t\u00ednh n\u0103ng n\u00e0y v\u00e0o ng\u00e0y \u0111\u1ea7u ti\u00ean m\u1ed7i qu\u00fd.\n<ul>\n<li><i>V\u00ed d\u1ee5:<\/i><i>\u00a0c\u00e1c \u0110\u1ed1i t\u00e1c \u0111\u0103ng k\u00fd tr\u01b0\u1edbc 31\/03 s\u1ebd \u0111\u01b0\u1ee3c k\u00edch ho\u1ea1t t\u1eeb 01\/04; c\u00e1c \u0110\u1ed1i t\u00e1c \u0111\u0103ng k\u00fd trong th\u00e1ng 4, 5 v\u00e0 6 s\u1ebd \u0111\u01b0\u1ee3c k\u00edch ho\u1ea1t t\u1eeb 01\/07, t\u01b0\u01a1ng t\u1ef1 v\u1edbi c\u00e1c qu\u00fd ti\u1ebfp theo.<\/i><\/li>\n<\/ul>\n<\/li>\n<li>C\u00e1c \u0110\u1ed1i t\u00e1c li\u00ean k\u1ebft v\u1edbi t\u00e0i kho\u1ea3n ng\u00e2n h\u00e0ng Techcombank s\u1ebd \u0111\u01b0\u1ee3c t\u1ef1 \u0111\u1ed9ng k\u00edch ho\u1ea1t t\u00ednh n\u0103ng\u00a0<strong>\u201cR\u00fat Ti\u1ec1n Si\u00eau Nhanh\u201d<\/strong>\u00a0v\u00e0o ng\u00e0y\u00a0<strong>01\/04\/2019<\/strong>\u00a0n\u1ebfu li\u00ean k\u1ebft tr\u01b0\u1edbc\u00a0<strong>31\/03\/2019<\/strong>v\u00e0 trong v\u00f2ng\u00a0<strong>2 ng\u00e0y l\u00e0m vi\u1ec7c<\/strong> n\u1ebfu li\u00ean k\u1ebft sau \u0111\u00f3.<\/li>\n<\/ul>\n<p>&nbsp;<\/p>\n<h3><span style=\"color: #339966\"><strong>2. Ch\u01b0\u01a1ng tr\u00ecnh &#8220;Chuy\u1ebfn Xe Vui V\u1ebb&#8221; tr\u00ean Radio \u1edf TP.HCM v\u00e0 H\u00e0 N\u1ed9i<\/strong><\/span><\/h3>\n<p><img loading=\"lazy\" decoding=\"async\" width=\"1440\" height=\"507\" class=\"size-full wp-image-38960 alignnone\" src=\"https:\/\/assets.grab.com\/wp-content\/uploads\/sites\/11\/2019\/06\/21141043\/64522971_360239228016145_5116633649696997376_n.jpg\" alt=\"\" srcset=\"https:\/\/assets.grab.com\/wp-content\/uploads\/sites\/11\/2019\/06\/21141043\/64522971_360239228016145_5116633649696997376_n.jpg 1440w, https:\/\/assets.grab.com\/wp-content\/uploads\/sites\/11\/2019\/06\/21141043\/64522971_360239228016145_5116633649696997376_n-250x88.jpg 250w, https:\/\/assets.grab.com\/wp-content\/uploads\/sites\/11\/2019\/06\/21141043\/64522971_360239228016145_5116633649696997376_n-768x270.jpg 768w, https:\/\/assets.grab.com\/wp-content\/uploads\/sites\/11\/2019\/06\/21141043\/64522971_360239228016145_5116633649696997376_n-700x246.jpg 700w, https:\/\/assets.grab.com\/wp-content\/uploads\/sites\/11\/2019\/06\/21141043\/64522971_360239228016145_5116633649696997376_n-120x42.jpg 120w\" sizes=\"(max-width: 1440px) 100vw, 1440px\" \/><\/p>\n<h3><span style=\"color: #339966\">3.\u00a0T\u00ecm hi\u1ec3u nhi\u1ec1u h\u01a1n n\u1eefa c\u00e1c kh\u00f3a h\u1ecdc b\u1ed5 \u00edch t\u1ea1i GrabAcademy<\/span><\/h3>\n<p>C\u00f3 nhi\u1ec1u th\u00f4ng tin kh\u00f3a h\u1ecdc b\u1ed5 \u00edch t\u1ea1i GrabAcademy nh\u01b0: h\u01b0\u1edbng d\u1eabn x\u1eed l\u00fd tai n\u1ea1n, c\u00f9ng Grab vui h\u1ecdc ti\u1ebfng Anh t\u1eeb c\u01a1 b\u1ea3n \u0111\u1ebfn n\u00e2ng cao, h\u01b0\u1edbng d\u1eabn l\u00e1i xe an to\u00e0n,&#8230;. B\u1ea1n h\u00e3y truy c\u1eadp ngay GrabAcademy theo h\u01b0\u1edbng d\u1eabn b\u00ean d\u01b0\u1edbi nh\u00e9.<\/p>\n<p><img loading=\"lazy\" decoding=\"async\" width=\"1110\" height=\"664\" class=\"size-full wp-image-43653 aligncenter\" src=\"https:\/\/assets.grab.com\/wp-content\/uploads\/sites\/11\/2019\/08\/27171344\/GrabAcademt.png\" alt=\"\" srcset=\"https:\/\/assets.grab.com\/wp-content\/uploads\/sites\/11\/2019\/08\/27171344\/GrabAcademt.png 1110w, https:\/\/assets.grab.com\/wp-content\/uploads\/sites\/11\/2019\/08\/27171344\/GrabAcademt-250x150.png 250w, https:\/\/assets.grab.com\/wp-content\/uploads\/sites\/11\/2019\/08\/27171344\/GrabAcademt-768x459.png 768w, https:\/\/assets.grab.com\/wp-content\/uploads\/sites\/11\/2019\/08\/27171344\/GrabAcademt-700x419.png 700w, https:\/\/assets.grab.com\/wp-content\/uploads\/sites\/11\/2019\/08\/27171344\/GrabAcademt-120x72.png 120w\" sizes=\"(max-width: 1110px) 100vw, 1110px\" \/><\/p>\n<h3><span style=\"color: #339966\">4. \u0110\u1ed9i c\u1ee9u h\u1ed9 GrabCar 247 t\u1ea1i TP.HCM v\u00e0 H\u00e0 N\u1ed9i<\/span><\/h3>\n<h3 style=\"text-align: center\"><span style=\"color: #339966\">Hotline TP.HCM: 0702 856 761 \u2013 HN: 0706 894 427<\/span><img decoding=\"async\" class=\"alignnone size-full wp-image-34826 aligncenter\" src=\"https:\/\/assets.grab.com\/wp-content\/uploads\/sites\/11\/2019\/04\/02145833\/C%E1%BB%A9u-h%E1%BB%99-247.png\" alt=\"\" \/><\/h3>\n<p><b>L\u01b0u \u00fd<\/b><b><i>:<\/i><\/b><\/p>\n<ul>\n<li><i>Khi li\u00ean h\u1ec7 c\u1ee9u h\u1ed9, th\u00e0nh vi\u00ean \u0110\u1ed9i c\u1ee9u h\u1ed9 s\u1ebd c\u1ea7n c\u00e1c th\u00f4ng tin c\u01a1 b\u1ea3n \u0111\u1ec3 x\u00e1c minh s\u1ef1 c\u1ed1, b\u1ea1n vui l\u00f2ng cung c\u1ea5p th\u00f4ng tin \u0111\u1ec3 \u0111\u01b0\u1ee3c h\u1ed7 tr\u1ee3 k\u1ecbp th\u1eddi.<\/i><\/li>\n<li><i>N\u1ebfu c\u00f3 ph\u00e1t sinh c\u00e1c s\u1eeda ch\u1eefa kh\u00e1c (nh\u1eefng h\u01b0 h\u1ecfng n\u1eb7ng h\u01a1n ngo\u00e0i nh\u1eefng c\u1ee9u h\u1ed9 xe c\u01a1 b\u1ea3n, thay th\u1ebf thi\u1ebft b\u1ecb\u2026), b\u1ea1n c\u00f3 th\u1ec3 ch\u1ee7 \u0111\u1ed9ng l\u00e0m vi\u1ec7c v\u1edbi \u0110\u1ed9i c\u1ee9u h\u1ed9 v\u1ec1 c\u00e1c chi ph\u00ed ph\u00e1t sinh n\u1ebfu c\u00f3, Grab kh\u00f4ng can thi\u1ec7p v\u00e0o vi\u1ec7c n\u00e0y.<\/i><\/li>\n<li><i>Khi c\u00f3 nhi\u1ec1u xe g\u1eb7p s\u1ef1 c\u1ed1 c\u00f9ng l\u00fac, \u0110\u1ed9i c\u1ee9u h\u1ed9 s\u1ebd \u01b0u ti\u00ean h\u1ed7 tr\u1ee3 c\u00e1c tr\u01b0\u1eddng h\u1ee3p li\u00ean h\u1ec7 s\u1edbm h\u01a1n.<\/i><\/li>\n<\/ul>\n","protected":false},"excerpt":{"rendered":"1. T\u00ednh n\u0103ng &#8220;R\u00fat ti\u1ec1n si\u00eau nhanh&#8221;\u00a0 \u0110\u1ed1i v\u1edbi nh\u1eefng \u0110\u1ed1i t\u00e1c s\u1eed d\u1ee5ng t\u00e0i kho\u1ea3n Techcombank N\u1ebfu b\u1ea1n \u0111ang s\u1eed d\u1ee5ng t\u00e0i kho\u1ea3n ng\u00e2n h\u00e0ng Techcombank, xin ch\u00fac m\u1eebng! B\u1ea1n s\u1ebd \u0111\u01b0\u1ee3c t\u1ef1 \u0111\u1ed9ng \u00e1p d\u1ee5ng t\u00ednh n\u0103ng\u00a0\u201cR\u00fat Ti\u1ec1n Si\u00eau Nhanh\u201d\u00a0ho\u00e0n to\u00e0n\u00a0mi\u1ec5n ph\u00ed\u00a0v\u00e0 kh\u00f4ng ph\u1ea3i th\u1ef1c hi\u1ec7n th\u00eam b\u1ea5t k\u00ec thao t\u00e1c n\u00e0o d\u00f9 [&hellip;]","protected":false},"author":489,"featured_media":0,"parent":0,"menu_order":0,"comment_status":"closed","ping_status":"closed","template":"","meta":{"_acf_changed":false,"footnotes":""},"acf":[],"_links":{"self":[{"href":"https:\/\/www.grab.com\/vn\/wp-json\/wp\/v2\/pages\/43627"}],"collection":[{"href":"https:\/\/www.grab.com\/vn\/wp-json\/wp\/v2\/pages"}],"about":[{"href":"https:\/\/www.grab.com\/vn\/wp-json\/wp\/v2\/types\/page"}],"author":[{"embeddable":true,"href":"https:\/\/www.grab.com\/vn\/wp-json\/wp\/v2\/users\/489"}],"replies":[{"embeddable":true,"href":"https:\/\/www.grab.com\/vn\/wp-json\/wp\/v2\/comments?post=43627"}],"version-history":[{"count":5,"href":"https:\/\/www.grab.com\/vn\/wp-json\/wp\/v2\/pages\/43627\/revisions"}],"predecessor-version":[{"id":47224,"href":"https:\/\/www.grab.com\/vn\/wp-json\/wp\/v2\/pages\/43627\/revisions\/47224"}],"wp:attachment":[{"href":"https:\/\/www.grab.com\/vn\/wp-json\/wp\/v2\/media?parent=43627"}],"curies":[{"name":"wp","href":"https:\/\/api.w.org\/{rel}","templated":true}]}}