{"id":4299,"date":"2016-08-19T14:20:36","date_gmt":"2016-08-19T06:20:36","guid":{"rendered":"https:\/\/www.grab.com\/vn\/?page_id=4299"},"modified":"2026-04-03T01:00:24","modified_gmt":"2026-04-02T17:00:24","slug":"insurance","status":"publish","type":"page","link":"https:\/\/www.grab.com\/vn\/insurance\/","title":{"rendered":"TH\u00d4NG TIN S\u01a0 L\u01af\u1ee2C V\u1ec0 B\u1ea2O HI\u1ec2M TAI N\u1ea0N C\u00c1 NH\u00c2N C\u1ee6A GRAB"},"content":{"rendered":"\t\t<div data-elementor-type=\"wp-page\" data-elementor-id=\"4299\" class=\"elementor elementor-4299\" data-elementor-post-type=\"page\">\n\t\t\t\t\t\t<section class=\"elementor-section elementor-top-section elementor-element elementor-element-74cb200b elementor-section-boxed elementor-section-height-default elementor-section-height-default\" data-id=\"74cb200b\" data-element_type=\"section\">\n\t\t\t\t\t\t<div class=\"elementor-container elementor-column-gap-default\">\n\t\t\t\t\t<div class=\"elementor-column elementor-col-100 elementor-top-column elementor-element elementor-element-467830a0\" data-id=\"467830a0\" data-element_type=\"column\">\n\t\t\t<div class=\"elementor-widget-wrap elementor-element-populated\">\n\t\t\t\t\t\t<div class=\"elementor-element elementor-element-2b413a1a elementor-widget elementor-widget-text-editor\" data-id=\"2b413a1a\" data-element_type=\"widget\" data-widget_type=\"text-editor.default\">\n\t\t\t\t<div class=\"elementor-widget-container\">\n\t\t\t\t\t\t\t<p><\/p>\n<div>\n<p>B\u1edfi v\u00ec b\u1ea1n c\u00f3 \u00fd ngh\u0129a v\u00f4 c\u00f9ng quan tr\u1ecdng \u0111\u1ed1i v\u1edbi ch\u00fang t\u00f4i, ch\u00fang t\u00f4i lu\u00f4n d\u00e0nh \u01b0u ti\u00ean h\u00e0ng \u0111\u1ea7u \u0111\u1ebfn s\u1ef1 an t\u00e2m c\u1ee7a b\u1ea1n trong m\u1ed7i chuy\u1ebfn \u0111i c\u00f9ng Grab. B\u1ea3o hi\u1ec3m n\u00e0y ch\u1eafc ch\u1eafn r\u1eb1ng b\u1ea1n lu\u00f4n \u0111\u01b0\u1ee3c b\u1ea3o v\u1ec7 t\u1eeb khi b\u1eaft \u0111\u1ea7u \u0111\u1ebfn khi k\u1ebft th\u00fac h\u00e0nh tr\u00ecnh.<\/p>\n<p>Ch\u00fang t\u00f4i l\u00e0m vi\u1ec7c v\u1edbi nh\u1eefng c\u00f4ng ty b\u1ea3o hi\u1ec3m c\u00f3 uy t\u00edn v\u00e0 ch\u1ea5t l\u01b0\u1ee3ng h\u00e0ng \u0111\u1ea7u \u0111\u1ec3 t\u00ecm ra nh\u1eefng gi\u1ea3i ph\u00e1p m\u1edbi, v\u00e0 quan tr\u1ecdng l\u00e0 ch\u1ec9 ch\u1ecdn nh\u1eefng d\u1ecbch v\u1ee5 b\u1ea3o hi\u1ec3m \u0111\u00e1ng tin c\u1eady v\u00e0 ph\u00f9 h\u1ee3p v\u1edbi nhu c\u1ea7u c\u1ee7a b\u1ea1n nh\u1ea5t. \u0110\u00e2y l\u00e0 b\u1ea3o hi\u1ec3m tai n\u1ea1n c\u00e1 nh\u00e2n b\u1ed5 sung d\u00e0nh cho c\u1ea3 t\u00e0i x\u1ebf v\u00e0 h\u00e0nh kh\u00e1ch trong n\u1ec1n c\u00f4ng nghi\u1ec7p v\u1eadn t\u1ea3i, kh\u00f4ng c\u00f3 chi\u1ebft kh\u1ea5u c\u0169ng nh\u01b0 ph\u1ee5 thu th\u00eam cho m\u1ed7i chuy\u1ebfn \u0111i.<\/p>\n<hr>\n<h3>AI S\u1ebc \u0110\u01af\u1ee2C H\u01af\u1edeNG NH\u1eeeNG QUY\u1ec0N L\u1ee2I C\u1ee6A B\u1ea2O HI\u1ec2M?<\/h3>\n<p>Nh\u1eefng c\u00e1 nh\u00e2n \u0111\u01b0\u1ee3c h\u01b0\u1edfng ch\u00ednh s\u00e1ch b\u1ea3o hi\u1ec3m g\u1ed3m c\u00f3:<\/p>\n<p>(a) C\u00e1c \u0111\u1ed1i t\u00e1c t\u00e0i x\u1ebf \u0111\u00e3 \u0111\u0103ng k\u00fd h\u1ee3p l\u1ec7 c\u00e1c lo\u1ea1i h\u00ecnh d\u1ecbch v\u1ee5 GrabBike \/GrabCar \/Grab X\u00edch L\u00f4 \/D\u1ecbch v\u1ee5 giao h\u00e0ng (GrabFood\/GrabMart\/GrabExpress)<\/p>\n<p>(b) C\u00e1c h\u00e0nh kh\u00e1ch \u0111\u0103ng k\u00fd chuy\u1ebfn xe GrabBike \/GrabCar \/Grab X\u00edch L\u00f4 h\u1ee3p l\u1ec7 t\u1eeb \u1ee9ng d\u1ee5ng<\/p>\n<hr>\n<h3>TH\u1edcI \u0110I\u1ec2M B\u1eaeT \u0110\u1ea6U B\u1ea2O HI\u1ec2M CHUY\u1ebeN \u0110I<\/h3>\n<p>B\u1ea5t c\u1ee9 khi n\u00e0o b\u1ea1n \u0111\u1eb7t GrabBike\/GrabCar\/Grab X\u00edch L\u00f4, B\u1ea3o hi\u1ec3m Tai n\u1ea1n C\u00e1 nh\u00e2n s\u1ebd b\u1ea3o \u0111\u1ea3m cho to\u00e0n b\u1ed9 chuy\u1ebfn \u0111i:<\/p>\n<p><img loading=\"lazy\" decoding=\"async\" src=\"https:\/\/assets.grab.com\/wp-content\/uploads\/sites\/11\/2025\/02\/19143901\/WhatsApp-Image-2025-02-19-at-13.37.32_4cd6cf36.jpg\" alt=\"\" width=\"1000\" height=\"328\"><\/p>\n<hr>\n<h3>NH\u1eeeNG TR\u01af\u1edcNG H\u1ee2P \u0110\u01af\u1ee2C H\u01af\u1edeNG CH\u00cdNH S\u00c1CH B\u1ea2O HI\u1ec2M?<\/h3>\n<p>B\u1ea3o hi\u1ec3m c\u00e1 nh\u00e2n c\u1ee7a ch\u00fang t\u00f4i nh\u1eb1m m\u1ee5c \u0111\u00edch b\u1ed3i th\u01b0\u1eddng nh\u1eefng thi\u1ec7t h\u1ea1i v\u1ec1 s\u1ee9c kh\u1ecfe v\u00e0 th\u00e2n th\u1ec3 do tai n\u1ea1n khi di chuy\u1ec3n v\u1edbi GrabBike\/GrabCar\/Grab X\u00edch L\u00f4 trong ph\u1ea1m vi Vi\u1ec7t Nam; ho\u1eb7c c\u00e1c tai n\u1ea1n ph\u00e1t sinh v\u00e0 \u0111i\u1ec1u tr\u1ecb b\u1eaft \u0111\u1ea7u trong l\u00e3nh th\u1ed5 Vi\u1ec7t Nam v\u00e0 Ng\u01b0\u1eddi \u0111\u01b0\u1ee3c B\u1ea3o hi\u1ec3m ph\u1ea3i ti\u1ebfp t\u1ee5c \u0111i\u1ec1u tr\u1ecb, theo d\u00f5i tai n\u1ea1n \u0111\u00f3 \u1edf n\u01b0\u1edbc ngo\u00e0i, theo ch\u1ec9 \u0111\u1ecbnh c\u1ee7a b\u00e1c s\u0129. B\u1ea3o hi\u1ec3m s\u1ebd gi\u1ea3i quy\u1ebft y\u00eau c\u1ea7u b\u1ed3i th\u01b0\u1eddng cho ng\u01b0\u1eddi nh\u1eadn b\u1ea3o hi\u1ec3m nh\u1eefng lo\u1ea1i chi ph\u00ed sau \u0111\u00e2y, theo c\u00e1c \u0111i\u1ec1u m\u1ee5c \u0111\u00e3 th\u1ecfa thu\u1eadn trong ch\u00ednh s\u00e1ch b\u1ea3o hi\u1ec3m:<\/p>\n<p><strong>T\u1eed vong do tai n\u1ea1n<\/strong><br>Khi ng\u01b0\u1eddi nh\u1eadn b\u1ea3o hi\u1ec3m b\u1ecb th\u01b0\u01a1ng trong chuy\u1ebfn \u0111i v\u00e0 d\u1eabn \u0111\u1ebfn t\u1eed vong<\/p>\n<p><strong>T\u00e0n t\u1eadt v\u0129nh vi\u1ec5n<\/strong><br>Khi ng\u01b0\u1eddi nh\u1eadn b\u1ea3o hi\u1ec3m b\u1ecb th\u01b0\u01a1ng trong chuy\u1ebfn \u0111i v\u00e0 d\u1eabn \u0111\u1ebfn t\u00e0n t\u1eadt v\u0129nh vi\u1ec5n, B\u1ea3o hi\u1ec3m s\u1ebd b\u1ed3i th\u01b0\u1eddng d\u1ef1a tr\u00ean m\u1ee9c \u0111\u1ed9 th\u01b0\u01a1ng t\u1eadt ho\u1eb7c t\u00e0n t\u1eadt, theo tho\u1ea3 thu\u1eadn c\u1ee7a ch\u00ednh s\u00e1ch b\u1ea3o hi\u1ec3m li\u00ean quan s\u1ed1 ph\u1ea7n tr\u0103m t\u01b0\u01a1ng \u1ee9ng cho t\u1eebng b\u1ed9 ph\u1eadn c\u01a1 th\u1ec3.<\/p>\n<p><strong>Chi ph\u00ed y t\u1ebf<\/strong><br><\/p>\n<p>Khi ng\u01b0\u1eddi \u0111\u01b0\u1ee3c b\u1ea3o hi\u1ec3m b\u1ecb th\u01b0\u01a1ng trong chuy\u1ebfn \u0111i v\u00e0 ph\u00e1t sinh chi ph\u00ed \u0111i\u1ec1u tr\u1ecb y t\u1ebf,&nbsp;<span style=\"font-size: 1.125em;\">b\u1ea3o hi\u1ec3m s\u1ebd chi tr\u1ea3 chi ph\u00ed y t\u1ebf ph\u00e1t sinh thu\u1ed9c ph\u1ea1m vi b\u1ea3o hi\u1ec3m t\u1ed1i \u0111a 365 ng\u00e0y k\u1ec3 t\u1eeb th\u1eddi \u0111i\u1ec3m ng\u01b0\u1eddi \u0111\u01b0\u1ee3c b\u1ea3o hi\u1ec3m b\u1ecb tai n\u1ea1n trong chuy\u1ebfn \u0111i, v\u1edbi \u0111i\u1ec1u ki\u1ec7n vi\u1ec7c \u0111i\u1ec1u tr\u1ecb n\u00e0y b\u1eaft \u0111\u1ea7u trong v\u00f2ng 10 ng\u00e0y ngay sau khi x\u1ea3y ra tai n\u1ea1n \u0111\u00f3.<\/span><\/p>\n<p>C\u00e1c tr\u01b0\u1eddng h\u1ee3p lo\u1ea1i tr\u1eeb kh\u1ecfi b\u1ea3o hi\u1ec3m nh\u01b0: th\u01b0\u01a1ng t\u1eadt do chi\u1ebfn tranh, qu\u00e2n s\u1ef1 ho\u1eb7c gi\u1ea3i ph\u1eabu, b\u1ea5t k\u00ec h\u00e0nh \u0111\u1ed9ng tr\u00e1i lu\u1eadt ho\u1eb7c c\u1ed1 t\u00ecnh t\u1ef1 g\u00e2y th\u01b0\u01a1ng t\u00edch, t\u1ea5t c\u1ea3 bi\u1ebfn ch\u1ee9ng ph\u00e1t sinh t\u1eeb thai k\u1ef3 ho\u1eb7c c\u00e1c t\u00ecnh tr\u1ea1ng b\u1ec7nh l\u00fd c\u00f3 tr\u01b0\u1edbc tai n\u1ea1n, t\u00e1c \u0111\u1ed9ng c\u1ee7a ch\u1ea5t k\u00edch th\u00edch ho\u1eb7c ch\u1ea5t c\u1ed3n, tham gia \u0111ua xe, c\u00e1c v\u1ea5n \u0111\u1ec1 v\u1ec1 ph\u1eabu thu\u1eadt th\u1ea9m m\u1ef9 v\u00e0 \u0111i\u1ec1u tr\u1ecb nha khoa.<\/p>\n<p><b>H\u1ea1n m\u1ee9c tr\u00e1ch nhi\u1ec7m b\u1ea3o hi\u1ec3m:<\/b><\/p>\n<ul>\n<li>T\u1eed vong\/ th\u01b0\u01a1ng t\u1eadt v\u0129nh vi\u1ec5n do tai n\u1ea1n: T\u1ed1i \u0111a 125,000,000 \u0111\u1ed3ng\/v\u1ee5\/ng\u01b0\u1eddi<\/li>\n<li>T\u1ed5n th\u01b0\u01a1ng b\u1ed9 ph\u1eadn v\u0129nh vi\u1ec5n do tai n\u1ea1n: Chi tr\u1ea3 theo % b\u1ea3ng t\u1ef7 l\u1ec7 th\u01b0\u01a1ng t\u1eadt, t\u1ed1i \u0111a 125,000,000 \u0111\u1ed3ng\/v\u1ee5<\/li>\n<li>B\u1ed3i ho\u00e0n chi ph\u00ed y t\u1ebf do tai n\u1ea1n: T\u1ed1i \u0111a 50,000,000 \u0111\u1ed3ng\/v\u1ee5\/ng\u01b0\u1eddi<br>L\u01b0u \u00fd: Kh\u00f4ng h\u1ed7 tr\u1ee3 b\u1ea3o hi\u1ec3m t\u1ed5n th\u1ea5t v\u1ec1 ph\u01b0\u01a1ng ti\u1ec7n\/ t\u00e0i s\u1ea3n, c\u00e1c chi ph\u00ed \u0111i\u1ec1u tr\u1ecb li\u00ean quan \u0111\u1ebfn th\u1ea9m m\u1ef9, c\u00e1c tr\u01b0\u1eddng h\u1ee3p b\u00e1o c\u00e1o kh\u00f4ng trung th\u1ef1c v\u00e0 m\u1ed9t s\u1ed1 tr\u01b0\u1eddng h\u1ee3p \u0111\u1eb7c bi\u1ec7t kh\u00e1c<\/li>\n<\/ul>\n<hr>\n<h3>C\u00c1CH B\u00c1O C\u00c1O TAI N\u1ea0N V\u00c0 B\u00c1O C\u00c1O CHI PH\u00cd?<\/h3>\n<p>Vui l\u00f2ng th\u00f4ng b\u00e1o v\u1ee5 vi\u1ec7c tai n\u1ea1n cho B\u1ed9 ph\u1eadn D\u1ecbch v\u1ee5 kh\u00e1ch h\u00e0ng c\u1ee7a ch\u00fang t\u00f4i v\u00e0 c\u1ea3nh s\u00e1t bi\u1ebft ngay khi x\u1ea3y ra b\u1ea5t c\u1ee9 tai n\u1ea1n n\u00e0o&nbsp; m\u00e0 b\u1ea1n c\u00f3 li\u00ean quan trong l\u00fac di chuy\u1ec3n v\u1edbi GrabBike\/GrabCar\/Grab X\u00edch L\u00f4. B\u1ed9 ph\u1eadn D\u1ecbch v\u1ee5 kh\u00e1ch h\u00e0ng c\u1ee7a ch\u00fang t\u00f4i ho\u1ea1t \u0111\u1ed9ng 24\/7 v\u00e0 s\u1eb5n s\u00e0ng \u1ee9ng ph\u00f3 tr\u01b0\u1edbc b\u1ea5t c\u1ee9 v\u1ea5n \u0111\u1ec1 n\u00e0o. B\u1ea1n c\u00f3 th\u1ec3 s\u1ebd ph\u1ea3i tr\u1ea3 l\u1eddi c\u00e1c c\u00e2u h\u1ecfi d\u01b0\u1edbi \u0111\u00e2y \u0111\u1ec3 x\u00e1c minh th\u00f4ng tin v\u1ec1 v\u1ee5 tai n\u1ea1n: (Ai, C\u00e1i g\u00ec, Khi n\u00e0o, \u1ede \u0111\u00e2u, T\u1ea1i sao v\u00e0 Nh\u01b0 th\u1ebf n\u00e0o) \u0111\u1ec3 x\u00e1c \u0111\u1ecbnh th\u00f4ng tin tai n\u1ea1n.&nbsp;<\/p>\n<p><strong>\u0110I\u1ec0U KHO\u1ea2N S\u1eec D\u1ee4NG:<\/strong><br>B\u1ed9 ph\u1eadn D\u1ecbch v\u1ee5 kh\u00e1ch h\u00e0ng c\u1ee7a ch\u00fang t\u00f4i c\u00f3 th\u1ec3 h\u01b0\u1edbng d\u1eabn b\u1ea1n th\u1ef1c hi\u1ec7n b\u00e1o c\u00e1o chi ph\u00ed c\u0169ng nh\u01b0 c\u00e1c gi\u1ea5y t\u1edd li\u00ean quan v\u00e0 c\u1ea7n thi\u1ebft \u0111\u1ec3 \u0111i\u1ec1n v\u00e0o cam k\u1ebft b\u1ea3o hi\u1ec3m.<\/p>\n<p><img decoding=\"async\" src=\"https:\/\/grab.design\/api\/images\/37XJ4q1sgkxY?format=webp\" data-wp-editing=\"1\"><\/p>\n<p><\/p>\n<p><strong>L\u01afU \u00dd V\u00c0 CH\u1ee8NG T\u1eea L\u00c0M B\u00c1O C\u00c1O CHI PH\u00cd<\/strong><br>T\u1ea5t c\u1ea3 v\u1ee5 tai n\u1ea1n s\u1ebd \u0111\u01b0\u1ee3c b\u00e1o c\u00e1o \u0111\u1ebfn b\u1ed9 ph\u1eadn b\u1ea3o hi\u1ec3m b\u1eb1ng c\u00e1ch g\u1eedi b\u00e1o c\u00e1o chi ph\u00ed trong kho\u1ea3ng th\u1eddi gian quy \u0111\u1ecbnh, kh\u00f4ng qu\u00e1 30 ng\u00e0y k\u1ec3 t\u1eeb ng\u00e0y x\u1ea3y ra tai n\u1ea1n. N\u1ebfu qu\u00e1 h\u1ea1n, b\u1ea3o hi\u1ec3m c\u00f3 quy\u1ec1n y\u00eau c\u1ea7u t\u1eeb ch\u1ed1i b\u1ed3i th\u01b0\u1eddng.<\/p>\n<p>T\u1ea5t c\u1ea3 ch\u1ee9ng t\u1eeb v\u00e0 gi\u1ea5y t\u1edd li\u00ean quan nh\u01b0 gi\u1ea5y gi\u00e1m \u0111\u1ecbnh y h\u1ecdc, h\u00f3a \u0111\u01a1n vi\u1ec7n ph\u00ed\/\u0111i\u1ec1u tr\u1ecb, b\u00e1o c\u00e1o b\u1ec7nh l\u00fd, b\u00e1o c\u00e1o\/b\u1eb1ng ch\u1ee9ng tai n\u1ea1n giao th\u00f4ng\u2026ph\u1ea3i \u0111\u01b0\u1ee3c g\u1eedi \u0111\u1ebfn b\u1ed9 ph\u1eadn b\u1ea3o hi\u1ec3m.<\/p>\n<hr>\n<p>V\u1ec1 c\u01a1 b\u1ea3n, m\u1ed9t s\u1ed1 qu\u1ed1c gia m\u00e0 ch\u00fang t\u00f4i ho\u1ea1t \u0111\u1ed9ng c\u00f3 \u00e1p d\u1ee5ng ch\u00ednh s\u00e1ch b\u1ea3o hi\u1ec3m tai n\u1ea1n c\u00e1 nh\u00e2n. Ph\u1ea1m vi b\u1ea3o hi\u1ec3m v\u00e0 chi ti\u1ebft ch\u00ednh s\u00e1ch ph\u1ee5 thu\u1ed9c v\u00e0o c\u00e1c quy \u0111\u1ecbnh v\u00e0 \u0111i\u1ec1u ki\u1ec7n c\u1ee5 th\u1ec3 \u0111\u00e3 \u0111\u01b0\u1ee3c \u0111i\u1ec1u ch\u1ec9nh c\u1ee7a t\u1eebng qu\u1ed1c gia. Tuy nhi\u00ean, t\u1ea5t c\u1ea3 ch\u00ednh s\u00e1ch \u0111\u1ec1u gi\u1ed1ng nhau v\u1ec1 c\u1ea5u tr\u00fac theo quy t\u1eafc chung.<\/p>\n<p>B\u1ea1n c\u00f3 \u0111\u1ec1 xu\u1ea5t ho\u1eb7c g\u00f3p \u00fd? H\u00e3y \u0111\u1ec3 l\u1ea1i l\u1eddi nh\u1eafn cho ch\u00fang t\u00f4i t\u1ea1i <a href=\"https:\/\/help.grab.com\/hc\/vi\">https:\/\/help.grab.com\/hc\/vi<\/a> &#8211; ch\u00fang t\u00f4i mong nh\u1eadn \u0111\u01b0\u1ee3c ph\u1ea3n h\u1ed3i t\u1eeb b\u1ea1n.<\/p>\n<\/div>\n<p><\/p>\t\t\t\t\t\t<\/div>\n\t\t\t\t<\/div>\n\t\t\t\t\t<\/div>\n\t\t<\/div>\n\t\t\t\t\t<\/div>\n\t\t<\/section>\n\t\t\t\t<\/div>\n\t\t","protected":false},"excerpt":{"rendered":"B\u1edfi v\u00ec b\u1ea1n c\u00f3 \u00fd ngh\u0129a v\u00f4 c\u00f9ng quan tr\u1ecdng \u0111\u1ed1i v\u1edbi ch\u00fang t\u00f4i, ch\u00fang t\u00f4i lu\u00f4n d\u00e0nh \u01b0u ti\u00ean h\u00e0ng \u0111\u1ea7u \u0111\u1ebfn s\u1ef1 an t\u00e2m c\u1ee7a b\u1ea1n trong m\u1ed7i chuy\u1ebfn \u0111i c\u00f9ng Grab. B\u1ea3o hi\u1ec3m n\u00e0y ch\u1eafc ch\u1eafn r\u1eb1ng b\u1ea1n lu\u00f4n \u0111\u01b0\u1ee3c b\u1ea3o v\u1ec7 t\u1eeb khi b\u1eaft \u0111\u1ea7u \u0111\u1ebfn khi k\u1ebft th\u00fac h\u00e0nh tr\u00ecnh. [&hellip;]","protected":false},"author":167,"featured_media":0,"parent":0,"menu_order":5,"comment_status":"closed","ping_status":"closed","template":"tpl\/tpl-page-elements.php","meta":{"_acf_changed":false,"footnotes":""},"acf":[],"_links":{"self":[{"href":"https:\/\/www.grab.com\/vn\/wp-json\/wp\/v2\/pages\/4299"}],"collection":[{"href":"https:\/\/www.grab.com\/vn\/wp-json\/wp\/v2\/pages"}],"about":[{"href":"https:\/\/www.grab.com\/vn\/wp-json\/wp\/v2\/types\/page"}],"author":[{"embeddable":true,"href":"https:\/\/www.grab.com\/vn\/wp-json\/wp\/v2\/users\/167"}],"replies":[{"embeddable":true,"href":"https:\/\/www.grab.com\/vn\/wp-json\/wp\/v2\/comments?post=4299"}],"version-history":[{"count":25,"href":"https:\/\/www.grab.com\/vn\/wp-json\/wp\/v2\/pages\/4299\/revisions"}],"predecessor-version":[{"id":203310,"href":"https:\/\/www.grab.com\/vn\/wp-json\/wp\/v2\/pages\/4299\/revisions\/203310"}],"wp:attachment":[{"href":"https:\/\/www.grab.com\/vn\/wp-json\/wp\/v2\/media?parent=4299"}],"curies":[{"name":"wp","href":"https:\/\/api.w.org\/{rel}","templated":true}]}}