{"id":41427,"date":"2019-07-27T11:43:51","date_gmt":"2019-07-27T03:43:51","guid":{"rendered":"https:\/\/www.grab.com\/vn\/?page_id=41427"},"modified":"2019-07-27T11:43:51","modified_gmt":"2019-07-27T03:43:51","slug":"grabcar-goc-thong-tin-thang-8-ban-nen-biet","status":"publish","type":"page","link":"https:\/\/www.grab.com\/vn\/grabcar-goc-thong-tin-thang-8-ban-nen-biet\/","title":{"rendered":"[GrabCar] G\u00f3c th\u00f4ng tin th\u00e1ng 8 b\u1ea1n n\u00ean bi\u1ebft"},"content":{"rendered":"<h3><span style=\"color: #339966\"><strong>1. C\u1eadp nh\u1eadt B\u1ed9 Quy t\u1eafc \u1ee8ng x\u1eed, \u00e1p d\u1ee5ng t\u1eeb ng\u00e0y 22\/07\/2019<\/strong><\/span><\/h3>\n<p><span style=\"font-weight: 400\">Xu\u1ea5t ph\u00e1t t\u1eeb vi\u1ec7c l\u1eafng nghe \u00fd ki\u1ebfn c\u1ee7a \u0111\u00f4ng \u0111\u1ea3o \u0110\u1ed1i t\u00e1c v\u00e0 c\u00e2n nh\u1eafc vi\u1ec7c \u0111i\u1ec1u ch\u1ec9nh B\u1ed9 Quy t\u1eafc \u1ee8ng x\u1eed v\u1edbi m\u1ee5c \u0111\u00edch dung ho\u00e0 l\u1ee3i \u00edch chung v\u00e0 ngh\u0129a v\u1ee5 \u0111\u1ea3m b\u1ea3o ch\u1ea5t l\u01b0\u1ee3ng d\u1ecbch v\u1ee5 c\u1ee7a c\u00e1c b\u00ean tham gia, Grab xin th\u00f4ng b\u00e1o \u0111\u1ebfn Qu\u00fd \u0110\u1ed1i t\u00e1c n\u1ed9i dung m\u1edbi c\u1ee7a v\u0103n b\u1ea3n <\/span><b>Th\u1ecfa thu\u1eadn v\u1ec1 h\u00ecnh th\u1ee9c x\u1eed l\u00fd \u0111\u1ed1i v\u1edbi h\u00e0nh vi vi ph\u1ea1m B\u1ed9 Quy t\u1eafc \u1ee8ng x\u1eed c\u1ee7a \u0110\u1ed1i t\u00e1c T\u00e0i X\u1ebf g\u00e2y \u1ea3nh h\u01b0\u1edfng \u0111\u1ebfn uy t\u00edn v\u00e0 s\u1ef1 ho\u1ea1t \u0111\u1ed9ng b\u00ecnh th\u01b0\u1eddng c\u1ee7a c\u00f4ng ty TNHH Grab<\/b><span style=\"font-weight: 400\"> c\u00f3 hi\u1ec7u l\u1ef1c t\u1eeb ng\u00e0y <\/span><b>22\/07\/2019<\/b> <span style=\"font-weight: 400\">cho t\u1edbi khi c\u00f3 th\u00f4ng b\u00e1o kh\u00e1c.<\/span><\/p>\n<p><span style=\"font-weight: 400\">H\u00e3y c\u00f9ng Grab tham kh\u1ea3o B\u1ed9 Quy t\u1eafc \u1ee8ng x\u1eed c\u1eadp nh\u1eadt<span style=\"color: #339966\"><strong>\u00a0<a style=\"color: #339966\" href=\"https:\/\/www.grab.com\/vn\/bo-quy-tac-ung-xu-grabcar\/\">T\u1ea0I \u0110\u00c2Y<\/a> <\/strong><\/span>v\u00e0 l\u01b0u \u00fd tu\u00e2n th\u1ee7 n\u1ed9i dung trong B\u1ed9 Quy t\u1eafc n\u00e0y \u0111\u1ec3 qu\u00e1 tr\u00ecnh ho\u1ea1t \u0111\u1ed9ng Grab lu\u00f4n thu\u00e2\u0323n l\u01a1\u0323i va\u0300 su\u00f4n se\u0309 b\u1ea1n nh\u00e9.\u00a0<\/span><\/p>\n<h3><span style=\"color: #339966\"><strong>2. \u0110i\u1ec1u ch\u1ec9nh tin nh\u1eafn m\u1eabu tr\u00ean GrabChat<\/strong><\/span><\/h3>\n<p>Grab \u0111\u00e3 \u0111i\u1ec1u ch\u1ec9nh l\u1ea1i tin nh\u1eafn m\u1eabu nh\u1eb1m gi\u00fap b\u1ea1n thu\u1eadn ti\u1ec7n h\u01a1n khi s\u1eed d\u1ee5ng t\u00ednh n\u0103ng GrabChat \u0111\u1ec3 li\u00ean l\u1ea1c v\u1edbi Kh\u00e1ch h\u00e0ng. H\u00e3y c\u1eadp nh\u1eadt \u1ee9ng d\u1ee5ng T\u00e0i x\u1ebf c\u1ee7a b\u1ea1n l\u00ean phi\u00ean b\u1ea3n m\u1edbi nh\u1ea5t \u0111\u1ec3 s\u1eed d\u1ee5ng c\u00e2u m\u1eabu GrabChat nh\u00e9!<\/p>\n<p><img loading=\"lazy\" decoding=\"async\" class=\" wp-image-41428 aligncenter\" src=\"https:\/\/assets.grab.com\/wp-content\/uploads\/sites\/11\/2019\/07\/27114033\/GrabChat.png\" alt=\"\" width=\"485\" height=\"453\" \/><\/p>\n<h3><span style=\"color: #339966\"><strong>3.\u00a0 Ch\u01b0\u01a1ng tr\u00ecnh \u0110\u1ed9i nh\u00f3m t\u1ea1i TP.HCM &#8211; H\u00e0 N\u1ed9i &#8211; \u0110\u00e0 N\u1eb5ng &#8211; Kh\u00e1nh H\u00f2a\u00a0<\/strong><\/span><\/h3>\n<p><img loading=\"lazy\" decoding=\"async\" width=\"1240\" height=\"600\" class=\"alignnone size-full wp-image-34046\" src=\"https:\/\/assets.grab.com\/wp-content\/uploads\/sites\/11\/2019\/03\/14183421\/LeanPlum-2.jpg\" alt=\"\" srcset=\"https:\/\/assets.grab.com\/wp-content\/uploads\/sites\/11\/2019\/03\/14183421\/LeanPlum-2.jpg 1240w, https:\/\/assets.grab.com\/wp-content\/uploads\/sites\/11\/2019\/03\/14183421\/LeanPlum-2-250x121.jpg 250w, https:\/\/assets.grab.com\/wp-content\/uploads\/sites\/11\/2019\/03\/14183421\/LeanPlum-2-768x372.jpg 768w, https:\/\/assets.grab.com\/wp-content\/uploads\/sites\/11\/2019\/03\/14183421\/LeanPlum-2-700x339.jpg 700w, https:\/\/assets.grab.com\/wp-content\/uploads\/sites\/11\/2019\/03\/14183421\/LeanPlum-2-120x58.jpg 120w\" sizes=\"(max-width: 1240px) 100vw, 1240px\" \/><\/p>\n<table class=\" aligncenter\" width=\"378\">\n<tbody>\n<tr>\n<td><img loading=\"lazy\" decoding=\"async\" width=\"49\" height=\"51\" class=\"alignnone size-full wp-image-22628\" src=\"https:\/\/www.grab.com\/vn\/wp-content\/uploads\/sites\/11\/2018\/06\/image004.gif\" alt=\"\" \/><\/td>\n<td><a href=\"https:\/\/docs.google.com\/forms\/d\/e\/1FAIpQLSeu1yiPSwvjXAx4t8J00s8TOkKAJNaz7sZLU9Tz3cnYujhMdw\/viewform\"><strong><span style=\"color: #000000\">B\u1ea0N \u0110\u0102NG K\u00dd TH\u00c0NH VI\u00caN T\u1ea0I \u0110\u00c2Y<\/span><\/strong><\/a><\/td>\n<\/tr>\n<\/tbody>\n<\/table>\n<table>\n<tbody>\n<tr>\n<td><img loading=\"lazy\" decoding=\"async\" width=\"70\" height=\"55\" class=\"alignnone size-full wp-image-22630\" src=\"https:\/\/www.grab.com\/vn\/wp-content\/uploads\/sites\/11\/2018\/06\/image007.png\" alt=\"\" \/><\/td>\n<td><span style=\"color: #000000\"><strong>Quy\u1ec1n l\u1ee3i khi tham gia v\u00e0o ch\u01b0\u01a1ng tri\u0300nh \u0110\u1ed9i nh\u00f3m<\/strong><\/span><\/td>\n<\/tr>\n<\/tbody>\n<\/table>\n<ul>\n<li><span style=\"color: #000000\">Nh\u1eadn \u0111\u01b0\u1ee3c s\u1ef1 d\u1eabn d\u1eaft, h\u1ed7 tr\u1ee3 nhi\u1ec7t t\u00ecnh t\u1eeb c\u00e1c \u0110\u1ed9i tr\u01b0\u1edfng trong su\u1ed1t qu\u00e1 tr\u00ecnh ho\u1ea1t \u0111\u1ed9ng GrabCar<\/span><\/li>\n<li><span style=\"color: #000000\">Chia s\u1ebb b\u00ed quy\u1ebft ho\u1ea1t \u0111\u1ed9ng hi\u1ec7u qu\u1ea3<\/span><\/li>\n<li><span style=\"color: #000000\">C\u00f3 c\u01a1 h\u1ed9i g\u1eb7p g\u1ee1 v\u00e0 giao l\u01b0u v\u1edbi nh\u1eefng \u0110\u1ed1i t\u00e1c GrabCar trong \u0111\u1ed9i nh\u00f3m kh\u00e1c<\/span><\/li>\n<li><span style=\"color: #000000\">C\u00f3 c\u01a1 h\u1ed9i tham gia v\u00e0o c\u00e1c ho\u1ea1t \u0111\u1ed9ng th\u1ec3 thao, thi\u1ec7n nguy\u1ec7n,\u2026 do Grab ho\u0103\u0323c \u0111\u00f4\u0323i nho\u0301m t\u00f4\u0309 ch\u01b0\u0301c<\/span><\/li>\n<\/ul>\n<p><span style=\"color: #339966\"><strong>H\u00e3y c\u00f9ng Grab x\u00e2y d\u1ef1ng m\u1ed9t C\u1ed9ng \u0111\u1ed3ng \u0110\u1ed1i t\u00e1c GrabCar \u0111o\u00e0n k\u1ebft v\u00e0 v\u1eefng m\u1ea1nh b\u1ea1n nh\u00e9!<\/strong><\/span><\/p>\n<h3><span style=\"color: #339966\"><strong>4.\u00a0 \u0110\u1ed9i c\u1ee9u h\u1ed9 GrabCar 247 t\u1ea1i TP.HCM v\u00e0 H\u00e0 N\u1ed9i<\/strong><\/span><\/h3>\n<h3 style=\"text-align: center\"><span style=\"color: #339966\">Hotline TP.HCM: 0702 856 761 <\/span><\/h3>\n<h3 style=\"text-align: center\"><span style=\"color: #339966\">Hotline H\u00e0 N\u1ed9i: 0706 894 427<\/span><img decoding=\"async\" class=\"alignnone size-full wp-image-34826 aligncenter\" src=\"https:\/\/assets.grab.com\/wp-content\/uploads\/sites\/11\/2019\/04\/02145833\/C%E1%BB%A9u-h%E1%BB%99-247.png\" alt=\"\" \/><\/h3>\n<p><span style=\"color: #339966\"><b>L\u01b0u \u00fd<\/b><b><i>:<\/i><\/b><\/span><\/p>\n<ul>\n<li style=\"font-weight: 400\"><i><span style=\"font-weight: 400\">Khi li\u00ean h\u1ec7 c\u1ee9u h\u1ed9, th\u00e0nh vi\u00ean \u0110\u1ed9i c\u1ee9u h\u1ed9 s\u1ebd c\u1ea7n c\u00e1c th\u00f4ng tin c\u01a1 b\u1ea3n \u0111\u1ec3 x\u00e1c minh s\u1ef1 c\u1ed1, b\u1ea1n vui l\u00f2ng cung c\u1ea5p th\u00f4ng tin \u0111\u1ec3 \u0111\u01b0\u1ee3c h\u1ed7 tr\u1ee3 k\u1ecbp th\u1eddi.<\/span><\/i><\/li>\n<li style=\"font-weight: 400\"><i><span style=\"font-weight: 400\">N\u1ebfu c\u00f3 ph\u00e1t sinh c\u00e1c s\u1eeda ch\u1eefa kh\u00e1c (nh\u1eefng h\u01b0 h\u1ecfng n\u1eb7ng h\u01a1n ngo\u00e0i nh\u1eefng c\u1ee9u h\u1ed9 xe c\u01a1 b\u1ea3n, thay th\u1ebf thi\u1ebft b\u1ecb\u2026), b\u1ea1n c\u00f3 th\u1ec3 ch\u1ee7 \u0111\u1ed9ng l\u00e0m vi\u1ec7c v\u1edbi \u0110\u1ed9i c\u1ee9u h\u1ed9 v\u1ec1 c\u00e1c chi ph\u00ed ph\u00e1t sinh n\u1ebfu c\u00f3, Grab kh\u00f4ng can thi\u1ec7p v\u00e0o vi\u1ec7c n\u00e0y.<\/span><\/i><\/li>\n<li style=\"font-weight: 400\"><i><span style=\"font-weight: 400\">Khi c\u00f3 nhi\u1ec1u xe g\u1eb7p s\u1ef1 c\u1ed1 c\u00f9ng l\u00fac, \u0110\u1ed9i c\u1ee9u h\u1ed9 s\u1ebd \u01b0u ti\u00ean h\u1ed7 tr\u1ee3 c\u00e1c tr\u01b0\u1eddng h\u1ee3p li\u00ean h\u1ec7 s\u1edbm h\u01a1n.<\/span><\/i><\/li>\n<\/ul>\n","protected":false},"excerpt":{"rendered":"1. C\u1eadp nh\u1eadt B\u1ed9 Quy t\u1eafc \u1ee8ng x\u1eed, \u00e1p d\u1ee5ng t\u1eeb ng\u00e0y 22\/07\/2019 Xu\u1ea5t ph\u00e1t t\u1eeb vi\u1ec7c l\u1eafng nghe \u00fd ki\u1ebfn c\u1ee7a \u0111\u00f4ng \u0111\u1ea3o \u0110\u1ed1i t\u00e1c v\u00e0 c\u00e2n nh\u1eafc vi\u1ec7c \u0111i\u1ec1u ch\u1ec9nh B\u1ed9 Quy t\u1eafc \u1ee8ng x\u1eed v\u1edbi m\u1ee5c \u0111\u00edch dung ho\u00e0 l\u1ee3i \u00edch chung v\u00e0 ngh\u0129a v\u1ee5 \u0111\u1ea3m b\u1ea3o ch\u1ea5t l\u01b0\u1ee3ng d\u1ecbch v\u1ee5 c\u1ee7a [&hellip;]","protected":false},"author":489,"featured_media":0,"parent":0,"menu_order":0,"comment_status":"closed","ping_status":"closed","template":"","meta":{"_acf_changed":false,"footnotes":""},"acf":[],"_links":{"self":[{"href":"https:\/\/www.grab.com\/vn\/wp-json\/wp\/v2\/pages\/41427"}],"collection":[{"href":"https:\/\/www.grab.com\/vn\/wp-json\/wp\/v2\/pages"}],"about":[{"href":"https:\/\/www.grab.com\/vn\/wp-json\/wp\/v2\/types\/page"}],"author":[{"embeddable":true,"href":"https:\/\/www.grab.com\/vn\/wp-json\/wp\/v2\/users\/489"}],"replies":[{"embeddable":true,"href":"https:\/\/www.grab.com\/vn\/wp-json\/wp\/v2\/comments?post=41427"}],"version-history":[{"count":2,"href":"https:\/\/www.grab.com\/vn\/wp-json\/wp\/v2\/pages\/41427\/revisions"}],"predecessor-version":[{"id":41430,"href":"https:\/\/www.grab.com\/vn\/wp-json\/wp\/v2\/pages\/41427\/revisions\/41430"}],"wp:attachment":[{"href":"https:\/\/www.grab.com\/vn\/wp-json\/wp\/v2\/media?parent=41427"}],"curies":[{"name":"wp","href":"https:\/\/api.w.org\/{rel}","templated":true}]}}