{"id":39466,"date":"2019-06-28T15:26:42","date_gmt":"2019-06-28T07:26:42","guid":{"rendered":"https:\/\/www.grab.com\/vn\/?page_id=39466"},"modified":"2019-06-28T16:22:26","modified_gmt":"2019-06-28T08:22:26","slug":"goi-uu-dai-grabbike-grabcar-tri-gia-90-000d","status":"publish","type":"page","link":"https:\/\/www.grab.com\/vn\/goi-uu-dai-grabbike-grabcar-tri-gia-90-000d\/","title":{"rendered":"G\u00f3i \u01b0u \u0111\u00e3i GrabBike, GrabCar tr\u1ecb gi\u00e1 90.000\u0111"},"content":{"rendered":"<p>Ch\u00fac m\u1eebng b\u1ea1n \u0111\u00e3 may m\u1eafn nh\u1eadn \u0111\u01b0\u1ee3c g\u00f3i \u01b0u \u0111\u00e3i <span style=\"color: #009d3b\">GrabBike, GrabCar<\/span>\u00a0t\u1ed5ng gi\u00e1 tr\u1ecb l\u00ean \u0111\u1ebfn<strong> 90.000\u0111<\/strong>, <strong>duy nh\u1ea5t ch\u1ec9 trong 3 ng\u00e0y<\/strong> t\u1eeb nay cho \u0111\u1ebfn h\u1ebft <strong>30\/06\/2019<\/strong>. Chi ti\u1ebft c\u1ee5 th\u1ec3:<\/p>\n<p>&nbsp;<\/p>\n<p><strong>1. Nh\u1eadp m\u00e3 <span style=\"color: #009d3b\">XEHOI<\/span> nh\u1eadn ngay \u01b0u \u0111\u00e3i 60.000\u0111 x 1 chuy\u1ebfn GrabCar.<\/strong><\/p>\n<ul>\n<li>M\u00e3 \u01b0u \u0111\u00e3i c\u00f3 gi\u00e1 tr\u1ecb s\u1eed d\u1ee5ng \u0111\u1ebfn h\u1ebft 30\/06\/2019.<\/li>\n<li>S\u1ed1 l\u01b0\u1ee3t khuy\u1ebfn m\u00e3i c\u00f3 gi\u1edbi h\u1ea1n m\u1ed7i ng\u00e0y.\u00a0Ch\u01b0\u01a1ng tr\u00ecnh c\u00f3 th\u1ec3 k\u1ebft th\u00fac s\u1edbm h\u01a1n d\u1ef1 ki\u1ebfn m\u00e0 kh\u00f4ng c\u1ea7n th\u00f4ng b\u00e1o tr\u01b0\u1edbc.<\/li>\n<li>Ch\u1ec9 \u00e1p d\u1ee5ng ph\u01b0\u01a1ng th\u1ee9c thanh to\u00e1n qua th\u1ebb ho\u1eb7c V\u00ed \u0111i\u1ec7n t\u1eed Moca tr\u00ean \u1ee9ng d\u1ee5ng Grab.<\/li>\n<li>M\u00e3 khuy\u1ebfn m\u00e3i kh\u00f4ng bao g\u1ed3m ph\u1ee5 ph\u00ed, kh\u00e1ch h\u00e0ng vui l\u00f2ng thanh to\u00e1n ph\u1ea7n ph\u1ee5 ph\u00ed n\u00e0y v\u1edbi t\u00e0i x\u1ebf.<\/li>\n<li>M\u00e3 ch\u1ec9 \u00e1p d\u1ee5ng v\u1edbi phi\u00ean b\u1ea3n app m\u1edbi nh\u1ea5t.<\/li>\n<li>\u00c1p d\u1ee5ng cho GrabCar, GrabCar 7 ch\u1ed7, GrabCar Plus, GrabCar Doanh nghi\u1ec7p, GrabRent, JustGrab t\u1ea1i H\u1ed3 Ch\u00ed Minh v\u00e0 H\u00e0 N\u1ed9i.<\/li>\n<li>Ch\u1ec9 \u00e1p d\u1ee5ng cho kh\u00e1ch h\u00e0ng nh\u1eadn \u0111\u01b0\u1ee3c th\u00f4ng b\u00e1o.<\/li>\n<\/ul>\n<p>&nbsp;<\/p>\n<p><strong>2. Nh\u1eadp m\u00e3 <span style=\"color: #009d3b\">XEMAY<\/span>\u00a0 nh\u1eadn ngay \u01b0u \u0111\u00e3i 30.000\u0111 x 1 chuy\u1ebfn GrabBike <\/strong><\/p>\n<ul>\n<li>M\u00e3 \u01b0u \u0111\u00e3i c\u00f3 gi\u00e1 tr\u1ecb s\u1eed d\u1ee5ng t\u1eeb 28\/06 \u0111\u1ebfn 30\/06\/2019.<\/li>\n<li>\u00c1p d\u1ee5ng cho ph\u01b0\u01a1ng th\u1ee9c thanh to\u00e1n qua V\u00ed \u0111i\u1ec7n t\u1eed Moca tr\u00ean \u1ee9ng d\u1ee5ng Grab (th\u1ebb ghi n\u1ee3 ho\u1eb7c v\u00ed).<\/li>\n<li>S\u1ed1 l\u01b0\u1ee3t \u01b0u \u0111\u00e3i c\u00f3 gi\u1edbi h\u1ea1n m\u1ed7i ng\u00e0y.\u00a0Ch\u01b0\u01a1ng tr\u00ecnh c\u00f3 th\u1ec3 k\u1ebft th\u00fac s\u1edbm h\u01a1n d\u1ef1 ki\u1ebfn m\u00e0 kh\u00f4ng c\u1ea7n th\u00f4ng b\u00e1o tr\u01b0\u1edbc.<\/li>\n<li>\u01afu \u0111\u00e3i kh\u00f4ng bao g\u1ed3m ph\u1ee5 ph\u00ed, kh\u00e1ch h\u00e0ng vui l\u00f2ng thanh to\u00e1n ph\u1ea7n ph\u1ee5 ph\u00ed n\u00e0y v\u1edbi t\u00e0i x\u1ebf.<\/li>\n<li>\u01afu \u0111\u00e3i ch\u1ec9 \u00e1p d\u1ee5ng v\u1edbi phi\u00ean b\u1ea3n app m\u1edbi nh\u1ea5t.<\/li>\n<li>\u01afu \u0111\u00e3i \u00e1p d\u1ee5ng cho d\u1ecbch v\u1ee5 GrabBike, GrabBike Premium t\u1ea1i H\u00e0 N\u1ed9i v\u00e0 TP.HCM.<\/li>\n<li>Ch\u1ec9 \u00e1p d\u1ee5ng cho kh\u00e1ch h\u00e0ng nh\u1eadn \u0111\u01b0\u1ee3c th\u00f4ng b\u00e1o.<\/li>\n<\/ul>\n","protected":false},"excerpt":{"rendered":"Ch\u00fac m\u1eebng b\u1ea1n \u0111\u00e3 may m\u1eafn nh\u1eadn \u0111\u01b0\u1ee3c g\u00f3i \u01b0u \u0111\u00e3i GrabBike, GrabCar\u00a0t\u1ed5ng gi\u00e1 tr\u1ecb l\u00ean \u0111\u1ebfn 90.000\u0111, duy nh\u1ea5t ch\u1ec9 trong 3 ng\u00e0y t\u1eeb nay cho \u0111\u1ebfn h\u1ebft 30\/06\/2019. Chi ti\u1ebft c\u1ee5 th\u1ec3: &nbsp; 1. Nh\u1eadp m\u00e3 XEHOI nh\u1eadn ngay \u01b0u \u0111\u00e3i 60.000\u0111 x 1 chuy\u1ebfn GrabCar. M\u00e3 \u01b0u \u0111\u00e3i c\u00f3 gi\u00e1 tr\u1ecb s\u1eed [&hellip;]","protected":false},"author":237,"featured_media":0,"parent":0,"menu_order":0,"comment_status":"closed","ping_status":"closed","template":"","meta":{"_acf_changed":false,"footnotes":""},"acf":[],"_links":{"self":[{"href":"https:\/\/www.grab.com\/vn\/wp-json\/wp\/v2\/pages\/39466"}],"collection":[{"href":"https:\/\/www.grab.com\/vn\/wp-json\/wp\/v2\/pages"}],"about":[{"href":"https:\/\/www.grab.com\/vn\/wp-json\/wp\/v2\/types\/page"}],"author":[{"embeddable":true,"href":"https:\/\/www.grab.com\/vn\/wp-json\/wp\/v2\/users\/237"}],"replies":[{"embeddable":true,"href":"https:\/\/www.grab.com\/vn\/wp-json\/wp\/v2\/comments?post=39466"}],"version-history":[{"count":5,"href":"https:\/\/www.grab.com\/vn\/wp-json\/wp\/v2\/pages\/39466\/revisions"}],"predecessor-version":[{"id":39485,"href":"https:\/\/www.grab.com\/vn\/wp-json\/wp\/v2\/pages\/39466\/revisions\/39485"}],"wp:attachment":[{"href":"https:\/\/www.grab.com\/vn\/wp-json\/wp\/v2\/media?parent=39466"}],"curies":[{"name":"wp","href":"https:\/\/api.w.org\/{rel}","templated":true}]}}