{"id":38222,"date":"2019-06-13T18:09:45","date_gmt":"2019-06-13T10:09:45","guid":{"rendered":"https:\/\/www.grab.com\/vn\/?page_id=38222"},"modified":"2019-07-04T18:20:41","modified_gmt":"2019-07-04T10:20:41","slug":"goi-uu-dai-chop-nhoang-gia-tri-len-den-450-000d","status":"publish","type":"page","link":"https:\/\/www.grab.com\/vn\/goi-uu-dai-chop-nhoang-gia-tri-len-den-450-000d\/","title":{"rendered":"G\u00f3i \u01b0u \u0111\u00e3i CH\u1edaP NHO\u00c1NG &#8211; gi\u00e1 tr\u1ecb l\u00ean \u0111\u1ebfn 450.000\u0111"},"content":{"rendered":"<p><img loading=\"lazy\" decoding=\"async\" class=\"aligncenter wp-image-38224 size-full\" src=\"https:\/\/assets.grab.com\/wp-content\/uploads\/sites\/11\/2019\/06\/13175923\/Blog-Header-1920x675.png\" alt=\"\" width=\"1920\" height=\"675\" srcset=\"https:\/\/assets.grab.com\/wp-content\/uploads\/sites\/11\/2019\/06\/13175923\/Blog-Header-1920x675.png 1920w, https:\/\/assets.grab.com\/wp-content\/uploads\/sites\/11\/2019\/06\/13175923\/Blog-Header-1920x675-250x88.png 250w, https:\/\/assets.grab.com\/wp-content\/uploads\/sites\/11\/2019\/06\/13175923\/Blog-Header-1920x675-768x270.png 768w, https:\/\/assets.grab.com\/wp-content\/uploads\/sites\/11\/2019\/06\/13175923\/Blog-Header-1920x675-700x246.png 700w, https:\/\/assets.grab.com\/wp-content\/uploads\/sites\/11\/2019\/06\/13175923\/Blog-Header-1920x675-120x42.png 120w\" sizes=\"(max-width: 1920px) 100vw, 1920px\" \/><\/p>\n<p><span style=\"font-weight: 400\"><span style=\"color: #009d3b\"><strong>Grab<\/strong><\/span> t\u1eb7ng kh\u00e1ch h\u00e0ng may m\u1eafn g\u00f3i \u01b0u \u0111\u00e3i Ch\u1edbp Nho\u00e1ng gi\u00e1 tr\u1ecb l\u00ean \u0111\u1ebfn <span style=\"color: #009d3b\"><strong>450.000\u0111<\/strong><\/span><\/span><span style=\"font-weight: 400\">, <\/span><span style=\"font-weight: 400\">h\u1ea1n<\/span> <span style=\"font-weight: 400\">s\u1eed d\u1ee5ng trong 3 ng\u00e0y t\u1eeb <strong>05<\/strong><\/span><b>\/07<\/b><span style=\"font-weight: 400\">\u00a0\u0111\u1ebfn <strong>07<\/strong><\/span><b>\/07\/2019. <\/b><span style=\"font-weight: 400\">Nh\u1eadn \u0111\u01b0\u1ee3c th\u00f4ng b\u00e1o, b\u1ea1n nh\u1edb s\u1eed d\u1ee5ng ngay k\u1ebbo l\u1ee1 nh\u00e9!<\/span><\/p>\n<p><span style=\"text-decoration: underline\"><i><span style=\"font-weight: 400\">Chi ti\u1ebft g\u00f3i \u01b0u \u0111\u00e3i nh\u01b0 sau:<\/span><\/i><\/span><\/p>\n<ul>\n<li style=\"font-weight: 400\"><span style=\"font-weight: 400\"> \u01afu \u0111\u00e3i <\/span><b>100.000\u0111 x 1<\/b><span style=\"font-weight: 400\"> chuy\u1ebfn <span style=\"color: #009d3b\"><strong>GrabCar\/ GrabBike<\/strong><\/span><\/span><span style=\"font-weight: 400\">\u00a0(\u0111\u01b0\u1ee3c g\u1eedi th\u1eb3ng v\u00e0o \u201c<\/span><i><span style=\"font-weight: 400\">My Rewards\/ \u01afu \u0111\u00e3i c\u1ee7a t\u00f4i<\/span><\/i><span style=\"font-weight: 400\">\u201d).<\/span><\/li>\n<li style=\"font-weight: 400\"><span style=\"font-weight: 400\"> \u01afu \u0111\u00e3i <\/span><b>100.000\u0111 x 1<\/b><span style=\"font-weight: 400\"> \u0111\u01a1n h\u00e0ng <span style=\"color: #009d3b\"><strong>GrabFood<\/strong><\/span><\/span><span style=\"font-weight: 400\">\u00a0(\u0111\u01b0\u1ee3c g\u1eedi th\u1eb3ng v\u00e0o \u201c<\/span><i><span style=\"font-weight: 400\">My Rewards\/ \u01afu \u0111\u00e3i c\u1ee7a t\u00f4i<\/span><\/i><span style=\"font-weight: 400\">\u201d).<\/span><\/li>\n<li style=\"font-weight: 400\"><span style=\"font-weight: 400\"> \u01afu \u0111\u00e3i <\/span><b>100.000\u0111 x 1<\/b><span style=\"font-weight: 400\"> chuy\u1ebfn <span style=\"color: #009d3b\"><strong>GrabExpress<\/strong><\/span><\/span><span style=\"font-weight: 400\">\u00a0(\u0111\u01b0\u1ee3c g\u1eedi th\u1eb3ng v\u00e0o \u201c<\/span><i><span style=\"font-weight: 400\">My Rewards\/ \u01afu \u0111\u00e3i c\u1ee7a t\u00f4i<\/span><\/i><span style=\"font-weight: 400\">\u201d)<\/span><\/li>\n<li style=\"font-weight: 400\"><b>Ho\u00e0n ti\u1ec1n 30%<\/b> (t\u1ed1i \u0111a 150.000\u0111) gi\u00e1 tr\u1ecb n\u1ea1p khi L\u1ea6N \u0110\u1ea6U\u00a0<span style=\"color: #339966\"><strong>n\u1ea1p ti\u1ec1n \u0110T\/ mua m\u00e3 th\u1ebb n\u1ea1p<\/strong><\/span>\u00a0th\u00e0nh c\u00f4ng qua V\u00ed \u0111i\u1ec7n t\u1eed <span style=\"color: #0082c8\"><b>Moca<\/b><\/span> tr\u00ean \u1ee9ng d\u1ee5ng <span style=\"color: #009d3b\"><b>Grab<\/b><\/span>.<\/li>\n<\/ul>\n<p><b>L\u01b0u \u00fd:<\/b><\/p>\n<ul>\n<li style=\"font-weight: 400\"><span style=\"font-weight: 400\">\u01afu \u0111\u00e3i ch\u1ec9 \u00e1p d\u1ee5ng khi thanh to\u00e1n tr\u1ef1c ti\u1ebfp qua th\u1ebb ho\u1eb7c qua V\u00ed \u0111i\u1ec7n t\u1eed <\/span><span style=\"color: #3366ff\"><b>Moca<\/b><\/span><span style=\"font-weight: 400\"> tr\u00ean \u1ee9ng d\u1ee5ng <span style=\"color: #339966\"><strong>Grab<\/strong><\/span><\/span><\/li>\n<li style=\"font-weight: 400\"><span style=\"font-weight: 400\">G\u00f3i \u01b0u \u0111\u00e3i ch\u1ec9 \u00e1p d\u1ee5ng cho kh\u00e1ch h\u00e0ng nh\u1eadn \u0111\u01b0\u1ee3c th\u00f4ng b\u00e1o.<\/span><\/li>\n<\/ul>\n<table style=\"width: 932px;padding: 15px;height: 1180px\">\n<tbody>\n<tr style=\"height: 92px\">\n<td style=\"width: 286px;border: 1px solid black;height: 30px;padding: 15px\">\u00a0\u01afu \u0111\u00e3i<\/td>\n<td style=\"width: 10px;border: 1px solid black;height: 30px;padding: 15px;text-align: center\" colspan=\"2\">\u0110i\u1ec1u kho\u1ea3n v\u00e0 \u0111i\u1ec1u ki\u1ec7n \u00e1p d\u1ee5ng<\/td>\n<\/tr>\n<tr style=\"height: 21px\">\n<td style=\"width: 286px;border: 1px solid black;height: 43px;padding: 15px\"><span style=\"font-weight: 400\">\u01afu \u0111\u00e3i <\/span><b>100.000\u0111 x 1<\/b><span style=\"font-weight: 400\"> chuy\u1ebfn <\/span><b>GrabCar\/ GrabBike<\/b><\/td>\n<td style=\"width: 10px;border: 1px solid black;height: 43px;padding: 15px;text-align: center\" colspan=\"2\">\n<ul>\n<li style=\"font-weight: 400;text-align: left\"><span style=\"font-weight: 400\">\u01afu \u0111\u00e3i \u0111\u01b0\u1ee3c g\u1eedi tr\u1ef1c ti\u1ebfp \u0111\u1ebfn trang \u201cMy Rewards\/ \u01afu \u0111\u00e3i c\u1ee7a t\u00f4i\u201d tr\u00ean \u1ee9ng d\u1ee5ng Grab. <\/span><\/li>\n<li style=\"font-weight: 400;text-align: left\"><span style=\"font-weight: 400\">Th\u1eddi h\u1ea1n s\u1eed d\u1ee5ng to\u00e0n b\u1ed9 Rewards\/ \u01afu \u0111\u00e3i n\u00e0y l\u00e0 3 ng\u00e0y k\u1ec3 t\u1eeb khi nh\u1eadn \u0111\u01b0\u1ee3c Rewards\/\u01afu \u0111\u00e3i<\/span><span style=\"font-weight: 400\">. <\/span><\/li>\n<li style=\"font-weight: 400;text-align: left\"><span style=\"font-weight: 400\">\u00c1p d\u1ee5ng cho c\u00e1c d\u1ecbch v\u1ee5 GrabCar\/ GrabBike tr\u00ean to\u00e0n qu\u1ed1c.<\/span><\/li>\n<li style=\"font-weight: 400;text-align: left\"><span style=\"font-weight: 400\">\u01afu \u0111\u00e3i kh\u00f4ng bao g\u1ed3m ph\u1ee5 ph\u00ed. B\u1ea1n vui l\u00f2ng thanh to\u00e1n ph\u1ee5 ph\u00ed (n\u1ebfu c\u00f3) cho t\u00e0i x\u1ebf.<\/span><\/li>\n<li style=\"font-weight: 400;text-align: left\"><span style=\"font-weight: 400\">S\u1ed1 l\u01b0\u1ee3t \u01b0u \u0111\u00e3i c\u00f3 gi\u1edbi h\u1ea1n, ch\u01b0\u01a1ng tr\u00ecnh c\u00f3 th\u1ec3 k\u1ebft th\u00fac s\u1edbm h\u01a1n d\u1ef1 ki\u1ebfn m\u00e0 kh\u00f4ng c\u1ea7n th\u00f4ng b\u00e1o tr\u01b0\u1edbc.<\/span><\/li>\n<li style=\"font-weight: 400;text-align: left\"><span style=\"font-weight: 400\">\u01afu \u0111\u00e3i ch\u1ec9 \u00e1p d\u1ee5ng tr\u00ean phi\u00ean b\u1ea3n \u1ee9ng d\u1ee5ng m\u1edbi nh\u1ea5t.<\/span><\/li>\n<li style=\"font-weight: 400;text-align: left\"><span style=\"font-weight: 400\">Ch\u01b0\u01a1ng tr\u00ecnh ch\u1ec9 \u00e1p d\u1ee5ng cho kh\u00e1ch h\u00e0ng nh\u1eadn \u0111\u01b0\u1ee3c th\u00f4ng b\u00e1o m\u00e0 kh\u00f4ng c\u1ea7n th\u00f4ng b\u00e1o tr\u01b0\u1edbc.<\/span><\/li>\n<\/ul>\n<\/td>\n<\/tr>\n<tr style=\"height: 21px\">\n<td style=\"width: 286px;border: 1px solid black;height: 88px;padding: 15px\"><span style=\"font-weight: 400\">\u01afu \u0111\u00e3i <\/span><b>100.000\u0111 x 1<\/b><span style=\"font-weight: 400\"> \u0111\u01a1n h\u00e0ng <\/span><b>GrabFood<\/b><\/td>\n<td style=\"width: 10px;border: 1px solid black;padding: 15px;height: 88px;text-align: center\" colspan=\"2\">\n<ul>\n<li style=\"font-weight: 400;text-align: left\"><span style=\"font-weight: 400\">\u01afu \u0111\u00e3i \u0111\u01b0\u1ee3c g\u1eedi tr\u1ef1c ti\u1ebfp \u0111\u1ebfn trang \u201cMy Rewards\/ \u01afu \u0111\u00e3i c\u1ee7a t\u00f4i\u201d tr\u00ean \u1ee9ng d\u1ee5ng Grab. <\/span><\/li>\n<li style=\"font-weight: 400;text-align: left\"><span style=\"font-weight: 400\">Th\u1eddi h\u1ea1n s\u1eed d\u1ee5ng to\u00e0n b\u1ed9 Rewards\/ \u01afu \u0111\u00e3i n\u00e0y l\u00e0 3 ng\u00e0y k\u1ec3 t\u1eeb khi nh\u1eadn \u0111\u01b0\u1ee3c Rewards\/\u01afu \u0111\u00e3i<\/span><span style=\"font-weight: 400\">. <\/span><\/li>\n<li style=\"font-weight: 400;text-align: left\"><span style=\"font-weight: 400\">\u00c1p d\u1ee5ng cho c\u00e1c d\u1ecbch v\u1ee5 GrabFood tr\u00ean t\u1ea1i Tp. H\u1ed3 Ch\u00ed Minh, H\u00e0 N\u1ed9i v\u00e0 \u0110\u00e0 N\u1eb5ng.<\/span><\/li>\n<li style=\"font-weight: 400;text-align: left\"><span style=\"font-weight: 400\">\u01afu \u0111\u00e3i kh\u00f4ng bao g\u1ed3m ph\u1ee5 ph\u00ed. B\u1ea1n vui l\u00f2ng thanh to\u00e1n ph\u1ee5 ph\u00ed (n\u1ebfu c\u00f3) cho t\u00e0i x\u1ebf.<\/span><\/li>\n<li style=\"font-weight: 400;text-align: left\"><span style=\"font-weight: 400\">S\u1ed1 l\u01b0\u1ee3t \u01b0u \u0111\u00e3i c\u00f3 gi\u1edbi h\u1ea1n, ch\u01b0\u01a1ng tr\u00ecnh c\u00f3 th\u1ec3 k\u1ebft th\u00fac s\u1edbm h\u01a1n d\u1ef1 ki\u1ebfn m\u00e0 kh\u00f4ng c\u1ea7n th\u00f4ng b\u00e1o tr\u01b0\u1edbc.<\/span><\/li>\n<li style=\"font-weight: 400;text-align: left\"><span style=\"font-weight: 400\">Ch\u01b0\u01a1ng tr\u00ecnh ch\u1ec9 \u00e1p d\u1ee5ng cho kh\u00e1ch h\u00e0ng nh\u1eadn \u0111\u01b0\u1ee3c th\u00f4ng b\u00e1o.<\/span><\/li>\n<li style=\"font-weight: 400;text-align: left\"><span style=\"font-weight: 400\">\u01afu \u0111\u00e3i ch\u1ec9 \u00e1p d\u1ee5ng tr\u00ean phi\u00ean b\u1ea3n \u1ee9ng d\u1ee5ng m\u1edbi nh\u1ea5t.<\/span><\/li>\n<\/ul>\n<\/td>\n<\/tr>\n<tr style=\"height: 21px\">\n<td style=\"width: 286px;border: 1px solid black;height: 73px;padding: 15px\"><span style=\"font-weight: 400\">\u01afu \u0111\u00e3i <\/span><b>100.000\u0111 x 1<\/b><span style=\"font-weight: 400\"> chuy\u1ebfn <\/span><b>GrabExpress<\/b><\/td>\n<td style=\"border: 1px solid black;height: 73px;padding: 15px;text-align: center\" colspan=\"2\">\n<ul>\n<li style=\"font-weight: 400;text-align: left\"><span style=\"font-weight: 400\">\u01afu \u0111\u00e3i \u0111\u01b0\u1ee3c g\u1eedi tr\u1ef1c ti\u1ebfp \u0111\u1ebfn trang \u201cMy Rewards\/ \u01afu \u0111\u00e3i c\u1ee7a t\u00f4i\u201d tr\u00ean \u1ee9ng d\u1ee5ng Grab. <\/span><\/li>\n<li style=\"font-weight: 400;text-align: left\"><span style=\"font-weight: 400\">Th\u1eddi h\u1ea1n s\u1eed d\u1ee5ng to\u00e0n b\u1ed9 Rewards\/ \u01afu \u0111\u00e3i n\u00e0y l\u00e0 3 ng\u00e0y k\u1ec3 t\u1eeb khi nh\u1eadn \u0111\u01b0\u1ee3c Rewards\/\u01afu \u0111\u00e3i<\/span><span style=\"font-weight: 400\">. <\/span><\/li>\n<li style=\"font-weight: 400;text-align: left\"><span style=\"font-weight: 400\">\u00c1p d\u1ee5ng cho c\u00e1c d\u1ecbch v\u1ee5 GrabExpress tr\u00ean t\u1ea1i Tp. H\u1ed3 Ch\u00ed Minh, H\u00e0 N\u1ed9i v\u00e0 \u0110\u00e0 N\u1eb5ng.<\/span><\/li>\n<li style=\"font-weight: 400;text-align: left\"><span style=\"font-weight: 400\">\u01afu \u0111\u00e3i kh\u00f4ng bao g\u1ed3m ph\u1ee5 ph\u00ed. B\u1ea1n vui l\u00f2ng thanh to\u00e1n ph\u1ee5 ph\u00ed (n\u1ebfu c\u00f3) cho t\u00e0i x\u1ebf.<\/span><\/li>\n<li style=\"font-weight: 400;text-align: left\"><span style=\"font-weight: 400\">S\u1ed1 l\u01b0\u1ee3t \u01b0u \u0111\u00e3i c\u00f3 gi\u1edbi h\u1ea1n, ch\u01b0\u01a1ng tr\u00ecnh c\u00f3 th\u1ec3 k\u1ebft th\u00fac s\u1edbm h\u01a1n d\u1ef1 ki\u1ebfn m\u00e0 kh\u00f4ng c\u1ea7n th\u00f4ng b\u00e1o tr\u01b0\u1edbc.<\/span><\/li>\n<li style=\"font-weight: 400;text-align: left\"><span style=\"font-weight: 400\">Ch\u01b0\u01a1ng tr\u00ecnh ch\u1ec9 \u00e1p d\u1ee5ng cho kh\u00e1ch h\u00e0ng nh\u1eadn \u0111\u01b0\u1ee3c th\u00f4ng b\u00e1o.<\/span><\/li>\n<li style=\"text-align: left\">\u01afu \u0111\u00e3i ch\u1ec9 \u00e1p d\u1ee5ng tr\u00ean phi\u00ean b\u1ea3n \u1ee9ng d\u1ee5ng m\u1edbi nh\u1ea5t.<\/li>\n<\/ul>\n<\/td>\n<\/tr>\n<tr>\n<td style=\"width: 286px;border: 1px solid black;padding: 15px\"><b>Ho\u00e0n ti\u1ec1n 30%<\/b><span style=\"font-weight: 400\"> (t\u1ed1i \u0111a 150.000\u0111) gi\u00e1 tr\u1ecb n\u1ea1p khi l\u1ea7n \u0111\u1ea7u <\/span><b>n\u1ea1p ti\u1ec1n \u0110T\/ mua th\u1ebb n\u1ea1p<\/b><\/td>\n<td style=\"width: 10px;border: 1px solid black;padding: 15px;text-align: left\" colspan=\"2\">\n<ul>\n<li>Ch\u1ec9 \u00e1p d\u1ee5ng cho kh\u00e1ch h\u00e0ng\u00a0l\u1ea7n \u0111\u1ea7u ti\u00ean\u00a0n\u1ea1p ti\u1ec1n \u0111i\u1ec7n tho\u1ea1i\/ mua m\u00e3 th\u1ebb n\u1ea1p b\u1eb1ng v\u00ed \u0111i\u1ec7n t\u1eed Moca tr\u00ean \u1ee9ng d\u1ee5ng Grab.<\/li>\n<li style=\"font-weight: 400\"><span style=\"font-weight: 400\">Kh\u00f4ng \u00e1p d\u1ee5ng cho kh\u00e1ch h\u00e0ng \u0111\u00e3 t\u1eebng thanh to\u00e1n b\u1ea5t k\u1ef3 d\u1ecbch v\u1ee5 n\u00e0o tr\u00ean \u1ee9ng d\u1ee5ng Grab tr\u1ef1c ti\u1ebfp qua Th\u1ebb ho\u1eb7c qua V\u00ed \u0111i\u1ec7n t\u1eed Moca tr\u00ean \u1ee9ng d\u1ee5ng Grab.<\/span><\/li>\n<li style=\"font-weight: 400\"><span style=\"font-weight: 400\">M\u1ed7i kh\u00e1ch h\u00e0ng ch\u1ec9 \u0111\u01b0\u1ee3c nh\u1eadn 1 l\u1ea7n ho\u00e0n ti\u1ec1n (t\u1ed5ng gi\u00e1 tr\u1ecb t\u1ed1i \u0111a l\u00e0 150.000\u0111) trong su\u1ed1t th\u1eddi gian ch\u01b0\u01a1ng tr\u00ecnh di\u1ec5n ra<\/span><span style=\"font-weight: 400\">.<\/span><\/li>\n<li style=\"font-weight: 400\"><span style=\"font-weight: 400\">Ho\u00e0n ti\u1ec1n s\u1ebd \u0111\u01b0\u1ee3c hi\u1ec3n th\u1ecb trong m\u1ee5c \u201cMy Rewards\/ \u01afu \u0111\u00e3i c\u1ee7a t\u00f4i\u201d tr\u00ean \u1ee9ng d\u1ee5ng sau khi kh\u00e1ch h\u00e0ng ho\u00e0n th\u00e0nh giao d\u1ecbch n\u1ea1p ti\u1ec1n \u0111i\u1ec7n tho\u1ea1i\/ mua m\u00e3 th\u1ebb n\u1ea1p.<\/span><\/li>\n<li style=\"font-weight: 400\"><span style=\"font-weight: 400\">Kh\u00e1ch h\u00e0ng c\u1ea7n quy \u0111\u1ed5i \u01b0u \u0111\u00e3i n\u00e0y \u0111\u1ec3 nh\u1eadn ho\u00e0n ti\u1ec1n v\u00e0o t\u00e0i kho\u1ea3n V\u00ed \u0111i\u1ec7n t\u1eed trong th\u1eddi h\u1ea1n<strong> 1 ng\u00e0y<\/strong> k\u1ec3 t\u1eeb khi nh\u1eadn Rewards\/ \u01afu \u0111\u00e3i n\u00e0y. N\u1ebfu qu\u00e1 th\u1eddi h\u1ea1n tr\u00ean, kh\u00e1ch h\u00e0ng s\u1ebd KH\u00d4NG TH\u1ec2 nh\u1eadn \u0111\u01b0\u1ee3c ho\u00e0n ti\u1ec1n v\u00e0o t\u00e0i kho\u1ea3n V\u00ed \u0111i\u1ec7n t\u1eed.<\/span><\/li>\n<li>S\u1ed1 l\u01b0\u1ee3t khuy\u1ebfn m\u00e3i c\u00f3 gi\u1edbi h\u1ea1n, ch\u01b0\u01a1ng tr\u00ecnh c\u00f3 th\u1ec3 k\u1ebft th\u00fac s\u1edbm h\u01a1n d\u1ef1 ki\u1ebfn m\u00e0 kh\u00f4ng c\u1ea7n th\u00f4ng b\u00e1o tr\u01b0\u1edbc.<\/li>\n<li>S\u1ed1 l\u01b0\u1ee3ng n\u1ea1p ti\u1ec1n \u0111i\u1ec7n tho\u1ea1i v\u00e0 m\u00e3 th\u1ebb n\u1ea1p c\u00f3 gi\u1edbi h\u1ea1n trong ng\u00e0y.<\/li>\n<li style=\"font-weight: 400\"><span style=\"font-weight: 400\">Ch\u01b0\u01a1ng tr\u00ecnh ch\u1ec9 \u00e1p d\u1ee5ng cho kh\u00e1ch h\u00e0ng nh\u1eadn \u0111\u01b0\u1ee3c th\u00f4ng b\u00e1o.<\/span><\/li>\n<\/ul>\n<\/td>\n<\/tr>\n<\/tbody>\n<\/table>\n<p><span style=\"font-weight: 400\">#ViDienTuMocaTrenUngDungGrab #VuaTienVuaLoi #HonCaMongDoi<\/span><\/p>\n<p><img decoding=\"async\" style=\"width: 100%\" src=\"https:\/\/assets.grab.com\/wp-content\/uploads\/sites\/11\/2019\/06\/12151255\/GPM-Logo.jpg\" \/><\/p>\n","protected":false},"excerpt":{"rendered":"Grab t\u1eb7ng kh\u00e1ch h\u00e0ng may m\u1eafn g\u00f3i \u01b0u \u0111\u00e3i Ch\u1edbp Nho\u00e1ng gi\u00e1 tr\u1ecb l\u00ean \u0111\u1ebfn 450.000\u0111, h\u1ea1n s\u1eed d\u1ee5ng trong 3 ng\u00e0y t\u1eeb 05\/07\u00a0\u0111\u1ebfn 07\/07\/2019. Nh\u1eadn \u0111\u01b0\u1ee3c th\u00f4ng b\u00e1o, b\u1ea1n nh\u1edb s\u1eed d\u1ee5ng ngay k\u1ebbo l\u1ee1 nh\u00e9! Chi ti\u1ebft g\u00f3i \u01b0u \u0111\u00e3i nh\u01b0 sau: \u01afu \u0111\u00e3i 100.000\u0111 x 1 chuy\u1ebfn GrabCar\/ GrabBike\u00a0(\u0111\u01b0\u1ee3c g\u1eedi th\u1eb3ng v\u00e0o [&hellip;]","protected":false},"author":237,"featured_media":0,"parent":0,"menu_order":0,"comment_status":"closed","ping_status":"closed","template":"","meta":{"_acf_changed":false,"footnotes":""},"acf":[],"_links":{"self":[{"href":"https:\/\/www.grab.com\/vn\/wp-json\/wp\/v2\/pages\/38222"}],"collection":[{"href":"https:\/\/www.grab.com\/vn\/wp-json\/wp\/v2\/pages"}],"about":[{"href":"https:\/\/www.grab.com\/vn\/wp-json\/wp\/v2\/types\/page"}],"author":[{"embeddable":true,"href":"https:\/\/www.grab.com\/vn\/wp-json\/wp\/v2\/users\/237"}],"replies":[{"embeddable":true,"href":"https:\/\/www.grab.com\/vn\/wp-json\/wp\/v2\/comments?post=38222"}],"version-history":[{"count":17,"href":"https:\/\/www.grab.com\/vn\/wp-json\/wp\/v2\/pages\/38222\/revisions"}],"predecessor-version":[{"id":38233,"href":"https:\/\/www.grab.com\/vn\/wp-json\/wp\/v2\/pages\/38222\/revisions\/38233"}],"wp:attachment":[{"href":"https:\/\/www.grab.com\/vn\/wp-json\/wp\/v2\/media?parent=38222"}],"curies":[{"name":"wp","href":"https:\/\/api.w.org\/{rel}","templated":true}]}}