{"id":37161,"date":"2019-05-29T17:05:00","date_gmt":"2019-05-29T09:05:00","guid":{"rendered":"https:\/\/www.grab.com\/vn\/?page_id=37161"},"modified":"2019-05-29T18:45:16","modified_gmt":"2019-05-29T10:45:16","slug":"grabcar-tinh-nang-kham-pha","status":"publish","type":"page","link":"https:\/\/www.grab.com\/vn\/grabcar-tinh-nang-kham-pha\/","title":{"rendered":"[GrabCar] T\u00ednh n\u0103ng &#8220;Kh\u00e1m ph\u00e1&#8221;"},"content":{"rendered":"<p style=\"text-align: center\"><span style=\"color: #339966\"><strong>Kh\u00e1m ph\u00e1 nh\u1eefng t\u00ednh n\u0103ng m\u1edbi gi\u00fap t\u0103ng thu nh\u1eadp, ti\u1ebft ki\u1ec7m chi ph\u00ed v\u00e0 t\u1eadn h\u01b0\u1edfng th\u00eam nhi\u1ec1u ti\u1ec7n \u00edch tr\u00ean \u1ee9ng d\u1ee5ng T\u00e0i x\u1ebf d\u00e0nh cho b\u1ea1n<\/strong><\/span><\/p>\n<p><span style=\"font-weight: 400;color: #000000\">B\u1ea1n th\u00e2n m\u1ebfn,<\/span><\/p>\n<p><span style=\"color: #000000\"><span style=\"font-weight: 400\">Ch\u00fang t\u00f4i kh\u00f4ng ng\u1eebng n\u1ed7 l\u1ef1c \u0111\u1ec3 n\u00e2ng c\u1ea5p \u1ee9ng d\u1ee5ng Grab d\u00e0nh cho T\u00e0i x\u1ebf. Nhi\u1ec1u t\u00ednh n\u0103ng v\u00e0 c\u00f4ng c\u1ee5 m\u1edbi s\u1ebd ra m\u1eaft trong th\u1eddi gian s\u1eafp t\u1edbi nh\u1eb1m \u0111em \u0111\u1ebfn tr\u1ea3i nghi\u1ec7m t\u1ed1t h\u01a1n khi b\u1ea1n di chuy\u1ec3n c\u00f9ng Grab<\/span><b>.<\/b><\/span><\/p>\n<p><span style=\"color: #000000\"><span style=\"font-weight: 400\">\u0110\u1ec3 b\u1eaft \u0111\u1ea7u, h\u00e3y tr\u1ea3i nghi\u1ec7m t\u00ednh n\u0103ng <\/span><span style=\"color: #339966\"><strong>Kh\u00e1m ph\u00e1<\/strong> <\/span><span style=\"font-weight: 400\">m\u1edbi xu\u1ea5t hi\u1ec7n tr\u00ean \u1ee9ng d\u1ee5ng.<\/span><\/span><\/p>\n<p><span style=\"font-weight: 400;color: #000000\">V\u1edbi t\u00ednh n\u0103ng m\u1edbi n\u00e0y, ch\u00fang t\u00f4i hy v\u1ecdng \u0111em \u0111\u1ebfn cho b\u1ea1n nhi\u1ec1u ti\u1ec7n \u00edch h\u01a1n tr\u00ean c\u00f9ng 1 \u1ee9ng d\u1ee5ng. Kh\u00f4ng ch\u1ec9 t\u1eadn h\u01b0\u1edfng th\u00eam nhi\u1ec1u \u0111\u1eb7c quy\u1ec1n nh\u01b0<span style=\"color: #339966\"><strong> GrabBenefits m\u00e0 c\u00f2n c\u00f3 c\u01a1 h\u1ed9i t\u0103ng th\u00eam thu nh\u1eadp v\u1edbi ch\u01b0\u01a1ng tr\u00ecnh Qu\u1ea3n c\u00e1o v\u00e0 nhi\u1ec1u ch\u01b0\u01a1ng tr\u00ecnh s\u1eafp tri\u1ec3n khai trong th\u1eddi gian t\u1edbi. Kh\u00e1m ph\u00e1 ngay c\u00f9ng Grab b\u1ea1n nh\u00e9!\u00a0<\/strong><\/span><\/span><\/p>\n<p><img loading=\"lazy\" decoding=\"async\" width=\"1200\" height=\"854\" class=\"alignnone size-full wp-image-37172 aligncenter\" src=\"https:\/\/assets.grab.com\/wp-content\/uploads\/sites\/11\/2019\/05\/29184507\/DiscoverHub_Step_r6.gif\" alt=\"\" \/><\/p>\n<p><span style=\"color: #000000\">M\u1ebfn ch\u00fac b\u1ea1n ho\u1ea1t \u0111\u1ed9ng hi\u1ec7u qu\u1ea3 v\u00e0 an to\u00e0n!<\/span><\/p>\n<p><strong><span style=\"color: #339966\">Tr\u00e2n tr\u1ecdng\u00a0<\/span><\/strong><\/p>\n<p><strong><span style=\"color: #339966\">\u0110\u1ed9i ng\u0169 GrabCar<\/span><\/strong><\/p>\n","protected":false},"excerpt":{"rendered":"Kh\u00e1m ph\u00e1 nh\u1eefng t\u00ednh n\u0103ng m\u1edbi gi\u00fap t\u0103ng thu nh\u1eadp, ti\u1ebft ki\u1ec7m chi ph\u00ed v\u00e0 t\u1eadn h\u01b0\u1edfng th\u00eam nhi\u1ec1u ti\u1ec7n \u00edch tr\u00ean \u1ee9ng d\u1ee5ng T\u00e0i x\u1ebf d\u00e0nh cho b\u1ea1n B\u1ea1n th\u00e2n m\u1ebfn, Ch\u00fang t\u00f4i kh\u00f4ng ng\u1eebng n\u1ed7 l\u1ef1c \u0111\u1ec3 n\u00e2ng c\u1ea5p \u1ee9ng d\u1ee5ng Grab d\u00e0nh cho T\u00e0i x\u1ebf. Nhi\u1ec1u t\u00ednh n\u0103ng v\u00e0 c\u00f4ng c\u1ee5 m\u1edbi [&hellip;]","protected":false},"author":489,"featured_media":0,"parent":0,"menu_order":0,"comment_status":"closed","ping_status":"closed","template":"","meta":{"_acf_changed":false,"footnotes":""},"acf":[],"_links":{"self":[{"href":"https:\/\/www.grab.com\/vn\/wp-json\/wp\/v2\/pages\/37161"}],"collection":[{"href":"https:\/\/www.grab.com\/vn\/wp-json\/wp\/v2\/pages"}],"about":[{"href":"https:\/\/www.grab.com\/vn\/wp-json\/wp\/v2\/types\/page"}],"author":[{"embeddable":true,"href":"https:\/\/www.grab.com\/vn\/wp-json\/wp\/v2\/users\/489"}],"replies":[{"embeddable":true,"href":"https:\/\/www.grab.com\/vn\/wp-json\/wp\/v2\/comments?post=37161"}],"version-history":[{"count":1,"href":"https:\/\/www.grab.com\/vn\/wp-json\/wp\/v2\/pages\/37161\/revisions"}],"predecessor-version":[{"id":37163,"href":"https:\/\/www.grab.com\/vn\/wp-json\/wp\/v2\/pages\/37161\/revisions\/37163"}],"wp:attachment":[{"href":"https:\/\/www.grab.com\/vn\/wp-json\/wp\/v2\/media?parent=37161"}],"curies":[{"name":"wp","href":"https:\/\/api.w.org\/{rel}","templated":true}]}}