{"id":37022,"date":"2019-05-23T22:03:38","date_gmt":"2019-05-23T14:03:38","guid":{"rendered":"https:\/\/www.grab.com\/vn\/?page_id=37022"},"modified":"2019-05-26T23:03:37","modified_gmt":"2019-05-26T15:03:37","slug":"grabacademy","status":"publish","type":"page","link":"https:\/\/www.grab.com\/vn\/grabacademy\/","title":{"rendered":"GrabAcademy"},"content":{"rendered":"<p>B\u1ea1n \u0111ang c\u1ed1 g\u1eafng truy c\u1eadp <span style=\"color: #339966\"><strong>GrabAcademy<\/strong><\/span> nh\u01b0ng kh\u00f4ng th\u00e0nh c\u00f4ng b\u1eb1ng \u0111\u01b0\u1eddng d\u1eabn li\u00ean k\u1ebft \u0111\u00e3 \u0111\u01b0\u1ee3c cung c\u1ea5p.<\/p>\n<p><span style=\"color: #339966\"><span style=\"color: #000000\">\u0110\u1ec3 truy c\u1eadp<\/span><strong> GrabAcademy<\/strong><\/span>, b\u1ea1n c\u1ea7n \u0111\u0103ng nh\u1eadp v\u00e0o \u1ee9ng d\u1ee5ng T\u00e0i x\u1ebf c\u1ee7a m\u00ecnh <em>(b\u1eadt \u1ee9ng d\u1ee5ng nh\u01b0ng nh\u1edb t\u1eaft thanh s\u1eb5n s\u00e0ng nh\u1eadn cu\u1ed1c \u0111\u1ec3 kh\u00f4ng \u1ea3nh h\u01b0\u1edfng \u0111\u1ebfn t\u1ef7 l\u1ec7 ho\u00e0n th\u00e0nh b\u1ea1n nh\u00e9).<\/em><\/p>\n<p>Khi \u0111\u00e3 truy c\u1eadp <span style=\"color: #339966\"><strong>GrabAcademy<\/strong><\/span> th\u00e0nh c\u00f4ng, b\u1ea1n h\u00e3y quay l\u1ea1i \u0111\u01b0\u1eddng d\u1eabn li\u00ean k\u1ebft v\u1eeba r\u1ed3i <em>(v\u00ed d\u1ee5: Email ho\u1eb7c tin nh\u1eafn trong \u1ee9ng d\u1ee5ng)<\/em> v\u00e0 nh\u1ea5n v\u00e0o li\u00ean k\u1ebft m\u1ed9t l\u1ea7n n\u1eefa \u0111\u1ec3 xem th\u00eam ch\u1ee7 \u0111\u1ec1 trong <span style=\"color: #339966\"><strong>GrabAcademy<\/strong><\/span>. B\u1ea1n s\u1ebd nh\u1eadn \u0111\u01b0\u1ee3c nhi\u1ec1u b\u00ed quy\u1ebft ho\u1ea1t \u0111\u1ed9ng hi\u1ec7u qu\u1ea3 v\u00e0 th\u00f4ng tin h\u1eefu \u00edch ngay l\u1eadp t\u1ee9c!<\/p>\n<p><span style=\"color: #339966\"><strong>L\u01b0u \u00fd cho \u0110\u1ed1i t\u00e1c s\u1eed d\u1ee5ng h\u1ec7 \u0111i\u1ec1u h\u00e0nh iOS:<\/strong><\/span><\/p>\n<p>N\u1ebfu b\u1ea1n \u0111ang d\u00f9ng \u0111i\u1ec7n tho\u1ea1i h\u1ec7 \u0111i\u1ec1u h\u00e0nh iOS, h\u00e3y \u0111\u1ea3m b\u1ea3o b\u1ea1n \u0111\u00e3 c\u1eadp nh\u1eadt \u1ee9ng d\u1ee5ng T\u00e0i x\u1ebf l\u00ean phi\u00ean b\u1ea3n m\u1edbi nh\u1ea5t \u0111\u1ec3 truy c\u1eadp GrabAcademy th\u00f4ng qua c\u00e1c li\u00ean k\u1ebft. Xin l\u1ed7i b\u1ea1n v\u00ec s\u1ef1 b\u1ea5t ti\u1ec7n n\u00e0y<\/p>\n<p><strong><span style=\"color: #339966\">B\u1ea1n c\u0169ng c\u00f3 th\u1ec3 truy c\u1eadp GrabAcademy th\u00f4ng qua m\u1ee5c H\u1ed7 tr\u1ee3:<\/span><\/strong><\/p>\n<ol>\n<li>Ch\u1ecdn <strong><span style=\"color: #339966\">&#8220;Xem th\u00eam&#8221;<\/span><\/strong><\/li>\n<li>Ch\u1ecdn <span style=\"color: #339966\"><strong>&#8220;H\u1ed7 tr\u1ee3&#8221;<\/strong><\/span><\/li>\n<li>Ch\u1ecdn <span style=\"color: #339966\"><strong>&#8220;GrabAcademy&#8221;<\/strong><\/span><\/li>\n<li>Nh\u1ea5n v\u00e0o Ch\u1ee7 \u0111\u1ec1 m\u1edbi \u0111\u1ec3 xem danh s\u00e1ch c\u00e1c ch\u1ee7 \u0111\u1ec1 c\u1ea7n t\u00ecm hi\u1ec3u v\u00e0 tham kh\u1ea3o<\/li>\n<\/ol>\n","protected":false},"excerpt":{"rendered":"B\u1ea1n \u0111ang c\u1ed1 g\u1eafng truy c\u1eadp GrabAcademy nh\u01b0ng kh\u00f4ng th\u00e0nh c\u00f4ng b\u1eb1ng \u0111\u01b0\u1eddng d\u1eabn li\u00ean k\u1ebft \u0111\u00e3 \u0111\u01b0\u1ee3c cung c\u1ea5p. \u0110\u1ec3 truy c\u1eadp GrabAcademy, b\u1ea1n c\u1ea7n \u0111\u0103ng nh\u1eadp v\u00e0o \u1ee9ng d\u1ee5ng T\u00e0i x\u1ebf c\u1ee7a m\u00ecnh (b\u1eadt \u1ee9ng d\u1ee5ng nh\u01b0ng nh\u1edb t\u1eaft thanh s\u1eb5n s\u00e0ng nh\u1eadn cu\u1ed1c \u0111\u1ec3 kh\u00f4ng \u1ea3nh h\u01b0\u1edfng \u0111\u1ebfn t\u1ef7 l\u1ec7 ho\u00e0n th\u00e0nh [&hellip;]","protected":false},"author":523,"featured_media":0,"parent":0,"menu_order":0,"comment_status":"closed","ping_status":"closed","template":"","meta":{"_acf_changed":false,"footnotes":""},"acf":[],"_links":{"self":[{"href":"https:\/\/www.grab.com\/vn\/wp-json\/wp\/v2\/pages\/37022"}],"collection":[{"href":"https:\/\/www.grab.com\/vn\/wp-json\/wp\/v2\/pages"}],"about":[{"href":"https:\/\/www.grab.com\/vn\/wp-json\/wp\/v2\/types\/page"}],"author":[{"embeddable":true,"href":"https:\/\/www.grab.com\/vn\/wp-json\/wp\/v2\/users\/523"}],"replies":[{"embeddable":true,"href":"https:\/\/www.grab.com\/vn\/wp-json\/wp\/v2\/comments?post=37022"}],"version-history":[{"count":0,"href":"https:\/\/www.grab.com\/vn\/wp-json\/wp\/v2\/pages\/37022\/revisions"}],"wp:attachment":[{"href":"https:\/\/www.grab.com\/vn\/wp-json\/wp\/v2\/media?parent=37022"}],"curies":[{"name":"wp","href":"https:\/\/api.w.org\/{rel}","templated":true}]}}