{"id":36713,"date":"2019-05-16T23:28:48","date_gmt":"2019-05-16T15:28:48","guid":{"rendered":"https:\/\/www.grab.com\/vn\/?page_id=36713"},"modified":"2019-05-31T19:51:16","modified_gmt":"2019-05-31T11:51:16","slug":"goi-uu-dai-850","status":"publish","type":"page","link":"https:\/\/www.grab.com\/vn\/goi-uu-dai-850\/","title":{"rendered":"Tr\u1edf th\u00e0nh &#8220;\u0110\u1ea1i gia&#8221; v\u1edbi g\u00f3i \u01b0u \u0111\u00e3i 850.000\u0111"},"content":{"rendered":"<p><img loading=\"lazy\" decoding=\"async\" class=\"aligncenter wp-image-37337 size-full\" src=\"https:\/\/assets.grab.com\/wp-content\/uploads\/sites\/11\/2019\/05\/31195044\/850K_Blog.png\" alt=\"\" width=\"7681\" height=\"2701\" srcset=\"https:\/\/assets.grab.com\/wp-content\/uploads\/sites\/11\/2019\/05\/31195044\/850K_Blog.png 7681w, https:\/\/assets.grab.com\/wp-content\/uploads\/sites\/11\/2019\/05\/31195044\/850K_Blog-250x88.png 250w, https:\/\/assets.grab.com\/wp-content\/uploads\/sites\/11\/2019\/05\/31195044\/850K_Blog-768x270.png 768w, https:\/\/assets.grab.com\/wp-content\/uploads\/sites\/11\/2019\/05\/31195044\/850K_Blog-700x246.png 700w, https:\/\/assets.grab.com\/wp-content\/uploads\/sites\/11\/2019\/05\/31195044\/850K_Blog-120x42.png 120w\" sizes=\"(max-width: 7681px) 100vw, 7681px\" \/><\/p>\n<p>&nbsp;<\/p>\n<p><em><span style=\"font-weight: 400\">B\u1ea1n \u0111\u00e3 s\u1eb5n s\u00e0ng tr\u1edf th\u00e0nh \u201c\u0110\u1ea0I GIA<span style=\"color: #009d3b\"><strong>\u201d<\/strong><\/span> ch\u1ec9 trong <strong>3 ng\u00e0y<\/strong>?<\/span><\/em><\/p>\n<p><span style=\"font-weight: 400\">D\u1ec5 nh\u01b0 m\u1ed9t c\u00e1i b\u00fang tay, trong<strong> 3 ng\u00e0y t\u1eeb 31\/05<\/strong> &#8211; <strong>02\/06<\/strong>, khi <strong>thanh to\u00e1n kh\u00f4ng d\u00f9ng ti\u1ec1n m\u1eb7t<\/strong> (bao g\u1ed3m thanh to\u00e1n qua Th\u1ebb ho\u1eb7c qua V\u00ed \u0111i\u1ec7n t\u1eed <span style=\"color: #0082c8\"><strong>Moca<\/strong> <\/span>tr\u00ean \u1ee9ng d\u1ee5ng <span style=\"color: #009d3b\"><strong>Grab<\/strong><\/span>), b\u1ea1n s\u1ebd nh\u1eadn ngay g\u00f3i \u01b0u \u0111\u00e3i l\u00ean \u0111\u1ebfn <strong><span style=\"color: #009d3b\">850.000\u0111<\/span><\/strong>, bao g\u1ed3m:<\/span><\/p>\n<ul>\n<li><span style=\"font-weight: 400\">\u00a0T\u1eb7ng <strong>50.000\u0111<\/strong> v\u00e0o V\u00ed \u0111i\u1ec7n t\u1eed <span style=\"color: #0082c8\"><strong>Moca<\/strong> <\/span>tr\u00ean \u1ee9ng d\u1ee5ng <span style=\"color: #009d3b\"><strong>Grab<\/strong><\/span><\/span><\/li>\n<li><span style=\"font-weight: 400\"> \u00a0<strong>Ho\u00e0n ti\u1ec1n 30%<\/strong>\u00a0(<em>t\u1ed1i \u0111a 150.000\u0111<\/em>) tr\u00ean giao d\u1ecbch <span style=\"color: #009d3b\"><strong>n\u1ea1p ti\u1ec1n \u0110T\/ mua th\u1ebb c\u00e0o<\/strong><\/span> qua V\u00ed \u0111i\u1ec7n t\u1eed Moca<span style=\"color: #0082c8\">\u00a0<\/span>tr\u00ean \u1ee9ng d\u1ee5ng Grab.<\/span><\/li>\n<li><span style=\"font-weight: 400\"> \u00a0<strong>Ho\u00e0n ti\u1ec1n l\u00ean \u0111\u1ebfn 400.000\u0111<\/strong> khi thanh to\u00e1n qua\u00a0<span style=\"color: #009d3b\"><strong>ho\u00e1 \u0111\u01a1n<\/strong><\/span> V\u00ed \u0111i\u1ec7n t\u1eed Moca<span style=\"color: #0082c8\">\u00a0<\/span>tr\u00ean \u1ee9ng d\u1ee5ng Grab.<\/span><\/li>\n<li><span style=\"font-weight: 400\">\u00a0\u01afu \u0111\u00e3i <strong>100.000\u0111 x 1<\/strong>\u00a0chuy\u1ebfn <span style=\"color: #009d3b\"><strong>GrabCar\/GrabBike<\/strong><\/span>\u00a0khi thanh to\u00e1n kh\u00f4ng d\u00f9ng ti\u1ec1n m\u1eb7t (\u0111\u01b0\u1ee3c g\u1eedi v\u00e0o My Rewards\/ \u01afu \u0111\u00e3i c\u1ee7a t\u00f4i tr\u00ean \u1ee9ng d\u1ee5ng Grab). <\/span><\/li>\n<li><span style=\"font-weight: 400\">\u00a0\u01afu \u0111\u00e3i <strong>75.000\u0111 x 2<\/strong>\u00a0 \u0111\u01a1n h\u00e0ng <span style=\"color: #009d3b\"><strong>GrabFood<\/strong><\/span> c\u00f3 gi\u00e1 tr\u1ecb\u00a0<em>t\u1ed1i thi\u1ec3u 100.000\u0111<\/em>\u00a0(\u0111\u01b0\u1ee3c g\u1eedi v\u00e0o My Rewards\/ \u01afu \u0111\u00e3i c\u1ee7a t\u00f4i tr\u00ean \u1ee9ng d\u1ee5ng Grab).<\/span><\/li>\n<\/ul>\n<p><span style=\"font-weight: 400\">S\u1eed d\u1ee5ng ngay k\u1ebbo tu\u1ed9t kh\u1ecfi tay nha Grabbers \u01a1i!<\/span><\/p>\n<p><strong><u>L\u01b0u \u00fd:<\/u>\u00a0<\/strong><br \/>\n&#8211; \u01afu \u0111\u00e3i ch\u1ec9 \u00e1p d\u1ee5ng cho kh\u00e1ch h\u00e0ng nh\u1eadn \u0111\u01b0\u1ee3c th\u00f4ng b\u00e1o.<br \/>\n&#8211; Kh\u00e1ch h\u00e0ng\u00a0<i>kh\u00f4ng c\u1ea7n t\u1ea3i \u1ee9ng d\u1ee5ng Moca<\/i>, m\u00e0 c\u00f3 th\u1ec3 s\u1eed d\u1ee5ng V\u00ed \u0111i\u1ec7n t\u1eed Moca tr\u1ef1c ti\u1ebfp ngay tr\u00ean \u1ee9ng d\u1ee5ng Grab.<\/p>\n<table style=\"width: 943px;padding: 15px;height: 1524px\">\n<tbody>\n<tr style=\"height: 92px\">\n<td style=\"width: 286.91px;border: 1px solid black;height: 30px;padding: 15px\">\u00a0\u01afu \u0111\u00e3i<\/td>\n<td style=\"width: 559.132px;border: 1px solid black;height: 30px;padding: 15px;text-align: center\" colspan=\"2\">\u0110i\u1ec1u kho\u1ea3n v\u00e0 \u0111i\u1ec1u ki\u1ec7n \u00e1p d\u1ee5ng<\/td>\n<\/tr>\n<tr style=\"height: 21px\">\n<td style=\"width: 286.91px;border: 1px solid black;height: 43px;padding: 15px\"><span style=\"font-weight: 400\">T\u1eb7ng <strong>50.000\u0111<\/strong> v\u00e0o V\u00ed \u0111i\u1ec7n t\u1eed Moca tr\u00ean \u1ee9ng d\u1ee5ng Grab<br \/>\n<\/span><span style=\"font-weight: 400\"><br \/>\n<\/span><\/td>\n<td style=\"width: 559.132px;border: 1px solid black;height: 43px;padding: 15px;text-align: center\" colspan=\"2\">\n<ul>\n<li style=\"font-weight: 400;text-align: left\">Ti\u1ec1n \u0111\u01b0\u1ee3c g\u1eedi tr\u1ef1c ti\u1ebfp \u0111\u1ebfn trang &#8220;My Rewards\/ \u01afu \u0111\u00e3i c\u1ee7a t\u00f4i&#8221; tr\u00ean \u1ee9ng d\u1ee5ng d\u01b0\u1edbi h\u00ecnh th\u1ee9c Rewards\/ \u01afu \u0111\u00e3i.<\/li>\n<li style=\"font-weight: 400;text-align: left\">M\u1ed7i kh\u00e1ch h\u00e0ng ch\u1ec9 nh\u1eadn 1 Rewards\/ \u01afu \u0111\u00e3i trong su\u1ed1t th\u1eddi gian di\u1ec5n ra ch\u01b0\u01a1ng tr\u00ecnh.<\/li>\n<li style=\"font-weight: 400;text-align: left\">Rewards\/ \u01afu \u0111\u00e3i c\u00f3 th\u1eddi h\u1ea1n quy \u0111\u1ed5i l\u00e0 3 ng\u00e0y. N\u1ebfu qu\u00e1 th\u1eddi h\u1ea1n quy \u0111\u1ed5i Rewards\/ \u01afu \u0111\u00e3i th\u00e0nh ti\u1ec1n v\u00e0o V\u00ed, kh\u00e1ch h\u00e0ng s\u1ebd KH\u00d4NG TH\u1ec2 nh\u1eadn \u0111\u01b0\u1ee3c ph\u1ea7n ho\u00e0n ti\u1ec1n v\u00e0o V\u00ed.<\/li>\n<li style=\"font-weight: 400;text-align: left\">Ch\u01b0\u01a1ng tr\u00ecnh ch\u1ec9 \u00e1p d\u1ee5ng cho kh\u00e1ch h\u00e0ng nh\u1eadn \u0111\u01b0\u1ee3c th\u00f4ng b\u00e1o.<\/li>\n<li style=\"font-weight: 400;text-align: left\">S\u1ed1 l\u01b0\u1ee3t khuy\u1ebfn m\u00e3i c\u00f3 gi\u1edbi h\u1ea1n, ch\u01b0\u01a1ng tr\u00ecnh c\u00f3 th\u1ec3 k\u1ebft th\u00fac s\u1edbm h\u01a1n d\u1ef1 ki\u1ebfn.<\/li>\n<li style=\"font-weight: 400;text-align: left\">\u01afu \u0111\u00e3i ch\u1ec9 \u00e1p d\u1ee5ng tr\u00ean phi\u00ean b\u1ea3n \u1ee9ng d\u1ee5ng m\u1edbi nh\u1ea5t.<\/li>\n<\/ul>\n<\/td>\n<\/tr>\n<tr style=\"height: 21px\">\n<td style=\"width: 286.91px;border: 1px solid black;height: 88px;padding: 15px\"><span style=\"font-weight: 400\"><strong>Ho\u00e0n ti\u1ec1n 30%<\/strong> cho giao d\u1ecbch n\u1ea1p ti\u1ec1n \u0111i\u1ec7n tho\u1ea1i qua V\u00ed<\/span><span style=\"font-weight: 400\"><br \/>\n<\/span><\/td>\n<td style=\"width: 559.132px;border: 1px solid black;padding: 15px;height: 88px;text-align: center\" colspan=\"2\">\n<ul>\n<li style=\"font-weight: 400;text-align: left\"><span style=\"font-weight: 400\">Ho\u00e0n ti\u1ec1n s\u1ebd \u0111\u01b0\u1ee3c hi\u1ec3n th\u1ecb trong m\u1ee5c \u201cMy Rewards\/ \u01afu \u0111\u00e3i c\u1ee7a t\u00f4i&#8221; tr\u00ean \u1ee9ng d\u1ee5ng sau khi kh\u00e1ch h\u00e0ng ho\u00e0n th\u00e0nh giao d\u1ecbch n\u1ea1p ti\u1ec1n \u0111i\u1ec7n tho\u1ea1i\/ mua m\u00e3 th\u1ebb n\u1ea1p.<\/span><\/li>\n<li style=\"font-weight: 400;text-align: left\"><span style=\"font-weight: 400\">Kh\u00e1ch h\u00e0ng c\u1ea7n quy \u0111\u1ed5i \u01b0u \u0111\u00e3i n\u00e0y \u0111\u1ec3 nh\u1eadn ho\u00e0n ti\u1ec1n v\u00e0o t\u00e0i kho\u1ea3n V\u00ed \u0111i\u1ec7n t\u1eed trong th\u1eddi h\u1ea1n 3 ng\u00e0y k\u1ec3 t\u1eeb khi nh\u1eadn Rewards\/ \u01afu \u0111\u00e3i n\u00e0y. N\u1ebfu qu\u00e1 th\u1eddi h\u1ea1n tr\u00ean, kh\u00e1ch h\u00e0ng s\u1ebd KH\u00d4NG TH\u1ec2 nh\u1eadn \u0111\u01b0\u1ee3c ho\u00e0n ti\u1ec1n v\u00e0o t\u00e0i kho\u1ea3n V\u00ed \u0111i\u1ec7n t\u1eed. <\/span><\/li>\n<li style=\"font-weight: 400;text-align: left\"><span style=\"font-weight: 400\">M\u1ed7i kh\u00e1ch h\u00e0ng ch\u1ec9 \u0111\u01b0\u1ee3c 1 l\u1ea7n ho\u00e0n ti\u1ec1n trong su\u1ed1t th\u1eddi gian khuy\u1ebfn m\u00e3i.<\/span><\/li>\n<li style=\"font-weight: 400;text-align: left\"><span style=\"font-weight: 400\">S\u1ed1 l\u01b0\u1ee3t khuy\u1ebfn m\u00e3i c\u00f3 gi\u1edbi h\u1ea1n, ch\u01b0\u01a1ng tr\u00ecnh c\u00f3 th\u1ec3 k\u1ebft th\u00fac s\u1edbm h\u01a1n d\u1ef1 ki\u1ebfn.<\/span><\/li>\n<li style=\"font-weight: 400;text-align: left\"><span style=\"font-weight: 400\">S\u1ed1 l\u01b0\u1ee3ng n\u1ea1p ti\u1ec1n \u0111i\u1ec7n tho\u1ea1i v\u00e0 m\u00e3 th\u1ebb n\u1ea1p c\u00f3 gi\u1edbi h\u1ea1n trong ng\u00e0y.<\/span><\/li>\n<li style=\"font-weight: 400;text-align: left\"><span style=\"font-weight: 400\">\u01afu \u0111\u00e3i ch\u1ec9 \u00e1p d\u1ee5ng tr\u00ean phi\u00ean b\u1ea3n \u1ee9ng d\u1ee5ng m\u1edbi nh\u1ea5t.<\/span><\/li>\n<\/ul>\n<\/td>\n<\/tr>\n<tr style=\"height: 21px\">\n<td style=\"width: 286.91px;border: 1px solid black;height: 73px;padding: 15px\"><span style=\"font-weight: 400\"><strong>Ho\u00e0n ti\u1ec1n l\u00ean \u0111\u1ebfn 400.000\u0111<\/strong> cho giao d\u1ecbch thanh to\u00e1n ho\u00e1 \u0111\u01a1n qua V\u00ed<\/span><\/td>\n<td style=\"width: 559.132px;border: 1px solid black;height: 73px;padding: 15px;text-align: center\" colspan=\"2\">\n<ul>\n<li style=\"font-weight: 400;text-align: left\">Ho\u00e0n ti\u1ec1n 50.000\u0111 cho h\u00f3a \u0111\u01a1n t\u1eeb 300.000\u0111 \u0111\u1ebfn d\u01b0\u1edbi 500.000\u0111.<\/li>\n<li style=\"font-weight: 400;text-align: left\">Ho\u00e0n ti\u1ec1n 100.000\u0111 cho h\u00f3a \u0111\u01a1n t\u1eeb 500.000\u0111 \u0111\u1ebfn d\u01b0\u1edbi 1 tri\u1ec7u \u0111\u1ed3ng.<\/li>\n<li style=\"font-weight: 400;text-align: left\">Ho\u00e0n ti\u1ec1n 200.000\u0111 cho h\u00f3a \u0111\u01a1n t\u1eeb 1 tri\u1ec7u \u0111\u1ed3ng tr\u1edf l\u00ean.<\/li>\n<\/ul>\n<p style=\"text-align: left\"><strong>L\u01b0u \u00fd:<\/strong><br \/>\n\u2013 M\u1ed7i kh\u00e1ch h\u00e0ng ch\u1ec9 \u0111\u01b0\u1ee3c nh\u1eadn 2 l\u1ea7n ho\u00e0n ti\u1ec1n (t\u1ed5ng gi\u00e1 tr\u1ecb t\u1ed1i \u0111a l\u00e0 400.000\u0111) trong su\u1ed1t th\u1eddi gian ch\u01b0\u01a1ng tr\u00ecnh di\u1ec5n ra.<br \/>\n\u2013 \u01afu \u0111\u00e3i s\u1ebd \u0111\u01b0\u1ee3c g\u1eedi d\u01b0\u1edbi h\u00ecnh th\u1ee9c Rewards\/\u01afu \u0111\u00e3i trong trang \u201cMy Rewards\/ \u01afu \u0111\u00e3i c\u1ee7a t\u00f4i\u201d tr\u00ean \u1ee9ng d\u1ee5ng sau khi kh\u00e1ch h\u00e0ng ho\u00e0n th\u00e0nh giao d\u1ecbch Thanh to\u00e1n H\u00f3a \u0111\u01a1n.<br \/>\n\u2013 Kh\u00e1ch h\u00e0ng c\u1ea7n quy \u0111\u1ed5i Rewards\/\u01afu \u0111\u00e3i \u0111\u1ec3 nh\u1eadn ho\u00e0n ti\u1ec1n v\u00e0o t\u00e0i kho\u1ea3n v\u00ed \u0111i\u1ec7n t\u1eed trong th\u1eddi h\u1ea1n 3 ng\u00e0y k\u1ec3 t\u1eeb khi nh\u1eadn Rewards\/\u01afu \u0111\u00e3i n\u00e0y. N\u1ebfu qu\u00e1 th\u1eddi h\u1ea1n quy \u0111\u1ed5i Rewards\/\u01afu \u0111\u00e3i th\u00e0nh ti\u1ec1n v\u00e0o v\u00ed, kh\u00e1ch h\u00e0ng s\u1ebd KH\u00d4NG TH\u1ec2 nh\u1eadn \u0111\u01b0\u1ee3c ph\u1ea7n ho\u00e0n ti\u1ec1n t\u1eeb giao d\u1ecbch thanh to\u00e1n ho\u00e1 \u0111\u01a1n \u0111\u00e3 th\u1ef1c hi\u1ec7n.<br \/>\n\u2013 S\u1ed1 l\u01b0\u1ee3t khuy\u1ebfn m\u00e3i c\u00f3 gi\u1edbi h\u1ea1n, ch\u01b0\u01a1ng tr\u00ecnh c\u00f3 th\u1ec3 k\u1ebft th\u00fac s\u1edbm h\u01a1n d\u1ef1 ki\u1ebfn.<br \/>\n\u2013 \u01afu \u0111\u00e3i ch\u1ec9 \u00e1p d\u1ee5ng tr\u00ean phi\u00ean b\u1ea3n \u1ee9ng d\u1ee5ng m\u1edbi nh\u1ea5t.<br \/>\n\u2013 Ch\u01b0\u01a1ng tr\u00ecnh ch\u1ec9 \u00e1p d\u1ee5ng cho kh\u00e1ch h\u00e0ng nh\u1eadn \u0111\u01b0\u1ee3c th\u00f4ng b\u00e1o.<br \/>\n\u2013 \u00c1p d\u1ee5ng khi thanh to\u00e1n ho\u00e1 \u0111\u01a1n \u0111i\u1ec7n\/ n\u01b0\u1edbc \/ \u0111i\u1ec7n tho\u1ea1i tr\u1ea3 sau.<\/p>\n<\/td>\n<\/tr>\n<tr style=\"height: 199px\">\n<td style=\"width: 286.91px;border: 1px solid black;padding: 15px;height: 199px\"><span style=\"font-weight: 400\">\u01afu \u0111\u00e3i<strong> 100.000\u0111 x 1<\/strong>\u00a0chuy\u1ebfn GrabCar\/GrabBike<\/span><\/td>\n<td style=\"border: 1px solid black;padding: 15px;height: 199px;width: 559.132px\" colspan=\"2\">\n<ul>\n<li style=\"font-weight: 400;text-align: left\"><span style=\"font-weight: 400\">\u01afu \u0111\u00e3i \u0111\u01b0\u1ee3c g\u1eedi tr\u1ef1c ti\u1ebfp \u0111\u1ebfn trang &#8220;My Rewards\/ \u01afu \u0111\u00e3i c\u1ee7a t\u00f4i&#8221; tr\u00ean \u1ee9ng d\u1ee5ng Grab. M\u1ed7i kh\u00e1ch h\u00e0ng ch\u1ec9 nh\u1eadn 1 Rewards\/ \u01afu \u0111\u00e3i trong su\u1ed1t th\u1eddi gian di\u1ec5n ra ch\u01b0\u01a1ng tr\u00ecnh.<\/span><\/li>\n<li style=\"font-weight: 400;text-align: left\"><span style=\"font-weight: 400\"><span style=\"font-weight: 400\">\u00c1p d\u1ee5ng cho c\u00e1c d\u1ecbch v\u1ee5 GrabCar\/GrabBike\u00a0<\/span><\/span><span style=\"font-weight: 400\">tr\u00ean to\u00e0n qu\u1ed1c.<\/span><\/li>\n<li style=\"font-weight: 400;text-align: left\"><span style=\"font-weight: 400\">\u01afu \u0111\u00e3i kh\u00f4ng bao g\u1ed3m ph\u1ee5 ph\u00ed. B\u1ea1n vui l\u00f2ng thanh to\u00e1n ph\u1ee5 ph\u00ed (n\u1ebfu c\u00f3) cho t\u00e0i x\u1ebf.<\/span><\/li>\n<li style=\"font-weight: 400;text-align: left\"><span style=\"font-weight: 400\">S\u1ed1 l\u01b0\u1ee3t \u01b0u \u0111\u00e3i c\u00f3 gi\u1edbi h\u1ea1n, ch\u01b0\u01a1ng tr\u00ecnh c\u00f3 th\u1ec3 k\u1ebft th\u00fac s\u1edbm h\u01a1n d\u1ef1 ki\u1ebfn.<\/span><\/li>\n<li style=\"font-weight: 400;text-align: left\"><span style=\"font-weight: 400\">\u01afu \u0111\u00e3i ch\u1ec9 \u00e1p d\u1ee5ng tr\u00ean phi\u00ean b\u1ea3n \u1ee9ng d\u1ee5ng m\u1edbi nh\u1ea5t.<\/span><\/li>\n<li style=\"font-weight: 400;text-align: left\"><span style=\"font-weight: 400\">Ch\u01b0\u01a1ng tr\u00ecnh ch\u1ec9 \u00e1p d\u1ee5ng cho kh\u00e1ch h\u00e0ng nh\u1eadn \u0111\u01b0\u1ee3c th\u00f4ng b\u00e1o.<\/span><\/li>\n<\/ul>\n<\/td>\n<\/tr>\n<tr>\n<td style=\"width: 286.91px;border: 1px solid black;padding: 15px\">\u00a0<span style=\"font-weight: 400\">\u01afu \u0111\u00e3i <strong>75.000\u0111 x 2<\/strong>\u00a0 \u0111\u01a1n h\u00e0ng GrabFood<\/span><\/td>\n<td style=\"border: 1px solid black;padding: 15px;text-align: center;width: 559.132px\" colspan=\"2\">\n<ul>\n<li style=\"font-weight: 400;text-align: left\"><span style=\"font-weight: 400\">\u01afu \u0111\u00e3i \u0111\u01b0\u1ee3c g\u1eedi tr\u1ef1c ti\u1ebfp \u0111\u1ebfn trang &#8220;My Rewards\/ \u01afu \u0111\u00e3i c\u1ee7a t\u00f4i&#8221; tr\u00ean \u1ee9ng d\u1ee5ng Grab. M\u1ed7i kh\u00e1ch h\u00e0ng ch\u1ec9 nh\u1eadn 2 Rewards\/ \u01afu \u0111\u00e3i trong su\u1ed1t th\u1eddi gian di\u1ec5n ra ch\u01b0\u01a1ng tr\u00ecnh.<\/span><\/li>\n<li style=\"font-weight: 400;text-align: left\"><span style=\"font-weight: 400\">\u00c1p d\u1ee5ng cho c\u00e1c d\u1ecbch v\u1ee5 GrabFood \u00a0t\u1ea1i Tp. H\u1ed3 Ch\u00ed Minh, H\u00e0 N\u1ed9i v\u00e0 \u0110\u00e0 N\u1eb5ng.<\/span><\/li>\n<li style=\"font-weight: 400;text-align: left\"><span style=\"font-weight: 400\">\u01afu \u0111\u00e3i kh\u00f4ng bao g\u1ed3m ph\u1ee5 ph\u00ed. B\u1ea1n vui l\u00f2ng thanh to\u00e1n ph\u1ee5 ph\u00ed (n\u1ebfu c\u00f3) cho t\u00e0i x\u1ebf.<\/span><\/li>\n<li style=\"font-weight: 400;text-align: left\"><span style=\"font-weight: 400\">S\u1ed1 l\u01b0\u1ee3t \u01b0u \u0111\u00e3i c\u00f3 gi\u1edbi h\u1ea1n, ch\u01b0\u01a1ng tr\u00ecnh c\u00f3 th\u1ec3 k\u1ebft th\u00fac s\u1edbm h\u01a1n d\u1ef1 ki\u1ebfn.<\/span><\/li>\n<li style=\"font-weight: 400;text-align: left\"><span style=\"font-weight: 400\">Ch\u01b0\u01a1ng tr\u00ecnh ch\u1ec9 \u00e1p d\u1ee5ng cho kh\u00e1ch h\u00e0ng nh\u1eadn \u0111\u01b0\u1ee3c th\u00f4ng b\u00e1o. \u00a0<\/span><\/li>\n<\/ul>\n<\/td>\n<\/tr>\n<\/tbody>\n<\/table>\n<p><\/p>\n","protected":false},"excerpt":{"rendered":"&nbsp; B\u1ea1n \u0111\u00e3 s\u1eb5n s\u00e0ng tr\u1edf th\u00e0nh \u201c\u0110\u1ea0I GIA\u201d ch\u1ec9 trong 3 ng\u00e0y? D\u1ec5 nh\u01b0 m\u1ed9t c\u00e1i b\u00fang tay, trong 3 ng\u00e0y t\u1eeb 31\/05 &#8211; 02\/06, khi thanh to\u00e1n kh\u00f4ng d\u00f9ng ti\u1ec1n m\u1eb7t (bao g\u1ed3m thanh to\u00e1n qua Th\u1ebb ho\u1eb7c qua V\u00ed \u0111i\u1ec7n t\u1eed Moca tr\u00ean \u1ee9ng d\u1ee5ng Grab), b\u1ea1n s\u1ebd nh\u1eadn ngay g\u00f3i \u01b0u [&hellip;]","protected":false},"author":237,"featured_media":0,"parent":0,"menu_order":0,"comment_status":"closed","ping_status":"closed","template":"","meta":{"_acf_changed":false,"footnotes":""},"acf":[],"_links":{"self":[{"href":"https:\/\/www.grab.com\/vn\/wp-json\/wp\/v2\/pages\/36713"}],"collection":[{"href":"https:\/\/www.grab.com\/vn\/wp-json\/wp\/v2\/pages"}],"about":[{"href":"https:\/\/www.grab.com\/vn\/wp-json\/wp\/v2\/types\/page"}],"author":[{"embeddable":true,"href":"https:\/\/www.grab.com\/vn\/wp-json\/wp\/v2\/users\/237"}],"replies":[{"embeddable":true,"href":"https:\/\/www.grab.com\/vn\/wp-json\/wp\/v2\/comments?post=36713"}],"version-history":[{"count":1,"href":"https:\/\/www.grab.com\/vn\/wp-json\/wp\/v2\/pages\/36713\/revisions"}],"predecessor-version":[{"id":36714,"href":"https:\/\/www.grab.com\/vn\/wp-json\/wp\/v2\/pages\/36713\/revisions\/36714"}],"wp:attachment":[{"href":"https:\/\/www.grab.com\/vn\/wp-json\/wp\/v2\/media?parent=36713"}],"curies":[{"name":"wp","href":"https:\/\/api.w.org\/{rel}","templated":true}]}}