{"id":36695,"date":"2019-05-16T20:49:13","date_gmt":"2019-05-16T12:49:13","guid":{"rendered":"https:\/\/www.grab.com\/vn\/?page_id=36695"},"modified":"2019-05-31T13:56:01","modified_gmt":"2019-05-31T05:56:01","slug":"goi-uu-dai-900-000d-3105-0206","status":"publish","type":"page","link":"https:\/\/www.grab.com\/vn\/goi-uu-dai-900-000d-3105-0206\/","title":{"rendered":"G\u00f3i \u01b0u \u0111\u00e3i ch\u1edbp nho\u00e1ng &#8211; gi\u00e1 tr\u1ecb SI\u00caU KH\u1ee6NG 900.000\u0111"},"content":{"rendered":"<p><img loading=\"lazy\" decoding=\"async\" class=\"aligncenter wp-image-37262 size-full\" src=\"https:\/\/assets.grab.com\/wp-content\/uploads\/sites\/11\/2019\/05\/31100736\/900K_Blog_2Days1.png\" alt=\"\" width=\"7681\" height=\"2701\" srcset=\"https:\/\/assets.grab.com\/wp-content\/uploads\/sites\/11\/2019\/05\/31100736\/900K_Blog_2Days1.png 7681w, https:\/\/assets.grab.com\/wp-content\/uploads\/sites\/11\/2019\/05\/31100736\/900K_Blog_2Days1-250x88.png 250w, https:\/\/assets.grab.com\/wp-content\/uploads\/sites\/11\/2019\/05\/31100736\/900K_Blog_2Days1-768x270.png 768w, https:\/\/assets.grab.com\/wp-content\/uploads\/sites\/11\/2019\/05\/31100736\/900K_Blog_2Days1-700x246.png 700w, https:\/\/assets.grab.com\/wp-content\/uploads\/sites\/11\/2019\/05\/31100736\/900K_Blog_2Days1-120x42.png 120w\" sizes=\"(max-width: 7681px) 100vw, 7681px\" \/><\/p>\n<p><span style=\"font-weight: 400\"><br \/>\nCh\u1ec9 trong <strong style=\"font-weight: 400\">3 ng\u00e0y<\/strong>, t\u1eeb\u00a0<strong style=\"font-weight: 400\">31\/05 <\/strong>\u0111\u1ebfn<strong style=\"font-weight: 400\">\u00a002\/06\/2019<\/strong>, <span style=\"color: #009d3b\"><strong>Grab<\/strong><\/span> t\u1eb7ng kh\u00e1ch h\u00e0ng may m\u1eafn g\u00f3i \u01b0u \u0111\u00e3i ch\u1edbp nho\u00e1ng v\u1edbi gi\u00e1 tr\u1ecb <strong style=\"font-weight: 400\">SI\u00caU KH\u1ee6NG<\/strong> l\u00ean \u0111\u1ebfn\u00a0<span style=\"color: #009d3b\"><strong>900.000\u0111<\/strong><\/span>. Nh\u1eadn \u0111\u01b0\u1ee3c th\u00f4ng b\u00e1o, b\u1ea1n nh\u1edb s\u1eed d\u1ee5ng ngay k\u1ebbo l\u1ee1 nh\u00e9!<\/span><\/p>\n<p><em><span style=\"font-weight: 400\">Chi ti\u1ebft g\u00f3i \u01b0u \u0111\u00e3i nh\u01b0 sau:<\/span><\/em><\/p>\n<ul>\n<li><span style=\"font-weight: 400\">\u00a0<strong>Ho\u00e0n ti\u1ec1n 30%<\/strong> (T\u1ed1i \u0111a 150.000\u0111) tr\u00ean giao d\u1ecbch <span style=\"color: #009d3b\"><strong>n\u1ea1p ti\u1ec1n \u0110T\/ mua th\u1ebb n\u1ea1p<\/strong><\/span> qua V\u00ed \u0111i\u1ec7n t\u1eed <span style=\"color: #0082c8\"><strong>Moca<\/strong> <\/span>tr\u00ean \u1ee9ng d\u1ee5ng <span style=\"color: #009d3b\"><strong>Grab<\/strong><\/span>.<\/span><\/li>\n<li><span style=\"font-weight: 400\">\u00a0<strong>Ho\u00e0n ti\u1ec1n<\/strong> l\u00ean \u0111\u1ebfn <strong>400.000\u0111<\/strong> khi <span style=\"color: #009d3b\"><strong>thanh to\u00e1n ho\u00e1 \u0111\u01a1n<\/strong><\/span> V\u00ed \u0111i\u1ec7n t\u1eed <span style=\"color: #0082c8\"><strong>Moca<\/strong> <\/span>tr\u00ean \u1ee9ng d\u1ee5ng <span style=\"color: #009d3b\"><strong>Grab<\/strong><\/span>.<\/span><\/li>\n<li><span style=\"font-weight: 400\">\u00a0\u01afu \u0111\u00e3i <\/span><span style=\"font-weight: 400\"><b>50%\u00a0<\/b>chuy\u1ebfn <span style=\"color: #009d3b\"><strong>GrabCar<\/strong><\/span>\u00a0t\u1ed1i \u0111a 30.000\u0111 x 5 chuy\u1ebfn (\u0111\u01b0\u1ee3c g\u1eedi th\u1eb3ng v\u00e0o \u201c<em style=\"font-weight: 400\">My Rewards\/ \u01afu \u0111\u00e3i c\u1ee7a t\u00f4i<\/em>\u201d).<\/span><\/li>\n<li><span style=\"font-weight: 400\">\u00a0\u01afu \u0111\u00e3i <strong>50%<\/strong>\u00a0chuy\u1ebfn <span style=\"color: #009d3b\"><strong>GrabBike<\/strong><\/span>\u00a0t\u1ed1i \u0111a 20.000\u0111 x 5 chuy\u1ebfn (\u0111\u01b0\u1ee3c g\u1eedi th\u1eb3ng v\u00e0o \u201c<em>My Rewards\/ \u01afu \u0111\u00e3i c\u1ee7a t\u00f4i<\/em>\u201d).<\/span><\/li>\n<li><span style=\"font-weight: 400\">\u00a0\u01afu \u0111\u00e3i <strong>50.000\u0111 x 2<\/strong>\u00a0\u0111\u01a1n h\u00e0ng <span style=\"color: #009d3b\"><strong>GrabFood<\/strong><\/span> c\u00f3 gi\u00e1 tr\u1ecb <em>t\u1ed1i thi\u1ec3u 80.000\u0111<\/em> (\u0111\u01b0\u1ee3c g\u1eedi th\u1eb3ng v\u00e0o \u201c<em>My Rewards\/ \u01afu \u0111\u00e3i c\u1ee7a t\u00f4i<\/em>\u201d).<\/span><\/li>\n<\/ul>\n<p><strong><br \/>\nL\u01b0u \u00fd: <\/strong><\/p>\n<ul>\n<li style=\"font-weight: 400\"><span style=\"font-weight: 400\">\u01afu \u0111\u00e3i ch\u1ec9 \u00e1p d\u1ee5ng khi thanh to\u00e1n qua V\u00ed \u0111i\u1ec7n t\u1eed Moca tr\u00ean \u1ee9ng d\u1ee5ng Grab v\u00e0 \u00e1p d\u1ee5ng cho kh\u00e1ch h\u00e0ng nh\u1eadn \u0111\u01b0\u1ee3c th\u00f4ng b\u00e1o<\/span><\/li>\n<li style=\"font-weight: 400\"><span style=\"font-weight: 400\">Kh\u00e1ch h\u00e0ng <\/span><i><span style=\"font-weight: 400\">kh\u00f4ng c\u1ea7n<\/span><\/i><span style=\"font-weight: 400\"><span style=\"font-weight: 400\"><em> t\u1ea3i \u1ee9ng d\u1ee5ng Moca<\/em>, m\u00e0 c\u00f3 th\u1ec3 s\u1eed d\u1ee5ng V\u00ed \u0111i\u1ec7n t\u1eed Moca tr\u1ef1c ti\u1ebfp ngay tr\u00ean \u1ee9ng d\u1ee5ng Grab.<\/span><\/span><\/li>\n<\/ul>\n<table style=\"width: 932px;padding: 15px;height: 1180px\">\n<tbody>\n<tr style=\"height: 92px\">\n<td style=\"width: 286px;border: 1px solid black;height: 30px;padding: 15px\">\u00a0\u01afu \u0111\u00e3i<\/td>\n<td style=\"width: 10px;border: 1px solid black;height: 30px;padding: 15px;text-align: center\" colspan=\"2\">\u0110i\u1ec1u kho\u1ea3n v\u00e0 \u0111i\u1ec1u ki\u1ec7n \u00e1p d\u1ee5ng<\/td>\n<\/tr>\n<tr style=\"height: 21px\">\n<td style=\"width: 286px;border: 1px solid black;height: 43px;padding: 15px\"><span style=\"font-weight: 400\"><strong>Ho\u00e0n ti\u1ec1n 30%<\/strong> cho giao d\u1ecbch n\u1ea1p ti\u1ec1n \u0111i\u1ec7n tho\u1ea1i qua V\u00ed<\/span><\/td>\n<td style=\"width: 10px;border: 1px solid black;height: 43px;padding: 15px;text-align: center\" colspan=\"2\">\n<ul>\n<li style=\"font-weight: 400;text-align: left\"><span style=\"font-weight: 400\">Ho\u00e0n ti\u1ec1n s\u1ebd \u0111\u01b0\u1ee3c hi\u1ec3n th\u1ecb trong m\u1ee5c \u201cMy Rewards\/ \u01afu \u0111\u00e3i c\u1ee7a t\u00f4i&#8221; tr\u00ean \u1ee9ng d\u1ee5ng sau khi kh\u00e1ch h\u00e0ng ho\u00e0n th\u00e0nh giao d\u1ecbch n\u1ea1p ti\u1ec1n \u0111i\u1ec7n tho\u1ea1i\/ mua m\u00e3 th\u1ebb n\u1ea1p.<\/span><\/li>\n<li style=\"font-weight: 400;text-align: left\"><span style=\"font-weight: 400\">Kh\u00e1ch h\u00e0ng c\u1ea7n quy \u0111\u1ed5i \u01b0u \u0111\u00e3i n\u00e0y \u0111\u1ec3 nh\u1eadn ho\u00e0n ti\u1ec1n v\u00e0o t\u00e0i kho\u1ea3n V\u00ed \u0111i\u1ec7n t\u1eed trong th\u1eddi h\u1ea1n 3 ng\u00e0y k\u1ec3 t\u1eeb khi nh\u1eadn Rewards\/ \u01afu \u0111\u00e3i n\u00e0y. N\u1ebfu qu\u00e1 th\u1eddi h\u1ea1n tr\u00ean, kh\u00e1ch h\u00e0ng s\u1ebd KH\u00d4NG TH\u1ec2 nh\u1eadn \u0111\u01b0\u1ee3c ho\u00e0n ti\u1ec1n v\u00e0o t\u00e0i kho\u1ea3n V\u00ed \u0111i\u1ec7n t\u1eed. <\/span><\/li>\n<li style=\"font-weight: 400;text-align: left\"><span style=\"font-weight: 400\">M\u1ed7i kh\u00e1ch h\u00e0ng ch\u1ec9 \u0111\u01b0\u1ee3c 1 l\u1ea7n ho\u00e0n ti\u1ec1n trong su\u1ed1t th\u1eddi gian khuy\u1ebfn m\u00e3i.<\/span><\/li>\n<li style=\"font-weight: 400;text-align: left\"><span style=\"font-weight: 400\">S\u1ed1 l\u01b0\u1ee3t khuy\u1ebfn m\u00e3i c\u00f3 gi\u1edbi h\u1ea1n, ch\u01b0\u01a1ng tr\u00ecnh c\u00f3 th\u1ec3 k\u1ebft th\u00fac s\u1edbm h\u01a1n d\u1ef1 ki\u1ebfn.<\/span><\/li>\n<li style=\"font-weight: 400;text-align: left\"><span style=\"font-weight: 400\">S\u1ed1 l\u01b0\u1ee3ng n\u1ea1p ti\u1ec1n \u0111i\u1ec7n tho\u1ea1i v\u00e0 m\u00e3 th\u1ebb n\u1ea1p c\u00f3 gi\u1edbi h\u1ea1n trong ng\u00e0y.<\/span><\/li>\n<li style=\"font-weight: 400;text-align: left\"><span style=\"font-weight: 400\">\u01afu \u0111\u00e3i ch\u1ec9 \u00e1p d\u1ee5ng tr\u00ean phi\u00ean b\u1ea3n \u1ee9ng d\u1ee5ng m\u1edbi nh\u1ea5t. <\/span><\/li>\n<\/ul>\n<\/td>\n<\/tr>\n<tr style=\"height: 21px\">\n<td style=\"width: 286px;border: 1px solid black;height: 88px;padding: 15px\"><strong>Ho\u00e0n ti\u1ec1n<\/strong> l\u00ean \u0111\u1ebfn <strong>400.000\u0111<\/strong> cho giao d\u1ecbch thanh to\u00e1n ho\u00e1 \u0111\u01a1n qua V\u00ed<\/td>\n<td style=\"width: 10px;border: 1px solid black;padding: 15px;height: 88px;text-align: center\" colspan=\"2\">\n<ul>\n<li style=\"text-align: left\"><span style=\"font-weight: 400\">Ho\u00e0n ti\u1ec1n 50.000\u0111 cho h\u00f3a \u0111\u01a1n t\u1eeb 300.000\u0111 \u0111\u1ebfn d\u01b0\u1edbi 500.000\u0111.<\/span><\/li>\n<li style=\"text-align: left\"><span style=\"font-weight: 400\">Ho\u00e0n ti\u1ec1n 100.000\u0111 cho h\u00f3a \u0111\u01a1n t\u1eeb 500.000\u0111 \u0111\u1ebfn d\u01b0\u1edbi 1 tri\u1ec7u \u0111\u1ed3ng.<\/span><\/li>\n<li style=\"text-align: left\"><span style=\"font-weight: 400\">Ho\u00e0n ti\u1ec1n 200.000\u0111 cho h\u00f3a \u0111\u01a1n t\u1eeb 1 tri\u1ec7u \u0111\u1ed3ng tr\u1edf l\u00ean.<\/span><\/li>\n<\/ul>\n<p style=\"text-align: left\"><strong>L\u01b0u \u00fd:<\/strong><br \/>\n\u2013 M\u1ed7i kh\u00e1ch h\u00e0ng ch\u1ec9 \u0111\u01b0\u1ee3c nh\u1eadn 2 l\u1ea7n ho\u00e0n ti\u1ec1n (t\u1ed5ng gi\u00e1 tr\u1ecb t\u1ed1i \u0111a l\u00e0 400.000\u0111) trong su\u1ed1t th\u1eddi gian ch\u01b0\u01a1ng tr\u00ecnh di\u1ec5n ra.<br \/>\n\u2013 \u01afu \u0111\u00e3i s\u1ebd \u0111\u01b0\u1ee3c g\u1eedi d\u01b0\u1edbi h\u00ecnh th\u1ee9c Rewards\/\u01afu \u0111\u00e3i trong trang \u201cMy Rewards\/ \u01afu \u0111\u00e3i c\u1ee7a t\u00f4i\u201d tr\u00ean \u1ee9ng d\u1ee5ng sau khi kh\u00e1ch h\u00e0ng ho\u00e0n th\u00e0nh giao d\u1ecbch Thanh to\u00e1n H\u00f3a \u0111\u01a1n.<br \/>\n\u2013 Kh\u00e1ch h\u00e0ng c\u1ea7n quy \u0111\u1ed5i Rewards\/\u01afu \u0111\u00e3i \u0111\u1ec3 nh\u1eadn ho\u00e0n ti\u1ec1n v\u00e0o t\u00e0i kho\u1ea3n v\u00ed \u0111i\u1ec7n t\u1eed trong th\u1eddi h\u1ea1n 3 ng\u00e0y k\u1ec3 t\u1eeb khi nh\u1eadn Rewards\/\u01afu \u0111\u00e3i n\u00e0y. N\u1ebfu qu\u00e1 th\u1eddi h\u1ea1n quy \u0111\u1ed5i Rewards\/\u01afu \u0111\u00e3i th\u00e0nh ti\u1ec1n v\u00e0o v\u00ed, kh\u00e1ch h\u00e0ng s\u1ebd KH\u00d4NG TH\u1ec2 nh\u1eadn \u0111\u01b0\u1ee3c ph\u1ea7n ho\u00e0n ti\u1ec1n t\u1eeb giao d\u1ecbch thanh to\u00e1n ho\u00e1 \u0111\u01a1n \u0111\u00e3 th\u1ef1c hi\u1ec7n.<br \/>\n\u2013 S\u1ed1 l\u01b0\u1ee3t khuy\u1ebfn m\u00e3i c\u00f3 gi\u1edbi h\u1ea1n, ch\u01b0\u01a1ng tr\u00ecnh c\u00f3 th\u1ec3 k\u1ebft th\u00fac s\u1edbm h\u01a1n d\u1ef1 ki\u1ebfn.<br \/>\n\u2013 \u01afu \u0111\u00e3i ch\u1ec9 \u00e1p d\u1ee5ng tr\u00ean phi\u00ean b\u1ea3n \u1ee9ng d\u1ee5ng m\u1edbi nh\u1ea5t.<br \/>\n\u2013 Ch\u01b0\u01a1ng tr\u00ecnh ch\u1ec9 \u00e1p d\u1ee5ng cho kh\u00e1ch h\u00e0ng nh\u1eadn \u0111\u01b0\u1ee3c th\u00f4ng b\u00e1o.<br \/>\n\u2013 \u00c1p d\u1ee5ng khi thanh to\u00e1n ho\u00e1 \u0111\u01a1n \u0111i\u1ec7n\/ n\u01b0\u1edbc \/ \u0111i\u1ec7n tho\u1ea1i tr\u1ea3 sau.<\/p>\n<\/td>\n<\/tr>\n<tr style=\"height: 21px\">\n<td style=\"width: 286px;border: 1px solid black;height: 73px;padding: 15px\"><span style=\"font-weight: 400\">\u01afu \u0111\u00e3i <\/span><span style=\"font-weight: 400\"><b>50%\u00a0<\/b>chuy\u1ebfn <span style=\"color: #009d3b\"><strong>GrabCar<\/strong><\/span>\u00a0t\u1ed1i \u0111a 30.000\u0111 x 5 chuy\u1ebfn<\/span><\/td>\n<td style=\"border: 1px solid black;height: 73px;padding: 15px;text-align: center\" colspan=\"2\">\n<ul>\n<li style=\"font-weight: 400;text-align: left\"><span style=\"font-weight: 400\">\u01afu \u0111\u00e3i \u0111\u01b0\u1ee3c g\u1eedi tr\u1ef1c ti\u1ebfp \u0111\u1ebfn trang &#8220;My Rewards\/ \u01afu \u0111\u00e3i c\u1ee7a t\u00f4i&#8221; tr\u00ean \u1ee9ng d\u1ee5ng Grab. M\u1ed7i kh\u00e1ch h\u00e0ng ch\u1ec9 nh\u1eadn 5 Rewards\/ \u01afu \u0111\u00e3i trong su\u1ed1t th\u1eddi gian di\u1ec5n ra ch\u01b0\u01a1ng tr\u00ecnh.<\/span><\/li>\n<li style=\"font-weight: 400;text-align: left\"><span style=\"font-weight: 400\">\u00c1p d\u1ee5ng cho c\u00e1c d\u1ecbch v\u1ee5 GrabCar tr\u00ean to\u00e0n qu\u1ed1c.<\/span><\/li>\n<li style=\"font-weight: 400;text-align: left\"><span style=\"font-weight: 400\">\u01afu \u0111\u00e3i kh\u00f4ng bao g\u1ed3m ph\u1ee5 ph\u00ed. B\u1ea1n vui l\u00f2ng thanh to\u00e1n ph\u1ee5 ph\u00ed (n\u1ebfu c\u00f3) cho t\u00e0i x\u1ebf.<\/span><\/li>\n<li style=\"font-weight: 400;text-align: left\"><span style=\"font-weight: 400\">S\u1ed1 l\u01b0\u1ee3t \u01b0u \u0111\u00e3i c\u00f3 gi\u1edbi h\u1ea1n, ch\u01b0\u01a1ng tr\u00ecnh c\u00f3 th\u1ec3 k\u1ebft th\u00fac s\u1edbm h\u01a1n d\u1ef1 ki\u1ebfn.<\/span><\/li>\n<li style=\"font-weight: 400;text-align: left\"><span style=\"font-weight: 400\">\u01afu \u0111\u00e3i ch\u1ec9 \u00e1p d\u1ee5ng tr\u00ean phi\u00ean b\u1ea3n \u1ee9ng d\u1ee5ng m\u1edbi nh\u1ea5t.<\/span><\/li>\n<li style=\"font-weight: 400;text-align: left\"><span style=\"font-weight: 400\">Ch\u01b0\u01a1ng tr\u00ecnh ch\u1ec9 \u00e1p d\u1ee5ng cho kh\u00e1ch h\u00e0ng nh\u1eadn \u0111\u01b0\u1ee3c th\u00f4ng b\u00e1o. <\/span><\/li>\n<\/ul>\n<\/td>\n<\/tr>\n<tr>\n<td style=\"width: 286px;border: 1px solid black;padding: 15px\">\n<p><span style=\"font-weight: 400\">\u01afu \u0111\u00e3i <strong>50%<\/strong>\u00a0chuy\u1ebfn <span style=\"color: #009d3b\"><strong>GrabBike<\/strong><\/span>\u00a0t\u1ed1i \u0111a 20.000\u0111 x 5 chuy\u1ebfn<\/span><\/p>\n<p><span style=\"font-weight: 400\">\u00a0<\/span><\/td>\n<td style=\"width: 10px;border: 1px solid black;padding: 15px;text-align: left\" colspan=\"2\">\n<ul>\n<li style=\"font-weight: 400\"><span style=\"font-weight: 400\">\u01afu \u0111\u00e3i \u0111\u01b0\u1ee3c g\u1eedi tr\u1ef1c ti\u1ebfp \u0111\u1ebfn trang &#8220;My Rewards\/ \u01afu \u0111\u00e3i c\u1ee7a t\u00f4i&#8221; tr\u00ean \u1ee9ng d\u1ee5ng Grab. M\u1ed7i kh\u00e1ch h\u00e0ng ch\u1ec9 nh\u1eadn 5 Rewards\/ \u01afu \u0111\u00e3i trong su\u1ed1t th\u1eddi gian di\u1ec5n ra ch\u01b0\u01a1ng tr\u00ecnh.<\/span><\/li>\n<li style=\"font-weight: 400\"><span style=\"font-weight: 400\">\u00c1p d\u1ee5ng cho c\u00e1c d\u1ecbch v\u1ee5 GrabBike tr\u00ean to\u00e0n qu\u1ed1c.<\/span><\/li>\n<li style=\"font-weight: 400\"><span style=\"font-weight: 400\">\u01afu \u0111\u00e3i kh\u00f4ng bao g\u1ed3m ph\u1ee5 ph\u00ed. B\u1ea1n vui l\u00f2ng thanh to\u00e1n ph\u1ee5 ph\u00ed (n\u1ebfu c\u00f3) cho t\u00e0i x\u1ebf.<\/span><\/li>\n<li style=\"font-weight: 400\"><span style=\"font-weight: 400\">S\u1ed1 l\u01b0\u1ee3t \u01b0u \u0111\u00e3i c\u00f3 gi\u1edbi h\u1ea1n, ch\u01b0\u01a1ng tr\u00ecnh c\u00f3 th\u1ec3 k\u1ebft th\u00fac s\u1edbm h\u01a1n d\u1ef1 ki\u1ebfn.<\/span><\/li>\n<li style=\"font-weight: 400\"><span style=\"font-weight: 400\">\u01afu \u0111\u00e3i ch\u1ec9 \u00e1p d\u1ee5ng tr\u00ean phi\u00ean b\u1ea3n \u1ee9ng d\u1ee5ng m\u1edbi nh\u1ea5t.<\/span><\/li>\n<li style=\"font-weight: 400\"><span style=\"font-weight: 400\">Ch\u01b0\u01a1ng tr\u00ecnh ch\u1ec9 \u00e1p d\u1ee5ng cho kh\u00e1ch h\u00e0ng nh\u1eadn \u0111\u01b0\u1ee3c th\u00f4ng b\u00e1o. <\/span><\/li>\n<\/ul>\n<\/td>\n<\/tr>\n<tr style=\"height: 199px\">\n<td style=\"width: 286px;border: 1px solid black;padding: 15px;height: 199px\"><span style=\"font-weight: 400\">\u01afu \u0111\u00e3i <strong>50.000\u0111 x 2\u00a0<\/strong>\u0111\u01a1n h\u00e0ng<strong> GrabFood<\/strong> c\u00f3 gi\u00e1 tr\u1ecb t\u1ed1i thi\u1ec3u 80.000\u0111<\/span><\/td>\n<td style=\"width: 10px;border: 1px solid black;padding: 15px;text-align: center;height: 199px\" colspan=\"2\">\n<ul>\n<li style=\"font-weight: 400;text-align: left\"><span style=\"font-weight: 400\">\u00c1p d\u1ee5ng cho \u0111\u01a1n h\u00e0ng c\u00f3 gi\u00e1 tr\u1ecb t\u1ed1i thi\u1ec3u 80.000\u0111<\/span><\/li>\n<li style=\"font-weight: 400;text-align: left\"><span style=\"font-weight: 400\">\u01afu \u0111\u00e3i \u0111\u01b0\u1ee3c g\u1eedi tr\u1ef1c ti\u1ebfp \u0111\u1ebfn trang &#8220;My Rewards\/ \u01afu \u0111\u00e3i c\u1ee7a t\u00f4i&#8221; tr\u00ean \u1ee9ng d\u1ee5ng Grab. M\u1ed7i kh\u00e1ch h\u00e0ng ch\u1ec9 nh\u1eadn 2 Rewards\/ \u01afu \u0111\u00e3i trong su\u1ed1t th\u1eddi gian di\u1ec5n ra ch\u01b0\u01a1ng tr\u00ecnh.<\/span><\/li>\n<li style=\"font-weight: 400;text-align: left\"><span style=\"font-weight: 400\">\u00c1p d\u1ee5ng cho c\u00e1c d\u1ecbch v\u1ee5 GrabFood tr\u00ean t\u1ea1i Tp. H\u1ed3 Ch\u00ed Minh, H\u00e0 N\u1ed9i v\u00e0 \u0110\u00e0 N\u1eb5ng.<\/span><\/li>\n<li style=\"font-weight: 400;text-align: left\"><span style=\"font-weight: 400\">\u01afu \u0111\u00e3i kh\u00f4ng bao g\u1ed3m ph\u1ee5 ph\u00ed. B\u1ea1n vui l\u00f2ng thanh to\u00e1n ph\u1ee5 ph\u00ed (n\u1ebfu c\u00f3) cho t\u00e0i x\u1ebf.<\/span><\/li>\n<li style=\"font-weight: 400;text-align: left\"><span style=\"font-weight: 400\">S\u1ed1 l\u01b0\u1ee3t \u01b0u \u0111\u00e3i c\u00f3 gi\u1edbi h\u1ea1n, ch\u01b0\u01a1ng tr\u00ecnh c\u00f3 th\u1ec3 k\u1ebft th\u00fac s\u1edbm h\u01a1n d\u1ef1 ki\u1ebfn.<\/span><\/li>\n<li style=\"font-weight: 400;text-align: left\"><span style=\"font-weight: 400\">Ch\u01b0\u01a1ng tr\u00ecnh ch\u1ec9 \u00e1p d\u1ee5ng cho kh\u00e1ch h\u00e0ng nh\u1eadn \u0111\u01b0\u1ee3c th\u00f4ng b\u00e1o. \u00a0<\/span><\/li>\n<\/ul>\n<\/td>\n<\/tr>\n<\/tbody>\n<\/table>\n<p><span style=\"font-weight: 400\"><br \/>\n#ViDienTuMocaTrenUngDungGrab #VuaTienVuaLoi #HonCaMongDoi<\/span><\/p>\n","protected":false},"excerpt":{"rendered":"Ch\u1ec9 trong 3 ng\u00e0y, t\u1eeb\u00a031\/05 \u0111\u1ebfn\u00a002\/06\/2019, Grab t\u1eb7ng kh\u00e1ch h\u00e0ng may m\u1eafn g\u00f3i \u01b0u \u0111\u00e3i ch\u1edbp nho\u00e1ng v\u1edbi gi\u00e1 tr\u1ecb SI\u00caU KH\u1ee6NG l\u00ean \u0111\u1ebfn\u00a0900.000\u0111. Nh\u1eadn \u0111\u01b0\u1ee3c th\u00f4ng b\u00e1o, b\u1ea1n nh\u1edb s\u1eed d\u1ee5ng ngay k\u1ebbo l\u1ee1 nh\u00e9! Chi ti\u1ebft g\u00f3i \u01b0u \u0111\u00e3i nh\u01b0 sau: \u00a0Ho\u00e0n ti\u1ec1n 30% (T\u1ed1i \u0111a 150.000\u0111) tr\u00ean giao d\u1ecbch n\u1ea1p ti\u1ec1n \u0110T\/ [&hellip;]","protected":false},"author":237,"featured_media":0,"parent":0,"menu_order":0,"comment_status":"closed","ping_status":"closed","template":"","meta":{"_acf_changed":false,"footnotes":""},"acf":[],"_links":{"self":[{"href":"https:\/\/www.grab.com\/vn\/wp-json\/wp\/v2\/pages\/36695"}],"collection":[{"href":"https:\/\/www.grab.com\/vn\/wp-json\/wp\/v2\/pages"}],"about":[{"href":"https:\/\/www.grab.com\/vn\/wp-json\/wp\/v2\/types\/page"}],"author":[{"embeddable":true,"href":"https:\/\/www.grab.com\/vn\/wp-json\/wp\/v2\/users\/237"}],"replies":[{"embeddable":true,"href":"https:\/\/www.grab.com\/vn\/wp-json\/wp\/v2\/comments?post=36695"}],"version-history":[{"count":1,"href":"https:\/\/www.grab.com\/vn\/wp-json\/wp\/v2\/pages\/36695\/revisions"}],"predecessor-version":[{"id":37260,"href":"https:\/\/www.grab.com\/vn\/wp-json\/wp\/v2\/pages\/36695\/revisions\/37260"}],"wp:attachment":[{"href":"https:\/\/www.grab.com\/vn\/wp-json\/wp\/v2\/media?parent=36695"}],"curies":[{"name":"wp","href":"https:\/\/api.w.org\/{rel}","templated":true}]}}