{"id":35908,"date":"2019-04-23T08:38:40","date_gmt":"2019-04-23T00:38:40","guid":{"rendered":"https:\/\/www.grab.com\/vn\/?page_id=35908"},"modified":"2019-04-29T10:42:42","modified_gmt":"2019-04-29T02:42:42","slug":"account-security","status":"publish","type":"page","link":"https:\/\/www.grab.com\/vn\/account-security\/","title":{"rendered":"B\u1ea3o m\u1eadt t\u00e0i kho\u1ea3n Grab Driver c\u1ee7a b\u1ea1n"},"content":{"rendered":"<p><img loading=\"lazy\" decoding=\"async\" class=\"wp-image-35909 size-large aligncenter\" src=\"https:\/\/assets.grab.com\/wp-content\/uploads\/sites\/11\/2019\/04\/23083757\/DVDD-700x341.png\" alt=\"\" width=\"700\" height=\"341\" srcset=\"https:\/\/assets.grab.com\/wp-content\/uploads\/sites\/11\/2019\/04\/23083757\/DVDD-700x341.png 700w, https:\/\/assets.grab.com\/wp-content\/uploads\/sites\/11\/2019\/04\/23083757\/DVDD-250x122.png 250w, https:\/\/assets.grab.com\/wp-content\/uploads\/sites\/11\/2019\/04\/23083757\/DVDD-768x374.png 768w, https:\/\/assets.grab.com\/wp-content\/uploads\/sites\/11\/2019\/04\/23083757\/DVDD-120x58.png 120w, https:\/\/assets.grab.com\/wp-content\/uploads\/sites\/11\/2019\/04\/23083757\/DVDD.png 1231w\" sizes=\"(max-width: 700px) 100vw, 700px\" \/><\/p>\n<p><span style=\"font-weight: 400;color: #000000\">T\u1ea1i Grab, ch\u00fang t\u00f4i lu\u00f4n tu\u00e2n th\u1ee7 nghi\u00eam ng\u1eb7t ch\u00ednh s\u00e1ch b\u1ea3o m\u1eadt v\u00e0 n\u1ed7 l\u1ef1c \u0111\u1ec3 b\u1ea3o v\u1ec7 c\u00e1c th\u00f4ng tin c\u00e1 nh\u00e2n c\u1ee7a b\u1ea1n c\u0169ng nh\u01b0 Kh\u00e1ch h\u00e0ng c\u0169ng nh\u01b0 \u0111\u1ea3m b\u1ea3o an to\u00e0n cho h\u1ec7 th\u1ed1ng c\u1ee7a ch\u00fang t\u00f4i. V\u00e0 \u0111\u1ec3 \u0111\u1ea3m b\u1ea3o cho s\u1ef1 an to\u00e0n tr\u00ean \u1ee9ng d\u1ee5ng GrabDriver c\u1ee7a b\u1ea1n, Grab lu\u00f4n c\u1ea7n s\u1ef1 chung tay t\u1eeb ph\u00eda b\u1ea1n.<\/span><\/p>\n<p><span style=\"color: #000000\"><span style=\"font-weight: 400\">Nh\u01b0 b\u1ea1n \u0111\u00e3 bi\u1ebft, \u0111\u1ec3 tr\u1edf th\u00e0nh <\/span><span style=\"font-weight: 400\">m\u1ed9t \u0110\u1ed1i t\u00e1c t\u00e0i x\u1ebf Grab ch\u1eafc h\u1eb3n b\u1ea1n \u0111\u00e3 ph\u1ea3i v\u01b0\u1ee3t n\u1ed9p h\u1ed3 s\u01a1 v\u00e0 \u0111\u00e0o t\u1ea1o nghi\u00eam ng\u1eb7t. \u0110\u1ec3 \u0111\u1ea3m b\u1ea3o s\u1ef1 an to\u00e0n cho c\u1ea3 \u0110\u1ed1i t\u00e1c v\u00e0 Kh\u00e1ch h\u00e0ng c\u1ee7a ch\u00fang t\u00f4i, ch\u1ec9 nh\u1eefng \u0110\u1ed1i t\u00e1c t\u00e0i x\u1ebf \u0111\u00e3 \u0111\u0103ng k\u00fd m\u1edbi c\u00f3 th\u1ec3 l\u00e1i xe cho Grab.<\/span><\/span><\/p>\n<p><span style=\"font-weight: 400;color: #000000\">Vi\u1ec7c b\u1ea1n cung c\u1ea5p \u1ee9ng d\u1ee5ng v\u00e0 th\u00f4ng tin l\u00e1i xe c\u1ee7a m\u00ecnh cho ng\u01b0\u1eddi kh\u00e1c c\u0169ng \u0111\u01b0\u1ee3c xem l\u00e0 m\u1ed9t h\u00e0nh vi gian l\u1eadn, \u0111i\u1ec1u n\u00e0y s\u1ebd g\u00e2y gi\u00e1n \u0111o\u1ea1n \u0111\u1ebfn qu\u00e1 tr\u00ecnh kinh doanh c\u1ee7a b\u1ea1n. H\u00e3y c\u00f9ng t\u00ecm hi\u1ec3u c\u00e1c c\u00e1ch th\u1ee9c v\u00e0 l\u00fd do b\u1ea1n c\u1ea7n ph\u1ea3i b\u1ea3o m\u1eadt t\u00e0i kho\u1ea3n c\u1ee7a m\u00ecnh trong video b\u00ean d\u01b0\u1edbi nh\u00e9.<\/span><\/p>\n<p><iframe loading=\"lazy\" src=\"https:\/\/player.vimeo.com\/video\/331892026?dnt=1&#038;app_id=122963\" width=\"500\" height=\"281\" frameborder=\"0\" title=\"VNGC_Account Security (DVDD)\" allow=\"autoplay; fullscreen\" allowfullscreen><\/iframe><\/p>\n","protected":false},"excerpt":{"rendered":"T\u1ea1i Grab, ch\u00fang t\u00f4i lu\u00f4n tu\u00e2n th\u1ee7 nghi\u00eam ng\u1eb7t ch\u00ednh s\u00e1ch b\u1ea3o m\u1eadt v\u00e0 n\u1ed7 l\u1ef1c \u0111\u1ec3 b\u1ea3o v\u1ec7 c\u00e1c th\u00f4ng tin c\u00e1 nh\u00e2n c\u1ee7a b\u1ea1n c\u0169ng nh\u01b0 Kh\u00e1ch h\u00e0ng c\u0169ng nh\u01b0 \u0111\u1ea3m b\u1ea3o an to\u00e0n cho h\u1ec7 th\u1ed1ng c\u1ee7a ch\u00fang t\u00f4i. V\u00e0 \u0111\u1ec3 \u0111\u1ea3m b\u1ea3o cho s\u1ef1 an to\u00e0n tr\u00ean \u1ee9ng d\u1ee5ng GrabDriver c\u1ee7a [&hellip;]","protected":false},"author":523,"featured_media":0,"parent":0,"menu_order":0,"comment_status":"closed","ping_status":"closed","template":"","meta":{"_acf_changed":false,"footnotes":""},"acf":[],"_links":{"self":[{"href":"https:\/\/www.grab.com\/vn\/wp-json\/wp\/v2\/pages\/35908"}],"collection":[{"href":"https:\/\/www.grab.com\/vn\/wp-json\/wp\/v2\/pages"}],"about":[{"href":"https:\/\/www.grab.com\/vn\/wp-json\/wp\/v2\/types\/page"}],"author":[{"embeddable":true,"href":"https:\/\/www.grab.com\/vn\/wp-json\/wp\/v2\/users\/523"}],"replies":[{"embeddable":true,"href":"https:\/\/www.grab.com\/vn\/wp-json\/wp\/v2\/comments?post=35908"}],"version-history":[{"count":2,"href":"https:\/\/www.grab.com\/vn\/wp-json\/wp\/v2\/pages\/35908\/revisions"}],"predecessor-version":[{"id":35946,"href":"https:\/\/www.grab.com\/vn\/wp-json\/wp\/v2\/pages\/35908\/revisions\/35946"}],"wp:attachment":[{"href":"https:\/\/www.grab.com\/vn\/wp-json\/wp\/v2\/media?parent=35908"}],"curies":[{"name":"wp","href":"https:\/\/api.w.org\/{rel}","templated":true}]}}