{"id":35904,"date":"2019-04-23T08:16:20","date_gmt":"2019-04-23T00:16:20","guid":{"rendered":"https:\/\/www.grab.com\/vn\/?page_id=35904"},"modified":"2019-04-23T18:36:38","modified_gmt":"2019-04-23T10:36:38","slug":"avoid-fare-disputes","status":"publish","type":"page","link":"https:\/\/www.grab.com\/vn\/avoid-fare-disputes\/","title":{"rendered":"Ph\u00f2ng tr\u00e1nh thu qu\u00e1 c\u01b0\u1edbc"},"content":{"rendered":"<p><img loading=\"lazy\" decoding=\"async\" class=\"aligncenter wp-image-35907 size-large\" src=\"https:\/\/assets.grab.com\/wp-content\/uploads\/sites\/11\/2019\/04\/23082548\/Overcharging-Dispute1-700x398.png\" alt=\"\" width=\"700\" height=\"398\" srcset=\"https:\/\/assets.grab.com\/wp-content\/uploads\/sites\/11\/2019\/04\/23082548\/Overcharging-Dispute1-700x398.png 700w, https:\/\/assets.grab.com\/wp-content\/uploads\/sites\/11\/2019\/04\/23082548\/Overcharging-Dispute1-250x142.png 250w, https:\/\/assets.grab.com\/wp-content\/uploads\/sites\/11\/2019\/04\/23082548\/Overcharging-Dispute1-768x437.png 768w, https:\/\/assets.grab.com\/wp-content\/uploads\/sites\/11\/2019\/04\/23082548\/Overcharging-Dispute1-120x68.png 120w, https:\/\/assets.grab.com\/wp-content\/uploads\/sites\/11\/2019\/04\/23082548\/Overcharging-Dispute1.png 1301w\" sizes=\"(max-width: 700px) 100vw, 700px\" \/><\/p>\n<p><span style=\"font-weight: 400;color: #000000\">Kh\u00e1ch h\u00e0ng l\u1ef1a ch\u1ecdn s\u1eed d\u1ee5ng d\u1ecbch v\u1ee5 Grab b\u1edfi h\u1ecd tin t\u01b0\u1edfng ch\u00fang ta lu\u00f4n \u0111em t\u1edbi m\u1ed9t ph\u01b0\u01a1ng ti\u1ec7n di chuy\u1ec3n an to\u00e0n v\u1edbi gi\u00e1 c\u01b0\u1edbc minh b\u1ea1ch v\u00e0 r\u00f5 r\u00e0ng.<\/span><span style=\"font-weight: 400\"><span style=\"color: #000000\"> Ch\u1eafc ch\u1eafn r\u1eb1ng Kh\u00e1ch h\u00e0ng s\u1ebd c\u1ea3m th\u1ea5y kh\u00f4ng vui v\u00e0 nghi ng\u1edd v\u1edbi nh\u1eefng kho\u1ea3n ph\u00e1t sinh kh\u00e1c ngo\u00e0i gi\u00e1 c\u01b0\u1edbc c\u1ed1 \u0111\u1ecbnh m\u00e0 kh\u00f4ng \u0111\u01b0\u1ee3c th\u00f4ng b\u00e1o tr\u01b0\u1edbc \u0111\u00f3.<\/span> <\/span><\/p>\n<h3><span style=\"color: #339966\">B\u00ed quy\u1ebft \u0111\u1ec3 c\u00f3 chuy\u1ebfn \u0111i su\u00f4n s\u1ebb<\/span><\/h3>\n<p><span style=\"font-weight: 400;color: #000000\">Grab s\u1ebd chia s\u1ebb m\u1ed9t s\u1ed1 b\u00ed quy\u1ebft \u0111\u01a1n gi\u1ea3n \u0111\u1ec3 gi\u00fap b\u1ea1n tr\u00e1nh c\u00e1c hi\u1ec3u l\u1ea7m t\u01b0\u01a1ng t\u1ef1 v\u1ec1 vi\u1ec7c ph\u00e1t sinh ph\u1ee5 ph\u00ed, l\u1ec7 ph\u00ed (n\u1ebfu c\u00f3) v\u1edbi Kh\u00e1ch h\u00e0ng. <\/span><\/p>\n<ol>\n<li><span style=\"color: #000000\"><span style=\"font-weight: 400\">Trong qu\u00e1 tr\u00ecnh ch\u1edf Kh\u00e1ch h\u00e0ng, b\u1ea1n n\u00ean x\u00e1c nh\u1eadn l\u1ea1i h\u00ecnh th\u1ee9c thanh to\u00e1n c\u1ee7a chuy\u1ebfn xe (v\u00ed d\u1ee5 thanh to\u00e1n b\u1eb1ng ti\u1ec1n m\u1eb7t hay<\/span> <span style=\"color: #339966\"><strong><i>GrabPay by Moca<\/i>,<\/strong><\/span><span style=\"font-weight: 400\"> \u0111\u1ed3ng th\u1eddi t\u01b0 v\u1ea5n ph\u00ed c\u1ea7u \u0111\u01b0\u1eddng, ph\u00ed \u0111\u1ed7 xe, v.v. kh\u00f4ng \u0111\u01b0\u1ee3c bao g\u1ed3m trong gi\u00e1 c\u01b0\u1edbc c\u1ed1 \u0111\u1ecbnh (n\u1ebfu c\u00f3)<\/span><\/span><\/li>\n<\/ol>\n<p><span style=\"color: #000000\"><strong><i>V\u00ed d\u1ee5: <\/i><\/strong><\/span><\/p>\n<ul>\n<li style=\"font-weight: 400\"><span style=\"color: #000000\"><i><span style=\"font-weight: 400\">Cu\u1ed1c xe n\u00e0y anh\/ ch\u1ecb l\u00e0 cu\u1ed1c xe <\/span><span style=\"color: #339966\"><strong>GrabPay by Moca<\/strong><\/span><span style=\"font-weight: 400\"> kh\u00f4ng thu ti\u1ec1n m\u1eb7t.<\/span><\/i><\/span><\/li>\n<\/ul>\n<ul>\n<li style=\"font-weight: 400\"><span style=\"font-weight: 400;color: #000000\">Ch\u00fang ta v\u1eeba \u0111i ngang tr\u1ea1m thu ph\u00ed, t\u00f4i s\u1ebd nh\u1eadp s\u1ed1 ti\u1ec1n 10k n\u00e0y v\u00e0o bi\u00ean nh\u1eadn cu\u1ed1i c\u00f9ng b\u1ea1n nh\u00e9. <\/span><\/li>\n<\/ul>\n<p><span style=\"font-weight: 400;color: #000000\">\u00a0 \u00a0 \u00a0 \u00a02. Trong tr\u01b0\u1eddng h\u1ee3p Kh\u00e1ch h\u00e0ng ph\u00e1t sinh th\u00eam l\u1ed9 tr\u00ecnh, b\u1ea1n n\u00ean trao \u0111\u1ed5i v\u1ec1 kho\u1ea3ng c\u00e1ch v\u00e0 ph\u00ed ph\u00e1t sinh tr\u01b0\u1edbc khi c\u00f9ng Kh\u00e1ch h\u00e0ng ti\u1ebfp t\u1ee5c h\u00e0nh tr\u00ecnh, vi\u1ec7c n\u00e0y \u0111\u1ec3 tr\u00e1nh h\u1ee3p tr\u01b0\u1eddng h\u1ee3p ph\u00e1t sinh m\u1eabu thu\u1eabn sau khi k\u1ebft th\u00fac chuy\u1ebfn \u0111i<\/span><\/p>\n<p><span style=\"color: #000000\"><span style=\"font-weight: 400\">\u00a0 \u00a0 \u00a0 \u00a03. Khi k\u1ebft th\u00fac chuy\u1ebfn \u0111i, b\u1ea1n h\u00e3y<\/span> <span style=\"color: #339966\"><strong>th\u00f4ng b\u00e1o cho Kh\u00e1ch h\u00e0ng<\/strong><\/span><span style=\"font-weight: 400\">, n\u1ebfu c\u00f3 th\u1ec3, h\u00e3y cho Kh\u00e1ch h\u00e0ng xem bi\u00ean nh\u1eadn t\u1ed5ng c\u1ed9ng bao g\u1ed3m t\u1ea5t c\u1ea3 c\u00e1c kho\u1ea3n ph\u00ed: ph\u00ed c\u1ea7u \u0111\u01b0\u1eddng, ph\u1ee5 ph\u00ed (n\u1ebfu c\u00f3) v\u00e0 t\u1ed5ng gi\u00e1 c\u01b0\u1edbc c\u1ee7a chuy\u1ebfn \u0111i<\/span><\/span><\/p>\n<p><span style=\"font-weight: 400;color: #000000\">Grab tin l\u00e0 v\u1edbi b\u00ed quy\u1ebft \u0111\u01a1n gi\u1ea3n n\u00e0y s\u1ebd gi\u00fap b\u1ea1n tr\u00e1nh \u0111\u01b0\u1ee3c\u0111\u01b0\u1ee3c m\u1ecdi hi\u1ec3u l\u1ea7m v\u1ec1 vi\u1ec7c thu qu\u00e1 c\u01b0\u1edbc!<\/span><\/p>\n<p><span style=\"font-weight: 400;color: #000000\">T\u00ecm hi\u1ec3u th\u00eam c\u00e1c t\u00ecnh hu\u1ed1ng m\u1edbi ngay tr\u00ean GrabAcademy b\u1ea1n nh\u00e9.<\/span><\/p>\n<h3><span style=\"color: #339966\"><strong>L\u00e0m th\u1ebf n\u00e0o \u0111\u1ec3 truy c\u1eadp v\u00e0o m\u1ee5c GrabAcademy?<\/strong><\/span><\/h3>\n<p><span style=\"font-weight: 400\"><span style=\"color: #000000\"><strong>B\u01b0\u1edbc 1:<\/strong> Ch\u1ecdn<\/span><span style=\"color: #339966\"><strong> \u201cXem th\u00eam\u201d<\/strong><\/span> <span style=\"color: #000000\">nh\u1ea5n v\u00e0o m\u1ee5c<\/span> <span style=\"color: #339966\"><strong>\u201cH\u1ed7 tr\u1ee3\u201d<\/strong><\/span><\/span><\/p>\n<p><span style=\"font-weight: 400\"><span style=\"color: #000000\"><strong>B\u01b0\u1edbc 2:<\/strong> Nh\u1ea5n v\u00e0o thanh<\/span> <span style=\"color: #339966\"><strong>\u201cGrabAcademy\u201d <\/strong><\/span><\/span><\/p>\n<p><span style=\"font-weight: 400\"><span style=\"color: #000000\"><strong>B\u01b0\u1edbc 3:<\/strong> Nh\u1ea5n v\u00e0o m\u1ee5c<\/span><span style=\"color: #339966\"><strong> \u201cCh\u1ee7 \u0111\u1ec1 m\u1edbi\u201d<\/strong> <\/span><span style=\"color: #000000\">\u0111\u1ec3 b\u1eaft \u0111\u1ea7u<\/span><\/span><\/p>\n<p><span style=\"font-weight: 400;color: #000000\"><strong>B\u01b0\u1edbc 4:<\/strong> C\u00f3 r\u1ea5t nhi\u1ec1u ch\u1ee7 \u0111\u1ec1 h\u1ecdc t\u1eadp trong t\u00ednh n\u0103ng \u0111\u00e0o t\u1ea1o ngay tr\u00ean \u1ee9ng d\u1ee5ng<\/span><\/p>\n<p><img loading=\"lazy\" decoding=\"async\" width=\"350\" height=\"389\" class=\"alignnone size-full wp-image-35944 aligncenter\" src=\"https:\/\/assets.grab.com\/wp-content\/uploads\/sites\/11\/2019\/04\/23181545\/Grab-Academy-GIF.gif\" alt=\"\" \/><\/p>\n<p><span style=\"color: #000000\"><span style=\"font-weight: 400\">N\u1ebfu c\u00f3 th\u1eafc m\u1eafc ho\u1eb7c c\u1ea7n t\u01b0 v\u1ea5n, b\u1ea1n h\u00e3y vui l\u00f2ng g\u1eedi ph\u1ea3n h\u1ed3i cho ch\u00fang t\u00f4i th\u00f4ng qua t\u00ednh n\u0103ng <\/span><a style=\"color: #000000\" href=\"https:\/\/www.grab.com\/vn\/blog\/driver\/car\/grabcar-grabtaxi-tich-hop-tinh-nang-ho-tro-truc-tuyen-trong-ung-dung-grab-driver\/\"><b>\u201cH\u1ed7 tr\u1ee3\u201d<\/b><\/a><span style=\"font-weight: 400\"> \u0111\u01b0\u1ee3c t\u00edch h\u1ee3p ngay tr\u00ean \u1ee9ng d\u1ee5ng t\u00e0i x\u1ebf. M\u1ebfn ch\u00fac b\u1ea1n lu\u00f4n ho\u1ea1t \u0111\u1ed9ng hi\u1ec7u qu\u1ea3 v\u00e0 an to\u00e0n!<\/span><\/span><\/p>\n<p><span style=\"color: #339966\"><strong>Tr\u00e2n tr\u1ecdng,<\/strong><\/span><\/p>\n<p><span style=\"color: #339966\"><strong>\u0110\u1ed9i ng\u0169 GrabCar<\/strong><\/span><\/p>\n","protected":false},"excerpt":{"rendered":"Kh\u00e1ch h\u00e0ng l\u1ef1a ch\u1ecdn s\u1eed d\u1ee5ng d\u1ecbch v\u1ee5 Grab b\u1edfi h\u1ecd tin t\u01b0\u1edfng ch\u00fang ta lu\u00f4n \u0111em t\u1edbi m\u1ed9t ph\u01b0\u01a1ng ti\u1ec7n di chuy\u1ec3n an to\u00e0n v\u1edbi gi\u00e1 c\u01b0\u1edbc minh b\u1ea1ch v\u00e0 r\u00f5 r\u00e0ng. Ch\u1eafc ch\u1eafn r\u1eb1ng Kh\u00e1ch h\u00e0ng s\u1ebd c\u1ea3m th\u1ea5y kh\u00f4ng vui v\u00e0 nghi ng\u1edd v\u1edbi nh\u1eefng kho\u1ea3n ph\u00e1t sinh kh\u00e1c ngo\u00e0i gi\u00e1 c\u01b0\u1edbc [&hellip;]","protected":false},"author":523,"featured_media":0,"parent":0,"menu_order":0,"comment_status":"closed","ping_status":"closed","template":"","meta":{"_acf_changed":false,"footnotes":""},"acf":[],"_links":{"self":[{"href":"https:\/\/www.grab.com\/vn\/wp-json\/wp\/v2\/pages\/35904"}],"collection":[{"href":"https:\/\/www.grab.com\/vn\/wp-json\/wp\/v2\/pages"}],"about":[{"href":"https:\/\/www.grab.com\/vn\/wp-json\/wp\/v2\/types\/page"}],"author":[{"embeddable":true,"href":"https:\/\/www.grab.com\/vn\/wp-json\/wp\/v2\/users\/523"}],"replies":[{"embeddable":true,"href":"https:\/\/www.grab.com\/vn\/wp-json\/wp\/v2\/comments?post=35904"}],"version-history":[{"count":2,"href":"https:\/\/www.grab.com\/vn\/wp-json\/wp\/v2\/pages\/35904\/revisions"}],"predecessor-version":[{"id":35943,"href":"https:\/\/www.grab.com\/vn\/wp-json\/wp\/v2\/pages\/35904\/revisions\/35943"}],"wp:attachment":[{"href":"https:\/\/www.grab.com\/vn\/wp-json\/wp\/v2\/media?parent=35904"}],"curies":[{"name":"wp","href":"https:\/\/api.w.org\/{rel}","templated":true}]}}