{"id":34295,"date":"2019-03-20T13:04:05","date_gmt":"2019-03-20T05:04:05","guid":{"rendered":"https:\/\/www.grab.com\/vn\/?page_id=34295"},"modified":"2019-10-07T13:40:23","modified_gmt":"2019-10-07T05:40:23","slug":"huong-dan-khac-phuc-loi-khi-kich-hoat-vi-dien-tu-moca-mbbank1","status":"publish","type":"page","link":"https:\/\/www.grab.com\/vn\/huong-dan-khac-phuc-loi-khi-kich-hoat-vi-dien-tu-moca-mbbank1\/","title":{"rendered":"H\u01b0\u1edbng d\u1eabn kh\u1eafc ph\u1ee5c l\u1ed7i khi k\u00edch ho\u1ea1t V\u00ed \u0111i\u1ec7n t\u1eed Moca tr\u00ean \u1ee9ng d\u1ee5ng Grab"},"content":{"rendered":"<p style=\"text-align: center\"><strong>[MBBANK]\u00a0Th\u1ebb ch\u01b0a m\u1edf t\u00ednh n\u0103ng thanh to\u00e1n online.\u00a0Vui l\u00f2ng li\u00ean h\u1ec7 ng\u00e2n h\u00e0ng ph\u00e1t h\u00e0nh \u0111\u1ec3 \u0111\u01b0\u1ee3c h\u1ed7 tr\u1ee3.<\/strong><\/p>\n<p><strong>Nguy\u00ean nh\u00e2n:<\/strong><\/p>\n<p><span style=\"font-weight: 400\">Kh\u00e1ch h\u00e0ng ch\u01b0a k\u00edch ho\u1ea1t giao d\u1ecbch tr\u1ef1c tuy\u1ebfn cho th\u1ebb ATM.<\/span><\/p>\n<p><strong>Gi\u1ea3i ph\u00e1p:<\/strong><span style=\"font-weight: 400\"> c\u00f3 th\u1ec3 k\u00edch ho\u1ea1t b\u1eb1ng 1 trong 2 c\u00e1ch sau<\/span><\/p>\n<ol>\n<li style=\"font-weight: 400\"><span style=\"font-weight: 400\">Kh\u00e1ch h\u00e0ng mang CMND\/Passport \u0111\u1ebfn qu\u1ea7y giao d\u1ecbch g\u1ea7n nh\u1ea5t \u0111\u1ec3 \u0111\u0103ng k\u00fd<\/span><\/li>\n<li style=\"font-weight: 400\"><span style=\"font-weight: 400\">K\u00edch ho\u1ea1t theo c\u00fa ph\u00e1p: <\/span><b>MB MOINTERNET SOCMND<\/b><span style=\"font-weight: 400\"> &lt;4 s\u1ed1 \u0111\u1ea7u th\u1ebb&gt; &lt; 4 s\u1ed1 cu\u1ed1i th\u1ebb&gt; g\u1eedi \u0111\u1ebfn <\/span><b>8136\/8162<\/b><\/li>\n<\/ol>\n<p><span style=\"font-weight: 400\">VD: <\/span><span style=\"font-weight: 400\">MB MOINTERNET 122028029 9704 1234 \u2192 G\u1eedi 8136 ho\u1eb7c 8162<\/span><\/p>\n","protected":false},"excerpt":{"rendered":"[MBBANK]\u00a0Th\u1ebb ch\u01b0a m\u1edf t\u00ednh n\u0103ng thanh to\u00e1n online.\u00a0Vui l\u00f2ng li\u00ean h\u1ec7 ng\u00e2n h\u00e0ng ph\u00e1t h\u00e0nh \u0111\u1ec3 \u0111\u01b0\u1ee3c h\u1ed7 tr\u1ee3. Nguy\u00ean nh\u00e2n: Kh\u00e1ch h\u00e0ng ch\u01b0a k\u00edch ho\u1ea1t giao d\u1ecbch tr\u1ef1c tuy\u1ebfn cho th\u1ebb ATM. Gi\u1ea3i ph\u00e1p: c\u00f3 th\u1ec3 k\u00edch ho\u1ea1t b\u1eb1ng 1 trong 2 c\u00e1ch sau Kh\u00e1ch h\u00e0ng mang CMND\/Passport \u0111\u1ebfn qu\u1ea7y giao d\u1ecbch g\u1ea7n nh\u1ea5t [&hellip;]","protected":false},"author":237,"featured_media":0,"parent":0,"menu_order":0,"comment_status":"closed","ping_status":"closed","template":"","meta":{"_acf_changed":false,"footnotes":""},"acf":[],"_links":{"self":[{"href":"https:\/\/www.grab.com\/vn\/wp-json\/wp\/v2\/pages\/34295"}],"collection":[{"href":"https:\/\/www.grab.com\/vn\/wp-json\/wp\/v2\/pages"}],"about":[{"href":"https:\/\/www.grab.com\/vn\/wp-json\/wp\/v2\/types\/page"}],"author":[{"embeddable":true,"href":"https:\/\/www.grab.com\/vn\/wp-json\/wp\/v2\/users\/237"}],"replies":[{"embeddable":true,"href":"https:\/\/www.grab.com\/vn\/wp-json\/wp\/v2\/comments?post=34295"}],"version-history":[{"count":2,"href":"https:\/\/www.grab.com\/vn\/wp-json\/wp\/v2\/pages\/34295\/revisions"}],"predecessor-version":[{"id":47800,"href":"https:\/\/www.grab.com\/vn\/wp-json\/wp\/v2\/pages\/34295\/revisions\/47800"}],"wp:attachment":[{"href":"https:\/\/www.grab.com\/vn\/wp-json\/wp\/v2\/media?parent=34295"}],"curies":[{"name":"wp","href":"https:\/\/api.w.org\/{rel}","templated":true}]}}