{"id":34292,"date":"2019-03-20T12:59:25","date_gmt":"2019-03-20T04:59:25","guid":{"rendered":"https:\/\/www.grab.com\/vn\/?page_id=34292"},"modified":"2019-09-26T18:26:47","modified_gmt":"2019-09-26T10:26:47","slug":"huong-dan-khac-phuc-loi-khi-kich-hoat-vi-dien-tu-moca-sacombank1","status":"publish","type":"page","link":"https:\/\/www.grab.com\/vn\/huong-dan-khac-phuc-loi-khi-kich-hoat-vi-dien-tu-moca-sacombank1\/","title":{"rendered":"H\u01b0\u1edbng d\u1eabn kh\u1eafc ph\u1ee5c l\u1ed7i khi k\u00edch ho\u1ea1t V\u00ed \u0111i\u1ec7n t\u1eed Moca tr\u00ean \u1ee9ng d\u1ee5ng Grab"},"content":{"rendered":"<p style=\"text-align: center\"><strong>[Sacombank]\u00a0<\/strong><b>Th\u1ebb ch\u01b0a \u0111\u0103ng k\u00fd d\u1ecbch v\u1ee5 giao d\u1ecbch tr\u1ef1c tuy\u1ebfn.<\/b><\/p>\n<p><strong>Nguy\u00ean nh\u00e2n:<\/strong><\/p>\n<p><span style=\"font-weight: 400\">Kh\u00e1ch h\u00e0ng ch\u01b0a k\u00edch ho\u1ea1t giao d\u1ecbch tr\u1ef1c tuy\u1ebfn cho th\u1ebb ATM.<\/span><\/p>\n<p><strong>Gi\u1ea3i ph\u00e1p:<\/strong><span style=\"font-weight: 400\">\u00a0C\u00f3 th\u1ec3 k\u00edch ho\u1ea1t b\u1eb1ng 1 trong 3 c\u00e1ch sau:<\/span><\/p>\n<ol>\n<li style=\"font-weight: 400\"><span style=\"font-weight: 400\"><span style=\"font-weight: 400\">Kh\u00e1ch h\u00e0ng mang CMND\/Passport \u0111\u1ebfn qu\u1ea7y giao d\u1ecbch g\u1ea7n nh\u1ea5t \u0111\u1ec3 \u0111\u0103ng k\u00fd<\/span><\/span><\/li>\n<li style=\"font-weight: 400\">Kh\u00e1ch h\u00e0ng c\u00f3 th\u1ec3 t\u1ef1 \u0111\u0103ng k\u00fd theo c\u00fa ph\u00e1p k\u00edch ho\u1ea1t giao d\u1ecbch tr\u1ef1c tuy\u1ebfn: <b>THE MO_ECOM &lt;4 s\u1ed1 cu\u1ed1i th\u1ebb ATM&gt; v\u00e0 g\u1eedi 8149<\/b>. Gi\u00e1 tin nh\u1eafn ch\u1ec9 1.500\u0111. Sau khi g\u1eedi, ki\u1ec3m tra ngay ph\u1ea3n h\u1ed3i k\u1ebft qu\u1ea3 th\u00e0nh c\u00f4ng t\u1eeb t\u1ed5ng \u0111\u00e0i Sacombank qua SMS. L\u01b0u \u00fd: S\u1ed1 \u0111i\u1ec7n tho\u1ea1i g\u1eedi tin nh\u1eafn k\u00edch ho\u1ea1t d\u1ecbch v\u1ee5 ph\u1ea3i l\u00e0 s\u1ed1 \u0111i\u1ec7n tho\u1ea1i \u0111\u00e3 \u0111\u0103ng k\u00fd \u1edf Sacombank.<br \/>\n<em><em><em>VD: THE MO_ECOM 1234 \u2192 G\u1eedi: 8149<\/em><\/em><\/em><\/li>\n<li style=\"font-weight: 400\">Kh\u00e1ch h\u00e0ng d\u00f9ng s\u1ed1 \u0111i\u1ec7n tho\u1ea1i \u0111\u00e3 \u0111\u0103ng k\u00fd v\u1edbi Sacombank \u0111\u1ec3 g\u1ecdi l\u00ean t\u1ed5ng \u0111\u00e0i 1900.5555.88 v\u00e0 y\u00eau c\u1ea7u k\u00edch ho\u1ea1t<\/li>\n<\/ol>\n<p><strong>\u00a0<\/strong><\/p>\n","protected":false},"excerpt":{"rendered":"[Sacombank]\u00a0Th\u1ebb ch\u01b0a \u0111\u0103ng k\u00fd d\u1ecbch v\u1ee5 giao d\u1ecbch tr\u1ef1c tuy\u1ebfn. Nguy\u00ean nh\u00e2n: Kh\u00e1ch h\u00e0ng ch\u01b0a k\u00edch ho\u1ea1t giao d\u1ecbch tr\u1ef1c tuy\u1ebfn cho th\u1ebb ATM. Gi\u1ea3i ph\u00e1p:\u00a0C\u00f3 th\u1ec3 k\u00edch ho\u1ea1t b\u1eb1ng 1 trong 3 c\u00e1ch sau: Kh\u00e1ch h\u00e0ng mang CMND\/Passport \u0111\u1ebfn qu\u1ea7y giao d\u1ecbch g\u1ea7n nh\u1ea5t \u0111\u1ec3 \u0111\u0103ng k\u00fd Kh\u00e1ch h\u00e0ng c\u00f3 th\u1ec3 t\u1ef1 \u0111\u0103ng k\u00fd [&hellip;]","protected":false},"author":237,"featured_media":0,"parent":0,"menu_order":0,"comment_status":"closed","ping_status":"closed","template":"","meta":{"_acf_changed":false,"footnotes":""},"acf":[],"_links":{"self":[{"href":"https:\/\/www.grab.com\/vn\/wp-json\/wp\/v2\/pages\/34292"}],"collection":[{"href":"https:\/\/www.grab.com\/vn\/wp-json\/wp\/v2\/pages"}],"about":[{"href":"https:\/\/www.grab.com\/vn\/wp-json\/wp\/v2\/types\/page"}],"author":[{"embeddable":true,"href":"https:\/\/www.grab.com\/vn\/wp-json\/wp\/v2\/users\/237"}],"replies":[{"embeddable":true,"href":"https:\/\/www.grab.com\/vn\/wp-json\/wp\/v2\/comments?post=34292"}],"version-history":[{"count":1,"href":"https:\/\/www.grab.com\/vn\/wp-json\/wp\/v2\/pages\/34292\/revisions"}],"predecessor-version":[{"id":46916,"href":"https:\/\/www.grab.com\/vn\/wp-json\/wp\/v2\/pages\/34292\/revisions\/46916"}],"wp:attachment":[{"href":"https:\/\/www.grab.com\/vn\/wp-json\/wp\/v2\/media?parent=34292"}],"curies":[{"name":"wp","href":"https:\/\/api.w.org\/{rel}","templated":true}]}}