{"id":34265,"date":"2019-03-20T11:31:23","date_gmt":"2019-03-20T03:31:23","guid":{"rendered":"https:\/\/www.grab.com\/vn\/?page_id=34265"},"modified":"2019-12-27T13:14:22","modified_gmt":"2019-12-27T05:14:22","slug":"vcb3","status":"publish","type":"page","link":"https:\/\/www.grab.com\/vn\/vcb3\/","title":{"rendered":"H\u01b0\u1edbng d\u1eabn kh\u1eafc ph\u1ee5c l\u1ed7i khi k\u00edch ho\u1ea1t V\u00ed \u0111i\u1ec7n t\u1eed Moca tr\u00ean \u1ee9ng d\u1ee5ng Grab"},"content":{"rendered":"<p style=\"text-align: center\"><strong>[Vietcombank] Li\u00ean k\u1ebft th\u1ebb kh\u00f4ng th\u00e0nh c\u00f4ng: S\u1ed1 \u0111i\u1ec7n tho\u1ea1i ch\u01b0a k\u00edch ho\u1ea1t SMS OTP\/ Internet Banking.<\/strong><\/p>\n<p><strong>Nguy\u00ean nh\u00e2n:<\/strong><\/p>\n<p><span style=\"font-weight: 400\">Kh\u00e1ch h\u00e0ng ch\u01b0a \u0111\u0103ng k\u00fd Internet Banking v\u00e0 k\u00edch ho\u1ea1t ph\u01b0\u01a1ng th\u1ee9c nh\u1eadn OTP.<\/span><\/p>\n<p><strong>Gi\u1ea3i ph\u00e1p:<\/strong><\/p>\n<p>1\/ Kh\u00e1ch h\u00e0ng vui l\u00f2ng \u0111\u0103ng k\u00fd d\u1ecbch v\u1ee5 VCB-iB@nking (n\u1ebfu \u0111\u00e3 \u0111\u0103ng k\u00fd, Kh\u00e1ch h\u00e0ng xem ti\u1ebfp ph\u1ea7n 2 \u0111\u1ec3 k\u00edch ho\u1ea1t SMS OTP)<\/p>\n<p>Qu\u00fd kh\u00e1ch \u0111\u0103ng k\u00fd s\u1eed d\u1ee5ng d\u1ecbch v\u1ee5 VCB-iB@nking t\u1ea1i c\u00e1c \u0111i\u1ec3m giao d\u1ecbch b\u1ea5t k\u1ef3 c\u1ee7a Vietcombank. \u0110\u1ec3 \u0111\u0103ng k\u00fd s\u1eed d\u1ee5ng d\u1ecbch v\u1ee5, Qu\u00fd kh\u00e1ch c\u1ea7n:<\/p>\n<ul>\n<li>\u0110i\u1ec1n \u0111\u1ea7y \u0111\u1ee7 th\u00f4ng tin v\u00e0o m\u1eabu \u0111\u0103ng k\u00fd d\u1ecbch v\u1ee5<\/li>\n<li>\u00a0Ch\u1ea5p nh\u1eadn c\u00e1c \u0111i\u1ec1u ki\u1ec7n v\u00e0 \u0111i\u1ec1u kho\u1ea3n trong H\u1ee3p \u0111\u1ed3ng cung c\u1ea5p v\u00e0 s\u1eed d\u1ee5ng d\u1ecbch v\u1ee5 Ng\u00e2n h\u00e0ng \u0111i\u1ec7n t\u1eed c\u1ee7a Vietcombank<\/li>\n<\/ul>\n<p>2\/ Kh\u00e1ch h\u00e0ng vui l\u00f2ng th\u1ef1c hi\u1ec7n theo c\u00e1c b\u01b0\u1edbc sau \u0111\u1ec3 \u0111\u0103ng k\u00fd v\u00e0 k\u00edch ho\u1ea1t ph\u01b0\u01a1ng th\u1ee9c nh\u1eadn OTP:<\/p>\n<ul>\n<li style=\"font-weight: 400\"><span style=\"font-weight: 400\">B\u01b0\u1edbc 1: Ki\u1ec3m tra ph\u01b0\u01a1ng th\u1ee9c nh\u1eadn OTP t\u1ea1i: VCB-iB@anking, Sau \u0111\u00f3 v\u00e0o ph\u1ea7n &#8220;C\u00e0i \u0111\u1eb7t ph\u01b0\u01a1ng th\u1ee9c nh\u1eadn OTP&#8221;<\/span><\/li>\n<\/ul>\n<p><span style=\"font-weight: 400\"><img loading=\"lazy\" decoding=\"async\" class=\"aligncenter wp-image-34266 size-full\" src=\"https:\/\/assets.grab.com\/wp-content\/uploads\/sites\/11\/2019\/03\/20112155\/VCB-S6_1.png\" alt=\"\" width=\"447\" height=\"486\" srcset=\"https:\/\/assets.grab.com\/wp-content\/uploads\/sites\/11\/2019\/03\/20112155\/VCB-S6_1.png 447w, https:\/\/assets.grab.com\/wp-content\/uploads\/sites\/11\/2019\/03\/20112155\/VCB-S6_1-250x272.png 250w, https:\/\/assets.grab.com\/wp-content\/uploads\/sites\/11\/2019\/03\/20112155\/VCB-S6_1-120x130.png 120w\" sizes=\"(max-width: 447px) 100vw, 447px\" \/><\/span><\/p>\n<ul>\n<li>B\u01b0\u1edbc\u00a0<span style=\"font-weight: 400\">2: Ch\u1ecdn H\u00ecnh th\u1ee9c nh\u1eadn m\u00e3 OTP l\u00e0 &#8220;Qua SMS&#8221;<\/span><\/li>\n<\/ul>\n<p><img loading=\"lazy\" decoding=\"async\" class=\"aligncenter wp-image-34267 size-full\" src=\"https:\/\/assets.grab.com\/wp-content\/uploads\/sites\/11\/2019\/03\/20112422\/VCB-S6_2.png\" alt=\"\" width=\"795\" height=\"333\" srcset=\"https:\/\/assets.grab.com\/wp-content\/uploads\/sites\/11\/2019\/03\/20112422\/VCB-S6_2.png 795w, https:\/\/assets.grab.com\/wp-content\/uploads\/sites\/11\/2019\/03\/20112422\/VCB-S6_2-250x105.png 250w, https:\/\/assets.grab.com\/wp-content\/uploads\/sites\/11\/2019\/03\/20112422\/VCB-S6_2-768x322.png 768w, https:\/\/assets.grab.com\/wp-content\/uploads\/sites\/11\/2019\/03\/20112422\/VCB-S6_2-700x293.png 700w, https:\/\/assets.grab.com\/wp-content\/uploads\/sites\/11\/2019\/03\/20112422\/VCB-S6_2-120x50.png 120w\" sizes=\"(max-width: 795px) 100vw, 795px\" \/><\/p>\n<ul>\n<li>B\u01b0\u1edbc 3:\u00a0<span style=\"font-weight: 400\">X\u00e1c nh\u1eadn s\u1ed1 \u0111i\u1ec7n tho\u1ea1i &amp; s\u1ed1 t\u00e0i kho\u1ea3n, sau \u0111\u00f3 b\u1ea5m &#8220;X\u00e1c nh\u1eadn&#8221;.<br \/>\n<img loading=\"lazy\" decoding=\"async\" class=\"aligncenter wp-image-34270 size-full\" src=\"https:\/\/assets.grab.com\/wp-content\/uploads\/sites\/11\/2019\/03\/20112737\/VCB-S6_3.png\" alt=\"\" width=\"708\" height=\"499\" srcset=\"https:\/\/assets.grab.com\/wp-content\/uploads\/sites\/11\/2019\/03\/20112737\/VCB-S6_3.png 708w, https:\/\/assets.grab.com\/wp-content\/uploads\/sites\/11\/2019\/03\/20112737\/VCB-S6_3-250x176.png 250w, https:\/\/assets.grab.com\/wp-content\/uploads\/sites\/11\/2019\/03\/20112737\/VCB-S6_3-700x493.png 700w, https:\/\/assets.grab.com\/wp-content\/uploads\/sites\/11\/2019\/03\/20112737\/VCB-S6_3-120x85.png 120w\" sizes=\"(max-width: 708px) 100vw, 708px\" \/><\/span><\/li>\n<\/ul>\n<ul>\n<li><span style=\"font-weight: 400\">B\u01b0\u1edbc 4: Sau khi x\u00e1c nh\u1eadn th\u00e0nh c\u00f4ng, kh\u00e1ch h\u00e0ng vui l\u00f2ng th\u1eed li\u00ean k\u1ebft l\u1ea1i v\u1edbi V\u00ed \u0111i\u1ec7n t\u1eed Moca tr\u00ean \u1ee9ng d\u1ee5ng Grab.<\/span><\/li>\n<\/ul>\n","protected":false},"excerpt":{"rendered":"[Vietcombank] Li\u00ean k\u1ebft th\u1ebb kh\u00f4ng th\u00e0nh c\u00f4ng: S\u1ed1 \u0111i\u1ec7n tho\u1ea1i ch\u01b0a k\u00edch ho\u1ea1t SMS OTP\/ Internet Banking. Nguy\u00ean nh\u00e2n: Kh\u00e1ch h\u00e0ng ch\u01b0a \u0111\u0103ng k\u00fd Internet Banking v\u00e0 k\u00edch ho\u1ea1t ph\u01b0\u01a1ng th\u1ee9c nh\u1eadn OTP. Gi\u1ea3i ph\u00e1p: 1\/ Kh\u00e1ch h\u00e0ng vui l\u00f2ng \u0111\u0103ng k\u00fd d\u1ecbch v\u1ee5 VCB-iB@nking (n\u1ebfu \u0111\u00e3 \u0111\u0103ng k\u00fd, Kh\u00e1ch h\u00e0ng xem ti\u1ebfp ph\u1ea7n 2 [&hellip;]","protected":false},"author":237,"featured_media":0,"parent":0,"menu_order":0,"comment_status":"closed","ping_status":"closed","template":"","meta":{"_acf_changed":false,"footnotes":""},"acf":[],"_links":{"self":[{"href":"https:\/\/www.grab.com\/vn\/wp-json\/wp\/v2\/pages\/34265"}],"collection":[{"href":"https:\/\/www.grab.com\/vn\/wp-json\/wp\/v2\/pages"}],"about":[{"href":"https:\/\/www.grab.com\/vn\/wp-json\/wp\/v2\/types\/page"}],"author":[{"embeddable":true,"href":"https:\/\/www.grab.com\/vn\/wp-json\/wp\/v2\/users\/237"}],"replies":[{"embeddable":true,"href":"https:\/\/www.grab.com\/vn\/wp-json\/wp\/v2\/comments?post=34265"}],"version-history":[{"count":5,"href":"https:\/\/www.grab.com\/vn\/wp-json\/wp\/v2\/pages\/34265\/revisions"}],"predecessor-version":[{"id":54462,"href":"https:\/\/www.grab.com\/vn\/wp-json\/wp\/v2\/pages\/34265\/revisions\/54462"}],"wp:attachment":[{"href":"https:\/\/www.grab.com\/vn\/wp-json\/wp\/v2\/media?parent=34265"}],"curies":[{"name":"wp","href":"https:\/\/api.w.org\/{rel}","templated":true}]}}