{"id":34247,"date":"2019-03-19T20:03:52","date_gmt":"2019-03-19T12:03:52","guid":{"rendered":"https:\/\/www.grab.com\/vn\/?page_id=34247"},"modified":"2019-12-27T12:08:53","modified_gmt":"2019-12-27T04:08:53","slug":"vcb1","status":"publish","type":"page","link":"https:\/\/www.grab.com\/vn\/vcb1\/","title":{"rendered":"H\u01b0\u1edbng d\u1eabn kh\u1eafc ph\u1ee5c l\u1ed7i khi k\u00edch ho\u1ea1t V\u00ed \u0111i\u1ec7n t\u1eed Moca tr\u00ean \u1ee9ng d\u1ee5ng Grab"},"content":{"rendered":"<p style=\"text-align: center\"><strong>[Vietcombank] Th\u1ebb kh\u00f4ng h\u1ee3p l\u1ec7. Vui l\u00f2ng li\u00ean h\u1ec7 Moca ho\u1eb7c ng\u00e2n h\u00e0ng ph\u00e1t h\u00e0nh \u0111\u1ec3 \u0111\u01b0\u1ee3c h\u1ed7 tr\u1ee3<\/strong><\/p>\n<p><img loading=\"lazy\" decoding=\"async\" class=\"aligncenter wp-image-34249 size-full\" src=\"https:\/\/assets.grab.com\/wp-content\/uploads\/sites\/11\/2019\/03\/19195947\/VCB-P1.png\" alt=\"\" width=\"322\" height=\"251\" srcset=\"https:\/\/assets.grab.com\/wp-content\/uploads\/sites\/11\/2019\/03\/19195947\/VCB-P1.png 322w, https:\/\/assets.grab.com\/wp-content\/uploads\/sites\/11\/2019\/03\/19195947\/VCB-P1-250x195.png 250w, https:\/\/assets.grab.com\/wp-content\/uploads\/sites\/11\/2019\/03\/19195947\/VCB-P1-120x94.png 120w\" sizes=\"(max-width: 322px) 100vw, 322px\" \/><\/p>\n<p><strong>Nguy\u00ean nh\u00e2n:<\/strong><\/p>\n<ul>\n<li style=\"font-weight: 400\"><span style=\"font-weight: 400\">Kh\u00e1ch h\u00e0ng nh\u1eadp sai s\u1ed1 th\u1ebb<\/span><\/li>\n<li style=\"font-weight: 400\"><span style=\"font-weight: 400\">Kh\u00e1ch h\u00e0ng nh\u1eadp sai h\u1ecd t\u00ean ho\u1eb7c ng\u00e0y ph\u00e1t h\u00e0nh.<\/span><\/li>\n<li style=\"font-weight: 400\"><span style=\"font-weight: 400\">Th\u1ebb c\u1ee7a Kh\u00e1ch h\u00e0ng c\u00f3 v\u1ea5n \u0111\u1ec1 \u1edf ph\u00eda ng\u00e2n h\u00e0ng (ch\u01b0a k\u00edch ho\u1ea1t ho\u1eb7c \u0111\u00e3 b\u1ecb kho\u00e1) <\/span><\/li>\n<li style=\"font-weight: 400\"><span style=\"font-weight: 400\">Kh\u00e1ch h\u00e0ng ch\u01b0a \u0111\u1ed5i PIN l\u1ea7n \u0111\u1ea7u<\/span><\/li>\n<\/ul>\n<p><strong>Gi\u1ea3i ph\u00e1p: <\/strong><\/p>\n<ul>\n<li style=\"font-weight: 400\"><span style=\"font-weight: 400\">Kh\u00e1ch h\u00e0ng vui l\u00f2ng nh\u1eadp s\u1ed1 th\u1ebb b\u1eb1ng tay, kh\u00f4ng copy&amp;paste (l\u01b0u \u00fd: m\u00e0n h\u00ecnh nh\u1eadp s\u1ed1 th\u1ebb ph\u1ea3i hi\u1ec3n th\u1ecb h\u00ecnh ph\u00f4i th\u1ebb c\u1ee7a ng\u00e2n h\u00e0ng \u0111\u00f3 th\u00ec m\u1edbi \u0111\u00fang l\u00e0 nh\u1eadp b\u1eb1ng tay)<\/span><\/li>\n<li style=\"font-weight: 400\"><span style=\"font-weight: 400\">Kh\u00e1ch h\u00e0ng ki\u1ec3m tra l\u1ea1i th\u00f4ng tin nh\u1eadp v\u00e0o ph\u1ea3i gi\u1ed1ng nh\u01b0 tr\u00ean th\u1ebb.<\/span><\/li>\n<li style=\"font-weight: 400\"><span style=\"font-weight: 400\">T\u00ean in tr\u00ean th\u1ebb kh\u00f4ng \u0111\u01b0\u1ee3c vi\u1ebft t\u1eaft, kh\u00f4ng \u0111\u01b0\u1ee3c vi\u1ebft kh\u00f4ng d\u1ea5u. Y\u00eau c\u1ea7u ph\u1ea3i gi\u1ed1ng nh\u01b0 in tr\u00ean th\u1ebb.<\/span><\/li>\n<li style=\"font-weight: 400\"><span style=\"font-weight: 400\">N\u1ebfu Kh\u00e1ch h\u00e0ng \u0111\u00e3 \u0111\u1ea3m b\u1ea3o nh\u1eadp \u0111\u00fang th\u00f4ng tin th\u1ebb, th\u00ec Kh\u00e1ch h\u00e0ng vui l\u00f2ng li\u00ean h\u1ec7 g\u1ecdi \u0111\u1ebfn ng\u00e2n h\u00e0ng \u0111\u1ec3 ki\u1ec3m tra tr\u1ea1ng th\u00e1i c\u1ee7a th\u1ebb.<\/span>\n<ul>\n<li style=\"font-weight: 400\"><span style=\"font-weight: 400\">Th\u1ebb Kh\u00e1ch h\u00e0ng v\u1eeba m\u1edbi nh\u1eadn, c\u1ea7n ph\u1ea3i \u0111\u01b0\u1ee3c k\u00edch ho\u1ea1t tr\u01b0\u1edbc khi s\u1eed d\u1ee5ng.<\/span><\/li>\n<li style=\"font-weight: 400\"><span style=\"font-weight: 400\">Th\u1ebb Kh\u00e1ch h\u00e0ng c\u00f3 th\u1ec3 \u0111\u00e3 b\u1ecb kho\u00e1 \u1edf ph\u00eda ng\u00e2n h\u00e0ng v\u00ec nhi\u1ec1u nguy\u00ean nh\u00e2n (VD: nh\u1eadp sai PIN nhi\u1ec1u l\u1ea7n \u1edf ph\u00eda ATM, nh\u1eadp sai m\u1eadt kh\u1ea9u nhi\u1ec1u l\u1ea7n tr\u00ean Internet Banking,&#8230;)<\/span><\/li>\n<\/ul>\n<\/li>\n<\/ul>\n","protected":false},"excerpt":{"rendered":"[Vietcombank] Th\u1ebb kh\u00f4ng h\u1ee3p l\u1ec7. Vui l\u00f2ng li\u00ean h\u1ec7 Moca ho\u1eb7c ng\u00e2n h\u00e0ng ph\u00e1t h\u00e0nh \u0111\u1ec3 \u0111\u01b0\u1ee3c h\u1ed7 tr\u1ee3 Nguy\u00ean nh\u00e2n: Kh\u00e1ch h\u00e0ng nh\u1eadp sai s\u1ed1 th\u1ebb Kh\u00e1ch h\u00e0ng nh\u1eadp sai h\u1ecd t\u00ean ho\u1eb7c ng\u00e0y ph\u00e1t h\u00e0nh. Th\u1ebb c\u1ee7a Kh\u00e1ch h\u00e0ng c\u00f3 v\u1ea5n \u0111\u1ec1 \u1edf ph\u00eda ng\u00e2n h\u00e0ng (ch\u01b0a k\u00edch ho\u1ea1t ho\u1eb7c \u0111\u00e3 b\u1ecb kho\u00e1) [&hellip;]","protected":false},"author":237,"featured_media":0,"parent":0,"menu_order":0,"comment_status":"closed","ping_status":"closed","template":"","meta":{"_acf_changed":false,"footnotes":""},"acf":[],"_links":{"self":[{"href":"https:\/\/www.grab.com\/vn\/wp-json\/wp\/v2\/pages\/34247"}],"collection":[{"href":"https:\/\/www.grab.com\/vn\/wp-json\/wp\/v2\/pages"}],"about":[{"href":"https:\/\/www.grab.com\/vn\/wp-json\/wp\/v2\/types\/page"}],"author":[{"embeddable":true,"href":"https:\/\/www.grab.com\/vn\/wp-json\/wp\/v2\/users\/237"}],"replies":[{"embeddable":true,"href":"https:\/\/www.grab.com\/vn\/wp-json\/wp\/v2\/comments?post=34247"}],"version-history":[{"count":2,"href":"https:\/\/www.grab.com\/vn\/wp-json\/wp\/v2\/pages\/34247\/revisions"}],"predecessor-version":[{"id":34250,"href":"https:\/\/www.grab.com\/vn\/wp-json\/wp\/v2\/pages\/34247\/revisions\/34250"}],"wp:attachment":[{"href":"https:\/\/www.grab.com\/vn\/wp-json\/wp\/v2\/media?parent=34247"}],"curies":[{"name":"wp","href":"https:\/\/api.w.org\/{rel}","templated":true}]}}