{"id":285,"date":"2016-05-16T08:47:00","date_gmt":"2016-05-16T00:47:00","guid":{"rendered":"https:\/\/www.grab.com\/vn\/?page_id=285"},"modified":"2026-02-09T17:43:42","modified_gmt":"2026-02-09T09:43:42","slug":"home","status":"publish","type":"page","link":"https:\/\/www.grab.com\/vn\/","title":{"rendered":"Home"},"content":{"rendered":"\t\t<div data-elementor-type=\"wp-post\" data-elementor-id=\"285\" class=\"elementor elementor-285\" data-elementor-post-type=\"page\">\n\t\t\t\t\t\t<section class=\"elementor-section elementor-top-section elementor-element elementor-element-f5e5c33 elementor-section-boxed elementor-section-height-default elementor-section-height-default\" data-id=\"f5e5c33\" data-element_type=\"section\">\n\t\t\t\t\t\t<div class=\"elementor-container elementor-column-gap-default\">\n\t\t\t\t\t<div class=\"elementor-column elementor-col-100 elementor-top-column elementor-element elementor-element-59d46c8\" data-id=\"59d46c8\" data-element_type=\"column\">\n\t\t\t<div class=\"elementor-widget-wrap\">\n\t\t\t\t\t\t\t<\/div>\n\t\t<\/div>\n\t\t\t\t\t<\/div>\n\t\t<\/section>\n\t\t\t\t<\/div>\n\t\t","protected":false},"excerpt":{"rendered":"Grab. Gi\u00fap cu\u1ed9c s\u1ed1ng t\u1ed1t h\u01a1n m\u1ed7i ng\u00e0y. Xem th\u00eam v\u1ec1 ch\u00fang t\u00f4i Xem th\u00eam v\u1ec1 ch\u00fang t\u00f4i T\u1ea3i \u1ee9ng d\u1ee5ng T\u1ea3i \u1ee9ng d\u1ee5ng T\u1eeb nh\u1eefng d\u1ecbch v\u1ee5 thi\u1ebft y\u1ebfu \u0111\u1ebfn c\u01a1 h\u1ed9i gia t\u0103ng thu nh\u1eadp. T\u1ea5t c\u1ea3 \u0111\u1ec1u c\u00f3 tr\u00ean m\u1ed9t n\u1ec1n t\u1ea3ng Doanh nghi\u1ec7p Giao h\u00e0ng \u0110\u1ed3 \u0103n Giao m\u00f3n ngon t\u1eadn [&hellip;]","protected":false},"author":1,"featured_media":0,"parent":0,"menu_order":0,"comment_status":"closed","ping_status":"closed","template":"grab21-default","meta":{"_acf_changed":false,"footnotes":""},"acf":[],"_links":{"self":[{"href":"https:\/\/www.grab.com\/vn\/wp-json\/wp\/v2\/pages\/285"}],"collection":[{"href":"https:\/\/www.grab.com\/vn\/wp-json\/wp\/v2\/pages"}],"about":[{"href":"https:\/\/www.grab.com\/vn\/wp-json\/wp\/v2\/types\/page"}],"author":[{"embeddable":true,"href":"https:\/\/www.grab.com\/vn\/wp-json\/wp\/v2\/users\/1"}],"replies":[{"embeddable":true,"href":"https:\/\/www.grab.com\/vn\/wp-json\/wp\/v2\/comments?post=285"}],"version-history":[{"count":140,"href":"https:\/\/www.grab.com\/vn\/wp-json\/wp\/v2\/pages\/285\/revisions"}],"predecessor-version":[{"id":200659,"href":"https:\/\/www.grab.com\/vn\/wp-json\/wp\/v2\/pages\/285\/revisions\/200659"}],"wp:attachment":[{"href":"https:\/\/www.grab.com\/vn\/wp-json\/wp\/v2\/media?parent=285"}],"curies":[{"name":"wp","href":"https:\/\/api.w.org\/{rel}","templated":true}]}}