{"id":26409,"date":"2018-10-03T12:55:00","date_gmt":"2018-10-03T04:55:00","guid":{"rendered":"https:\/\/www.grab.com\/vn\/?page_id=26409"},"modified":"2019-10-25T16:19:21","modified_gmt":"2019-10-25T08:19:21","slug":"grabnow-dat-la-di-ngay","status":"publish","type":"page","link":"https:\/\/www.grab.com\/vn\/grabnow-dat-la-di-ngay\/","title":{"rendered":"GrabNow &#8211; \u0110\u1eb7t l\u00e0 \u0111i ngay"},"content":{"rendered":"<h3><span style=\"color: #009d3b\">GrabNow l\u00e0 g\u00ec?<\/span><\/h3>\n<p><span style=\"font-weight: 400\">GrabNow l\u00e0 d\u1ecbch v\u1ee5 cho ph\u00e9p b\u1ea1n k\u1ebft n\u1ed1i tr\u1ef1c ti\u1ebfp v\u1edbi c\u00e1c \u0110\u1ed1i t\u00e1c GrabBike \u1edf g\u1ea7n ch\u1ed7 m\u00ecnh \u0111\u1ee9ng ho\u1eb7c khu v\u1ef1c l\u00e2n c\u1eadn m\u00e0 kh\u00f4ng c\u1ea7n \u0111\u1eb7t tr\u01b0\u1edbc v\u00e0 ch\u1edd \u0111\u1ee3i. <\/span><\/p>\n<p><span style=\"font-weight: 400\">Theo \u0111\u00f3, b\u1ea1n c\u00f3 th\u1ec3 \u201cv\u1eaby xe&#8221; theo c\u00e1ch truy\u1ec1n th\u1ed1ng, nh\u01b0ng k\u1ebft n\u1ed1i theo c\u00e1ch hi\u1ec7n \u0111\u1ea1i &#8211; v\u1eeba nhanh ch\u00f3ng, an to\u00e0n, l\u1ea1i \u0111\u01b0\u1ee3c h\u01b0\u1edfng ho\u00e0n to\u00e0n nh\u1eefng l\u1ee3i \u00edch nh\u01b0 c\u00e1c d\u1ecbch v\u1ee5 kh\u00e1c c\u1ee7a Grab: T\u00edch \u0111i\u1ec3m GrabRewards, s\u1eed d\u1ee5ng m\u00e3 \u01b0u \u0111\u00e3i, thanh to\u00e1n b\u1eb1ng ti\u1ec1n m\u1eb7t ho\u1eb7c v\u00ed Moca tr\u00ean \u1ee9ng d\u1ee5ng Grab. <\/span><\/p>\n<h3><span style=\"color: #009d3b\">V\u00ec sao n\u00ean s\u1eed d\u1ee5ng GrabNow?<\/span><\/h3>\n<ul>\n<li style=\"font-weight: 400\"><span style=\"font-weight: 400\">Ti\u1ebft ki\u1ec7m th\u1eddi gian nh\u1edd v\u00e0o vi\u1ec7c \u201cv\u1eaby xe&#8221; tr\u1ef1c ti\u1ebfp. \u0110\u00e3 nhanh, nay c\u00e0ng nhanh h\u01a1n n\u1eefa!<\/span><\/li>\n<li style=\"font-weight: 400\"><span style=\"font-weight: 400\">Thanh to\u00e1n g\u1ecdn l\u1eb9, kh\u00f4ng c\u1ea7n ti\u1ec1n m\u1eb7t (th\u00f4ng qua v\u00ed Moca tr\u00ean \u1ee9ng d\u1ee5ng Grab ho\u1eb7c d\u00f9ng th\u1ebb Credit\/ Debit Qu\u1ed1c t\u1ebf)<\/span><\/li>\n<li style=\"font-weight: 400\"><span style=\"font-weight: 400\">T\u00edch \u0111i\u1ec3m GrabRewards tr\u00ean t\u1eebng chuy\u1ebfn \u0111i. S\u1eed d\u1ee5ng \u0111i\u1ec3m \u0111\u1ec3 \u0111\u1ed5i l\u1ea5y c\u00e1c \u01b0u \u0111\u00e3i h\u1eefu \u00edch kh\u00e1c.<\/span><\/li>\n<li style=\"font-weight: 400\"><span style=\"font-weight: 400\">T\u1eadn h\u01b0\u1edfng nhi\u1ec1u ch\u01b0\u01a1ng tr\u00ecnh khuy\u1ebfn m\u00e3i h\u1ea5p d\u1eabn.<\/span><\/li>\n<\/ul>\n<h3><span style=\"color: #009d3b\">S\u1eed d\u1ee5ng GrabNow nh\u01b0 th\u1ebf n\u00e0o?<\/span><\/h3>\n<p><img loading=\"lazy\" decoding=\"async\" width=\"1200\" height=\"1200\" class=\"alignnone size-full wp-image-26417\" src=\"https:\/\/assets.grab.com\/wp-content\/uploads\/sites\/11\/2018\/10\/03124622\/Grabnow.gif\" alt=\"\" \/><\/p>\n<h3><span style=\"color: #009d3b\">C\u00e2u h\u1ecfi th\u01b0\u1eddng g\u1eb7p<\/span><\/h3>\n<p><strong>L\u00e0m sao \u0111\u1ec3 t\u00f4i bi\u1ebft T\u00e0i x\u1ebf GrabBike n\u00e0o nh\u1eadn cu\u1ed1c GrabNow?<\/strong><\/p>\n<p><span style=\"font-weight: 400\">Ch\u00fang t\u00f4i s\u1ebd d\u00e1n decal l\u00ean c\u00e1c xe GrabBike \u0111\u1ec3 b\u1ea1n bi\u1ebft \u0111\u01b0\u1ee3c ai l\u00e0 ng\u01b0\u1eddi ch\u1ea5p nh\u1eadn cu\u1ed1c GrabNow. V\u00ec \u01b0u \u0111i\u1ec3m c\u1ee7a GrabNow l\u00e0 \u201cv\u1eaby xe&#8221; si\u00eau nhanh n\u00ean ch\u00fang t\u00f4i c\u0169ng khuy\u1ebfn kh\u00edch b\u1ea1n h\u1ecfi tr\u1ef1c ti\u1ebfp t\u00e0i x\u1ebf tr\u01b0\u1edbc khi \u0111i xe.<\/span><\/p>\n<p><strong>D\u1ecbch v\u1ee5 GrabNow \u00e1p d\u1ee5ng m\u1ee9c ph\u00ed nh\u01b0 th\u1ebf n\u00e0o?<\/strong><\/p>\n<p>GrabNow t\u00ednh ph\u00ed nh\u01b0 gi\u00e1 hi\u1ec3n th\u1ecb tr\u00ean d\u1ecbch v\u1ee5 GrabBike s\u1eb5n c\u00f3 c\u1ee7a Grab b\u1ea1n nh\u00e9.<\/p>\n<p><strong> N\u1ebfu t\u00e0i kho\u1ea3n c\u1ee7a t\u00f4i kh\u00f4ng th\u1ec3 \u201cT\u1ef1 \u0111\u1ed9ng k\u1ebft n\u1ed1i\u201d v\u1edbi t\u00e0i x\u1ebf th\u00ec ph\u1ea3i l\u00e0m sao?<\/strong><\/p>\n<p><span style=\"font-weight: 400\">Trong tr\u01b0\u1eddng h\u1ee3p b\u1ea1n g\u1eb7p v\u1ea5n \u0111\u1ec1 v\u1edbi vi\u1ec7c k\u1ebft n\u1ed1i t\u1ef1 \u0111\u1ed9ng, \u0111\u1eebng lo l\u1eafng b\u1edfi b\u1ea1n c\u00f3 th\u1ec3 k\u1ebft n\u1ed1i v\u1edbi t\u00e0i x\u1ebf GrabBike theo c\u00e1ch th\u1ee7 c\u00f4ng. \u0110\u01a1n gi\u1ea3n b\u1eb1ng c\u00e1ch nh\u1eadp m\u00e3 (g\u1ed3m 6 ch\u1eef s\u1ed1) \u0111\u01b0\u1ee3c t\u1ea1o t\u1eeb \u1ee9ng d\u1ee5ng t\u00e0i x\u1ebf v\u00e0o \u1ee9ng d\u1ee5ng c\u1ee7a b\u1ea1n. Th\u1ebf l\u00e0 xong!<\/span><\/p>\n<p><strong> Khi d\u00f9ng GrabNow, t\u00f4i c\u00f3 c\u1ea7n nh\u1eadp \u0110i\u1ec3m \u0110\u1ebfn kh\u00f4ng?<\/strong><\/p>\n<p><span style=\"font-weight: 400\">D\u1ecbch v\u1ee5 GrabNow s\u1ebd \u0111\u01b0\u1ee3c t\u00ednh ph\u00ed d\u1ef1a tr\u00ean qu\u00e3ng \u0111\u01b0\u1eddng th\u1ef1c t\u1ebf m\u00e0 b\u1ea1n di chuy\u1ec3n, n\u00ean n\u1ebfu b\u1ea1n mu\u1ed1n ki\u1ec3m tra gi\u00e1 ti\u1ec1n v\u00e0 c\u1ed1 \u0111\u1ecbnh n\u01a1i \u0111\u1ebfn th\u00ec b\u1ea1n c\u00f3 th\u1ec3 nh\u1eadp \u0110i\u1ec3m \u0110\u1ebfn nh\u01b0 c\u00e1c chuy\u1ebfn GrabBike th\u00f4ng th\u01b0\u1eddng kh\u00e1c.<\/span><\/p>\n<p><strong> T\u1ea1i sao t\u00f4i kh\u00f4ng th\u1ea5y GrabNow trong \u1ee9ng d\u1ee5ng c\u1ee7a m\u00ecnh?<\/strong><\/p>\n<p><span style=\"font-weight: 400\">H\u00e3y \u0111\u1ea3m b\u1ea3o r\u1eb1ng b\u1ea1n \u0111\u00e3 c\u00e0i \u0111\u1eb7t phi\u00ean b\u1ea3n m\u1edbi nh\u1ea5t c\u1ee7a \u1ee9ng d\u1ee5ng Grab nh\u00e9.<\/span><\/p>\n<p><strong> T\u00f4i c\u00f3 th\u1ec3 thanh to\u00e1n GrabNow b\u1eb1ng v\u00ed Moca tr\u00ean \u1ee9ng d\u1ee5ng Grab kh\u00f4ng?<\/strong><\/p>\n<p><span style=\"font-weight: 400\">Gi\u1ed1ng nh\u01b0 t\u1ea5t c\u1ea3 c\u00e1c d\u1ecbch v\u1ee5 kh\u00e1c c\u1ee7a Grab, b\u1ea1n c\u00f3 th\u1ec3 thanh to\u00e1n b\u1eb1ng ti\u1ec1n m\u1eb7t v\u00e0 <\/span><span style=\"font-weight: 400\">kh\u00f4ng ti\u1ec1n m\u1eb7t (th\u00f4ng qua v\u00ed Moca tr\u00ean \u1ee9ng d\u1ee5ng Grab ho\u1eb7c d\u00f9ng th\u1ebb Credit\/ Debit Qu\u1ed1c t\u1ebf)<\/span><\/p>\n<p><strong> T\u00f4i c\u00f3 th\u1ec3 \u0111\u1eb7t hai \u0111i\u1ec3m d\u1eebng v\u1edbi GrabNow kh\u00f4ng?<\/strong><\/p>\n<p><span style=\"font-weight: 400\">\u0110\u01b0\u1ee3c. <\/span><span style=\"font-weight: 400\">D\u1ecbch v\u1ee5 GrabNow s\u1ebd \u0111\u01b0\u1ee3c t\u00ednh ph\u00ed d\u1ef1a tr\u00ean qu\u00e3ng \u0111\u01b0\u1eddng th\u1ef1c t\u1ebf m\u00e0 b\u1ea1n di chuy\u1ec3n, do \u0111\u00f3 b\u1ea1n c\u00f3 th\u1ec3 \u0111i th\u00eam nhi\u1ec1u \u0111i\u1ec3m d\u1eebng trong su\u1ed1t h\u00e0nh tr\u00ecnh c\u1ee7a m\u00ecnh.<\/span><\/p>\n","protected":false},"excerpt":{"rendered":"GrabNow l\u00e0 g\u00ec? GrabNow l\u00e0 d\u1ecbch v\u1ee5 cho ph\u00e9p b\u1ea1n k\u1ebft n\u1ed1i tr\u1ef1c ti\u1ebfp v\u1edbi c\u00e1c \u0110\u1ed1i t\u00e1c GrabBike \u1edf g\u1ea7n ch\u1ed7 m\u00ecnh \u0111\u1ee9ng ho\u1eb7c khu v\u1ef1c l\u00e2n c\u1eadn m\u00e0 kh\u00f4ng c\u1ea7n \u0111\u1eb7t tr\u01b0\u1edbc v\u00e0 ch\u1edd \u0111\u1ee3i. Theo \u0111\u00f3, b\u1ea1n c\u00f3 th\u1ec3 \u201cv\u1eaby xe&#8221; theo c\u00e1ch truy\u1ec1n th\u1ed1ng, nh\u01b0ng k\u1ebft n\u1ed1i theo c\u00e1ch hi\u1ec7n \u0111\u1ea1i [&hellip;]","protected":false},"author":592,"featured_media":0,"parent":0,"menu_order":0,"comment_status":"closed","ping_status":"closed","template":"","meta":{"_acf_changed":false,"footnotes":""},"acf":[],"_links":{"self":[{"href":"https:\/\/www.grab.com\/vn\/wp-json\/wp\/v2\/pages\/26409"}],"collection":[{"href":"https:\/\/www.grab.com\/vn\/wp-json\/wp\/v2\/pages"}],"about":[{"href":"https:\/\/www.grab.com\/vn\/wp-json\/wp\/v2\/types\/page"}],"author":[{"embeddable":true,"href":"https:\/\/www.grab.com\/vn\/wp-json\/wp\/v2\/users\/592"}],"replies":[{"embeddable":true,"href":"https:\/\/www.grab.com\/vn\/wp-json\/wp\/v2\/comments?post=26409"}],"version-history":[{"count":3,"href":"https:\/\/www.grab.com\/vn\/wp-json\/wp\/v2\/pages\/26409\/revisions"}],"predecessor-version":[{"id":49628,"href":"https:\/\/www.grab.com\/vn\/wp-json\/wp\/v2\/pages\/26409\/revisions\/49628"}],"wp:attachment":[{"href":"https:\/\/www.grab.com\/vn\/wp-json\/wp\/v2\/media?parent=26409"}],"curies":[{"name":"wp","href":"https:\/\/api.w.org\/{rel}","templated":true}]}}