{"id":24308,"date":"2018-08-06T13:19:53","date_gmt":"2018-08-06T05:19:53","guid":{"rendered":"https:\/\/www.grab.com\/vn\/?page_id=24308"},"modified":"2018-08-06T16:00:34","modified_gmt":"2018-08-06T08:00:34","slug":"grabrewards-ap-dung-he-so-tich-luy-moi-ke-tu-ngay-09-08","status":"publish","type":"page","link":"https:\/\/www.grab.com\/vn\/grabrewards-ap-dung-he-so-tich-luy-moi-ke-tu-ngay-09-08\/","title":{"rendered":"GrabRewards \u00e1p d\u1ee5ng h\u1ec7 s\u1ed1 t\u00edch lu\u1ef9 m\u1edbi k\u1ec3 t\u1eeb ng\u00e0y 09\/08"},"content":{"rendered":"<p><span style=\"font-weight: 400\">K\u1ec3 t\u1eeb ng\u00e0y 09\/08, GrabRewards \u00e1p d\u1ee5ng h\u1ea1ng m\u1ee9c th\u00e0nh vi\u00ean v\u00e0 h\u1ec7 s\u1ed1 t\u00edch l\u0169y, \u0111\u1ed5i \u0111i\u1ec3m th\u01b0\u1edfng m\u1edbi.<\/span><\/p>\n<p><span style=\"font-weight: 400\">GrabRewards lu\u00f4n mong mu\u1ed1n mang l\u1ea1i nhi\u1ec1u c\u1ea3i thi\u1ec7n h\u01a1n n\u1eefa cho c\u00e1c kh\u00e1ch h\u00e0ng th\u00e2n thi\u1ebft. Theo \u0111\u00f3, k\u1ec3 t\u1eeb ng\u00e0y 09\/08, ch\u01b0\u01a1ng tr\u00ecnh GrabRewards s\u1ebd \u00e1p d\u1ee5ng 1 s\u1ed1 thay \u0111\u1ed5i sau:<\/span><\/p>\n<ul>\n<li><b>Th\u0103ng h\u1ea1ng d\u1ec5 d\u00e0ng h\u01a1n v\u1edbi s\u1ed1 \u0111i\u1ec3m y\u00eau c\u1ea7u \u00edt h\u01a1n<\/b><\/li>\n<li style=\"font-weight: 400\"><b>H\u1ec7 s\u1ed1 t\u00edch lu\u1ef9 \u0111i\u1ec3m th\u01b0\u1edfng khi \u0111i Grab <\/b><span style=\"font-weight: 400\">h\u1ea5p d\u1eabn d\u00e0nh cho th\u00e0nh vi\u00ean h\u1ea1ng m\u1ee9c V\u00e0ng (x 1.5 l\u1ea7n \u0111i\u1ec3m) v\u00e0 h\u1ea1ng m\u1ee9c B\u1ea1ch Kim (x 2 l\u1ea7n \u0111i\u1ec3m)<\/span><\/li>\n<li><b>x 3 l\u1ea7n \u0111i\u1ec3m<\/b><span style=\"font-weight: 400\"> khi \u0111i Grab v\u00e0 thanh to\u00e1n b\u1eb1ng <\/span><b>GrabPay\/ GrabPay Credits<\/b><\/li>\n<li><b>H\u1ec7 s\u1ed1 t\u00edch l\u0169y \u0111i\u1ec3m th\u01b0\u1edfng nhi\u1ec1u h\u01a1n<span style=\"font-weight: 400\"> khi s\u1eed d\u1ee5ng m\u1ed9t s\u1ed1 d\u1ecbch v\u1ee5 c\u1ee7a Grab nh\u01b0 GrabCar, GrabBike, GrabExpress<\/span><span style=\"font-weight: 400\">.<\/span><\/b><\/li>\n<\/ul>\n<h3><span style=\"color: #009d3b\">GrabCar \/ GrabCar +<\/span><\/h3>\n<p><img loading=\"lazy\" decoding=\"async\" class=\"alignnone wp-image-24311\" src=\"https:\/\/www.grab.com\/vn\/wp-content\/uploads\/sites\/11\/2018\/08\/grabrewards_points_VN_GrabCar-2.png\" alt=\"\" width=\"500\" height=\"667\" srcset=\"https:\/\/www.grab.com\/vn\/wp-content\/uploads\/sites\/11\/2018\/08\/grabrewards_points_VN_GrabCar-2.png 750w, https:\/\/www.grab.com\/vn\/wp-content\/uploads\/sites\/11\/2018\/08\/grabrewards_points_VN_GrabCar-2-250x333.png 250w, https:\/\/www.grab.com\/vn\/wp-content\/uploads\/sites\/11\/2018\/08\/grabrewards_points_VN_GrabCar-2-700x933.png 700w, https:\/\/www.grab.com\/vn\/wp-content\/uploads\/sites\/11\/2018\/08\/grabrewards_points_VN_GrabCar-2-120x160.png 120w\" sizes=\"(max-width: 500px) 100vw, 500px\" \/><\/p>\n<h3><span style=\"color: #009d3b\">GrabBike \/ GrabBike +<\/span><\/h3>\n<p><img loading=\"lazy\" decoding=\"async\" class=\"alignnone wp-image-24310\" src=\"https:\/\/www.grab.com\/vn\/wp-content\/uploads\/sites\/11\/2018\/08\/grabrewards_points_VN_GrabBikeExpress-2.png\" alt=\"\" width=\"500\" height=\"667\" srcset=\"https:\/\/www.grab.com\/vn\/wp-content\/uploads\/sites\/11\/2018\/08\/grabrewards_points_VN_GrabBikeExpress-2.png 750w, https:\/\/www.grab.com\/vn\/wp-content\/uploads\/sites\/11\/2018\/08\/grabrewards_points_VN_GrabBikeExpress-2-250x333.png 250w, https:\/\/www.grab.com\/vn\/wp-content\/uploads\/sites\/11\/2018\/08\/grabrewards_points_VN_GrabBikeExpress-2-700x933.png 700w, https:\/\/www.grab.com\/vn\/wp-content\/uploads\/sites\/11\/2018\/08\/grabrewards_points_VN_GrabBikeExpress-2-120x160.png 120w\" sizes=\"(max-width: 500px) 100vw, 500px\" \/><\/p>\n<h3><span style=\"color: #009d3b\">JustGrab \/ GrabShare<\/span><\/h3>\n<p><img loading=\"lazy\" decoding=\"async\" class=\"alignnone wp-image-24309\" src=\"https:\/\/www.grab.com\/vn\/wp-content\/uploads\/sites\/11\/2018\/08\/grabrewards_points_VN_JustGrabShare-2.png\" alt=\"\" width=\"500\" height=\"667\" srcset=\"https:\/\/www.grab.com\/vn\/wp-content\/uploads\/sites\/11\/2018\/08\/grabrewards_points_VN_JustGrabShare-2.png 750w, https:\/\/www.grab.com\/vn\/wp-content\/uploads\/sites\/11\/2018\/08\/grabrewards_points_VN_JustGrabShare-2-250x333.png 250w, https:\/\/www.grab.com\/vn\/wp-content\/uploads\/sites\/11\/2018\/08\/grabrewards_points_VN_JustGrabShare-2-700x933.png 700w, https:\/\/www.grab.com\/vn\/wp-content\/uploads\/sites\/11\/2018\/08\/grabrewards_points_VN_JustGrabShare-2-120x160.png 120w\" sizes=\"(max-width: 500px) 100vw, 500px\" \/><\/p>\n<h3><span style=\"color: #009d3b\">GrabTaxi \/ GrabTaxi +<\/span><\/h3>\n<p><img loading=\"lazy\" decoding=\"async\" class=\"alignnone wp-image-24312\" src=\"https:\/\/www.grab.com\/vn\/wp-content\/uploads\/sites\/11\/2018\/08\/grabrewards_points_VN_GrabTaxi-2.png\" alt=\"\" width=\"500\" height=\"667\" srcset=\"https:\/\/www.grab.com\/vn\/wp-content\/uploads\/sites\/11\/2018\/08\/grabrewards_points_VN_GrabTaxi-2.png 750w, https:\/\/www.grab.com\/vn\/wp-content\/uploads\/sites\/11\/2018\/08\/grabrewards_points_VN_GrabTaxi-2-250x333.png 250w, https:\/\/www.grab.com\/vn\/wp-content\/uploads\/sites\/11\/2018\/08\/grabrewards_points_VN_GrabTaxi-2-700x933.png 700w, https:\/\/www.grab.com\/vn\/wp-content\/uploads\/sites\/11\/2018\/08\/grabrewards_points_VN_GrabTaxi-2-120x160.png 120w\" sizes=\"(max-width: 500px) 100vw, 500px\" \/><\/p>\n<p><span style=\"font-weight: 400\">Trong th\u1eddi gian t\u1edbi, GrabRewards s\u1ebd li\u00ean t\u1ee5c mang \u0111\u1ebfn cho t\u1ea5t c\u1ea3 th\u00e0nh vi\u00ean nhi\u1ec1u ti\u1ec7n \u00edch v\u00e0 \u01b0u \u0111\u00e3i v\u1edbi m\u1ee9c \u0111i\u1ec3m quy \u0111\u1ed5i h\u1ea5p d\u1eabn.<\/span><\/p>\n<p><span style=\"font-weight: 400\">\u0110\u1eb7c bi\u1ec7t, ch\u1ec9 v\u1edbi 5 \u0111i\u1ec3m, c\u00e1c th\u00e0nh vi\u00ean h\u1ea1ng m\u1ee9c Platinum c\u00f3 th\u1ec3 t\u1eadn h\u01b0\u1edfng \u01b0u \u0111\u00e3i \u0111\u1ed9c quy\u1ec1n trong ch\u01b0\u01a1ng tr\u00ecnh \u201c<strong><span style=\"color: #009d3b\">\u0110\u1eb7c Quy\u1ec1n Platinum<\/span><\/strong>&#8220;.<\/span><\/p>\n","protected":false},"excerpt":{"rendered":"K\u1ec3 t\u1eeb ng\u00e0y 09\/08, GrabRewards \u00e1p d\u1ee5ng h\u1ea1ng m\u1ee9c th\u00e0nh vi\u00ean v\u00e0 h\u1ec7 s\u1ed1 t\u00edch l\u0169y, \u0111\u1ed5i \u0111i\u1ec3m th\u01b0\u1edfng m\u1edbi. GrabRewards lu\u00f4n mong mu\u1ed1n mang l\u1ea1i nhi\u1ec1u c\u1ea3i thi\u1ec7n h\u01a1n n\u1eefa cho c\u00e1c kh\u00e1ch h\u00e0ng th\u00e2n thi\u1ebft. Theo \u0111\u00f3, k\u1ec3 t\u1eeb ng\u00e0y 09\/08, ch\u01b0\u01a1ng tr\u00ecnh GrabRewards s\u1ebd \u00e1p d\u1ee5ng 1 s\u1ed1 thay \u0111\u1ed5i sau: Th\u0103ng [&hellip;]","protected":false},"author":592,"featured_media":0,"parent":0,"menu_order":0,"comment_status":"closed","ping_status":"closed","template":"tpl\/tpl-page-elements.php","meta":{"_acf_changed":false,"footnotes":""},"acf":[],"_links":{"self":[{"href":"https:\/\/www.grab.com\/vn\/wp-json\/wp\/v2\/pages\/24308"}],"collection":[{"href":"https:\/\/www.grab.com\/vn\/wp-json\/wp\/v2\/pages"}],"about":[{"href":"https:\/\/www.grab.com\/vn\/wp-json\/wp\/v2\/types\/page"}],"author":[{"embeddable":true,"href":"https:\/\/www.grab.com\/vn\/wp-json\/wp\/v2\/users\/592"}],"replies":[{"embeddable":true,"href":"https:\/\/www.grab.com\/vn\/wp-json\/wp\/v2\/comments?post=24308"}],"version-history":[{"count":1,"href":"https:\/\/www.grab.com\/vn\/wp-json\/wp\/v2\/pages\/24308\/revisions"}],"predecessor-version":[{"id":24314,"href":"https:\/\/www.grab.com\/vn\/wp-json\/wp\/v2\/pages\/24308\/revisions\/24314"}],"wp:attachment":[{"href":"https:\/\/www.grab.com\/vn\/wp-json\/wp\/v2\/media?parent=24308"}],"curies":[{"name":"wp","href":"https:\/\/api.w.org\/{rel}","templated":true}]}}