{"id":23635,"date":"2018-07-20T12:36:16","date_gmt":"2018-07-20T04:36:16","guid":{"rendered":"https:\/\/www.grab.com\/vn\/?page_id=23635"},"modified":"2018-09-25T19:44:17","modified_gmt":"2018-09-25T11:44:17","slug":"so-dien-thoai-thay-doi-tai-khoan-giu-nguyen","status":"publish","type":"page","link":"https:\/\/www.grab.com\/vn\/so-dien-thoai-thay-doi-tai-khoan-giu-nguyen\/","title":{"rendered":"S\u1ed1 \u0111i\u1ec7n tho\u1ea1i thay \u0111\u1ed5i, t\u00e0i kho\u1ea3n gi\u1eef nguy\u00ean"},"content":{"rendered":"<p>N\u1ebfu b\u1ea1n thay \u0111\u1ed5i s\u1ed1 \u0111i\u1ec7n tho\u1ea1i, vui l\u00f2ng c\u1eadp nh\u1eadt s\u1ed1 \u0111i\u1ec7n tho\u1ea1i m\u1edbi trong t\u00e0i kho\u1ea3n Grab \u0111\u1ec3 l\u01b0u tr\u1eef l\u1ecbch s\u1eed chuy\u1ebfn \u0111i, c\u00e1c c\u00e0i \u0111\u1eb7t ri\u00eang v\u00e0 \u0111i\u1ec3m GrabRewards c\u1ee7a b\u1ea1n.<\/p>\n<p>Xem ngay h\u01b0\u1edbng d\u1eabn d\u01b0\u1edbi \u0111\u00e2y:<\/p>\n<h3>iOS<\/h3>\n<p><img loading=\"lazy\" decoding=\"async\" class=\"alignnone wp-image-23637 size-full\" src=\"https:\/\/www.grab.com\/vn\/wp-content\/uploads\/sites\/11\/2018\/07\/IOS-STEP1-3.gif\" alt=\"\" width=\"1200\" height=\"1525\" \/><\/p>\n","protected":false},"excerpt":{"rendered":"N\u1ebfu b\u1ea1n thay \u0111\u1ed5i s\u1ed1 \u0111i\u1ec7n tho\u1ea1i, vui l\u00f2ng c\u1eadp nh\u1eadt s\u1ed1 \u0111i\u1ec7n tho\u1ea1i m\u1edbi trong t\u00e0i kho\u1ea3n Grab \u0111\u1ec3 l\u01b0u tr\u1eef l\u1ecbch s\u1eed chuy\u1ebfn \u0111i, c\u00e1c c\u00e0i \u0111\u1eb7t ri\u00eang v\u00e0 \u0111i\u1ec3m GrabRewards c\u1ee7a b\u1ea1n. Xem ngay h\u01b0\u1edbng d\u1eabn d\u01b0\u1edbi \u0111\u00e2y: iOS","protected":false},"author":592,"featured_media":0,"parent":0,"menu_order":0,"comment_status":"closed","ping_status":"closed","template":"tpl\/tpl-page-elements.php","meta":{"_acf_changed":false,"footnotes":""},"acf":[],"_links":{"self":[{"href":"https:\/\/www.grab.com\/vn\/wp-json\/wp\/v2\/pages\/23635"}],"collection":[{"href":"https:\/\/www.grab.com\/vn\/wp-json\/wp\/v2\/pages"}],"about":[{"href":"https:\/\/www.grab.com\/vn\/wp-json\/wp\/v2\/types\/page"}],"author":[{"embeddable":true,"href":"https:\/\/www.grab.com\/vn\/wp-json\/wp\/v2\/users\/592"}],"replies":[{"embeddable":true,"href":"https:\/\/www.grab.com\/vn\/wp-json\/wp\/v2\/comments?post=23635"}],"version-history":[{"count":1,"href":"https:\/\/www.grab.com\/vn\/wp-json\/wp\/v2\/pages\/23635\/revisions"}],"predecessor-version":[{"id":23639,"href":"https:\/\/www.grab.com\/vn\/wp-json\/wp\/v2\/pages\/23635\/revisions\/23639"}],"wp:attachment":[{"href":"https:\/\/www.grab.com\/vn\/wp-json\/wp\/v2\/media?parent=23635"}],"curies":[{"name":"wp","href":"https:\/\/api.w.org\/{rel}","templated":true}]}}