{"id":22178,"date":"2018-06-01T12:50:12","date_gmt":"2018-06-01T04:50:12","guid":{"rendered":"https:\/\/www.grab.com\/vn\/?page_id=22178"},"modified":"2018-06-01T16:05:18","modified_gmt":"2018-06-01T08:05:18","slug":"grabexpress-thu-nghiem-tinh-nang-dat-nhieu-chuyen","status":"publish","type":"page","link":"https:\/\/www.grab.com\/vn\/grabexpress-thu-nghiem-tinh-nang-dat-nhieu-chuyen\/","title":{"rendered":"GrabExpress th\u1eed nghi\u1ec7m t\u00ednh n\u0103ng \u201c\u0110\u1eb7t nhi\u1ec1u chuy\u1ebfn&#8221;"},"content":{"rendered":"<p><span style=\"font-weight: 400\">C\u00f3 nh\u1eefng ng\u00e0y:<\/span><\/p>\n<ul>\n<li style=\"font-weight: 400\"><span style=\"font-weight: 400\">R\u00e1ng chi\u1ec1u \u0111\u00e3 chuy\u1ec3n h\u1ed3ng m\u00e0 h\u1ee3p \u0111\u1ed3ng v\u1eabn ch\u1ea5t ch\u1ed3ng, \u0111\u01b0a ho\u00e0i kh\u00f4ng h\u1ebft&#8230;<\/span><\/li>\n<li style=\"font-weight: 400\"><span style=\"font-weight: 400\">M\u1eb7t tr\u1eddi v\u1eeba l\u00ean, \u0111\u01a1n h\u00e0ng v\u1ec1 th\u00eam, giao m\u00e3i kh\u00f4ng bi\u1ebft ch\u1eebng n\u00e0o xong?!<\/span><\/li>\n<\/ul>\n<p><span style=\"font-weight: 400\">V\u1eeba hay! GrabExpress b\u1eaft \u0111\u1ea7u th\u1eed nghi\u1ec7m t\u00ednh n\u0103ng m\u1edbi: \u201c\u0110\u1eb7t nhi\u1ec1u chuy\u1ebfn\u201d. Theo \u0111\u00f3, b\u1ea1n c\u00f3 th\u1ec3 \u0111\u1eb7t t\u1ed1i \u0111a 10 chuy\u1ebfn giao h\u00e0ng c\u00f9ng 1 l\u00fac, gi\u00fap b\u1ea1n ti\u1ebft ki\u1ec7m th\u1eddi gian v\u00e0 giao nh\u1eadn thu\u1eadn ti\u1ec7n h\u01a1n!<\/span><\/p>\n<p><span style=\"font-weight: 400\"><strong>T\u00ednh n\u0103ng m\u1edbi hi\u1ec7n \u0111ang \u0111\u01b0\u1ee3c th\u1eed nghi\u1ec7m tr\u00ean h\u1ec7 \u0111i\u1ec1u h\u00e0nh Android.<\/strong> Tr\u1ea3i nghi\u1ec7m t\u00ednh n\u0103ng \u201c\u0110\u1eb7t nhi\u1ec1u chuy\u1ebfn&#8221; c\u1ee7a GrabExpress ngay n\u00e0o!<\/span><\/p>\n<h3><span style=\"color: #009d3b\">H\u01af\u1edaNG D\u1eaaN \u0110\u1eb6T XE<\/span><\/h3>\n<p><span style=\"font-weight: 400\">B\u01b0\u1edbc 1: Ch\u1ecdn \u201c<\/span><b>Giao h\u00e0ng\/ Delivery<\/b><span style=\"font-weight: 400\">&#8221; \u1edf b\u00ean tr\u00ean, ch\u00ednh gi\u1eefa m\u00e0n h\u00ecnh \u1ee9ng d\u1ee5ng<\/span><\/p>\n<p><span style=\"font-weight: 400\">B\u01b0\u1edbc 2: Ch\u1ecdn <\/span><b>\u201c\u0110i\u1ec3m nh\u1eadn h\u00e0ng\/ Pick up&#8221;<\/b><span style=\"font-weight: 400\"> v\u00e0 \u201c<\/span><b>\u0110i\u1ec3m giao h\u00e0ng\/ Drop off<\/b><span style=\"font-weight: 400\">&#8220;. \u1ea4n \u201c<\/span><b>Ti\u1ebfp theo\/Next<\/b><span style=\"font-weight: 400\">&#8220;<\/span><\/p>\n<p><span style=\"font-weight: 400\">B\u01b0\u1edbc 3: Nh\u1eadp th\u00f4ng tin theo y\u00eau c\u1ea7u. \u1ea4n \u201c<\/span><b>\u0110\u1eb7t giao h\u00e0ng\/Booking<\/b><span style=\"font-weight: 400\">&#8220;<\/span><\/p>\n<p><span style=\"font-weight: 400\">B\u01b0\u1edbc 4: H\u1ec7 th\u1ed1ng s\u1ebd x\u1eed l\u00fd v\u00e0 th\u00f4ng b\u00e1o khi t\u00ecm \u0111\u01b0\u1ee3c \u0110\u1ed1i t\u00e1c Giao h\u00e0ng cho b\u1ea1n<\/span><\/p>\n<p><span style=\"font-weight: 400\">B\u01b0\u1edbc 5: \u1ea4n \u201c<\/span><b>\u0110\u1eb7t \u0111\u01a1n h\u00e0ng v\u1eadn chuy\u1ec3n kh\u00e1c\/ Book another delivery\u201d<\/b><span style=\"font-weight: 400\">, sau \u0111\u00f3 th\u1ef1c hi\u1ec7n l\u1ea1i c\u00e1c b\u01b0\u1edbc nh\u01b0 tr\u00ean \u0111\u1ec3 ti\u1ebfp t\u1ee5c \u0111\u1eb7t giao h\u00e0ng.<\/span><\/p>\n<p><span style=\"font-weight: 400\">B\u01b0\u1edbc 6: Ch\u1ea1m v\u00e0o thanh th\u00f4ng b\u00e1o m\u00e0u v\u00e0ng \u0111\u1ec3 theo d\u00f5i c\u00e1c \u0111\u01a1n h\u00e0ng \u0111ang giao.<\/span><\/p>\n<p>&nbsp;<\/p>\n<p><img loading=\"lazy\" decoding=\"async\" class=\"alignnone wp-image-22188 size-full\" src=\"https:\/\/www.grab.com\/vn\/wp-content\/uploads\/sites\/11\/2018\/06\/GE-Multiple-Booking-Howtouse.gif\" alt=\"\" width=\"1200\" height=\"1200\" \/><\/p>\n","protected":false},"excerpt":{"rendered":"C\u00f3 nh\u1eefng ng\u00e0y: R\u00e1ng chi\u1ec1u \u0111\u00e3 chuy\u1ec3n h\u1ed3ng m\u00e0 h\u1ee3p \u0111\u1ed3ng v\u1eabn ch\u1ea5t ch\u1ed3ng, \u0111\u01b0a ho\u00e0i kh\u00f4ng h\u1ebft&#8230; M\u1eb7t tr\u1eddi v\u1eeba l\u00ean, \u0111\u01a1n h\u00e0ng v\u1ec1 th\u00eam, giao m\u00e3i kh\u00f4ng bi\u1ebft ch\u1eebng n\u00e0o xong?! V\u1eeba hay! GrabExpress b\u1eaft \u0111\u1ea7u th\u1eed nghi\u1ec7m t\u00ednh n\u0103ng m\u1edbi: \u201c\u0110\u1eb7t nhi\u1ec1u chuy\u1ebfn\u201d. Theo \u0111\u00f3, b\u1ea1n c\u00f3 th\u1ec3 \u0111\u1eb7t t\u1ed1i \u0111a 10 [&hellip;]","protected":false},"author":592,"featured_media":0,"parent":0,"menu_order":0,"comment_status":"closed","ping_status":"closed","template":"tpl\/tpl-page-elements.php","meta":{"_acf_changed":false,"footnotes":""},"acf":[],"_links":{"self":[{"href":"https:\/\/www.grab.com\/vn\/wp-json\/wp\/v2\/pages\/22178"}],"collection":[{"href":"https:\/\/www.grab.com\/vn\/wp-json\/wp\/v2\/pages"}],"about":[{"href":"https:\/\/www.grab.com\/vn\/wp-json\/wp\/v2\/types\/page"}],"author":[{"embeddable":true,"href":"https:\/\/www.grab.com\/vn\/wp-json\/wp\/v2\/users\/592"}],"replies":[{"embeddable":true,"href":"https:\/\/www.grab.com\/vn\/wp-json\/wp\/v2\/comments?post=22178"}],"version-history":[{"count":1,"href":"https:\/\/www.grab.com\/vn\/wp-json\/wp\/v2\/pages\/22178\/revisions"}],"predecessor-version":[{"id":22179,"href":"https:\/\/www.grab.com\/vn\/wp-json\/wp\/v2\/pages\/22178\/revisions\/22179"}],"wp:attachment":[{"href":"https:\/\/www.grab.com\/vn\/wp-json\/wp\/v2\/media?parent=22178"}],"curies":[{"name":"wp","href":"https:\/\/api.w.org\/{rel}","templated":true}]}}