{"id":21541,"date":"2018-05-09T16:45:16","date_gmt":"2018-05-09T08:45:16","guid":{"rendered":"https:\/\/www.grab.com\/vn\/?page_id=21541"},"modified":"2025-08-12T13:47:00","modified_gmt":"2025-08-12T05:47:00","slug":"thankyou","status":"publish","type":"page","link":"https:\/\/www.grab.com\/vn\/merchant\/thankyou\/","title":{"rendered":"Thank you GrabFood"},"content":{"rendered":"<h2>C\u1ea3m \u01a1n b\u1ea1n \u0111\u00e3 \u0111\u0103ng k\u00fd.<\/h2>\n<p>Ch\u00fang t\u00f4i s\u1ebd g\u1eedi email x\u00e1c nh\u1eadn v\u00e0 h\u01b0\u1edbng d\u1eabn c\u00e1c b\u01b0\u1edbc c\u1ea7n l\u00e0m ti\u1ebfp theo v\u1ec1 email c\u1ee7a b\u1ea1n v\u1eeba \u0111\u0103ng k\u00fd trong v\u00f2ng 1 ti\u1ebfng \u0111\u1ed3ng h\u1ed3 t\u1edbi. Vui l\u00f2ng ki\u1ec3m tra email \u0111\u1ec3 bi\u1ebft \u0111\u01b0\u1ee3c c\u00e1c b\u01b0\u1edbc c\u1ea7n l\u00e0m ti\u1ebfp theo. L\u01b0u \u00fd: ki\u1ec3m tra email c\u1ea3 trong h\u1ed9p th\u01b0 \u0111\u1ebfn (inbox) v\u00e0 th\u01b0 m\u1ee5c spam.<\/p>\n","protected":false},"excerpt":{"rendered":"C\u1ea3m \u01a1n b\u1ea1n \u0111\u00e3 \u0111\u0103ng k\u00fd. Ch\u00fang t\u00f4i s\u1ebd g\u1eedi email x\u00e1c nh\u1eadn v\u00e0 h\u01b0\u1edbng d\u1eabn c\u00e1c b\u01b0\u1edbc c\u1ea7n l\u00e0m ti\u1ebfp theo v\u1ec1 email c\u1ee7a b\u1ea1n v\u1eeba \u0111\u0103ng k\u00fd trong v\u00f2ng 1 ti\u1ebfng \u0111\u1ed3ng h\u1ed3 t\u1edbi. Vui l\u00f2ng ki\u1ec3m tra email \u0111\u1ec3 bi\u1ebft \u0111\u01b0\u1ee3c c\u00e1c b\u01b0\u1edbc c\u1ea7n l\u00e0m ti\u1ebfp theo. L\u01b0u \u00fd: ki\u1ec3m tra email [&hellip;]","protected":false},"author":474,"featured_media":0,"parent":20727,"menu_order":0,"comment_status":"closed","ping_status":"closed","template":"tpl\/tpl-thankyou.php","meta":{"_acf_changed":false,"footnotes":""},"acf":[],"_links":{"self":[{"href":"https:\/\/www.grab.com\/vn\/wp-json\/wp\/v2\/pages\/21541"}],"collection":[{"href":"https:\/\/www.grab.com\/vn\/wp-json\/wp\/v2\/pages"}],"about":[{"href":"https:\/\/www.grab.com\/vn\/wp-json\/wp\/v2\/types\/page"}],"author":[{"embeddable":true,"href":"https:\/\/www.grab.com\/vn\/wp-json\/wp\/v2\/users\/474"}],"replies":[{"embeddable":true,"href":"https:\/\/www.grab.com\/vn\/wp-json\/wp\/v2\/comments?post=21541"}],"version-history":[{"count":5,"href":"https:\/\/www.grab.com\/vn\/wp-json\/wp\/v2\/pages\/21541\/revisions"}],"predecessor-version":[{"id":189420,"href":"https:\/\/www.grab.com\/vn\/wp-json\/wp\/v2\/pages\/21541\/revisions\/189420"}],"up":[{"embeddable":true,"href":"https:\/\/www.grab.com\/vn\/wp-json\/wp\/v2\/pages\/20727"}],"wp:attachment":[{"href":"https:\/\/www.grab.com\/vn\/wp-json\/wp\/v2\/media?parent=21541"}],"curies":[{"name":"wp","href":"https:\/\/api.w.org\/{rel}","templated":true}]}}