{"id":20465,"date":"2018-04-03T12:06:58","date_gmt":"2018-04-03T04:06:58","guid":{"rendered":"https:\/\/www.grab.com\/vn\/?page_id=20465"},"modified":"2018-04-03T12:07:40","modified_gmt":"2018-04-03T04:07:40","slug":"grabcar-tp-hcm_chuong-trinh-hop-mat-doi-tac-grabcar-quy-2","status":"publish","type":"page","link":"https:\/\/www.grab.com\/vn\/grabcar-tp-hcm_chuong-trinh-hop-mat-doi-tac-grabcar-quy-2\/","title":{"rendered":"[GRABCAR TP HCM]_CH\u01af\u01a0NG TR\u00ccNH H\u1eccP M\u1eb6T \u0110\u1ed0I T\u00c1C GRABCAR QU\u00dd 2"},"content":{"rendered":"<p><span style=\"font-weight: 400\">Qu\u00fd \u0110\u1ed1i t\u00e1c th\u00e2n m\u1ebfn,<\/span><\/p>\n<p><span style=\"font-weight: 400\">H\u00e0o h\u1ee9ng, s\u00f4i n\u1ed5i, thi\u1ebft th\u1ef1c, tr\u00e0n ng\u1eadp ni\u1ec1m vui v\u00e0 ti\u1ebfng c\u01b0\u1eddi l\u00e0 nh\u1eefng \u1ea5n t\u01b0\u1ee3ng chung nh\u1ea5t v\u1ec1 ch\u01b0\u01a1ng tr\u00ecnh H\u1ecdp m\u1eb7t \u0110\u1ed1i t\u00e1c GrabCar \u0111\u01b0\u1ee3c t\u1ed5 ch\u1ee9c \u0111\u1ecbnh k\u1ef3 trong n\u0103m 2017 cu\u0303ng nh\u01b0 ch\u01b0\u01a1ng tri\u0300nh \u201cHo\u0323p m\u0103\u0323t cu\u00f4\u0301i n\u0103m\u201d \u0111\u01b0\u01a1\u0323c t\u00f4\u0309 ch\u01b0\u0301c va\u0300o tha\u0301ng 1\/2018. <\/span><span style=\"font-weight: 400\">Ti\u1ebfp n\u1ed1i th\u00e0nh c\u00f4ng \u0111\u00f3, Grab ti\u1ebfp t\u1ee5c <\/span><span style=\"font-weight: 400\">t\u00f4\u0309 ch\u01b0\u0301c <\/span><b><span style=\"color: #339966\">CH\u01af\u01a0NG TR\u00ccNH H\u1eccP M\u1eb6T \u0110\u1ed0I T\u00c1C QUY\u0301 2<\/span> <\/b><span style=\"font-weight: 400\">da\u0300nh cho \u0110\u00f4\u0301i ta\u0301c GrabCar TP. HCM trong tha\u0301ng 4 v\u1edbi mong mu\u1ed1n t\u1ea1o m\u1ed9t s\u00e2n ch\u01a1i \u0111\u1ec3 anh em \u0110\u1ed1i t\u00e1c g\u1eb7p g\u1ee1, c\u00f9ng nhau giao l\u01b0u, chia s\u1ebb kinh nghi\u00ea\u0323m giu\u0301p hoa\u0323t \u0111\u00f4\u0323ng GrabCar nga\u0300y ca\u0300ng thu\u00e2\u0323n l\u01a1\u0323i va\u0300 nhi\u00ea\u0300u ni\u00ea\u0300m vui.<\/span><\/p>\n<p><img loading=\"lazy\" decoding=\"async\" class=\"alignnone wp-image-20473\" src=\"https:\/\/www.grab.com\/vn\/wp-content\/uploads\/sites\/11\/2018\/04\/h\u00ecnh.png\" alt=\"\" width=\"997\" height=\"734\" \/><\/p>\n<p><span style=\"font-weight: 400\">V\u1eady c\u00f2n ch\u1ea7n ch\u1eeb g\u00ec n\u1eefa, <\/span><span style=\"font-weight: 400\">\u0110\u1ed1i t\u00e1c h\u00e3y nhanh ch\u00f3ng \u0111\u0103ng k\u00fd tham gia \u0111\u1ec3 \u0111\u01b0\u1ee3c l\u00e0 nh\u1eefng ng\u01b0\u1eddi \u0111\u1ea7u ti\u00ean n\u1eafm b\u1eaft c\u00e1c th\u00f4ng tin m\u1edbi nh\u1ea5t v\u00e0<\/span><span style=\"font-weight: 400\"> c\u00f9ng Grab:<\/span><\/p>\n<ul>\n<li style=\"font-weight: 400\"><span style=\"font-weight: 400\">C\u1eadp nh\u1eadt nh\u1eefng thay \u0111\u1ed5i v\u1ec1 t\u00ednh n\u0103ng\/ s\u1ea3n ph\u1ea9m m\u1edbi<\/span><\/li>\n<li style=\"font-weight: 400\"><span style=\"font-weight: 400\">Vinh danh \u0110\u1ed1i t\u00e1c ti\u00eau bi\u1ec3u trong 3 th\u00e1ng \u0111\u1ea7u n\u0103m 2018<\/span><\/li>\n<li style=\"font-weight: 400\"><span style=\"font-weight: 400\">Trao gi\u1ea3i \u0111\u01b0\u1eddng \u0111ua th\u1ea7n t\u1ed1c n\u0103m 2018<\/span><\/li>\n<li style=\"font-weight: 400\"><span style=\"font-weight: 400\">Trao gi\u1ea3i cho c\u00e1c \u0110\u1ed1i t\u00e1c m\u1edbi ti\u00eau bi\u00ea\u0309u trong th\u00e1ng 3<\/span><\/li>\n<li style=\"font-weight: 400\"><span style=\"font-weight: 400\">Tham gia nh\u1eefng hoa\u0323t \u0111\u00f4\u0323ng giao l\u01b0u, h\u1ebft m\u00ecnh v\u1edbi nh\u1eefng tr\u00f2 ch\u01a1i s\u00f4i \u0111\u1ed9ng v\u00e0 nh\u1eadn nh\u01b0\u0303ng ph\u00e2\u0300n qu\u00e0 th\u00fa v\u1ecb<\/span><\/li>\n<li style=\"font-weight: 400\"><span style=\"font-weight: 400\">L\u1eafng nghe \u00fd ki\u1ebfn \u0111\u00f3ng g\u00f3p v\u00e0 gi\u1ea3i \u0111\u00e1p th\u1eafc m\u1eafc t\u1eeb \u0110\u1ed1i t\u00e1c<\/span><\/li>\n<li style=\"font-weight: 400\"><span style=\"font-weight: 400\">Th\u01b0\u1edfng th\u1ee9c ti\u1ec7c ng\u1ecdt<\/span><\/li>\n<li style=\"font-weight: 400\"><span style=\"font-weight: 400\">R\u00fat th\u0103m may m\u1eafn v\u1edbi nh\u1eefng gi\u1ea3i th\u01b0\u1edfng gi\u00e1 tr\u1ecb<\/span><\/li>\n<\/ul>\n<table>\n<tbody>\n<tr>\n<td>\n<h2><strong><span style=\"color: #339966\">TH\u1edcI GIAN V\u00c0 \u0110\u1ecaA \u0110I\u1ec2M<\/span><\/strong><\/h2>\n<\/td>\n<\/tr>\n<\/tbody>\n<\/table>\n<ul>\n<li style=\"font-weight: 400\"><span style=\"font-weight: 400\">Th\u1eddi gian: Th\u1ee9 ba, ng\u00e0y 17\/04\/2018, t\u1eeb 08h30 &#8211; 11h30<\/span><\/li>\n<li style=\"font-weight: 400\"><span style=\"font-weight: 400\">\u0110\u1ecba \u0111i\u1ec3m: Grab s\u1ebd th\u00f4ng b\u00e1o chi ti\u1ebft t\u1edbi nh\u1eefng \u0110\u1ed1i t\u00e1c \u0111\u0103ng k\u00fd tham d\u1ef1 th\u00e0nh c\u00f4ng<\/span><\/li>\n<\/ul>\n<table>\n<tbody>\n<tr>\n<td>\n<h2><span style=\"color: #339966\"><b>C\u00c1CH TH\u1ee8C \u0110\u0102NG K\u00dd<\/b><\/span><\/h2>\n<\/td>\n<\/tr>\n<\/tbody>\n<\/table>\n<ul>\n<li style=\"font-weight: 400\"><span style=\"font-weight: 400\">Qu\u00fd \u0110\u1ed1i t\u00e1c nhanh tay \u0111\u0103ng k\u00fd tham d\u1ef1 ch\u01b0\u01a1ng tr\u00ecnh:<\/span><\/li>\n<\/ul>\n<h1 style=\"text-align: center\"><span style=\"color: #339966\"><span style=\"font-weight: 400\">\u00a0<\/span><a style=\"color: #339966\" href=\"https:\/\/docs.google.com\/forms\/d\/e\/1FAIpQLSeKKJiUSdfBQSvbJ7OhTsikqOv8HJjsTJtew8dHVnBs1SzMOg\/viewform\">T\u1ea0I \u0110\u00c2Y<\/a><\/span><\/h1>\n<ul>\n<li style=\"font-weight: 400\"><span style=\"font-weight: 400\">H\u1ea1n cu\u1ed1i \u0111\u0103ng k\u00fd: <\/span><b>09\/04\/2018<\/b><\/li>\n<\/ul>\n<p><b><i>L\u01afU \u00dd: <\/i><\/b><\/p>\n<ul>\n<li><span style=\"font-weight: 400\">Do s\u1ed1 l\u01b0\u1ee3ng kh\u00e1ch m\u1eddi c\u00f3 h\u1ea1n v\u00e0 \u0111\u1ec3 \u0111\u1ea3m b\u1ea3o ch\u1ea5t l\u01b0\u1ee3ng c\u1ee7a bu\u1ed5i g\u1eb7p m\u1eb7t, Grab s\u1ebd \u01b0u ti\u00ean cho c\u00e1c \u0110\u1ed1i t\u00e1c \u0111\u0103ng k\u00fd tham d\u1ef1 ch\u01b0\u01a1ng tr\u00ecnh s\u1edbm nh\u1ea5t.<\/span><i><span style=\"font-weight: 400\"> Qu\u00fd \u0110\u1ed1i t\u00e1c vui l\u00f2ng \u0111\u0103ng k\u00fd la\u0300m th\u00e0nh vi\u00ean \u0111\u1ed9i nh\u00f3m <\/span><\/i><a href=\"https:\/\/docs.google.com\/forms\/d\/e\/1FAIpQLSe8NLvhRIdA__HjfDxFPe7gOXSWyLNdrbgwRmdEEGSnZKECnA\/viewform\"><b><i>T\u1ea0I \u0110\u00c2Y<\/i><\/b><\/a> <i><span style=\"font-weight: 400\">\u0111\u00ea\u0309 \u0111\u01b0\u01a1\u0323c \u01b0u ti\u00ean quy\u00ea\u0300n l\u01a1\u0323i trong ca\u0301c ch\u01b0\u01a1ng tri\u0300nh g\u0103\u0301n k\u00ea\u0301t.<\/span><\/i><\/li>\n<li style=\"font-weight: 400\"><i><span style=\"font-weight: 400\">Ng\u00e0y 10 -11\/04, <\/span><span style=\"font-weight: 400\">Grab s\u1ebd g\u1eedi tin nh\u1eafn x\u00e1c nh\u1eadn cho c\u00e1c \u0110\u1ed1i t\u00e1c \u0111\u00e3 \u0111\u0103ng k\u00fd th\u00e0nh c\u00f4ng. \u0110\u1ed1i t\u00e1c vui l\u00f2ng l\u00e0m theo h\u01b0\u1edbng d\u1eabn khi nh\u1eadn \u0111\u01b0\u1ee3c tin nh\u1eafn \u0111\u1ec3 x\u00e1c nh\u1eadn c\u00e1c th\u00f4ng tin c\u1ea7n thi\u1ebft gi\u00fap Grab chu\u1ea9n b\u1ecb t\u1ed1t nh\u1ea5t cho ch\u01b0\u01a1ng tr\u00ecnh.<\/span><\/i><\/li>\n<\/ul>\n<table>\n<tbody>\n<tr>\n<td>\n<h2><span style=\"color: #339966\"><b>LI\u00caN H\u1ec6<\/b><\/span><\/h2>\n<\/td>\n<\/tr>\n<\/tbody>\n<\/table>\n<p><span style=\"font-weight: 400\">M\u1ecdi th\u1eafc m\u1eafc ho\u1eb7c y\u00eau c\u00e2\u0300u h\u1ed7 tr\u1ee3 v\u1ec1 th\u00f4ng tin ch\u01b0\u01a1ng tr\u00ecnh, Qu\u00fd \u0110\u1ed1i t\u00e1c vui l\u00f2ng g\u01b0\u0309i pha\u0309n h\u00f4\u0300i th\u00f4ng qua:<\/span><\/p>\n<ul>\n<li style=\"font-weight: 400\"><span style=\"font-weight: 400\">T\u00ednh n\u0103ng <\/span><span style=\"color: #339966\"><a style=\"color: #339966\" href=\"https:\/\/www.grab.com\/vn\/blog\/driver\/car\/grabcar-grabtaxi-tich-hop-tinh-nang-ho-tro-truc-tuyen-trong-ung-dung-grab-driver\/\"><b>\u201cTR\u1ee2 GI\u00daP\u201d <\/b><\/a><\/span><span style=\"font-weight: 400\">\u0111\u01b0\u1ee3c t\u00edch h\u1ee3p ngay tr\u00ean \u1ee9ng d\u1ee5ng T\u00e0i x\u1ebf, ho\u0103\u0323c<\/span><\/li>\n<li style=\"font-weight: 400\"><span style=\"font-weight: 400\">S\u1ed1 \u0111i\u1ec7n tho\u1ea1i h\u1ed7 tr\u1ee3 ch\u01b0\u01a1ng tr\u00ecnh: 090 234 6922<\/span><\/li>\n<\/ul>\n<p><span style=\"font-weight: 400\">H\u00e2n h\u1ea1nh ch\u00e0o \u0111\u00f3n s\u1ef1 hi\u1ec7n di\u1ec7n c\u1ee7a \u0111\u00f4ng \u0111\u1ea3o Qu\u00fd \u0110\u1ed1i t\u00e1c!<\/span><\/p>\n<p style=\"text-align: left\"><span style=\"color: #339966\"><b>Tr\u00e2n tr\u1ecdng,<\/b><\/span><\/p>\n<p style=\"text-align: left\"><span style=\"color: #339966\"><b>\u0110\u1ed9i ng\u0169 GrabCar<\/b><\/span><\/p>\n","protected":false},"excerpt":{"rendered":"Qu\u00fd \u0110\u1ed1i t\u00e1c th\u00e2n m\u1ebfn, H\u00e0o h\u1ee9ng, s\u00f4i n\u1ed5i, thi\u1ebft th\u1ef1c, tr\u00e0n ng\u1eadp ni\u1ec1m vui v\u00e0 ti\u1ebfng c\u01b0\u1eddi l\u00e0 nh\u1eefng \u1ea5n t\u01b0\u1ee3ng chung nh\u1ea5t v\u1ec1 ch\u01b0\u01a1ng tr\u00ecnh H\u1ecdp m\u1eb7t \u0110\u1ed1i t\u00e1c GrabCar \u0111\u01b0\u1ee3c t\u1ed5 ch\u1ee9c \u0111\u1ecbnh k\u1ef3 trong n\u0103m 2017 cu\u0303ng nh\u01b0 ch\u01b0\u01a1ng tri\u0300nh \u201cHo\u0323p m\u0103\u0323t cu\u00f4\u0301i n\u0103m\u201d \u0111\u01b0\u01a1\u0323c t\u00f4\u0309 ch\u01b0\u0301c va\u0300o tha\u0301ng 1\/2018. Ti\u1ebfp [&hellip;]","protected":false},"author":489,"featured_media":0,"parent":0,"menu_order":0,"comment_status":"closed","ping_status":"closed","template":"","meta":{"_acf_changed":false,"footnotes":""},"acf":[],"_links":{"self":[{"href":"https:\/\/www.grab.com\/vn\/wp-json\/wp\/v2\/pages\/20465"}],"collection":[{"href":"https:\/\/www.grab.com\/vn\/wp-json\/wp\/v2\/pages"}],"about":[{"href":"https:\/\/www.grab.com\/vn\/wp-json\/wp\/v2\/types\/page"}],"author":[{"embeddable":true,"href":"https:\/\/www.grab.com\/vn\/wp-json\/wp\/v2\/users\/489"}],"replies":[{"embeddable":true,"href":"https:\/\/www.grab.com\/vn\/wp-json\/wp\/v2\/comments?post=20465"}],"version-history":[{"count":1,"href":"https:\/\/www.grab.com\/vn\/wp-json\/wp\/v2\/pages\/20465\/revisions"}],"predecessor-version":[{"id":20813,"href":"https:\/\/www.grab.com\/vn\/wp-json\/wp\/v2\/pages\/20465\/revisions\/20813"}],"wp:attachment":[{"href":"https:\/\/www.grab.com\/vn\/wp-json\/wp\/v2\/media?parent=20465"}],"curies":[{"name":"wp","href":"https:\/\/api.w.org\/{rel}","templated":true}]}}