{"id":187303,"date":"2025-07-08T11:00:42","date_gmt":"2025-07-08T03:00:42","guid":{"rendered":"https:\/\/www.grab.com\/vn\/?page_id=187303"},"modified":"2025-07-08T12:24:16","modified_gmt":"2025-07-08T04:24:16","slug":"food-dine-out","status":"publish","type":"page","link":"https:\/\/www.grab.com\/vn\/food-dine-out\/","title":{"rendered":"Grab Voucher Nh\u00e0 H\u00e0ng \u2013 Voucher \u0111i \u0103n t\u1ea1i lo\u1ea1t nh\u00e0 h\u00e0ng Nh\u1eadt, Hoa, Th\u00e1i,\u2026"},"content":{"rendered":"\t\t<div data-elementor-type=\"wp-page\" data-elementor-id=\"187303\" class=\"elementor elementor-187303\" data-elementor-post-type=\"page\">\n\t\t\t\t\t\t<section class=\"elementor-section elementor-top-section elementor-element elementor-element-8527b95 elementor-section-boxed elementor-section-height-default elementor-section-height-default\" data-id=\"8527b95\" data-element_type=\"section\">\n\t\t\t\t\t\t<div class=\"elementor-container elementor-column-gap-default\">\n\t\t\t\t\t<div class=\"elementor-column elementor-col-100 elementor-top-column elementor-element elementor-element-4fb2aac\" data-id=\"4fb2aac\" data-element_type=\"column\">\n\t\t\t<div class=\"elementor-widget-wrap elementor-element-populated\">\n\t\t\t\t\t\t<div class=\"elementor-element elementor-element-ddbfee2 elementor-widget elementor-widget-heading\" data-id=\"ddbfee2\" data-element_type=\"widget\" data-widget_type=\"heading.default\">\n\t\t\t\t<div class=\"elementor-widget-container\">\n\t\t\t<h2 class=\"elementor-heading-title elementor-size-default\"><h1 style=\"font-family: Inter, sans-serif; color: rgb(51, 51, 51); white-space-collapse: collapse;\">Grab Voucher Nh\u00e0 H\u00e0ng \u2013 Voucher \u0111i \u0103n t\u1ea1i lo\u1ea1t nh\u00e0 h\u00e0ng Nh\u1eadt, Hoa, Th\u00e1i,\u2026<span style=\"color: inherit; font-family: inherit; white-space-collapse: preserve;\"><\/span><\/h1><\/h2>\t\t<\/div>\n\t\t\t\t<\/div>\n\t\t\t\t\t<\/div>\n\t\t<\/div>\n\t\t\t\t\t<\/div>\n\t\t<\/section>\n\t\t\t\t<section class=\"elementor-section elementor-top-section elementor-element elementor-element-0087df6 elementor-section-boxed elementor-section-height-default elementor-section-height-default\" data-id=\"0087df6\" data-element_type=\"section\">\n\t\t\t\t\t\t<div class=\"elementor-container elementor-column-gap-default\">\n\t\t\t\t\t<div class=\"elementor-column elementor-col-100 elementor-top-column elementor-element elementor-element-623c2e5\" data-id=\"623c2e5\" data-element_type=\"column\">\n\t\t\t<div class=\"elementor-widget-wrap elementor-element-populated\">\n\t\t\t\t\t\t<div class=\"elementor-element elementor-element-2588fda elementor-widget elementor-widget-text-editor\" data-id=\"2588fda\" data-element_type=\"widget\" data-widget_type=\"text-editor.default\">\n\t\t\t\t<div class=\"elementor-widget-container\">\n\t\t\t\t\t\t\t<p>Tin \u0111\u01b0\u1ee3c h\u00f4ng?\u00a0Ch\u1ec9 m\u1ea5t ch\u01b0a t\u1edbi 1 ph\u00fat th\u00f4i l\u00e0 nh\u1eadn ngay voucher gi\u1ea3m l\u00ean \u0111\u1ebfn 50% \u0111i \u0103n nh\u00e0 h\u00e0ng x\u1ecbn n\u00e8!\u00a0<\/p><p dir=\"ltr\">\u2728\u00a0<strong>C\u00e1c b\u01b0\u1edbc \u0111\u1ec3 s\u1eed d\u1ee5ng GrabFood Voucher Nh\u00e0 H\u00e0ng:<\/strong><\/p><ul><li dir=\"ltr\">V\u00e0o app Grab, ch\u1ecdn m\u1ee5c Voucher Nh\u00e0 H\u00e0ng\/ Dine Out<\/li><li dir=\"ltr\">T\u00ecm nh\u00e0 h\u00e0ng b\u1ea1n th\u00edch v\u00e0 tham kh\u1ea3o 1 trong 3 lo\u1ea1i vouchers:<\/li><\/ul><p>1. Voucher gi\u1ea3m t\u1ed5ng h\u00f3a \u0111\u01a1n &#8211; Thanh to\u00e1n tr\u00ean app Grab<\/p><ul><li><p><span style=\"font-weight: 400;\">Kh\u00f4ng mua tr\u01b0\u1edbc voucher<\/span><\/p><\/li><li><p><span style=\"font-weight: 400;\">Khi thanh to\u00e1n t\u1ea1i nh\u00e0 h\u00e0ng, nh\u1eadp s\u1ed1 ti\u1ec1n h\u00f3a \u0111\u01a1n v\u00e0o app Grab<\/span><\/p><\/li><li><p><span style=\"font-weight: 400;\">App t\u1ef1 hi\u1ec3n th\u1ecb s\u1ed1 ti\u1ec1n sau gi\u1ea3m gi\u00e1, ch\u1ec9 c\u1ea7n qu\u1eb9t ph\u1ea3i \u0111\u1ec3 thanh to\u00e1n<\/span><\/p><\/li><\/ul><p>2. Voucher mua tr\u01b0\u1edbc &#8211; Thanh to\u00e1n b\u1eb1ng m\u00e3 voucher<\/p><ul><li><p><span style=\"font-weight: 400;\">Mua tr\u01b0\u1edbc voucher<\/span><\/p><\/li><li><p><span style=\"font-weight: 400;\">Khi thanh to\u00e1n t\u1ea1i nh\u00e0 h\u00e0ng, \u0111\u01b0a m\u00e3 voucher cho nh\u00e2n vi\u00ean<\/span><\/p><\/li><li><p><span style=\"font-weight: 400;\">N\u1ebfu h\u00f3a \u0111\u01a1n l\u1edbn h\u01a1n gi\u00e1 tr\u1ecb voucher, thanh to\u00e1n th\u00eam ph\u1ea7n ch\u00eanh l\u1ec7ch<\/span><\/p><\/li><\/ul><p>3. Voucher mua tr\u01b0\u1edbc &#8211; Thanh to\u00e1n tr\u00ean app Grab<\/p><ul><li><p><span style=\"font-weight: 400;\">Mua tr\u01b0\u1edbc c\u00e1c vouchers <\/span><b>tr\u00ean c\u00f9ng m\u1ed9t t\u00e0i kho\u1ea3n<\/b><\/p><\/li><li><p><b><\/b><span style=\"font-weight: 400;\">Khi thanh to\u00e1n t\u1ea1i nh\u00e0 h\u00e0ng, nh\u1eadp s\u1ed1 ti\u1ec1n h\u00f3a \u0111\u01a1n v\u00e0o app Grab<\/span><\/p><\/li><li><span style=\"font-weight: 400;\">Ch\u1ecdn voucher \u0111\u00e3 mua v\u00e0 qu\u1eb9t ph\u1ea3i \u0111\u1ec3 thanh to\u00e1n\u00a0<\/span><\/li><\/ul><p>Lo\u1ea1t nh\u00e0 h\u00e0ng x\u1ecbn x\u00f2 t\u1eeb \u00c2u \u0111\u1ebfn \u00c1, t\u1eeb l\u1ea9u n\u01b0\u1edbng \u0111\u1ebfn buffet c\u00f9ng voucher gi\u1ea3m l\u00ean \u0111\u1ebfn 50%. M\u1eddi b\u1ea1n kh\u00e1m ph\u00e1!<\/p>\t\t\t\t\t\t<\/div>\n\t\t\t\t<\/div>\n\t\t\t\t\t<\/div>\n\t\t<\/div>\n\t\t\t\t\t<\/div>\n\t\t<\/section>\n\t\t\t\t<section class=\"elementor-section elementor-top-section elementor-element elementor-element-06dcf0d elementor-section-boxed elementor-section-height-default elementor-section-height-default\" data-id=\"06dcf0d\" data-element_type=\"section\">\n\t\t\t\t\t\t<div class=\"elementor-container elementor-column-gap-default\">\n\t\t\t\t\t<div class=\"elementor-column elementor-col-100 elementor-top-column elementor-element elementor-element-41a699c\" data-id=\"41a699c\" data-element_type=\"column\">\n\t\t\t<div class=\"elementor-widget-wrap elementor-element-populated\">\n\t\t\t\t\t\t<div class=\"elementor-element elementor-element-60b5c06 elementor-align-center elementor-widget elementor-widget-button\" data-id=\"60b5c06\" data-element_type=\"widget\" data-widget_type=\"button.default\">\n\t\t\t\t<div class=\"elementor-widget-container\">\n\t\t\t\t\t<div class=\"elementor-button-wrapper\">\n\t\t\t<a class=\"elementor-button elementor-button-link elementor-size-sm\" href=\"https:\/\/grab.onelink.me\/2695613898?pid=other&#038;c=VN_GF__other_&#038;is_retargeting=true&#038;af_dp=grab%3A%2F%2Fopen%3FscreenType%3DDINEIN&#038;af_web_dp=&#038;af_ios_url=&#038;af_force_deeplink=true\">\n\t\t\t\t\t\t<span class=\"elementor-button-content-wrapper\">\n\t\t\t\t\t\t<span class=\"elementor-button-text\">Kh\u00e1m ph\u00e1 Voucher Nh\u00e0 H\u00e0ng ngay!<\/span>\n\t\t<\/span>\n\t\t\t\t\t<\/a>\n\t\t<\/div>\n\t\t\t\t<\/div>\n\t\t\t\t<\/div>\n\t\t\t\t\t<\/div>\n\t\t<\/div>\n\t\t\t\t\t<\/div>\n\t\t<\/section>\n\t\t\t\t<section class=\"elementor-section elementor-top-section elementor-element elementor-element-181e350 elementor-section-boxed elementor-section-height-default elementor-section-height-default\" data-id=\"181e350\" data-element_type=\"section\">\n\t\t\t\t\t\t<div class=\"elementor-container elementor-column-gap-default\">\n\t\t\t\t\t<div class=\"elementor-column elementor-col-100 elementor-top-column elementor-element elementor-element-d57e7f5\" data-id=\"d57e7f5\" data-element_type=\"column\">\n\t\t\t<div class=\"elementor-widget-wrap elementor-element-populated\">\n\t\t\t\t\t\t<div class=\"elementor-element elementor-element-bb5bcfd elementor-widget elementor-widget-text-editor\" data-id=\"bb5bcfd\" data-element_type=\"widget\" data-widget_type=\"text-editor.default\">\n\t\t\t\t<div class=\"elementor-widget-container\">\n\t\t\t\t\t\t\t<p>\u0110i\u1ec1u ki\u1ec7n &amp; \u0111i\u1ec1u kho\u1ea3n \u00e1p d\u1ee5ng:<\/p><ul><li>Phi\u1ebfu \u01b0u \u0111\u00e3i (Voucher) l\u00e0 phi\u1ebfu mua h\u00e0ng v\u00e0\/ ho\u1eb7c phi\u1ebfu s\u1eed d\u1ee5ng d\u1ecbch v\u1ee5 c\u1ee7a c\u00e1c nh\u00e0 cung c\u1ea5p d\u1ecbch v\u1ee5\/ h\u00e0ng h\u00f3a b\u00ean th\u1ee9 ba kinh doanh th\u00f4ng qua \u1ee8ng D\u1ee5ng Grab.<\/li><li>Phi\u1ebfu \u01b0u \u0111\u00e3i n\u00e0y ch\u1ec9 \u0111\u01b0\u1ee3c s\u1eed d\u1ee5ng 01 l\u1ea7n duy nh\u1ea5t v\u00e0 c\u00f3 gi\u00e1 tr\u1ecb trong v\u00f2ng {th\u1eddi h\u1ea1n \u0111\u1ed5i phi\u1ebfu} ng\u00e0y k\u1ec3 t\u1eeb ng\u00e0y mua.<\/li><li>Phi\u1ebfu \u01b0u \u0111\u00e3i n\u00e0y kh\u00f4ng c\u00f3 \u00fd ngh\u0129a \u0111\u1eb7t ch\u1ed7 tr\u01b0\u1edbc t\u1ea1i nh\u00e0 h\u00e0ng. Ng\u01b0\u1eddi d\u00f9ng vui l\u00f2ng ki\u1ec3m tra v\u1edbi nh\u00e0 h\u00e0ng n\u1ebfu c\u1ea7n \u0111\u1eb7t ch\u1ed7 \u0111\u1ec3 \u0111\u01b0\u1ee3c ph\u1ee5c v\u1ee5 t\u1ed1t nh\u1ea5t.<\/li><li>Ng\u01b0\u1eddi d\u00f9ng c\u1ea7n ph\u1ea3i xu\u1ea5t tr\u00ecnh phi\u1ebfu \u01b0u \u0111\u00e3i cho nh\u00e0 h\u00e0ng tr\u01b0\u1edbc khi \u0111\u1eb7t m\u00f3n. Nh\u00e0 h\u00e0ng c\u00f3 quy\u1ec1n t\u1eeb ch\u1ed1i vi\u1ec7c s\u1eed d\u1ee5ng phi\u1ebfu \u01b0u \u0111\u00e3i n\u1ebfu Ng\u01b0\u1eddi d\u00f9ng cung c\u1ea5p phi\u1ebfu \u01b0u \u0111\u00e3i sau khi \u0111\u00e3 d\u00f9ng xong b\u1eefa \u0103n.<\/li><li>Phi\u1ebfu \u01b0u \u0111\u00e3i n\u00e0y ch\u1ec9 c\u00f3 th\u1ec3 \u0111\u01b0\u1ee3c \u0111\u1ed5i v\u00e0o c\u00e1c ng\u00e0y v\u00e0 th\u1eddi gian \u00e1p d\u1ee5ng nh\u01b0 \u0111\u01b0\u1ee3c n\u00eau tr\u00ean phi\u1ebfu \u01b0u \u0111\u00e3i.<\/li><li>Phi\u1ebfu \u01b0u \u0111\u00e3i n\u00e0y ch\u1ec9 c\u00f3 th\u1ec3 \u0111\u01b0\u1ee3c \u0111\u1ed5i t\u1ea1i \u0111\u1ecba ch\u1ec9 c\u1ee7a nh\u00e0 h\u00e0ng ph\u00e1t h\u00e0nh n\u00eau t\u1ea1i phi\u1ebfu \u01b0u \u0111\u00e3i n\u00e0y, kh\u00f4ng \u00e1p d\u1ee5ng \u0111\u1ec3 \u0111\u1ed5i t\u1ea1i c\u00e1c chi nh\u00e1nh kh\u00e1c c\u1ee7a nh\u00e0 h\u00e0ng, n\u1ebfu c\u00f3.<\/li><li>Phi\u1ebfu \u01b0u \u0111\u00e3i n\u00e0y kh\u00f4ng th\u1ec3 \u0111\u01b0\u1ee3c chia nh\u1ecf \u0111\u1ec3 s\u1eed d\u1ee5ng cho c\u00e1c giao d\u1ecbch kh\u00e1c nhau.<\/li><li>N\u1ebfu gi\u00e1 tr\u1ecb h\u00f3a \u0111\u01a1n thanh to\u00e1n c\u1ee7a b\u1eefa \u0103n t\u1ea1i nh\u00e0 h\u00e0ng th\u1ea5p h\u01a1n gi\u00e1 tr\u1ecb phi\u1ebfu \u01b0u \u0111\u00e3i, Ng\u01b0\u1eddi d\u00f9ng s\u1ebd kh\u00f4ng \u0111\u01b0\u1ee3c nh\u1eadn l\u1ea1i ph\u1ea7n gi\u00e1 tr\u1ecb ch\u00eanh l\u1ec7ch.<\/li><li>N\u1ebfu gi\u00e1 tr\u1ecb h\u00f3a \u0111\u01a1n thanh to\u00e1n cao h\u01a1n gi\u00e1 tr\u1ecb phi\u1ebfu \u01b0u \u0111\u00e3i, Ng\u01b0\u1eddi d\u00f9ng ph\u1ea3i thanh to\u00e1n th\u00eam kho\u1ea3n ch\u00eanh l\u1ec7ch b\u1eb1ng ti\u1ec1n m\u1eb7t ho\u1eb7c c\u00e1c ph\u01b0\u01a1ng th\u1ee9c thanh to\u00e1n kh\u00f4ng d\u00f9ng ti\u1ec1n m\u1eb7t kh\u00e1c.<br \/>phi\u1ebfu \u01b0u \u0111\u00e3i n\u00e0y kh\u00f4ng th\u1ec3 \u00e1p d\u1ee5ng c\u00f9ng l\u00fac v\u1edbi c\u00e1c ch\u01b0\u01a1ng tr\u00ecnh khuy\u1ebfn m\u1ea1i, gi\u1ea3m gi\u00e1, \u01b0u \u0111\u00e3i kh\u00e1c.<\/li><li>Phi\u1ebfu \u01b0u \u0111\u00e3i n\u00e0y ch\u1ec9 \u00e1p d\u1ee5ng \u0111\u1ec3 \u0111\u1ed5i tr\u1ef1c ti\u1ebfp t\u1ea1i nh\u00e0 h\u00e0ng v\u00e0 kh\u00f4ng \u00e1p d\u1ee5ng \u0111\u1ec3 \u0111\u1ed5i tr\u1ef1c tuy\u1ebfn tr\u00ean \u1ee8ng D\u1ee5ng Grab nh\u01b0 chuy\u1ebfn giao \u0111\u1ed3 \u0103n ho\u1eb7c t\u1ef1 \u0111\u1ebfn l\u1ea5y.<\/li><li>Ch\u1ec9 c\u00f3 ph\u01b0\u01a1ng th\u1ee9c thanh to\u00e1n kh\u00f4ng ti\u1ec1n m\u1eb7t (th\u1ebb ng\u00e2n h\u00e0ng, v\u00ed \u0111i\u1ec7n t\u1eed Momo\/Zalopay tr\u00ean \u1ee8ng d\u1ee5ng Grab) m\u1edbi \u0111\u01b0\u1ee3c ch\u1ea5p nh\u1eadn l\u00e0m ph\u01b0\u01a1ng th\u1ee9c thanh to\u00e1n cho phi\u1ebfu \u01b0u \u0111\u00e3i.<\/li><li>Phi\u1ebfu \u01b0u \u0111\u00e3i kh\u00f4ng c\u00f3 gi\u00e1 tr\u1ecb quy \u0111\u1ed5i th\u00e0nh ti\u1ec1n m\u1eb7t v\u00e0 kh\u00f4ng th\u1ec3 chuy\u1ec3n nh\u01b0\u1ee3ng cho Ng\u01b0\u1eddi d\u00f9ng kh\u00e1c.<\/li><li>Grab c\u00f3 quy\u1ec1n s\u1eeda \u0111\u1ed5i c\u00e1c \u0111i\u1ec1u kho\u1ea3n v\u00e0 \u0111i\u1ec1u ki\u1ec7n n\u1ebfu th\u1ea5y c\u1ea7n thi\u1ebft.<\/li><\/ul><p>T\u00ednh \u0111\u1ebfn ng\u00e0y 18\/9\/2024, Grab \u0111\u00e3 tri\u1ec3n khai t\u00ednh n\u0103ng Dine Out (Voucher Nh\u00e0 h\u00e0ng) t\u1ea1i \u0111\u1ecba b\u00e0n Th\u00e0nh ph\u1ed1 H\u1ed3 Ch\u00ed Minh, H\u00e0 N\u1ed9i v\u00e0 \u0110\u00e0 N\u1eb5ng.<\/p>\t\t\t\t\t\t<\/div>\n\t\t\t\t<\/div>\n\t\t\t\t\t<\/div>\n\t\t<\/div>\n\t\t\t\t\t<\/div>\n\t\t<\/section>\n\t\t\t\t<\/div>\n\t\t","protected":false},"excerpt":{"rendered":"Grab Voucher Nh\u00e0 H\u00e0ng \u2013 Voucher \u0111i \u0103n t\u1ea1i lo\u1ea1t nh\u00e0 h\u00e0ng Nh\u1eadt, Hoa, Th\u00e1i,\u2026 Tin \u0111\u01b0\u1ee3c h\u00f4ng?\u00a0Ch\u1ec9 m\u1ea5t ch\u01b0a t\u1edbi 1 ph\u00fat th\u00f4i l\u00e0 nh\u1eadn ngay voucher gi\u1ea3m l\u00ean \u0111\u1ebfn 50% \u0111i \u0103n nh\u00e0 h\u00e0ng x\u1ecbn n\u00e8!\u00a0 \u2728\u00a0C\u00e1c b\u01b0\u1edbc \u0111\u1ec3 s\u1eed d\u1ee5ng GrabFood Voucher Nh\u00e0 H\u00e0ng: V\u00e0o app Grab, ch\u1ecdn m\u1ee5c Voucher Nh\u00e0 H\u00e0ng\/ [&hellip;]","protected":false},"author":1928,"featured_media":0,"parent":0,"menu_order":0,"comment_status":"closed","ping_status":"closed","template":"","meta":{"_acf_changed":false,"footnotes":""},"acf":[],"_links":{"self":[{"href":"https:\/\/www.grab.com\/vn\/wp-json\/wp\/v2\/pages\/187303"}],"collection":[{"href":"https:\/\/www.grab.com\/vn\/wp-json\/wp\/v2\/pages"}],"about":[{"href":"https:\/\/www.grab.com\/vn\/wp-json\/wp\/v2\/types\/page"}],"author":[{"embeddable":true,"href":"https:\/\/www.grab.com\/vn\/wp-json\/wp\/v2\/users\/1928"}],"replies":[{"embeddable":true,"href":"https:\/\/www.grab.com\/vn\/wp-json\/wp\/v2\/comments?post=187303"}],"version-history":[{"count":7,"href":"https:\/\/www.grab.com\/vn\/wp-json\/wp\/v2\/pages\/187303\/revisions"}],"predecessor-version":[{"id":187310,"href":"https:\/\/www.grab.com\/vn\/wp-json\/wp\/v2\/pages\/187303\/revisions\/187310"}],"wp:attachment":[{"href":"https:\/\/www.grab.com\/vn\/wp-json\/wp\/v2\/media?parent=187303"}],"curies":[{"name":"wp","href":"https:\/\/api.w.org\/{rel}","templated":true}]}}