{"id":175922,"date":"2024-11-14T17:52:13","date_gmt":"2024-11-14T09:52:13","guid":{"rendered":"https:\/\/www.grab.com\/vn\/?page_id=175922"},"modified":"2025-04-25T13:07:09","modified_gmt":"2025-04-25T05:07:09","slug":"enquire-about-grab-omnicommerce-services","status":"publish","type":"page","link":"https:\/\/www.grab.com\/vn\/enquire-about-grab-omnicommerce-services\/","title":{"rendered":"Enquire about Grab Omnicommerce Services(VN)"},"content":{"rendered":"\t\t<div data-elementor-type=\"wp-page\" data-elementor-id=\"175922\" class=\"elementor elementor-175922\" data-elementor-post-type=\"page\">\n\t\t\t\t\t\t<section class=\"elementor-section elementor-top-section elementor-element elementor-element-e034173 gf-form-section elementor-section-boxed elementor-section-height-default elementor-section-height-default\" data-id=\"e034173\" data-element_type=\"section\">\n\t\t\t\t\t\t<div class=\"elementor-container elementor-column-gap-default\">\n\t\t\t\t\t<div class=\"elementor-column elementor-col-100 elementor-top-column elementor-element elementor-element-4477e9e gf-form-box-wrapper\" data-id=\"4477e9e\" data-element_type=\"column\">\n\t\t\t<div class=\"elementor-widget-wrap elementor-element-populated\">\n\t\t\t\t\t\t<div class=\"elementor-element elementor-element-1f99d37 gf-form-title elementor-widget elementor-widget-heading\" data-id=\"1f99d37\" data-element_type=\"widget\" data-widget_type=\"heading.default\">\n\t\t\t\t<div class=\"elementor-widget-container\">\n\t\t\t<h2 class=\"elementor-heading-title elementor-size-default\">Nh\u1eadn t\u01b0 v\u1ea5n v\u1ec1 Voucher Nh\u00e0 H\u00e0ng c\u1ee7a Grab<\/h2>\t\t<\/div>\n\t\t\t\t<\/div>\n\t\t\t\t<div class=\"elementor-element elementor-element-fa221f4 gf-form-body elementor-widget elementor-widget-shortcode\" data-id=\"fa221f4\" data-element_type=\"widget\" data-widget_type=\"shortcode.default\">\n\t\t\t\t<div class=\"elementor-widget-container\">\n\t\t\t\t\t<div class=\"elementor-shortcode\">\n                <div class='gf_browser_gecko gform_wrapper' id='gform_wrapper_45' ><div id='gf_45' class='gform_anchor' tabindex='-1'><\/div><form method='post' enctype='multipart\/form-data' target='gform_ajax_frame_45' id='gform_45'  action='\/vn\/wp-json\/wp\/v2\/pages\/175922#gf_45'>\n                        <div class='gform_heading'>\n                            <h3 class='gform_title'>Regional Omnicommerce Lead Gen Form<\/h3>\n                        <\/div>\n                        <div class='gform_body'><ul id='gform_fields_45' class='gform_fields top_label form_sublabel_below description_below'><li id='field_45_1'  class='gfield gfield_contains_required field_sublabel_below field_description_below gfield_visibility_visible' ><label class='gfield_label' for='input_45_1' >T\u00ean Nh\u00e0 h\u00e0ng<span class='gfield_required'>*<\/span><\/label><div class='ginput_container ginput_container_text'><input name='input_1' id='input_45_1' type='text' value='' class='medium'    placeholder='T\u00ean Nh\u00e0 h\u00e0ng' aria-required=\"true\" aria-invalid=\"false\" \/><\/div><\/li><li id='field_45_2'  class='gfield gfield_contains_required field_sublabel_below field_description_below gfield_visibility_visible' ><label class='gfield_label' for='input_45_2' >\u0110\u1ecba ch\u1ec9 Nh\u00e0 h\u00e0ng<span class='gfield_required'>*<\/span><\/label><div class='ginput_container ginput_container_text'><input name='input_2' id='input_45_2' type='text' value='' class='medium'    placeholder='\u0110\u1ecba ch\u1ec9 Nh\u00e0 h\u00e0ng' aria-required=\"true\" aria-invalid=\"false\" \/><\/div><\/li><li id='field_45_3'  class='gfield gf-form-label-show gfield_contains_required field_sublabel_below field_description_below gfield_visibility_visible' ><label class='gfield_label' for='input_45_3' >Lo\u1ea1i h\u00ecnh kinh doanh<span class='gfield_required'>*<\/span><\/label><div class='ginput_container ginput_container_select'><select name='input_3' id='input_45_3' class='medium gfield_select'   aria-required=\"true\" aria-invalid=\"false\"><option value='' selected='selected' class='gf_placeholder'>Lo\u1ea1i h\u00ecnh kinh doanh<\/option><option value='C\u00f4ng ty m\u1ed9t th\u00e0nh vi\u00ean' >C\u00f4ng ty m\u1ed9t th\u00e0nh vi\u00ean<\/option><option value='C\u00f4ng ty h\u1ee3p danh' >C\u00f4ng ty h\u1ee3p danh<\/option><option value='C\u00f4ng ty t\u01b0 nh\u00e2n' >C\u00f4ng ty t\u01b0 nh\u00e2n<\/option><option value='C\u00f4ng ty c\u1ed5 ph\u1ea7n' >C\u00f4ng ty c\u1ed5 ph\u1ea7n<\/option><option value='C\u00f4ng ty qu\u1ef9, t\u1eeb thi\u1ec7n, hi\u1ec7p h\u1ed9i &#038; CLB' >C\u00f4ng ty qu\u1ef9, t\u1eeb thi\u1ec7n, hi\u1ec7p h\u1ed9i &#038; CLB<\/option><option value='C\u00e1 nh\u00e2n\/H\u1ed9 kinh doanh' >C\u00e1 nh\u00e2n\/H\u1ed9 kinh doanh<\/option><\/select><\/div><\/li><li id='field_45_4'  class='gfield gf-form-label-show gfield_contains_required field_sublabel_below field_description_below gfield_visibility_visible' ><label class='gfield_label' for='input_45_4' >Th\u00e0nh ph\u1ed1<span class='gfield_required'>*<\/span><\/label><div class='ginput_container ginput_container_select'><select name='input_4' id='input_45_4' class='medium gfield_select'   aria-required=\"true\" aria-invalid=\"false\"><option value='' selected='selected' class='gf_placeholder'>Th\u00e0nh ph\u1ed1<\/option><option value='H\u1ed3 Ch\u00ed Minh' >H\u1ed3 Ch\u00ed Minh<\/option><option value='H\u00e0 N\u1ed9i' >H\u00e0 N\u1ed9i<\/option><option value='\u0110\u00e0 N\u1eb5ng' >\u0110\u00e0 N\u1eb5ng<\/option><option value='Kh\u00e1c' >Kh\u00e1c<\/option><\/select><\/div><\/li><li id='field_45_5'  class='gfield gfield_contains_required field_sublabel_below field_description_below gfield_visibility_visible' ><label class='gfield_label' for='input_45_5' >Ng\u01b0\u1eddi \u0111\u1ea1i di\u1ec7n<span class='gfield_required'>*<\/span><\/label><div class='ginput_container ginput_container_text'><input name='input_5' id='input_45_5' type='text' value='' class='medium'    placeholder='Ng\u01b0\u1eddi \u0111\u1ea1i di\u1ec7n' aria-required=\"true\" aria-invalid=\"false\" \/><\/div><\/li><li id='field_45_6'  class='gfield gfield_contains_required field_sublabel_below field_description_below gfield_visibility_visible' ><label class='gfield_label' for='input_45_6' >S\u1ed1 \u0111i\u1ec7n tho\u1ea1i<span class='gfield_required'>*<\/span><\/label><div class='ginput_container ginput_container_phone'><input name='input_6' id='input_45_6' type='text' value='' class='medium'  placeholder='S\u1ed1 \u0111i\u1ec7n tho\u1ea1i' aria-required=\"true\" aria-invalid=\"false\"  \/><\/div><\/li><li id='field_45_7'  class='gfield gfield_contains_required field_sublabel_below field_description_below gfield_visibility_visible' ><label class='gfield_label' for='input_45_7' >Email<span class='gfield_required'>*<\/span><\/label><div class='ginput_container ginput_container_email'>\n                            <input name='input_7' id='input_45_7' type='text' value='' class='medium'   placeholder='Email' aria-required=\"true\" aria-invalid=\"false\" \/>\n                        <\/div><\/li><li id='field_45_8'  class='gfield gf-form-label-show gfield_contains_required field_sublabel_below field_description_below gfield_visibility_visible' ><label class='gfield_label'  >D\u1ecbch v\u1ee5 b\u1ea1n mu\u1ed1n t\u00ecm hi\u1ec3u cho Nh\u00e0 h\u00e0ng<span class='gfield_required'>*<\/span><\/label><div class='ginput_container ginput_container_checkbox'><ul class='gfield_checkbox' id='input_45_8'><li class='gchoice_45_8_1'>\n\t\t\t\t\t\t\t\t<input name='input_8.1' type='checkbox'  value='Voucher Nh\u00e0 H\u00e0ng'  id='choice_45_8_1'   \/>\n\t\t\t\t\t\t\t\t<label for='choice_45_8_1' id='label_45_8_1'>Voucher Nh\u00e0 H\u00e0ng<\/label>\n\t\t\t\t\t\t\t<\/li><li class='gchoice_45_8_2'>\n\t\t\t\t\t\t\t\t<input name='input_8.2' type='checkbox'  value='Ch\u01b0\u01a1ng tr\u00ecnh Kh\u00e1ch h\u00e0ng th\u00e2n thi\u1ebft t\u1eeb \u0111\u1ed1i t\u00e1c'  id='choice_45_8_2'   \/>\n\t\t\t\t\t\t\t\t<label for='choice_45_8_2' id='label_45_8_2'>Ch\u01b0\u01a1ng tr\u00ecnh Kh\u00e1ch h\u00e0ng th\u00e2n thi\u1ebft t\u1eeb \u0111\u1ed1i t\u00e1c<\/label>\n\t\t\t\t\t\t\t<\/li><li class='gchoice_45_8_3'>\n\t\t\t\t\t\t\t\t<input name='input_8.3' type='checkbox'  value='T\u00ednh n\u0103ng \u0111\u1eb7t b\u00e0n'  id='choice_45_8_3'   \/>\n\t\t\t\t\t\t\t\t<label for='choice_45_8_3' id='label_45_8_3'>T\u00ednh n\u0103ng \u0111\u1eb7t b\u00e0n<\/label>\n\t\t\t\t\t\t\t<\/li><\/ul><\/div><\/li><li id='field_45_9'  class='gfield gf-form-label-show gfield_contains_required field_sublabel_below field_description_below gfield_visibility_visible' ><label class='gfield_label' for='input_45_9' >S\u1ed1 l\u01b0\u1ee3ng chi nh\u00e1nh<span class='gfield_required'>*<\/span><\/label><div class='ginput_container ginput_container_number'><input name='input_9' id='input_45_9' type='text'    value='' class='medium'     aria-required=\"true\" aria-invalid=\"false\" \/><div class='instruction '>Please enter a number greater than or equal to <strong>0<\/strong>.<\/div><\/div><\/li><li id='field_45_10'  class='gfield gf-form-label-show gfield_contains_required field_sublabel_below field_description_below gfield_visibility_visible' ><label class='gfield_label' for='input_45_10' >B\u1ea1n bi\u1ebft \u0111\u1ebfn c\u00e1c d\u1ecbch v\u1ee5 Voucher Nh\u00e0 H\u00e0ng c\u1ee7a GrabFood th\u00f4ng qua k\u00eanh n\u00e0o?<span class='gfield_required'>*<\/span><\/label><div class='ginput_container ginput_container_select'><select name='input_10' id='input_45_10' class='medium gfield_select'   aria-required=\"true\" aria-invalid=\"false\"><option value='T\u00ecm ki\u1ebfm Google' >T\u00ecm ki\u1ebfm Google<\/option><option value='Nh\u00e2n vi\u00ean Grab' >Nh\u00e2n vi\u00ean Grab<\/option><option value='\u1ee8ng d\u1ee5ng GrabMerchan v\u00e0 website Grab' >\u1ee8ng d\u1ee5ng GrabMerchan v\u00e0 website Grab<\/option><option value='B\u1ea1n b\u00e8 v\u00e0 gia \u0111\u00ecnh' >B\u1ea1n b\u00e8 v\u00e0 gia \u0111\u00ecnh<\/option><option value='Email c\u1ee7a Grab' >Email c\u1ee7a Grab<\/option><option value='YouTube' >YouTube<\/option><option value='M\u1ea1ng x\u00e3 h\u1ed9i &#8211; Linkedin' >M\u1ea1ng x\u00e3 h\u1ed9i &#8211; Linkedin<\/option><option value='M\u1ea1ng x\u00e3 h\u1ed9i &#8211; Instagram\/Facebook' >M\u1ea1ng x\u00e3 h\u1ed9i &#8211; Instagram\/Facebook<\/option><option value='B\u00e1o ch\u00ed' >B\u00e1o ch\u00ed<\/option><option value='Kh\u00e1c' >Kh\u00e1c<\/option><\/select><\/div><\/li><li id='field_45_11'  class='gfield gf-form-checkbox-para gfield_contains_required field_sublabel_below field_description_below gfield_visibility_visible' ><label class='gfield_label'  >Consent<span class='gfield_required'>*<\/span><\/label><div class='ginput_container ginput_container_checkbox'><ul class='gfield_checkbox' id='input_45_11'><li class='gchoice_45_11_1'>\n\t\t\t\t\t\t\t\t<input name='input_11.1' type='checkbox'  value='consent'  id='choice_45_11_1'   \/>\n\t\t\t\t\t\t\t\t<label for='choice_45_11_1' id='label_45_11_1'>B\u1eb1ng vi\u1ec7c g\u1eedi th\u00f4ng tin, t\u00f4i \u0111\u1ed3ng \u00fd ho\u1eb7c \u0111\u01b0\u1ee3c \u1ee7y quy\u1ec1n h\u1ee3p l\u1ec7 \u0111\u1ec3 \u0111\u1ed3ng \u00fd (thay m\u1eb7t c\u00e1 nh\u00e2n c\u00f3 d\u1eef li\u1ec7u c\u00e1 nh\u00e2n li\u00ean quan) cho ph\u00e9p Grab thu th\u1eadp, s\u1eed d\u1ee5ng, x\u1eed l\u00fd, ti\u1ebft l\u1ed9 v\u00e0 l\u01b0u gi\u1eef d\u1eef li\u1ec7u c\u00e1 nh\u00e2n nh\u1eb1m m\u1ee5c \u0111\u00edch \u0111\u0103ng k\u00fd d\u1ecbch v\u1ee5 c\u1ee7a Grab, ph\u00f9 h\u1ee3p v\u1edbi <a href=\"https:\/\/www.grab.com\/vn\/terms-policies\/privacy-notice\/\" target=\"_blank\">Th\u00f4ng b\u00e1o b\u1ea3o m\u1eadt m\u00e0<\/a> t\u00f4i \u0111\u00e3 \u0111\u1ecdc v\u00e0 hi\u1ec3u r\u00f5.<\/label>\n\t\t\t\t\t\t\t<\/li><\/ul><\/div><\/li><li id='field_45_12'  class='gfield field_sublabel_below field_description_below gfield_visibility_visible' ><label class='gfield_label' for='input_45_12' >CAPTCHA<\/label><div id='input_45_12' class='ginput_container ginput_recaptcha' data-sitekey='6Le3PjIUAAAAAA6qH0HYORp6HKJhdxxH3f5iuA1e'  data-theme='light' data-tabindex='0'  data-badge=''><\/div><\/li><li id='field_45_13'  class='gfield field_sublabel_below field_description_below gfield_visibility_visible' ><\/li>\n                            <\/ul><\/div>\n        <div class='gform_footer top_label'> <input type='submit' id='gform_submit_button_45' class='gform_button button' value='Submit' tabindex='1' onclick='if(window[\"gf_submitting_45\"]){return false;}  window[\"gf_submitting_45\"]=true;  ' onkeypress='if( event.keyCode == 13 ){ if(window[\"gf_submitting_45\"]){return false;} window[\"gf_submitting_45\"]=true;  jQuery(\"#gform_45\").trigger(\"submit\",[true]); }' \/> <input type='hidden' name='gform_ajax' value='form_id=45&amp;title=1&amp;description=&amp;tabindex=0' \/>\n            <input type='hidden' class='gform_hidden' name='is_submit_45' value='1' \/>\n            <input type='hidden' class='gform_hidden' name='gform_submit' value='45' \/>\n            \n            <input type='hidden' class='gform_hidden' name='gform_unique_id' value='' \/>\n            <input type='hidden' class='gform_hidden' name='state_45' value='WyJbXSIsImI4NzA2OTY4OWQzZTVkYzE2MzJmNTdlZTExNjgwNzY5Il0=' \/>\n            <input type='hidden' class='gform_hidden' name='gform_target_page_number_45' id='gform_target_page_number_45' value='0' \/>\n            <input type='hidden' class='gform_hidden' name='gform_source_page_number_45' id='gform_source_page_number_45' value='1' \/>\n            <input type='hidden' name='gform_field_values' value='' \/>\n            \n        <\/div>\n                        <p style=\"display: none !important;\" class=\"akismet-fields-container\" data-prefix=\"ak_\"><label>&#916;<textarea name=\"ak_hp_textarea\" cols=\"45\" rows=\"8\" maxlength=\"100\"><\/textarea><\/label><input type=\"hidden\" id=\"ak_js_1\" name=\"ak_js\" value=\"51\"\/><script>document.getElementById( \"ak_js_1\" ).setAttribute( \"value\", ( new Date() ).getTime() );<\/script><\/p><\/form>\n                        <\/div>\n                <iframe style='display:none;width:0px;height:0px;' src='about:blank' name='gform_ajax_frame_45' id='gform_ajax_frame_45'>This iframe contains the logic required to handle Ajax powered Gravity Forms.<\/iframe>\n                <script type='text\/javascript'>jQuery(document).ready(function($){gformInitSpinner( 45, 'https:\/\/www.grab.com\/vn\/wp-content\/plugins\/gravityforms\/images\/spinner.gif' );jQuery('#gform_ajax_frame_45').on('load',function(){var contents = jQuery(this).contents().find('*').html();var is_postback = contents.indexOf('GF_AJAX_POSTBACK') >= 0;if(!is_postback){return;}var form_content = jQuery(this).contents().find('#gform_wrapper_45');var is_confirmation = jQuery(this).contents().find('#gform_confirmation_wrapper_45').length > 0;var is_redirect = contents.indexOf('gformRedirect(){') >= 0;var is_form = form_content.length > 0 && ! is_redirect && ! is_confirmation;var mt = parseInt(jQuery('html').css('margin-top'), 10) + parseInt(jQuery('body').css('margin-top'), 10) + 100;if(is_form){jQuery('#gform_wrapper_45').html(form_content.html());if(form_content.hasClass('gform_validation_error')){jQuery('#gform_wrapper_45').addClass('gform_validation_error');} else {jQuery('#gform_wrapper_45').removeClass('gform_validation_error');}setTimeout( function() { \/* delay the scroll by 50 milliseconds to fix a bug in chrome *\/ jQuery(document).scrollTop(jQuery('#gform_wrapper_45').offset().top - mt); }, 50 );if(window['gformInitDatepicker']) {gformInitDatepicker();}if(window['gformInitPriceFields']) {gformInitPriceFields();}var current_page = jQuery('#gform_source_page_number_45').val();gformInitSpinner( 45, 'https:\/\/www.grab.com\/vn\/wp-content\/plugins\/gravityforms\/images\/spinner.gif' );jQuery(document).trigger('gform_page_loaded', [45, current_page]);window['gf_submitting_45'] = false;}else if(!is_redirect){var confirmation_content = jQuery(this).contents().find('.GF_AJAX_POSTBACK').html();if(!confirmation_content){confirmation_content = contents;}setTimeout(function(){jQuery('#gform_wrapper_45').replaceWith(confirmation_content);jQuery(document).scrollTop(jQuery('#gf_45').offset().top - mt);jQuery(document).trigger('gform_confirmation_loaded', [45]);window['gf_submitting_45'] = false;}, 50);}else{jQuery('#gform_45').append(contents);if(window['gformRedirect']) {gformRedirect();}}jQuery(document).trigger('gform_post_render', [45, current_page]);} );} );<\/script><script type='text\/javascript'> jQuery(document).bind('gform_post_render', function(event, formId, currentPage){if(formId == 45) {if(typeof Placeholders != 'undefined'){\n                        Placeholders.enable();\n                    }} } );jQuery(document).bind('gform_post_conditional_logic', function(event, formId, fields, isInit){} );<\/script><script type='text\/javascript'> jQuery(document).ready(function(){jQuery(document).trigger('gform_post_render', [45, 1]) } ); <\/script><\/div>\n\t\t\t\t<\/div>\n\t\t\t\t<\/div>\n\t\t\t\t\t<\/div>\n\t\t<\/div>\n\t\t\t\t\t<\/div>\n\t\t<\/section>\n\t\t\t\t<\/div>\n\t\t","protected":false},"excerpt":{"rendered":"Nh\u1eadn t\u01b0 v\u1ea5n v\u1ec1 Voucher Nh\u00e0 H\u00e0ng c\u1ee7a Grab","protected":false},"author":1493,"featured_media":0,"parent":0,"menu_order":0,"comment_status":"closed","ping_status":"closed","template":"elementor_header_footer","meta":{"_acf_changed":false,"footnotes":""},"acf":[],"_links":{"self":[{"href":"https:\/\/www.grab.com\/vn\/wp-json\/wp\/v2\/pages\/175922"}],"collection":[{"href":"https:\/\/www.grab.com\/vn\/wp-json\/wp\/v2\/pages"}],"about":[{"href":"https:\/\/www.grab.com\/vn\/wp-json\/wp\/v2\/types\/page"}],"author":[{"embeddable":true,"href":"https:\/\/www.grab.com\/vn\/wp-json\/wp\/v2\/users\/1493"}],"replies":[{"embeddable":true,"href":"https:\/\/www.grab.com\/vn\/wp-json\/wp\/v2\/comments?post=175922"}],"version-history":[{"count":11,"href":"https:\/\/www.grab.com\/vn\/wp-json\/wp\/v2\/pages\/175922\/revisions"}],"predecessor-version":[{"id":183558,"href":"https:\/\/www.grab.com\/vn\/wp-json\/wp\/v2\/pages\/175922\/revisions\/183558"}],"wp:attachment":[{"href":"https:\/\/www.grab.com\/vn\/wp-json\/wp\/v2\/media?parent=175922"}],"curies":[{"name":"wp","href":"https:\/\/api.w.org\/{rel}","templated":true}]}}