{"id":168573,"date":"2024-06-25T17:48:20","date_gmt":"2024-06-25T09:48:20","guid":{"rendered":"https:\/\/www.grab.com\/vn\/?page_id=168573"},"modified":"2024-06-25T17:53:42","modified_gmt":"2024-06-25T09:53:42","slug":"moca-thong-bao-ve-viec-thay-doi-don-vi-xu-ly-cac-khoan-thanh-toan-cho-doi-tac-thuong-nhan-tren-ung-dung-grab","status":"publish","type":"page","link":"https:\/\/www.grab.com\/vn\/moca-thong-bao-ve-viec-thay-doi-don-vi-xu-ly-cac-khoan-thanh-toan-cho-doi-tac-thuong-nhan-tren-ung-dung-grab\/","title":{"rendered":"Moca | Th\u00f4ng b\u00e1o v\u1ec1 vi\u1ec7c thay \u0111\u1ed5i \u0111\u01a1n v\u1ecb x\u1eed l\u00fd c\u00e1c kho\u1ea3n thanh to\u00e1n cho \u0110\u1ed1i t\u00e1c Th\u01b0\u01a1ng nh\u00e2n tr\u00ean \u1ee8ng d\u1ee5ng Grab"},"content":{"rendered":"\t\t<div data-elementor-type=\"wp-page\" data-elementor-id=\"168573\" class=\"elementor elementor-168573\" data-elementor-post-type=\"page\">\n\t\t\t\t\t\t<section class=\"elementor-section elementor-top-section elementor-element elementor-element-fe9c74c elementor-section-boxed elementor-section-height-default elementor-section-height-default\" data-id=\"fe9c74c\" data-element_type=\"section\">\n\t\t\t\t\t\t<div class=\"elementor-container elementor-column-gap-default\">\n\t\t\t\t\t<div class=\"elementor-column elementor-col-100 elementor-top-column elementor-element elementor-element-435d2da\" data-id=\"435d2da\" data-element_type=\"column\">\n\t\t\t<div class=\"elementor-widget-wrap elementor-element-populated\">\n\t\t\t\t\t\t<div class=\"elementor-element elementor-element-ea2dd97 elementor-widget elementor-widget-image\" data-id=\"ea2dd97\" data-element_type=\"widget\" data-widget_type=\"image.default\">\n\t\t\t\t<div class=\"elementor-widget-container\">\n\t\t\t\t\t\t\t\t\t\t\t\t\t<img loading=\"lazy\" decoding=\"async\" width=\"2000\" height=\"1000\" src=\"https:\/\/assets.grab.com\/wp-content\/uploads\/sites\/11\/2024\/06\/25175307\/Header-1200x600_Moca_Thay-doi-don-vi-thanh-toan_17-6-2.png\" class=\"attachment-full size-full wp-image-168579\" alt=\"\" srcset=\"https:\/\/assets.grab.com\/wp-content\/uploads\/sites\/11\/2024\/06\/25175307\/Header-1200x600_Moca_Thay-doi-don-vi-thanh-toan_17-6-2.png 2000w, https:\/\/assets.grab.com\/wp-content\/uploads\/sites\/11\/2024\/06\/25175307\/Header-1200x600_Moca_Thay-doi-don-vi-thanh-toan_17-6-2-250x125.png 250w, https:\/\/assets.grab.com\/wp-content\/uploads\/sites\/11\/2024\/06\/25175307\/Header-1200x600_Moca_Thay-doi-don-vi-thanh-toan_17-6-2-700x350.png 700w, https:\/\/assets.grab.com\/wp-content\/uploads\/sites\/11\/2024\/06\/25175307\/Header-1200x600_Moca_Thay-doi-don-vi-thanh-toan_17-6-2-768x384.png 768w, https:\/\/assets.grab.com\/wp-content\/uploads\/sites\/11\/2024\/06\/25175307\/Header-1200x600_Moca_Thay-doi-don-vi-thanh-toan_17-6-2-1536x768.png 1536w, https:\/\/assets.grab.com\/wp-content\/uploads\/sites\/11\/2024\/06\/25175307\/Header-1200x600_Moca_Thay-doi-don-vi-thanh-toan_17-6-2-18x9.png 18w, https:\/\/assets.grab.com\/wp-content\/uploads\/sites\/11\/2024\/06\/25175307\/Header-1200x600_Moca_Thay-doi-don-vi-thanh-toan_17-6-2-120x60.png 120w\" sizes=\"(max-width: 2000px) 100vw, 2000px\" \/>\t\t\t\t\t\t\t\t\t\t\t\t\t<\/div>\n\t\t\t\t<\/div>\n\t\t\t\t<div class=\"elementor-element elementor-element-0a36f9b elementor-widget elementor-widget-text-editor\" data-id=\"0a36f9b\" data-element_type=\"widget\" data-widget_type=\"text-editor.default\">\n\t\t\t\t<div class=\"elementor-widget-container\">\n\t\t\t\t\t\t\t<p dir=\"ltr\" style=\"line-height: 1.38;margin-top: 0pt;margin-bottom: 0pt\"><span style=\"font-size: 11pt;font-family: 'Proxima Nova',sans-serif;color: #000000;background-color: transparent;font-weight: bold;font-style: normal;font-variant: normal;text-decoration: none;vertical-align: baseline\">Qu\u00fd \u0110\u1ed1i t\u00e1c th\u00e2n m\u1ebfn,<\/span><\/p><p dir=\"ltr\" style=\"line-height: 1.38;margin-top: 0pt;margin-bottom: 0pt\"><span style=\"font-size: 11pt;font-family: 'Proxima Nova',sans-serif;color: #000000;background-color: transparent;font-weight: bold;font-style: normal;font-variant: normal;text-decoration: none;vertical-align: baseline\">\u00a0<\/span><\/p><p dir=\"ltr\" style=\"line-height: 1.38;margin-top: 0pt;margin-bottom: 0pt\"><span style=\"font-size: 11pt;font-family: 'Proxima Nova',sans-serif;color: #3c4043;background-color: #ffffff;font-weight: 400;font-style: normal;font-variant: normal;text-decoration: none;vertical-align: baseline\">K\u1ec3 t\u1eeb ng\u00e0y <\/span><span style=\"font-size: 11pt;font-family: 'Proxima Nova',sans-serif;color: #000000;background-color: #ffffff;font-weight: bold;font-style: normal;font-variant: normal;text-decoration: none;vertical-align: baseline\">01\/7\/2024<\/span><span style=\"font-size: 11pt;font-family: 'Proxima Nova',sans-serif;color: #000000;background-color: #ffffff;font-weight: 400;font-style: normal;font-variant: normal;text-decoration: none;vertical-align: baseline\">, <\/span><span style=\"font-size: 11pt;font-family: 'Proxima Nova',sans-serif;color: #3c4043;background-color: #ffffff;font-weight: 400;font-style: normal;font-variant: normal;text-decoration: none;vertical-align: baseline\">Moca xin th\u00f4ng b\u00e1o v\u1ec1 vi\u1ec7c Moca<\/span><span style=\"font-size: 11pt;font-family: 'Proxima Nova',sans-serif;color: #3c4043;background-color: #ffffff;font-weight: bold;font-style: normal;font-variant: normal;text-decoration: none;vertical-align: baseline\"> ng\u1eebng x\u1eed l\u00fd c\u00e1c kho\u1ea3n thanh quy\u1ebft to\u00e1n <\/span><span style=\"font-size: 11pt;font-family: 'Proxima Nova',sans-serif;color: #3c4043;background-color: #ffffff;font-weight: 400;font-style: normal;font-variant: normal;text-decoration: none;vertical-align: baseline\">cho \u0110\u1ed1i t\u00e1c tr\u00ean n\u1ec1n t\u1ea3ng Grab. Thay v\u00e0o \u0111\u00f3, Grab s\u1ebd \u0111\u1ea3m nh\u1eadn vi\u1ec7c x\u1eed l\u00fd c\u00e1c kho\u1ea3n thanh quy\u1ebft to\u00e1n n\u00e0y. S\u1ef1 thay \u0111\u1ed5i n\u00e0y s\u1ebd <\/span><span style=\"font-size: 11pt;font-family: 'Proxima Nova',sans-serif;color: #3c4043;background-color: #ffffff;font-weight: bold;font-style: normal;font-variant: normal;text-decoration: none;vertical-align: baseline\">KH\u00d4NG \u1ea2NH H\u01af\u1edeNG<\/span><span style=\"font-size: 11pt;font-family: 'Proxima Nova',sans-serif;color: #3c4043;background-color: #ffffff;font-weight: 400;font-style: normal;font-variant: normal;text-decoration: none;vertical-align: baseline\"> \u0111\u1ebfn c\u00e1c ho\u1ea1t \u0111\u1ed9ng, chu k\u1ef3 thanh to\u00e1n ti\u1ec1n h\u00e0ng \u0111\u1ebfn qu\u00fd \u0110\u1ed1i t\u00e1c.<\/span><\/p><p dir=\"ltr\" style=\"line-height: 1.38;margin-top: 0pt;margin-bottom: 0pt\"><span style=\"font-size: 11pt;font-family: 'Proxima Nova',sans-serif;color: #3c4043;background-color: #ffffff;font-weight: 400;font-style: normal;font-variant: normal;text-decoration: none;vertical-align: baseline\">\u00a0<\/span><\/p><p dir=\"ltr\" style=\"line-height: 1.38;margin-top: 0pt;margin-bottom: 0pt\"><span style=\"font-size: 11pt;font-family: 'Proxima Nova',sans-serif;color: #3c4043;background-color: #ffffff;font-weight: 400;font-style: normal;font-variant: normal;text-decoration: none;vertical-align: baseline\">Th\u00f4ng tin chi ti\u1ebft v\u1ec1 n\u1ed9i dung thanh to\u00e1n ti\u1ec1n h\u00e0ng cho \u0110\u1ed1i t\u00e1c s\u1ebd \u0111\u01b0\u1ee3c g\u1eedi trong th\u00f4ng b\u00e1o ti\u1ebfp theo c\u1ee7a Grab.<\/span><\/p>\t\t\t\t\t\t<\/div>\n\t\t\t\t<\/div>\n\t\t\t\t\t<\/div>\n\t\t<\/div>\n\t\t\t\t\t<\/div>\n\t\t<\/section>\n\t\t\t\t<section class=\"elementor-section elementor-top-section elementor-element elementor-element-d48c715 elementor-section-boxed elementor-section-height-default elementor-section-height-default\" data-id=\"d48c715\" data-element_type=\"section\">\n\t\t\t\t\t\t<div class=\"elementor-container elementor-column-gap-default\">\n\t\t\t\t\t<div class=\"elementor-column elementor-col-100 elementor-top-column elementor-element elementor-element-e389488\" data-id=\"e389488\" data-element_type=\"column\">\n\t\t\t<div class=\"elementor-widget-wrap elementor-element-populated\">\n\t\t\t\t\t\t<div class=\"elementor-element elementor-element-d6528b7 elementor-widget elementor-widget-image\" data-id=\"d6528b7\" data-element_type=\"widget\" data-widget_type=\"image.default\">\n\t\t\t\t<div class=\"elementor-widget-container\">\n\t\t\t\t\t\t\t\t\t\t\t\t\t<img loading=\"lazy\" decoding=\"async\" width=\"2000\" height=\"2000\" src=\"https:\/\/assets.grab.com\/wp-content\/uploads\/sites\/11\/2024\/06\/25175238\/Moca_Thay-doi-don-vi-thanh-toan_17-6-compressed.jpg\" class=\"attachment-full size-full wp-image-168578\" alt=\"\" srcset=\"https:\/\/assets.grab.com\/wp-content\/uploads\/sites\/11\/2024\/06\/25175238\/Moca_Thay-doi-don-vi-thanh-toan_17-6-compressed.jpg 2000w, https:\/\/assets.grab.com\/wp-content\/uploads\/sites\/11\/2024\/06\/25175238\/Moca_Thay-doi-don-vi-thanh-toan_17-6-compressed-250x250.jpg 250w, https:\/\/assets.grab.com\/wp-content\/uploads\/sites\/11\/2024\/06\/25175238\/Moca_Thay-doi-don-vi-thanh-toan_17-6-compressed-700x700.jpg 700w, https:\/\/assets.grab.com\/wp-content\/uploads\/sites\/11\/2024\/06\/25175238\/Moca_Thay-doi-don-vi-thanh-toan_17-6-compressed-150x150.jpg 150w, https:\/\/assets.grab.com\/wp-content\/uploads\/sites\/11\/2024\/06\/25175238\/Moca_Thay-doi-don-vi-thanh-toan_17-6-compressed-768x768.jpg 768w, https:\/\/assets.grab.com\/wp-content\/uploads\/sites\/11\/2024\/06\/25175238\/Moca_Thay-doi-don-vi-thanh-toan_17-6-compressed-1536x1536.jpg 1536w, https:\/\/assets.grab.com\/wp-content\/uploads\/sites\/11\/2024\/06\/25175238\/Moca_Thay-doi-don-vi-thanh-toan_17-6-compressed-12x12.jpg 12w, https:\/\/assets.grab.com\/wp-content\/uploads\/sites\/11\/2024\/06\/25175238\/Moca_Thay-doi-don-vi-thanh-toan_17-6-compressed-120x120.jpg 120w\" sizes=\"(max-width: 2000px) 100vw, 2000px\" \/>\t\t\t\t\t\t\t\t\t\t\t\t\t<\/div>\n\t\t\t\t<\/div>\n\t\t\t\t\t<\/div>\n\t\t<\/div>\n\t\t\t\t\t<\/div>\n\t\t<\/section>\n\t\t\t\t<section class=\"elementor-section elementor-top-section elementor-element elementor-element-749e383 elementor-section-boxed elementor-section-height-default elementor-section-height-default\" data-id=\"749e383\" data-element_type=\"section\">\n\t\t\t\t\t\t<div class=\"elementor-container elementor-column-gap-default\">\n\t\t\t\t\t<div class=\"elementor-column elementor-col-100 elementor-top-column elementor-element elementor-element-30c186e\" data-id=\"30c186e\" data-element_type=\"column\">\n\t\t\t<div class=\"elementor-widget-wrap elementor-element-populated\">\n\t\t\t\t\t\t<div class=\"elementor-element elementor-element-574ccb7 elementor-widget elementor-widget-text-editor\" data-id=\"574ccb7\" data-element_type=\"widget\" data-widget_type=\"text-editor.default\">\n\t\t\t\t<div class=\"elementor-widget-container\">\n\t\t\t\t\t\t\t<p dir=\"ltr\" style=\"line-height: 1.38;margin-top: 0pt;margin-bottom: 0pt\"><span style=\"font-size: 11pt;font-family: 'Proxima Nova',sans-serif;color: #3c4043;background-color: #ffffff;font-weight: 400;font-style: normal;font-variant: normal;text-decoration: none;vertical-align: baseline\">K\u00ednh ch\u00fac \u0110\u1ed1i t\u00e1c ho\u1ea1t \u0111\u1ed9ng thu\u1eadn l\u1ee3i v\u00e0 t\u0103ng tr\u01b0\u1edfng doanh thu!<\/span><\/p><p dir=\"ltr\" style=\"line-height: 1.38;margin-top: 0pt;margin-bottom: 0pt\"><span style=\"font-size: 11pt;font-family: 'Proxima Nova',sans-serif;color: #3c4043;background-color: #ffffff;font-weight: 400;font-style: normal;font-variant: normal;text-decoration: none;vertical-align: baseline\">\u00a0<\/span><\/p><p dir=\"ltr\" style=\"line-height: 1.38;margin-top: 0pt;margin-bottom: 0pt\"><span style=\"font-size: 11pt;font-family: 'Proxima Nova',sans-serif;color: #3c4043;background-color: #ffffff;font-weight: bold;font-style: normal;font-variant: normal;text-decoration: none;vertical-align: baseline\">Tr\u00e2n tr\u1ecdng,<\/span><\/p><p dir=\"ltr\" style=\"line-height: 1.38;margin-top: 0pt;margin-bottom: 0pt\"><span style=\"font-size: 11pt;font-family: 'Proxima Nova',sans-serif;color: #3c4043;background-color: #ffffff;font-weight: bold;font-style: normal;font-variant: normal;text-decoration: none;vertical-align: baseline\">\u0110\u1ed9i ng\u0169 Moca. <\/span><\/p>\t\t\t\t\t\t<\/div>\n\t\t\t\t<\/div>\n\t\t\t\t\t<\/div>\n\t\t<\/div>\n\t\t\t\t\t<\/div>\n\t\t<\/section>\n\t\t\t\t<\/div>\n\t\t","protected":false},"excerpt":{"rendered":"Qu\u00fd \u0110\u1ed1i t\u00e1c th\u00e2n m\u1ebfn, K\u1ec3 t\u1eeb ng\u00e0y 01\/7\/2024, Moca xin th\u00f4ng b\u00e1o v\u1ec1 vi\u1ec7c Moca ng\u1eebng x\u1eed l\u00fd c\u00e1c kho\u1ea3n thanh quy\u1ebft to\u00e1n cho \u0110\u1ed1i t\u00e1c tr\u00ean n\u1ec1n t\u1ea3ng Grab. Thay v\u00e0o \u0111\u00f3, Grab s\u1ebd \u0111\u1ea3m nh\u1eadn vi\u1ec7c x\u1eed l\u00fd c\u00e1c kho\u1ea3n thanh quy\u1ebft to\u00e1n n\u00e0y. S\u1ef1 thay \u0111\u1ed5i n\u00e0y s\u1ebd KH\u00d4NG \u1ea2NH H\u01af\u1edeNG [&hellip;]","protected":false},"author":1004,"featured_media":0,"parent":0,"menu_order":0,"comment_status":"closed","ping_status":"closed","template":"elementor_header_footer","meta":{"_acf_changed":false,"footnotes":""},"acf":[],"_links":{"self":[{"href":"https:\/\/www.grab.com\/vn\/wp-json\/wp\/v2\/pages\/168573"}],"collection":[{"href":"https:\/\/www.grab.com\/vn\/wp-json\/wp\/v2\/pages"}],"about":[{"href":"https:\/\/www.grab.com\/vn\/wp-json\/wp\/v2\/types\/page"}],"author":[{"embeddable":true,"href":"https:\/\/www.grab.com\/vn\/wp-json\/wp\/v2\/users\/1004"}],"replies":[{"embeddable":true,"href":"https:\/\/www.grab.com\/vn\/wp-json\/wp\/v2\/comments?post=168573"}],"version-history":[{"count":6,"href":"https:\/\/www.grab.com\/vn\/wp-json\/wp\/v2\/pages\/168573\/revisions"}],"predecessor-version":[{"id":168583,"href":"https:\/\/www.grab.com\/vn\/wp-json\/wp\/v2\/pages\/168573\/revisions\/168583"}],"wp:attachment":[{"href":"https:\/\/www.grab.com\/vn\/wp-json\/wp\/v2\/media?parent=168573"}],"curies":[{"name":"wp","href":"https:\/\/api.w.org\/{rel}","templated":true}]}}