{"id":165923,"date":"2024-05-07T10:30:40","date_gmt":"2024-05-07T02:30:40","guid":{"rendered":"https:\/\/www.grab.com\/vn\/family-account\/"},"modified":"2024-08-21T14:38:17","modified_gmt":"2024-08-21T06:38:17","slug":"family-account","status":"publish","type":"page","link":"https:\/\/www.grab.com\/vn\/consumer\/family-account\/","title":{"rendered":"Family Account"},"content":{"rendered":"\t\t<div data-elementor-type=\"wp-page\" data-elementor-id=\"165923\" class=\"elementor elementor-165923\" data-elementor-post-type=\"page\">\n\t\t\t\t\t\t<section class=\"elementor-section elementor-top-section elementor-element elementor-element-9a7f753 elementor-section-boxed elementor-section-height-default elementor-section-height-default\" data-id=\"9a7f753\" data-element_type=\"section\">\n\t\t\t\t\t\t<div class=\"elementor-container elementor-column-gap-default\">\n\t\t\t\t\t<div class=\"elementor-column elementor-col-100 elementor-top-column elementor-element elementor-element-0d054c4\" data-id=\"0d054c4\" data-element_type=\"column\">\n\t\t\t<div class=\"elementor-widget-wrap\">\n\t\t\t\t\t\t\t<\/div>\n\t\t<\/div>\n\t\t\t\t\t<\/div>\n\t\t<\/section>\n\t\t\t\t<\/div>\n\t\t","protected":false},"excerpt":{"rendered":"Ng\u01b0\u1eddi d\u00f9ng An t\u00e2m ng\u01b0\u1eddi th\u00e2n di chuy\u1ec3n an to\u00e0n v\u1edbi T\u00e0i kho\u1ea3n Gia \u0110\u00ecnh T\u1ea1o T\u00e0i kho\u1ea3n Gia \u0110\u00ecnh T\u1ea1o T\u00e0i kho\u1ea3n Gia \u0110\u00ecnh T\u1ea3i \u1ee8ng D\u1ee5ng T\u1ea3i \u1ee8ng D\u1ee5ng T\u1ed5ng quan Grab hi\u1ec3u r\u1eb1ng b\u1ea1n s\u1ebd lo l\u1eafng v\u1ec1 h\u00e0nh tr\u00ecnh di chuy\u1ec3n c\u1ee7a nh\u1eefng ng\u01b0\u1eddi ng\u01b0\u1eddi th\u00e2n y\u00eau, \u0111\u1eb7c bi\u1ec7t khi b\u1ea1n [&hellip;]","protected":false},"author":996,"featured_media":0,"parent":165921,"menu_order":0,"comment_status":"closed","ping_status":"closed","template":"grab21-default","meta":{"_acf_changed":false,"footnotes":""},"acf":[],"_links":{"self":[{"href":"https:\/\/www.grab.com\/vn\/wp-json\/wp\/v2\/pages\/165923"}],"collection":[{"href":"https:\/\/www.grab.com\/vn\/wp-json\/wp\/v2\/pages"}],"about":[{"href":"https:\/\/www.grab.com\/vn\/wp-json\/wp\/v2\/types\/page"}],"author":[{"embeddable":true,"href":"https:\/\/www.grab.com\/vn\/wp-json\/wp\/v2\/users\/996"}],"replies":[{"embeddable":true,"href":"https:\/\/www.grab.com\/vn\/wp-json\/wp\/v2\/comments?post=165923"}],"version-history":[{"count":18,"href":"https:\/\/www.grab.com\/vn\/wp-json\/wp\/v2\/pages\/165923\/revisions"}],"predecessor-version":[{"id":171945,"href":"https:\/\/www.grab.com\/vn\/wp-json\/wp\/v2\/pages\/165923\/revisions\/171945"}],"up":[{"embeddable":true,"href":"https:\/\/www.grab.com\/vn\/wp-json\/wp\/v2\/pages\/165921"}],"wp:attachment":[{"href":"https:\/\/www.grab.com\/vn\/wp-json\/wp\/v2\/media?parent=165923"}],"curies":[{"name":"wp","href":"https:\/\/api.w.org\/{rel}","templated":true}]}}