{"id":165883,"date":"2024-05-06T16:48:48","date_gmt":"2024-05-06T08:48:48","guid":{"rendered":"https:\/\/www.grab.com\/vn\/?page_id=165883"},"modified":"2025-05-13T11:52:33","modified_gmt":"2025-05-13T03:52:33","slug":"advance-booking","status":"publish","type":"page","link":"https:\/\/www.grab.com\/vn\/transport\/advance-booking\/","title":{"rendered":"Advance Booking"},"content":{"rendered":"\t\t<div data-elementor-type=\"wp-page\" data-elementor-id=\"165883\" class=\"elementor elementor-165883\" data-elementor-post-type=\"page\">\n\t\t\t\t\t\t<section class=\"elementor-section elementor-top-section elementor-element elementor-element-5a9db60 elementor-section-boxed elementor-section-height-default elementor-section-height-default\" data-id=\"5a9db60\" data-element_type=\"section\">\n\t\t\t\t\t\t<div class=\"elementor-container elementor-column-gap-default\">\n\t\t\t\t\t<div class=\"elementor-column elementor-col-100 elementor-top-column elementor-element elementor-element-cb9194b\" data-id=\"cb9194b\" data-element_type=\"column\">\n\t\t\t<div class=\"elementor-widget-wrap\">\n\t\t\t\t\t\t\t<\/div>\n\t\t<\/div>\n\t\t\t\t\t<\/div>\n\t\t<\/section>\n\t\t\t\t<section class=\"elementor-section elementor-top-section elementor-element elementor-element-aacbb08 elementor-section-boxed elementor-section-height-default elementor-section-height-default\" data-id=\"aacbb08\" data-element_type=\"section\">\n\t\t\t\t\t\t<div class=\"elementor-container elementor-column-gap-default\">\n\t\t\t\t\t<div class=\"elementor-column elementor-col-100 elementor-top-column elementor-element elementor-element-24a8029\" data-id=\"24a8029\" data-element_type=\"column\">\n\t\t\t<div class=\"elementor-widget-wrap\">\n\t\t\t\t\t\t\t<\/div>\n\t\t<\/div>\n\t\t\t\t\t<\/div>\n\t\t<\/section>\n\t\t\t\t<\/div>\n\t\t","protected":false},"excerpt":{"rendered":"1\/3 2\/3 3\/3 T\u1ea1i Sao Ch\u1ecdn Grab Thay V\u00ec Taxi Th\u00f4ng Th\u01b0\u1eddng? Kh\u00e1m ph\u00e1 c\u00e1c \u01b0u \u0111i\u1ec3m c\u1ee7a Grab qua b\u1ea3ng so s\u00e1nh d\u01b0\u1edbi \u0111\u00e2y, l\u00e0m n\u1ed5i b\u1eadt s\u1ef1 kh\u00e1c bi\u1ec7t ch\u00ednh gi\u1eefa taxi truy\u1ec1n th\u1ed1ng v\u00e0 Grab. T\u1eeb t\u00ednh n\u0103ng \u0111\u1eb7t xe tr\u01b0\u1edbc ti\u1ec7n l\u1ee3i, theo d\u00f5i t\u00e0i x\u1ebf th\u1eddi gian th\u1ef1c \u0111\u1ebfn ch\u00ednh [&hellip;]","protected":false},"author":1249,"featured_media":0,"parent":42014,"menu_order":0,"comment_status":"closed","ping_status":"closed","template":"grab21-default","meta":{"_acf_changed":false,"footnotes":""},"acf":[],"_links":{"self":[{"href":"https:\/\/www.grab.com\/vn\/wp-json\/wp\/v2\/pages\/165883"}],"collection":[{"href":"https:\/\/www.grab.com\/vn\/wp-json\/wp\/v2\/pages"}],"about":[{"href":"https:\/\/www.grab.com\/vn\/wp-json\/wp\/v2\/types\/page"}],"author":[{"embeddable":true,"href":"https:\/\/www.grab.com\/vn\/wp-json\/wp\/v2\/users\/1249"}],"replies":[{"embeddable":true,"href":"https:\/\/www.grab.com\/vn\/wp-json\/wp\/v2\/comments?post=165883"}],"version-history":[{"count":94,"href":"https:\/\/www.grab.com\/vn\/wp-json\/wp\/v2\/pages\/165883\/revisions"}],"predecessor-version":[{"id":184222,"href":"https:\/\/www.grab.com\/vn\/wp-json\/wp\/v2\/pages\/165883\/revisions\/184222"}],"up":[{"embeddable":true,"href":"https:\/\/www.grab.com\/vn\/wp-json\/wp\/v2\/pages\/42014"}],"wp:attachment":[{"href":"https:\/\/www.grab.com\/vn\/wp-json\/wp\/v2\/media?parent=165883"}],"curies":[{"name":"wp","href":"https:\/\/api.w.org\/{rel}","templated":true}]}}