{"id":164903,"date":"2024-04-11T11:21:48","date_gmt":"2024-04-11T03:21:48","guid":{"rendered":"https:\/\/www.grab.com\/vn\/?page_id=164903"},"modified":"2024-11-12T16:21:54","modified_gmt":"2024-11-12T08:21:54","slug":"grab-trien-khai-tinh-nang-ho-tro-dieu-huong-ben-trong-cang-hang-khong-quoc-te-tan-son-nhat","status":"publish","type":"page","link":"https:\/\/www.grab.com\/vn\/grab-trien-khai-tinh-nang-ho-tro-dieu-huong-ben-trong-cang-hang-khong-quoc-te-tan-son-nhat\/","title":{"rendered":"Grab tri\u1ec3n khai t\u00ednh n\u0103ng H\u1ed7 tr\u1ee3 \u0111i\u1ec1u h\u01b0\u1edbng b\u00ean trong C\u1ea3ng H\u00e0ng kh\u00f4ng Qu\u1ed1c t\u1ebf T\u00e2n S\u01a1n Nh\u1ea5t"},"content":{"rendered":"\t\t<div data-elementor-type=\"wp-page\" data-elementor-id=\"164903\" class=\"elementor elementor-164903\" data-elementor-post-type=\"page\">\n\t\t\t\t\t\t<section class=\"elementor-section elementor-top-section elementor-element elementor-element-0175a9e elementor-section-boxed elementor-section-height-default elementor-section-height-default\" data-id=\"0175a9e\" data-element_type=\"section\">\n\t\t\t\t\t\t<div class=\"elementor-container elementor-column-gap-default\">\n\t\t\t\t\t<div class=\"elementor-column elementor-col-100 elementor-top-column elementor-element elementor-element-f967de0\" data-id=\"f967de0\" data-element_type=\"column\">\n\t\t\t<div class=\"elementor-widget-wrap elementor-element-populated\">\n\t\t\t\t\t\t<div class=\"elementor-element elementor-element-53da515 elementor-widget elementor-widget-heading\" data-id=\"53da515\" data-element_type=\"widget\" data-widget_type=\"heading.default\">\n\t\t\t\t<div class=\"elementor-widget-container\">\n\t\t\t<h2 class=\"elementor-heading-title elementor-size-default\"><span id=\"docs-internal-guid-1666551e-7fff-946f-2ce4-d5c5b271ba4d\"><h2 dir=\"ltr\" style=\"line-height: 1.32;margin-top: 17pt;margin-bottom: 17pt\"><span style=\"font-size: 28pt;background-color: transparent;vertical-align: baseline\">Grab tri\u1ec3n khai t\u00ednh n\u0103ng H\u1ed7 tr\u1ee3 \u0111i\u1ec1u h\u01b0\u1edbng b\u00ean trong C\u1ea3ng H\u00e0ng kh\u00f4ng Qu\u1ed1c t\u1ebf T\u00e2n S\u01a1n Nh\u1ea5t<\/span><\/h2><\/span><\/h2>\t\t<\/div>\n\t\t\t\t<\/div>\n\t\t\t\t\t<\/div>\n\t\t<\/div>\n\t\t\t\t\t<\/div>\n\t\t<\/section>\n\t\t\t\t<section class=\"elementor-section elementor-top-section elementor-element elementor-element-3298c60 elementor-section-boxed elementor-section-height-default elementor-section-height-default\" data-id=\"3298c60\" data-element_type=\"section\">\n\t\t\t\t\t\t<div class=\"elementor-container elementor-column-gap-default\">\n\t\t\t\t\t<div class=\"elementor-column elementor-col-100 elementor-top-column elementor-element elementor-element-54b42a0\" data-id=\"54b42a0\" data-element_type=\"column\">\n\t\t\t<div class=\"elementor-widget-wrap elementor-element-populated\">\n\t\t\t\t\t\t<div class=\"elementor-element elementor-element-130d7a7 elementor-widget elementor-widget-image\" data-id=\"130d7a7\" data-element_type=\"widget\" data-widget_type=\"image.default\">\n\t\t\t\t<div class=\"elementor-widget-container\">\n\t\t\t\t\t\t\t\t\t\t\t\t\t<img loading=\"lazy\" decoding=\"async\" width=\"700\" height=\"232\" src=\"https:\/\/assets.grab.com\/wp-content\/uploads\/sites\/11\/2024\/04\/11112650\/Grab_Banner_Revise_EN-copy-2-1-700x232.png\" class=\"attachment-large size-large wp-image-164904\" alt=\"\" srcset=\"https:\/\/assets.grab.com\/wp-content\/uploads\/sites\/11\/2024\/04\/11112650\/Grab_Banner_Revise_EN-copy-2-1-700x232.png 700w, https:\/\/assets.grab.com\/wp-content\/uploads\/sites\/11\/2024\/04\/11112650\/Grab_Banner_Revise_EN-copy-2-1-250x83.png 250w, https:\/\/assets.grab.com\/wp-content\/uploads\/sites\/11\/2024\/04\/11112650\/Grab_Banner_Revise_EN-copy-2-1-768x254.png 768w, https:\/\/assets.grab.com\/wp-content\/uploads\/sites\/11\/2024\/04\/11112650\/Grab_Banner_Revise_EN-copy-2-1-1536x508.png 1536w, https:\/\/assets.grab.com\/wp-content\/uploads\/sites\/11\/2024\/04\/11112650\/Grab_Banner_Revise_EN-copy-2-1-2048x678.png 2048w, https:\/\/assets.grab.com\/wp-content\/uploads\/sites\/11\/2024\/04\/11112650\/Grab_Banner_Revise_EN-copy-2-1-18x6.png 18w, https:\/\/assets.grab.com\/wp-content\/uploads\/sites\/11\/2024\/04\/11112650\/Grab_Banner_Revise_EN-copy-2-1-120x40.png 120w\" sizes=\"(max-width: 700px) 100vw, 700px\" \/>\t\t\t\t\t\t\t\t\t\t\t\t\t<\/div>\n\t\t\t\t<\/div>\n\t\t\t\t\t<\/div>\n\t\t<\/div>\n\t\t\t\t\t<\/div>\n\t\t<\/section>\n\t\t\t\t<section class=\"elementor-section elementor-top-section elementor-element elementor-element-0629e31 elementor-section-boxed elementor-section-height-default elementor-section-height-default\" data-id=\"0629e31\" data-element_type=\"section\">\n\t\t\t\t\t\t<div class=\"elementor-container elementor-column-gap-default\">\n\t\t\t\t\t<div class=\"elementor-column elementor-col-100 elementor-top-column elementor-element elementor-element-7a5b2bb\" data-id=\"7a5b2bb\" data-element_type=\"column\">\n\t\t\t<div class=\"elementor-widget-wrap elementor-element-populated\">\n\t\t\t\t\t\t<div class=\"elementor-element elementor-element-0ad9cea elementor-widget elementor-widget-text-editor\" data-id=\"0ad9cea\" data-element_type=\"widget\" data-widget_type=\"text-editor.default\">\n\t\t\t\t<div class=\"elementor-widget-container\">\n\t\t\t\t\t\t\t<p dir=\"ltr\" style=\"line-height: 1.38;margin-top: 0pt;margin-bottom: 0pt\"><span style=\"font-size: 11pt;font-family: Arial,sans-serif;color: #00ba51;background-color: transparent;font-weight: bold;font-style: normal;font-variant: normal;text-decoration: none;vertical-align: baseline\">B\u1ea1n th\u00e2n m\u1ebfn,<\/span><\/p>\t\t\t\t\t\t<\/div>\n\t\t\t\t<\/div>\n\t\t\t\t\t<\/div>\n\t\t<\/div>\n\t\t\t\t\t<\/div>\n\t\t<\/section>\n\t\t\t\t<section class=\"elementor-section elementor-top-section elementor-element elementor-element-b59a773 elementor-section-boxed elementor-section-height-default elementor-section-height-default\" data-id=\"b59a773\" data-element_type=\"section\">\n\t\t\t\t\t\t<div class=\"elementor-container elementor-column-gap-default\">\n\t\t\t\t\t<div class=\"elementor-column elementor-col-100 elementor-top-column elementor-element elementor-element-d479f7c\" data-id=\"d479f7c\" data-element_type=\"column\">\n\t\t\t<div class=\"elementor-widget-wrap elementor-element-populated\">\n\t\t\t\t\t\t<div class=\"elementor-element elementor-element-eb2e6b9 elementor-widget elementor-widget-text-editor\" data-id=\"eb2e6b9\" data-element_type=\"widget\" data-widget_type=\"text-editor.default\">\n\t\t\t\t<div class=\"elementor-widget-container\">\n\t\t\t\t\t\t\t<p dir=\"ltr\" style=\"line-height: 1.38;margin-top: 0pt;margin-bottom: 0pt\"><span style=\"font-size: 11pt;font-family: Arial,sans-serif;color: #000000;background-color: transparent;font-weight: 400;font-style: normal;font-variant: normal;text-decoration: none;vertical-align: baseline\">V\u1edbi m\u1ee5c \u0111\u00edch n\u00e2ng cao tr\u1ea3i nghi\u1ec7m ng\u01b0\u1eddi d\u00f9ng t\u1ea1i s\u00e2n bay, t\u1eeb ng\u00e0y 11\/4\/2024, Grab tri\u1ec3n khai t\u00ednh n\u0103ng <\/span><span style=\"font-size: 11pt;font-family: Arial,sans-serif;color: #222222;background-color: transparent;font-weight: bold;font-style: normal;font-variant: normal;text-decoration: none;vertical-align: baseline\">H\u1ed7 tr\u1ee3 \u0111i\u1ec1u h\u01b0\u1edbng b\u00ean trong s\u00e2n bay. <\/span><span style=\"font-size: 11pt;font-family: Arial,sans-serif;color: #222222;background-color: transparent;font-weight: 400;font-style: normal;font-variant: normal;text-decoration: none;vertical-align: baseline\">T\u00ednh n\u0103ng s\u1ebd gi\u00fap ng\u01b0\u1eddi d\u00f9ng d\u1ec5 d\u00e0ng v\u00e0 nhanh ch\u00f3ng t\u00ecm \u0111i\u1ec3m \u0111\u00f3n GrabCar t\u1ea1i C\u1ea3ng H\u00e0ng kh\u00f4ng Qu\u1ed1c t\u1ebf T\u00e2n S\u01a1n Nh\u1ea5t th\u00f4ng qua h\u01b0\u1edbng d\u1eabn ch\u1ec9 \u0111\u01b0\u1eddng k\u00e8m h\u00ecnh \u1ea3nh th\u1ef1c t\u1ebf tr\u00ean \u1ee9ng d\u1ee5ng.<\/span><\/p><p dir=\"ltr\" style=\"line-height: 1.38;margin-top: 0pt;margin-bottom: 0pt\"><span style=\"font-size: 11pt;font-family: Arial,sans-serif;color: #222222;background-color: transparent;font-weight: 400;font-style: normal;font-variant: normal;text-decoration: none;vertical-align: baseline\">\u00a0<\/span><\/p><p dir=\"ltr\" style=\"line-height: 1.38;margin-top: 0pt;margin-bottom: 0pt\"><span style=\"font-size: 11pt;font-family: Arial,sans-serif;color: #000000;background-color: transparent;font-weight: 400;font-style: normal;font-variant: normal;text-decoration: none;vertical-align: baseline\">C\u00e1ch s\u1eed d\u1ee5ng t\u00ednh n\u0103ng <\/span><span style=\"font-size: 11pt;font-family: Arial,sans-serif;color: #222222;background-color: transparent;font-weight: bold;font-style: normal;font-variant: normal;text-decoration: none;vertical-align: baseline\">H\u1ed7 tr\u1ee3 \u0111i\u1ec1u h\u01b0\u1edbng b\u00ean trong s\u00e2n bay<\/span><span style=\"font-size: 11pt;font-family: Arial,sans-serif;color: #000000;background-color: transparent;font-weight: 400;font-style: normal;font-variant: normal;text-decoration: none;vertical-align: baseline\"> nh\u01b0 sau:<\/span><\/p>\t\t\t\t\t\t<\/div>\n\t\t\t\t<\/div>\n\t\t\t\t\t<\/div>\n\t\t<\/div>\n\t\t\t\t\t<\/div>\n\t\t<\/section>\n\t\t\t\t<section class=\"elementor-section elementor-top-section elementor-element elementor-element-f5107d5 elementor-section-boxed elementor-section-height-default elementor-section-height-default\" data-id=\"f5107d5\" data-element_type=\"section\">\n\t\t\t\t\t\t<div class=\"elementor-container elementor-column-gap-default\">\n\t\t\t\t\t<div class=\"elementor-column elementor-col-100 elementor-top-column elementor-element elementor-element-b44d79e\" data-id=\"b44d79e\" data-element_type=\"column\">\n\t\t\t<div class=\"elementor-widget-wrap elementor-element-populated\">\n\t\t\t\t\t\t<div class=\"elementor-element elementor-element-d736192 elementor-widget elementor-widget-image\" data-id=\"d736192\" data-element_type=\"widget\" data-widget_type=\"image.default\">\n\t\t\t\t<div class=\"elementor-widget-container\">\n\t\t\t\t\t\t\t\t\t\t\t\t\t<img loading=\"lazy\" decoding=\"async\" width=\"309\" height=\"1024\" src=\"https:\/\/www.grab.com\/vn\/wp-content\/uploads\/sites\/11\/2024\/04\/Grab_Revise-04-1.png\" class=\"attachment-large size-large wp-image-164909\" alt=\"\" \/>\t\t\t\t\t\t\t\t\t\t\t\t\t<\/div>\n\t\t\t\t<\/div>\n\t\t\t\t\t<\/div>\n\t\t<\/div>\n\t\t\t\t\t<\/div>\n\t\t<\/section>\n\t\t\t\t<section class=\"elementor-section elementor-top-section elementor-element elementor-element-bcf02fe elementor-section-boxed elementor-section-height-default elementor-section-height-default\" data-id=\"bcf02fe\" data-element_type=\"section\">\n\t\t\t\t\t\t<div class=\"elementor-container elementor-column-gap-default\">\n\t\t\t\t\t<div class=\"elementor-column elementor-col-100 elementor-top-column elementor-element elementor-element-a765917\" data-id=\"a765917\" data-element_type=\"column\">\n\t\t\t<div class=\"elementor-widget-wrap elementor-element-populated\">\n\t\t\t\t\t\t<div class=\"elementor-element elementor-element-e6a6e7f elementor-widget elementor-widget-text-editor\" data-id=\"e6a6e7f\" data-element_type=\"widget\" data-widget_type=\"text-editor.default\">\n\t\t\t\t<div class=\"elementor-widget-container\">\n\t\t\t\t\t\t\t<p dir=\"ltr\" style=\"line-height: 1.38;margin-top: 0pt;margin-bottom: 0pt\"><span style=\"font-size: 11pt;font-family: Arial,sans-serif;color: #00ba51;background-color: transparent;font-weight: 400;font-style: normal;font-variant: normal;text-decoration: none;vertical-align: baseline\">Tr\u00e2n tr\u1ecdng,<\/span><\/p><p dir=\"ltr\" style=\"line-height: 1.38;margin-top: 0pt;margin-bottom: 0pt\"><span style=\"font-size: 11pt;font-family: Arial,sans-serif;color: #00ba51;background-color: transparent;font-weight: 400;font-style: normal;font-variant: normal;text-decoration: none;vertical-align: baseline\">\u0110\u1ed9i ng\u0169 Grab.<\/span><\/p>\t\t\t\t\t\t<\/div>\n\t\t\t\t<\/div>\n\t\t\t\t\t<\/div>\n\t\t<\/div>\n\t\t\t\t\t<\/div>\n\t\t<\/section>\n\t\t\t\t<\/div>\n\t\t","protected":false},"excerpt":{"rendered":"Grab tri\u1ec3n khai t\u00ednh n\u0103ng H\u1ed7 tr\u1ee3 \u0111i\u1ec1u h\u01b0\u1edbng b\u00ean trong C\u1ea3ng H\u00e0ng kh\u00f4ng Qu\u1ed1c t\u1ebf T\u00e2n S\u01a1n Nh\u1ea5t B\u1ea1n th\u00e2n m\u1ebfn, V\u1edbi m\u1ee5c \u0111\u00edch n\u00e2ng cao tr\u1ea3i nghi\u1ec7m ng\u01b0\u1eddi d\u00f9ng t\u1ea1i s\u00e2n bay, t\u1eeb ng\u00e0y 11\/4\/2024, Grab tri\u1ec3n khai t\u00ednh n\u0103ng H\u1ed7 tr\u1ee3 \u0111i\u1ec1u h\u01b0\u1edbng b\u00ean trong s\u00e2n bay. T\u00ednh n\u0103ng s\u1ebd gi\u00fap ng\u01b0\u1eddi [&hellip;]","protected":false},"author":1750,"featured_media":0,"parent":0,"menu_order":0,"comment_status":"closed","ping_status":"closed","template":"","meta":{"_acf_changed":false,"footnotes":""},"acf":[],"_links":{"self":[{"href":"https:\/\/www.grab.com\/vn\/wp-json\/wp\/v2\/pages\/164903"}],"collection":[{"href":"https:\/\/www.grab.com\/vn\/wp-json\/wp\/v2\/pages"}],"about":[{"href":"https:\/\/www.grab.com\/vn\/wp-json\/wp\/v2\/types\/page"}],"author":[{"embeddable":true,"href":"https:\/\/www.grab.com\/vn\/wp-json\/wp\/v2\/users\/1750"}],"replies":[{"embeddable":true,"href":"https:\/\/www.grab.com\/vn\/wp-json\/wp\/v2\/comments?post=164903"}],"version-history":[{"count":10,"href":"https:\/\/www.grab.com\/vn\/wp-json\/wp\/v2\/pages\/164903\/revisions"}],"predecessor-version":[{"id":173360,"href":"https:\/\/www.grab.com\/vn\/wp-json\/wp\/v2\/pages\/164903\/revisions\/173360"}],"wp:attachment":[{"href":"https:\/\/www.grab.com\/vn\/wp-json\/wp\/v2\/media?parent=164903"}],"curies":[{"name":"wp","href":"https:\/\/api.w.org\/{rel}","templated":true}]}}