{"id":162861,"date":"2024-02-28T11:10:59","date_gmt":"2024-02-28T03:10:59","guid":{"rendered":"https:\/\/www.grab.com\/vn\/?page_id=162861"},"modified":"2024-10-24T16:29:57","modified_gmt":"2024-10-24T08:29:57","slug":"di-grab-bao-re-voi-grabbike-tiet-kiem","status":"publish","type":"page","link":"https:\/\/www.grab.com\/vn\/di-grab-bao-re-voi-grabbike-tiet-kiem\/","title":{"rendered":"\u0110i \u0111\u00e2u c\u0169ng bao r\u1ebb v\u1edbi GrabBike Ti\u1ebft Ki\u1ec7m"},"content":{"rendered":"\t\t<div data-elementor-type=\"wp-page\" data-elementor-id=\"162861\" class=\"elementor elementor-162861\" data-elementor-post-type=\"page\">\n\t\t\t\t\t\t<section class=\"elementor-section elementor-top-section elementor-element elementor-element-43c2e621 elementor-section-boxed elementor-section-height-default elementor-section-height-default\" data-id=\"43c2e621\" data-element_type=\"section\">\n\t\t\t\t\t\t<div class=\"elementor-container elementor-column-gap-default\">\n\t\t\t\t\t<div class=\"elementor-column elementor-col-100 elementor-top-column elementor-element elementor-element-49d4338d\" data-id=\"49d4338d\" data-element_type=\"column\">\n\t\t\t<div class=\"elementor-widget-wrap elementor-element-populated\">\n\t\t\t\t\t\t<div class=\"elementor-element elementor-element-5403199c elementor-widget elementor-widget-text-editor\" data-id=\"5403199c\" data-element_type=\"widget\" data-widget_type=\"text-editor.default\">\n\t\t\t\t<div class=\"elementor-widget-container\">\n\t\t\t\t\t\t\t<p><img decoding=\"async\" src=\"https:\/\/assets.grab.com\/wp-content\/uploads\/sites\/11\/2023\/11\/30144945\/Copy-of-1200x600-1.png\" alt=\"\"><\/p>\n<p><span style=\"font-weight: 600;font-size: 32px;color: #00ae3f\">\u0110I GRAB BAO R\u1eba, T\u1ef0 GI\u1ea2M TH\u00caM GI\u1edc CAO \u0110I\u1ec2M<\/span><\/p>\n<p><span style=\"font-size: 22px;color: #66666\">\u0110i h\u1ecdc, \u0111i l\u00e0m, \u0111i ch\u01a1i. \u0110i \u0111\u00e2u c\u0169ng bao r\u1ebb v\u1edbi <strong>GrabBike Ti\u1ebft Ki\u1ec7m<\/strong>!<\/span><\/p>\n<p><span style=\"font-size: 22px;color: #66666\">Ch\u1ecdn GrabBike Ti\u1ebft Ki\u1ec7m \u0111\u1ec3 t\u1eadn h\u01b0\u1edfng gi\u00e1 c\u01b0\u1edbc <strong>lu\u00f4n r\u1ebb h\u01a1n*&nbsp;<\/strong>so v\u1edbi d\u1ecbch v\u1ee5 GrabBike&nbsp; th\u00f4ng th\u01b0\u1eddng.&nbsp;<\/span><\/p>\n<p>C\u00f2n c\u00f3 \u01b0u \u0111\u00e3i t\u1ef1 gi\u1ea3m th\u00eam v\u00e0o gi\u1edd cao \u0111i\u1ec3m l\u00ean \u0111\u1ebfn 20%. Chi ti\u1ebft \u01b0u \u0111\u00e3i nh\u01b0 sau:<\/p>\n<ul>\n<li>Gi\u1ea3m l\u00ean \u0111\u1ebfn 20% t\u1ed1i \u0111a 100.000\u0111 cho c\u00e1c chuy\u1ebfn xe GrabBike v\u00e0 GrabCar v\u00e0o hai khung gi\u1edd 06:00 &#8211; 09:00 v\u00e0 17:00 &#8211; 20:00 h\u1eb1ng ng\u00e0y.<\/li>\n<li>\u00c1p d\u1ee5ng t\u1ea1i TP. HCM v\u00e0 H\u00e0 N\u1ed9i<\/li><li>\u00c1p d\u1ee5ng cho m\u1ecdi ph\u01b0\u01a1ng th\u1ee9c thanh&nbsp;<\/li>\n<li>\u00c1p d\u1ee5ng cho t\u1ea5t c\u1ea3 d\u1ecbch v\u1ee5 GrabBike v\u00e0 GrabCar, bao g\u1ed3m: GrabBike, GrabBike Ti\u1ebft Ki\u1ec7m, GrabBike Plus. GrabCar, GrabCar Ti\u1ebft Ki\u1ec7m, GrabCar Plus.<\/li>\n<li>S\u1ed1 l\u01b0\u1ee3ng khuy\u1ebfn m\u00e3i c\u00f3 h\u1ea1n, ch\u01b0\u01a1ng tr\u00ecnh c\u00f3 th\u1ec3 k\u1ebft th\u00fac s\u1edbm h\u01a1n d\u1ef1 ki\u1ebfn.<\/li>\n<li>\u01afu \u0111\u00e3i kh\u00f4ng bao g\u1ed3m ph\u1ee5 ph\u00ed, ng\u01b0\u1eddi d\u00f9ng vui l\u00f2ng thanh to\u00e1n ph\u1ea7n ph\u1ee5 ph\u00ed n\u00e0y v\u1edbi \u0110\u1ed1i t\u00e1c T\u00e0i x\u1ebf.<\/li>\n<li>Ch\u1ec9 \u00e1p d\u1ee5ng cho ng\u01b0\u1eddi d\u00f9ng nh\u1eadn \u0111\u01b0\u1ee3c th\u00f4ng b\u00e1o.<\/li>\n<\/ul>\n<p>(*) Tham kh\u1ea3o chi ti\u1ebft cho t\u1eebng khu v\u1ef1c:<\/p>\n<p>1. T\u1ea1i TP. H\u1ed3 Ch\u00ed Minh: GrabBike Ti\u1ebft Ki\u1ec7m r\u1ebb h\u01a1n l\u00ean \u0111\u1ebfn 20% so v\u1edbi d\u1ecbch v\u1ee5 GrabBike th\u00f4ng th\u01b0\u1eddng<\/p>\n<p>2. T\u1ea1i H\u00e0 N\u1ed9i,&nbsp;<span style=\"color: #565d6b;font-size: 1.125em\">B\u00ecnh D\u01b0\u01a1ng, \u0110\u1ed3ng Nai, \u0110\u00e0 N\u1eb5ng, Kh\u00e1nh H\u00f2a, L\u00e2m \u0110\u1ed3ng<\/span><span style=\"color: #565d6b;font-size: 1.125em\">: GrabBike Ti\u1ebft Ki\u1ec7m r\u1ebb h\u01a1n l\u00ean \u0111\u1ebfn 15% so v\u1edbi d\u1ecbch v\u1ee5 GrabBike th\u00f4ng th\u01b0\u1eddng<\/span><\/p>\n<p><span style=\"color: #565d6b;font-size: 1.125em\">Tham kh\u1ea3o c\u01b0\u1edbc gi\u00e1 c\u1ee7a c\u00e1c d\u1ecbch v\u1ee5 c\u1ee7a Grab t\u1ea1i <a href=\"https:\/\/www.grab.com\/vn\/blog\/bang-dich-vu-cap-nhat-thue-suat-vat-2024\/\">\u0111\u00e2y<\/a>.<\/span><\/p>\t\t\t\t\t\t<\/div>\n\t\t\t\t<\/div>\n\t\t\t\t\t<\/div>\n\t\t<\/div>\n\t\t\t\t\t<\/div>\n\t\t<\/section>\n\t\t\t\t<\/div>\n\t\t","protected":false},"excerpt":{"rendered":"\u0110I GRAB BAO R\u1eba, T\u1ef0 GI\u1ea2M TH\u00caM GI\u1edc CAO \u0110I\u1ec2M \u0110i h\u1ecdc, \u0111i l\u00e0m, \u0111i ch\u01a1i. \u0110i \u0111\u00e2u c\u0169ng bao r\u1ebb v\u1edbi GrabBike Ti\u1ebft Ki\u1ec7m! Ch\u1ecdn GrabBike Ti\u1ebft Ki\u1ec7m \u0111\u1ec3 t\u1eadn h\u01b0\u1edfng gi\u00e1 c\u01b0\u1edbc lu\u00f4n r\u1ebb h\u01a1n*\u00a0so v\u1edbi d\u1ecbch v\u1ee5 GrabBike\u00a0 th\u00f4ng th\u01b0\u1eddng. C\u00f2n c\u00f3 \u01b0u \u0111\u00e3i t\u1ef1 gi\u1ea3m th\u00eam v\u00e0o gi\u1edd cao \u0111i\u1ec3m l\u00ean [&hellip;]","protected":false},"author":1160,"featured_media":166010,"parent":0,"menu_order":0,"comment_status":"closed","ping_status":"closed","template":"","meta":{"_acf_changed":false,"footnotes":""},"acf":[],"_links":{"self":[{"href":"https:\/\/www.grab.com\/vn\/wp-json\/wp\/v2\/pages\/162861"}],"collection":[{"href":"https:\/\/www.grab.com\/vn\/wp-json\/wp\/v2\/pages"}],"about":[{"href":"https:\/\/www.grab.com\/vn\/wp-json\/wp\/v2\/types\/page"}],"author":[{"embeddable":true,"href":"https:\/\/www.grab.com\/vn\/wp-json\/wp\/v2\/users\/1160"}],"replies":[{"embeddable":true,"href":"https:\/\/www.grab.com\/vn\/wp-json\/wp\/v2\/comments?post=162861"}],"version-history":[{"count":36,"href":"https:\/\/www.grab.com\/vn\/wp-json\/wp\/v2\/pages\/162861\/revisions"}],"predecessor-version":[{"id":166149,"href":"https:\/\/www.grab.com\/vn\/wp-json\/wp\/v2\/pages\/162861\/revisions\/166149"}],"wp:featuredmedia":[{"embeddable":true,"href":"https:\/\/www.grab.com\/vn\/wp-json\/wp\/v2\/media\/166010"}],"wp:attachment":[{"href":"https:\/\/www.grab.com\/vn\/wp-json\/wp\/v2\/media?parent=162861"}],"curies":[{"name":"wp","href":"https:\/\/api.w.org\/{rel}","templated":true}]}}