{"id":162520,"date":"2024-02-06T11:36:49","date_gmt":"2024-02-06T03:36:49","guid":{"rendered":"https:\/\/www.grab.com\/vn\/?page_id=162520"},"modified":"2024-02-06T12:17:09","modified_gmt":"2024-02-06T04:17:09","slug":"phu-phi-tet-nguyen-dan-giap-thin-2024","status":"publish","type":"page","link":"https:\/\/www.grab.com\/vn\/phu-phi-tet-nguyen-dan-giap-thin-2024\/","title":{"rendered":"Ph\u1ee5 ph\u00ed T\u1ebft Nguy\u00ean \u0111\u00e1n Gi\u00e1p Th\u00ecn 2024"},"content":{"rendered":"\t\t<div data-elementor-type=\"wp-page\" data-elementor-id=\"162520\" class=\"elementor elementor-162520\" data-elementor-post-type=\"page\">\n\t\t\t\t\t\t<section class=\"elementor-section elementor-top-section elementor-element elementor-element-17346b1 elementor-section-boxed elementor-section-height-default elementor-section-height-default\" data-id=\"17346b1\" data-element_type=\"section\">\n\t\t\t\t\t\t<div class=\"elementor-container elementor-column-gap-default\">\n\t\t\t\t\t<div class=\"elementor-column elementor-col-100 elementor-top-column elementor-element elementor-element-d25bdec\" data-id=\"d25bdec\" data-element_type=\"column\">\n\t\t\t<div class=\"elementor-widget-wrap elementor-element-populated\">\n\t\t\t\t\t\t<div class=\"elementor-element elementor-element-6b59ad5 elementor-widget elementor-widget-text-editor\" data-id=\"6b59ad5\" data-element_type=\"widget\" data-widget_type=\"text-editor.default\">\n\t\t\t\t<div class=\"elementor-widget-container\">\n\t\t\t\t\t\t\t<h1 class=\"page-header\">Ph\u1ee5 ph\u00ed T\u1ebft Nguy\u00ean \u0111\u00e1n Gi\u00e1p Th\u00ecn 2024<\/h1>\t\t\t\t\t\t<\/div>\n\t\t\t\t<\/div>\n\t\t\t\t\t<\/div>\n\t\t<\/div>\n\t\t\t\t\t<\/div>\n\t\t<\/section>\n\t\t\t\t<section class=\"elementor-section elementor-top-section elementor-element elementor-element-7123ffb elementor-section-boxed elementor-section-height-default elementor-section-height-default\" data-id=\"7123ffb\" data-element_type=\"section\">\n\t\t\t\t\t\t<div class=\"elementor-container elementor-column-gap-default\">\n\t\t\t\t\t<div class=\"elementor-column elementor-col-100 elementor-top-column elementor-element elementor-element-f6fa39f\" data-id=\"f6fa39f\" data-element_type=\"column\">\n\t\t\t<div class=\"elementor-widget-wrap elementor-element-populated\">\n\t\t\t\t\t\t<div class=\"elementor-element elementor-element-4297838 elementor-widget elementor-widget-image\" data-id=\"4297838\" data-element_type=\"widget\" data-widget_type=\"image.default\">\n\t\t\t\t<div class=\"elementor-widget-container\">\n\t\t\t\t\t\t\t\t\t\t\t\t\t<img loading=\"lazy\" decoding=\"async\" width=\"2000\" height=\"703\" src=\"https:\/\/assets.grab.com\/wp-content\/uploads\/sites\/11\/2024\/02\/06110617\/cover_Blog_Phuphi.jpg\" class=\"attachment-2048x2048 size-2048x2048 wp-image-162521\" alt=\"\" srcset=\"https:\/\/assets.grab.com\/wp-content\/uploads\/sites\/11\/2024\/02\/06110617\/cover_Blog_Phuphi.jpg 2000w, https:\/\/assets.grab.com\/wp-content\/uploads\/sites\/11\/2024\/02\/06110617\/cover_Blog_Phuphi-250x88.jpg 250w, https:\/\/assets.grab.com\/wp-content\/uploads\/sites\/11\/2024\/02\/06110617\/cover_Blog_Phuphi-700x246.jpg 700w, https:\/\/assets.grab.com\/wp-content\/uploads\/sites\/11\/2024\/02\/06110617\/cover_Blog_Phuphi-768x270.jpg 768w, https:\/\/assets.grab.com\/wp-content\/uploads\/sites\/11\/2024\/02\/06110617\/cover_Blog_Phuphi-1536x540.jpg 1536w, https:\/\/assets.grab.com\/wp-content\/uploads\/sites\/11\/2024\/02\/06110617\/cover_Blog_Phuphi-18x6.jpg 18w, https:\/\/assets.grab.com\/wp-content\/uploads\/sites\/11\/2024\/02\/06110617\/cover_Blog_Phuphi-120x42.jpg 120w\" sizes=\"(max-width: 2000px) 100vw, 2000px\" \/>\t\t\t\t\t\t\t\t\t\t\t\t\t<\/div>\n\t\t\t\t<\/div>\n\t\t\t\t\t<\/div>\n\t\t<\/div>\n\t\t\t\t\t<\/div>\n\t\t<\/section>\n\t\t\t\t<section class=\"elementor-section elementor-top-section elementor-element elementor-element-78922d3 elementor-section-boxed elementor-section-height-default elementor-section-height-default\" data-id=\"78922d3\" data-element_type=\"section\">\n\t\t\t\t\t\t<div class=\"elementor-container elementor-column-gap-default\">\n\t\t\t\t\t<div class=\"elementor-column elementor-col-100 elementor-top-column elementor-element elementor-element-98b2557\" data-id=\"98b2557\" data-element_type=\"column\">\n\t\t\t<div class=\"elementor-widget-wrap elementor-element-populated\">\n\t\t\t\t\t\t<div class=\"elementor-element elementor-element-17fb4be elementor-widget elementor-widget-text-editor\" data-id=\"17fb4be\" data-element_type=\"widget\" data-widget_type=\"text-editor.default\">\n\t\t\t\t<div class=\"elementor-widget-container\">\n\t\t\t\t\t\t\t<p dir=\"ltr\"><span style=\"font-weight: normal;font-size: 11pt;color: #333333;background-color: transparent;vertical-align: baseline\"><span style=\"font-weight: 400\">Qu\u00fd Ng\u01b0\u1eddi d\u00f9ng th\u00e2n m\u1ebfn,<\/span><\/p>\n<p dir=\"ltr\"><span style=\"font-weight: normal;font-size: 11pt;color: #333333;background-color: transparent;vertical-align: baseline\"><span style=\"font-weight: 400\">Nh\u1eb1m duy tr\u00ec ch\u1ea5t l\u01b0\u1ee3ng d\u1ecbch v\u1ee5 v\u00e0 h\u1ed7 tr\u1ee3 \u0111\u1ed1i t\u00e1c t\u00e0i x\u1ebf ho\u1ea1t \u0111\u1ed9ng t\u00edch c\u1ef1c h\u01a1n \u0111\u1ec3 \u0111\u00e1p \u1ee9ng nhu c\u1ea7u t\u0103ng cao trong d\u1ecbp T\u1ebft Nguy\u00ean \u0111\u00e1n Gi\u00e1p Th\u00ecn 2024, Grab xin th\u00f4ng b\u00e1o \u00e1p d\u1ee5ng \u201cPh\u1ee5 ph\u00ed T\u1ebft Nguy\u00ean \u0111\u00e1n\u201d t\u1eeb ng\u00e0y 08\/02\/2024 \u0111\u1ebfn ng\u00e0y 14\/02\/2024 \u0111\u1ed1i v\u1edbi c\u00e1c chuy\u1ebfn xe\/ \u0111\u01a1n h\u00e0ng ph\u00e1t sinh trong khung gi\u1edd t\u1eeb 6:00 gi\u1edd \u0111\u1ebfn 22:00 gi\u1edd m\u1ed7i ng\u00e0y t\u1ea1i c\u00e1c t\u1ec9nh, th\u00e0nh ph\u1ed1 Grab \u0111ang ho\u1ea1t \u0111\u1ed9ng, c\u1ee5 th\u1ec3:<\/span><\/p>\t\t\t\t\t\t<\/div>\n\t\t\t\t<\/div>\n\t\t\t\t\t<\/div>\n\t\t<\/div>\n\t\t\t\t\t<\/div>\n\t\t<\/section>\n\t\t\t\t<section class=\"elementor-section elementor-top-section elementor-element elementor-element-e31f25d elementor-section-boxed elementor-section-height-default elementor-section-height-default\" data-id=\"e31f25d\" data-element_type=\"section\">\n\t\t\t\t\t\t<div class=\"elementor-container elementor-column-gap-default\">\n\t\t\t\t\t<div class=\"elementor-column elementor-col-100 elementor-top-column elementor-element elementor-element-1c72f6e\" data-id=\"1c72f6e\" data-element_type=\"column\">\n\t\t\t<div class=\"elementor-widget-wrap elementor-element-populated\">\n\t\t\t\t\t\t<div class=\"elementor-element elementor-element-06d9432 elementor-widget elementor-widget-image\" data-id=\"06d9432\" data-element_type=\"widget\" data-widget_type=\"image.default\">\n\t\t\t\t<div class=\"elementor-widget-container\">\n\t\t\t\t\t\t\t\t\t\t\t\t\t<img loading=\"lazy\" decoding=\"async\" width=\"2035\" height=\"1694\" src=\"https:\/\/assets.grab.com\/wp-content\/uploads\/sites\/11\/2024\/02\/06113908\/Copy-of-Marketing-Com-Surcharge-Internal-MKT-1-1-1.jpg\" class=\"attachment-2048x2048 size-2048x2048 wp-image-162533\" alt=\"\" srcset=\"https:\/\/assets.grab.com\/wp-content\/uploads\/sites\/11\/2024\/02\/06113908\/Copy-of-Marketing-Com-Surcharge-Internal-MKT-1-1-1.jpg 2035w, https:\/\/assets.grab.com\/wp-content\/uploads\/sites\/11\/2024\/02\/06113908\/Copy-of-Marketing-Com-Surcharge-Internal-MKT-1-1-1-250x208.jpg 250w, https:\/\/assets.grab.com\/wp-content\/uploads\/sites\/11\/2024\/02\/06113908\/Copy-of-Marketing-Com-Surcharge-Internal-MKT-1-1-1-700x583.jpg 700w, https:\/\/assets.grab.com\/wp-content\/uploads\/sites\/11\/2024\/02\/06113908\/Copy-of-Marketing-Com-Surcharge-Internal-MKT-1-1-1-768x639.jpg 768w, https:\/\/assets.grab.com\/wp-content\/uploads\/sites\/11\/2024\/02\/06113908\/Copy-of-Marketing-Com-Surcharge-Internal-MKT-1-1-1-1536x1279.jpg 1536w, https:\/\/assets.grab.com\/wp-content\/uploads\/sites\/11\/2024\/02\/06113908\/Copy-of-Marketing-Com-Surcharge-Internal-MKT-1-1-1-14x12.jpg 14w, https:\/\/assets.grab.com\/wp-content\/uploads\/sites\/11\/2024\/02\/06113908\/Copy-of-Marketing-Com-Surcharge-Internal-MKT-1-1-1-120x100.jpg 120w\" sizes=\"(max-width: 2035px) 100vw, 2035px\" \/>\t\t\t\t\t\t\t\t\t\t\t\t\t<\/div>\n\t\t\t\t<\/div>\n\t\t\t\t\t<\/div>\n\t\t<\/div>\n\t\t\t\t\t<\/div>\n\t\t<\/section>\n\t\t\t\t<section class=\"elementor-section elementor-top-section elementor-element elementor-element-bba0599 elementor-section-boxed elementor-section-height-default elementor-section-height-default\" data-id=\"bba0599\" data-element_type=\"section\">\n\t\t\t\t\t\t<div class=\"elementor-container elementor-column-gap-default\">\n\t\t\t\t\t<div class=\"elementor-column elementor-col-100 elementor-top-column elementor-element elementor-element-a9d7a60\" data-id=\"a9d7a60\" data-element_type=\"column\">\n\t\t\t<div class=\"elementor-widget-wrap elementor-element-populated\">\n\t\t\t\t\t\t<div class=\"elementor-element elementor-element-67bf16e elementor-widget elementor-widget-text-editor\" data-id=\"67bf16e\" data-element_type=\"widget\" data-widget_type=\"text-editor.default\">\n\t\t\t\t<div class=\"elementor-widget-container\">\n\t\t\t\t\t\t\t<p dir=\"ltr\"><span style=\"font-weight: normal;font-size: 11pt;color: #333333;background-color: transparent;vertical-align: baseline\"><span style=\"font-weight: 400\">Ngo\u00e0i ra, trong d\u1ecbp T\u1ebft Nguy\u00ean \u0111\u00e1n, \u0111\u1ec3 mang \u0111\u1ebfn cho b\u1ea1n th\u00eam nhi\u1ec1u ti\u1ec7n \u00edch khi s\u1eed d\u1ee5ng d\u1ecbch v\u1ee5, Grab xin g\u1eedi \u0111\u1ebfn b\u1ea1n nh\u1eefng \u01b0u \u0111\u00e3i h\u1ea5p d\u1eabn sau:<\/span><\/span><\/p>\t\t\t\t\t\t<\/div>\n\t\t\t\t<\/div>\n\t\t\t\t\t<\/div>\n\t\t<\/div>\n\t\t\t\t\t<\/div>\n\t\t<\/section>\n\t\t\t\t<section class=\"elementor-section elementor-top-section elementor-element elementor-element-394e476 elementor-section-boxed elementor-section-height-default elementor-section-height-default\" data-id=\"394e476\" data-element_type=\"section\">\n\t\t\t\t\t\t<div class=\"elementor-container elementor-column-gap-default\">\n\t\t\t\t\t<div class=\"elementor-column elementor-col-100 elementor-top-column elementor-element elementor-element-e3f524a\" data-id=\"e3f524a\" data-element_type=\"column\">\n\t\t\t<div class=\"elementor-widget-wrap elementor-element-populated\">\n\t\t\t\t\t\t<div class=\"elementor-element elementor-element-636ffc9 elementor-widget elementor-widget-image\" data-id=\"636ffc9\" data-element_type=\"widget\" data-widget_type=\"image.default\">\n\t\t\t\t<div class=\"elementor-widget-container\">\n\t\t\t\t\t\t\t\t\t\t\t\t\t<img loading=\"lazy\" decoding=\"async\" width=\"1259\" height=\"2048\" src=\"https:\/\/assets.grab.com\/wp-content\/uploads\/sites\/11\/2024\/02\/06113901\/Copy-of-Marketing-Com-Surcharge-Internal-MKT-1-2-1-1259x2048.jpg\" class=\"attachment-2048x2048 size-2048x2048 wp-image-162532\" alt=\"\" srcset=\"https:\/\/assets.grab.com\/wp-content\/uploads\/sites\/11\/2024\/02\/06113901\/Copy-of-Marketing-Com-Surcharge-Internal-MKT-1-2-1-1259x2048.jpg 1259w, https:\/\/assets.grab.com\/wp-content\/uploads\/sites\/11\/2024\/02\/06113901\/Copy-of-Marketing-Com-Surcharge-Internal-MKT-1-2-1-250x407.jpg 250w, https:\/\/assets.grab.com\/wp-content\/uploads\/sites\/11\/2024\/02\/06113901\/Copy-of-Marketing-Com-Surcharge-Internal-MKT-1-2-1-700x1138.jpg 700w, https:\/\/assets.grab.com\/wp-content\/uploads\/sites\/11\/2024\/02\/06113901\/Copy-of-Marketing-Com-Surcharge-Internal-MKT-1-2-1-768x1249.jpg 768w, https:\/\/assets.grab.com\/wp-content\/uploads\/sites\/11\/2024\/02\/06113901\/Copy-of-Marketing-Com-Surcharge-Internal-MKT-1-2-1-945x1536.jpg 945w, https:\/\/assets.grab.com\/wp-content\/uploads\/sites\/11\/2024\/02\/06113901\/Copy-of-Marketing-Com-Surcharge-Internal-MKT-1-2-1-7x12.jpg 7w, https:\/\/assets.grab.com\/wp-content\/uploads\/sites\/11\/2024\/02\/06113901\/Copy-of-Marketing-Com-Surcharge-Internal-MKT-1-2-1-120x195.jpg 120w, https:\/\/assets.grab.com\/wp-content\/uploads\/sites\/11\/2024\/02\/06113901\/Copy-of-Marketing-Com-Surcharge-Internal-MKT-1-2-1-scaled.jpg 1574w\" sizes=\"(max-width: 1259px) 100vw, 1259px\" \/>\t\t\t\t\t\t\t\t\t\t\t\t\t<\/div>\n\t\t\t\t<\/div>\n\t\t\t\t\t<\/div>\n\t\t<\/div>\n\t\t\t\t\t<\/div>\n\t\t<\/section>\n\t\t\t\t<section class=\"elementor-section elementor-top-section elementor-element elementor-element-7b61185 elementor-section-boxed elementor-section-height-default elementor-section-height-default\" data-id=\"7b61185\" data-element_type=\"section\">\n\t\t\t\t\t\t<div class=\"elementor-container elementor-column-gap-default\">\n\t\t\t\t\t<div class=\"elementor-column elementor-col-100 elementor-top-column elementor-element elementor-element-280ad21\" data-id=\"280ad21\" data-element_type=\"column\">\n\t\t\t<div class=\"elementor-widget-wrap elementor-element-populated\">\n\t\t\t\t\t\t<div class=\"elementor-element elementor-element-2bd2f8e elementor-widget elementor-widget-text-editor\" data-id=\"2bd2f8e\" data-element_type=\"widget\" data-widget_type=\"text-editor.default\">\n\t\t\t\t<div class=\"elementor-widget-container\">\n\t\t\t\t\t\t\t<p dir=\"ltr\"><span style=\"font-weight: normal;font-size: 11pt;color: #333333;background-color: transparent;vertical-align: baseline\"><span style=\"font-weight: 400\">Nh\u00e2n d\u1ecbp T\u1ebft Nguy\u00ean \u0111\u00e1n, Grab mong b\u1ea1n v\u00e0 gia \u0111\u00ecnh s\u1ebd c\u00f3 nh\u1eefng h\u00e0nh tr\u00ecnh vui v\u1ebb, \u1ea5m \u00e1p v\u00e0 an to\u00e0n c\u00f9ng Grab. <\/span><span style=\"font-size: 11.5pt;font-family: 'Proxima Nova',sans-serif;color: #333333;background-color: #ffffff;font-weight: 400;font-style: normal;font-variant: normal;text-decoration: none;vertical-align: baseline\">C\u1ea3m \u01a1n b\u1ea1n \u0111\u00e3 lu\u00f4n \u1ee7ng h\u1ed9 Grab trong th\u1eddi gian v\u1eeba qua, ch\u00fac b\u1ea1n v\u00e0 gia \u0111\u00ecnh m\u1ed9t n\u0103m m\u1edbi v\u1ea1n s\u1ef1 nh\u01b0 \u00fd, s\u1ee9c kho\u1ebb d\u1ed3i d\u00e0o.\u00a0<\/span><\/span><\/p>\n<p dir=\"ltr\"><span style=\"font-weight: normal;font-size: 11pt;color: #333333;background-color: transparent;vertical-align: baseline\"><span style=\"font-weight: 400\">\u0110\u1ec3 xem th\u00eam th\u00f4ng tin chi ti\u1ebft, vui l\u00f2ng truy c\u1eadp <\/span><a style=\"text-decoration: none\" href=\"https:\/\/help.grab.com\/passenger\/vi-vn\/\"><span style=\"font-size: 11pt;font-family: 'Proxima Nova',sans-serif;color: #1155cc;background-color: transparent;font-weight: 400;font-style: normal;font-variant: normal;text-decoration: underline;vertical-align: baseline\">Trung T\u00e2m Tr\u1ee3 Gi\u00fap<\/span><\/a><span style=\"font-size: 11pt;font-family: 'Proxima Nova',sans-serif;color: #333333;background-color: transparent;font-weight: 400;font-style: normal;font-variant: normal;text-decoration: none;vertical-align: baseline\">.<\/span><\/span><\/p>\t\t\t\t\t\t<\/div>\n\t\t\t\t<\/div>\n\t\t\t\t\t<\/div>\n\t\t<\/div>\n\t\t\t\t\t<\/div>\n\t\t<\/section>\n\t\t\t\t<\/div>\n\t\t","protected":false},"excerpt":{"rendered":"Ph\u1ee5 ph\u00ed T\u1ebft Nguy\u00ean \u0111\u00e1n Gi\u00e1p Th\u00ecn 2024 Qu\u00fd Ng\u01b0\u1eddi d\u00f9ng th\u00e2n m\u1ebfn, Nh\u1eb1m duy tr\u00ec ch\u1ea5t l\u01b0\u1ee3ng d\u1ecbch v\u1ee5 v\u00e0 h\u1ed7 tr\u1ee3 \u0111\u1ed1i t\u00e1c t\u00e0i x\u1ebf ho\u1ea1t \u0111\u1ed9ng t\u00edch c\u1ef1c h\u01a1n \u0111\u1ec3 \u0111\u00e1p \u1ee9ng nhu c\u1ea7u t\u0103ng cao trong d\u1ecbp T\u1ebft Nguy\u00ean \u0111\u00e1n Gi\u00e1p Th\u00ecn 2024, Grab xin th\u00f4ng b\u00e1o \u00e1p d\u1ee5ng \u201cPh\u1ee5 ph\u00ed [&hellip;]","protected":false},"author":1410,"featured_media":0,"parent":0,"menu_order":0,"comment_status":"closed","ping_status":"closed","template":"","meta":{"_acf_changed":false,"footnotes":""},"acf":[],"_links":{"self":[{"href":"https:\/\/www.grab.com\/vn\/wp-json\/wp\/v2\/pages\/162520"}],"collection":[{"href":"https:\/\/www.grab.com\/vn\/wp-json\/wp\/v2\/pages"}],"about":[{"href":"https:\/\/www.grab.com\/vn\/wp-json\/wp\/v2\/types\/page"}],"author":[{"embeddable":true,"href":"https:\/\/www.grab.com\/vn\/wp-json\/wp\/v2\/users\/1410"}],"replies":[{"embeddable":true,"href":"https:\/\/www.grab.com\/vn\/wp-json\/wp\/v2\/comments?post=162520"}],"version-history":[{"count":33,"href":"https:\/\/www.grab.com\/vn\/wp-json\/wp\/v2\/pages\/162520\/revisions"}],"predecessor-version":[{"id":162567,"href":"https:\/\/www.grab.com\/vn\/wp-json\/wp\/v2\/pages\/162520\/revisions\/162567"}],"wp:attachment":[{"href":"https:\/\/www.grab.com\/vn\/wp-json\/wp\/v2\/media?parent=162520"}],"curies":[{"name":"wp","href":"https:\/\/api.w.org\/{rel}","templated":true}]}}