{"id":158963,"date":"2023-12-05T16:38:26","date_gmt":"2023-12-05T08:38:26","guid":{"rendered":"https:\/\/www.grab.com\/vn\/?page_id=158963"},"modified":"2024-03-04T14:55:39","modified_gmt":"2024-03-04T06:55:39","slug":"diem-hot-nen-di-grab","status":"publish","type":"page","link":"https:\/\/www.grab.com\/vn\/diem-hot-nen-di-grab\/","title":{"rendered":"\u0110i\u1ec3m Hot N\u00ean-\u0111i-Grab"},"content":{"rendered":"\t\t<div data-elementor-type=\"wp-page\" data-elementor-id=\"158963\" class=\"elementor elementor-158963\" data-elementor-post-type=\"page\">\n\t\t\t\t\t\t<section class=\"elementor-section elementor-top-section elementor-element elementor-element-5dceef99 elementor-section-boxed elementor-section-height-default elementor-section-height-default\" data-id=\"5dceef99\" data-element_type=\"section\">\n\t\t\t\t\t\t<div class=\"elementor-container elementor-column-gap-default\">\n\t\t\t\t\t<div class=\"elementor-column elementor-col-100 elementor-top-column elementor-element elementor-element-5107e50\" data-id=\"5107e50\" data-element_type=\"column\">\n\t\t\t<div class=\"elementor-widget-wrap elementor-element-populated\">\n\t\t\t\t\t\t<div class=\"elementor-element elementor-element-764ff87 elementor-widget elementor-widget-text-editor\" data-id=\"764ff87\" data-element_type=\"widget\" data-widget_type=\"text-editor.default\">\n\t\t\t\t<div class=\"elementor-widget-container\">\n\t\t\t\t\t\t\t<h1 style=\"text-align: center\"><br><\/h1><h1 style=\"text-align: center\"><img decoding=\"async\" src=\"https:\/\/assets.grab.com\/wp-content\/uploads\/sites\/11\/2023\/12\/05161655\/Cover_3-2_TPT_DiemHot-scaled.jpg\" alt=\"\"><\/h1>\n<p><img decoding=\"async\" role=\"img\" class=\"emoji\" alt=\"\ud83c\udf89\" src=\"https:\/\/s.w.org\/images\/core\/emoji\/13.1.0\/svg\/1f389.svg\">\ufe0f C\u00f4ng vi\u1ec7c b\u00e2n r\u1ed9n c\u1ea3 tu\u1ea7n, n\u00e0o l\u00e0 l\u00e0m k\u1ebf ho\u1ea1ch, tr\u00ecnh b\u00e0y cho s\u1ebfp, b\u00e1n cho kh\u00e1ch h\u00e0ng, ch\u1ec9nh ch\u1ec9nh s\u1eeda s\u1eeda quay cu\u1ed3ng c\u1ea3 tu\u1ea7n, c\u00f3 ai mu\u1ed1n \u201ctr\u1ed1n\u201d m\u1ed9t ch\u00fat kh\u00f4ng \u1ea1?<br><img decoding=\"async\" role=\"img\" class=\"emoji\" alt=\"\ud83d\udef5\" src=\"https:\/\/s.w.org\/images\/core\/emoji\/13.1.0\/svg\/1f6f5.svg\"><img decoding=\"async\" role=\"img\" class=\"emoji\" alt=\"\ud83d\ude97\" src=\"https:\/\/s.w.org\/images\/core\/emoji\/13.1.0\/svg\/1f697.svg\"> Cu\u1ed1i tu\u1ea7n \u0111\u1eb7t Grab \u0111i h\u1eb9n h\u00f2, c\u00e0 ph\u00ea \u0103n u\u1ed1ng v\u1edbi \u01b0u \u0111\u00e3i di chuy\u1ec3n nha.<br><img decoding=\"async\" role=\"img\" class=\"emoji\" alt=\"\ud83d\udef5\" src=\"https:\/\/s.w.org\/images\/core\/emoji\/13.1.0\/svg\/1f6f5.svg\"><img decoding=\"async\" role=\"img\" class=\"emoji\" alt=\"\ud83d\ude97\" src=\"https:\/\/s.w.org\/images\/core\/emoji\/13.1.0\/svg\/1f697.svg\"> \u0110i \u0111\u1ebfn Mall mua s\u1eafm, s\u0103n sale an to\u00e0n v\u00e0 ti\u1ebft ki\u1ec7m, \u0111\u1eb7t Grab di chuy\u1ec3n lu\u00f4n n\u00e8 <img decoding=\"async\" role=\"img\" class=\"emoji\" alt=\"\ud83e\udd73\" src=\"https:\/\/s.w.org\/images\/core\/emoji\/13.1.0\/svg\/1f973.svg\">&nbsp;<br>#GrabBike #GrabCar #DiemHotNenDiGrab<\/p>\n<p><b>\u0110i\u1ec1u ki\u1ec7n v\u00e0 \u0111i\u1ec1u kho\u1ea3n \u00e1p d\u1ee5ng c\u1ee5 th\u1ec3<\/b><b>:<\/b><\/p>\n<p>V\u1edbi ch\u01b0\u01a1ng tr\u00ecnh \u0111i\u1ec3m HOT n\u00ean-\u0111i-Grab, \u01b0u \u0111\u00e3i di chuy\u1ec3n s\u1ebd \u0111\u01b0\u1ee3c gi\u1ea3m t\u1ef1 \u0111\u1ed9ng khi ng\u01b0\u1eddi d\u00f9ng l\u1ef1a ch\u1ecdn \u0111i\u1ec3m \u0111\u1ebfn\/\u0111i l\u00e0 c\u00e1c khu mua s\u1eafm, vui ch\u01a1i, trung t\u00e2m th\u01b0\u01a1ng m\u1ea1i \u0111\u1ecba \u0111i\u1ec3m \u0103n u\u1ed1ng, nh\u00e0 h\u00e0ng &#8230; c\u00f3 trong danh s\u00e1ch \u00e1p d\u1ee5ng c\u1ee7a ch\u01b0\u01a1ng tr\u00ecnh<\/p>\n<p>&#8211; \u01afu \u0111\u00e3i (1) gi\u1ea3m 15% t\u1ed1i \u0111a 30.000\u0111 \u00e1p d\u1ee5ng v\u1edbi t\u1ea5t c\u1ea3 c\u00e1c d\u1ecbch v\u1ee5 GrabBike\/GrabBike Plus\/ GrabBike Ti\u1ebft Ki\u1ec7m\/GrabCar\/GrabCar Plus\/GrabCar Ti\u1ebft Ki\u1ec7m.(*)<br>&#8211; \u01afu \u0111\u00e3i (2) gi\u1ea3m 20% t\u1ed1i \u0111a 50.000\u0111 \u00e1p d\u1ee5ng v\u1edbi t\u1ea5t c\u1ea3 c\u00e1c d\u1ecbch v\u1ee5 GrabBike\/GrabBike Plus\/ GrabBike Ti\u1ebft Ki\u1ec7m\/GrabCar\/GrabCar Plus\/GrabCar Ti\u1ebft Ki\u1ec7m.(*)<br>&#8211; \u01afu \u0111\u00e3i KHOERE (3) gi\u1ea3m 20% t\u1ed1i \u0111a 30.000\u0111 \u00e1p d\u1ee5ng v\u1edbi t\u1ea5t c\u1ea3 c\u00e1c d\u1ecbch v\u1ee5 GrabBike\/GrabBike Plus\/ GrabBike Ti\u1ebft Ki\u1ec7m\/GrabCar\/GrabCar Plus\/GrabCar Ti\u1ebft Ki\u1ec7m.(**)<br>&#8211; \u01afu \u0111\u00e3i KHOERE30 (4) gi\u1ea3m 30% t\u1ed1i \u0111a 50.000\u0111 \u00e1p d\u1ee5ng v\u1edbi t\u1ea5t c\u1ea3 c\u00e1c d\u1ecbch v\u1ee5 GrabBike\/GrabBike Plus\/ GrabBike Ti\u1ebft Ki\u1ec7m\/GrabCar\/GrabCar Plus\/GrabCar Ti\u1ebft Ki\u1ec7m.(**)<br>&#8211; \u01afu \u0111\u00e3i \u0111i \u0111\u1ebfn v\u00e0 t\u1eeb c\u00e1c trung t\u00e2m th\u01b0\u01a1ng m\u1ea1i \u0111\u1ebfn 25%, t\u1ed1i \u0111a l\u00ean \u0111\u1ebfn 40.000\u0111 \u00e1p d\u1ee5ng v\u1edbi t\u1ea5t c\u1ea3 c\u00e1c d\u1ecbch v\u1ee5 GrabBike\/GrabBike Plus\/ GrabBike Ti\u1ebft Ki\u1ec7m\/GrabCar\/GrabCar Plus\/GrabCar Ti\u1ebft Ki\u1ec7m.<br>(*) \u01afu \u0111\u00e3i \u00e1p d\u1ee5ng cho m\u1ed9t s\u1ed1 \u0111i\u1ec3m \u0111\u00f3n v\u00e0 tr\u1ea3 kh\u00e1ch nh\u1ea5t \u0111\u1ecbnh thu\u1ed9c ch\u01b0\u01a1ng tr\u00ecnh \u0110i\u1ec3m Hot N\u00ean-\u0111i-Grab.<br>&#8211; \u00c1p d\u1ee5ng cho Tp. H\u1ed3 Ch\u00ed Minh &amp; H\u00e0 N\u1ed9i &amp; \u00e1p d\u1ee5ng m\u1ecdi ph\u01b0\u01a1ng th\u1ee9c thanh to\u00e1n.<br>&#8211; M\u00e3 khuy\u1ebfn m\u00e3i kh\u00f4ng bao g\u1ed3m Ph\u1ee5 Ph\u00ed.<br>&#8211; Ng\u01b0\u1eddi d\u00f9ng vui l\u00f2ng thanh to\u00e1n ph\u1ee5 ph\u00ed (n\u1ebfu c\u00f3) v\u1edbi \u0110\u1ed1i t\u00e1c t\u00e0i x\u1ebf<br>&#8211; Kh\u00f4ng s\u1eed d\u1ee5ng c\u00f9ng v\u1edbi c\u00e1c khuy\u1ebfn m\u00e3i kh\u00e1c c\u1ee7a Grab.<br>&#8211; \u01afu \u0111\u00e3i \u00e1p d\u1ee5ng trong khung gi\u1edd t\u1eeb 7h \u0111\u1ebfn 22h.<br>&#8211; Ch\u1ec9 \u00e1p d\u1ee5ng cho ng\u01b0\u1eddi d\u00f9ng nh\u1eadn \u0111\u01b0\u1ee3c th\u00f4ng b\u00e1o.<br>&#8211; Ch\u1ec9 \u00e1p d\u1ee5ng v\u1edbi phi\u00ean b\u1ea3n app m\u1edbi nh\u1ea5t.<br>&#8211; M\u00e3 khuy\u1ebfn m\u1ea1i kh\u00f4ng c\u00f3 gi\u00e1 tr\u1ecb quy \u0111\u1ed5i th\u00e0nh ti\u1ec1n m\u1eb7t d\u01b0\u1edbi b\u1ea5t k\u1ef3 h\u00ecnh th\u1ee9c n\u00e0o.<br>(**) \u01afu \u0111\u00e3i kh\u00f4ng bao g\u1ed3m ph\u1ee5 ph\u00ed, ng\u01b0\u1eddi d\u00f9ng vui l\u00f2ng thanh to\u00e1n ph\u1ee5 ph\u00ed (n\u1ebfu c\u00f3) v\u1edbi \u0110\u1ed1i t\u00e1c t\u00e0i x\u1ebf.<br>&#8211; \u00c1p d\u1ee5ng cho Tp. H\u1ed3 Ch\u00ed Minh &amp; H\u00e0 N\u1ed9i &amp; \u00e1p d\u1ee5ng m\u1ecdi ph\u01b0\u01a1ng th\u1ee9c thanh to\u00e1n.<br>&#8211; M\u1ed7i t\u00e0i kho\u1ea3n Grab \u0111\u01b0\u1ee3c s\u1eed d\u1ee5ng 02 l\u1ea7n su\u1ed1t th\u1eddi gian di\u1ec5n ra ch\u01b0\u01a1ng tr\u00ecnh.<br>&#8211; Ch\u1ec9 \u00e1p d\u1ee5ng v\u1edbi phi\u00ean b\u1ea3n \u1ee9ng d\u1ee5ng m\u1edbi nh\u1ea5t.<\/p>\n<p><a href=\"https:\/\/grab.onelink.me\/2695613898\/datxengay\"><img loading=\"lazy\" decoding=\"async\" src=\"https:\/\/assets.grab.com\/wp-content\/uploads\/sites\/11\/2023\/09\/18141113\/DAT-XE-NGAY.png\" alt=\"\" width=\"325\" height=\"99\"><\/a><\/p>\t\t\t\t\t\t<\/div>\n\t\t\t\t<\/div>\n\t\t\t\t\t<\/div>\n\t\t<\/div>\n\t\t\t\t\t<\/div>\n\t\t<\/section>\n\t\t\t\t<\/div>\n\t\t","protected":false},"excerpt":{"rendered":"\ufe0f C\u00f4ng vi\u1ec7c b\u00e2n r\u1ed9n c\u1ea3 tu\u1ea7n, n\u00e0o l\u00e0 l\u00e0m k\u1ebf ho\u1ea1ch, tr\u00ecnh b\u00e0y cho s\u1ebfp, b\u00e1n cho kh\u00e1ch h\u00e0ng, ch\u1ec9nh ch\u1ec9nh s\u1eeda s\u1eeda quay cu\u1ed3ng c\u1ea3 tu\u1ea7n, c\u00f3 ai mu\u1ed1n \u201ctr\u1ed1n\u201d m\u1ed9t ch\u00fat kh\u00f4ng \u1ea1? Cu\u1ed1i tu\u1ea7n \u0111\u1eb7t Grab \u0111i h\u1eb9n h\u00f2, c\u00e0 ph\u00ea \u0103n u\u1ed1ng v\u1edbi \u01b0u \u0111\u00e3i di chuy\u1ec3n nha. \u0110i \u0111\u1ebfn [&hellip;]","protected":false},"author":1719,"featured_media":0,"parent":0,"menu_order":0,"comment_status":"closed","ping_status":"closed","template":"","meta":{"_acf_changed":false,"footnotes":""},"acf":[],"_links":{"self":[{"href":"https:\/\/www.grab.com\/vn\/wp-json\/wp\/v2\/pages\/158963"}],"collection":[{"href":"https:\/\/www.grab.com\/vn\/wp-json\/wp\/v2\/pages"}],"about":[{"href":"https:\/\/www.grab.com\/vn\/wp-json\/wp\/v2\/types\/page"}],"author":[{"embeddable":true,"href":"https:\/\/www.grab.com\/vn\/wp-json\/wp\/v2\/users\/1719"}],"replies":[{"embeddable":true,"href":"https:\/\/www.grab.com\/vn\/wp-json\/wp\/v2\/comments?post=158963"}],"version-history":[{"count":23,"href":"https:\/\/www.grab.com\/vn\/wp-json\/wp\/v2\/pages\/158963\/revisions"}],"predecessor-version":[{"id":163240,"href":"https:\/\/www.grab.com\/vn\/wp-json\/wp\/v2\/pages\/158963\/revisions\/163240"}],"wp:attachment":[{"href":"https:\/\/www.grab.com\/vn\/wp-json\/wp\/v2\/media?parent=158963"}],"curies":[{"name":"wp","href":"https:\/\/api.w.org\/{rel}","templated":true}]}}