{"id":158581,"date":"2023-11-30T14:49:24","date_gmt":"2023-11-30T06:49:24","guid":{"rendered":"https:\/\/www.grab.com\/vn\/?page_id=158581"},"modified":"2024-02-27T11:47:53","modified_gmt":"2024-02-27T03:47:53","slug":"thong-bao-ve-dich-vu-grabbike-tiet-kiem-va-grabcar-tiet-kiem","status":"publish","type":"page","link":"https:\/\/www.grab.com\/vn\/thong-bao-ve-dich-vu-grabbike-tiet-kiem-va-grabcar-tiet-kiem\/","title":{"rendered":"Th\u00f4ng b\u00e1o c\u1eadp nh\u1eadt v\u1ec1 d\u1ecbch v\u1ee5 GrabBike Ti\u1ebft Ki\u1ec7m v\u00e0 GrabCar Ti\u1ebft Ki\u1ec7m"},"content":{"rendered":"<p><img loading=\"lazy\" decoding=\"async\" width=\"1400\" height=\"700\" class=\"alignnone size-full wp-image-158583 aligncenter\" src=\"https:\/\/assets.grab.com\/wp-content\/uploads\/sites\/11\/2023\/11\/30144945\/Copy-of-1200x600-1.png\" alt=\"\" srcset=\"https:\/\/assets.grab.com\/wp-content\/uploads\/sites\/11\/2023\/11\/30144945\/Copy-of-1200x600-1.png 1400w, https:\/\/assets.grab.com\/wp-content\/uploads\/sites\/11\/2023\/11\/30144945\/Copy-of-1200x600-1-250x125.png 250w, https:\/\/assets.grab.com\/wp-content\/uploads\/sites\/11\/2023\/11\/30144945\/Copy-of-1200x600-1-700x350.png 700w, https:\/\/assets.grab.com\/wp-content\/uploads\/sites\/11\/2023\/11\/30144945\/Copy-of-1200x600-1-768x384.png 768w, https:\/\/assets.grab.com\/wp-content\/uploads\/sites\/11\/2023\/11\/30144945\/Copy-of-1200x600-1-18x9.png 18w, https:\/\/assets.grab.com\/wp-content\/uploads\/sites\/11\/2023\/11\/30144945\/Copy-of-1200x600-1-120x60.png 120w\" sizes=\"(max-width: 1400px) 100vw, 1400px\" \/><\/p>\n<p>&nbsp;<\/p>\n<p style=\"text-align: center;font-family: 'Sanomat Grab Web';font-style: bold;font-size: 24px;line-height: 1.5;color: #666666\"><span style=\"font-weight: 600;font-size: 32px;color: #00ae3f\">Th\u00f4ng b\u00e1o c\u1eadp nh\u1eadt v\u1ec1 d\u1ecbch v\u1ee5 GrabBike Ti\u1ebft Ki\u1ec7m v\u00e0 GrabCar Ti\u1ebft Ki\u1ec7m<\/span><\/p>\n<p><span style=\"font-weight: 600;font-size: 22px;color: #00ae3f\">B\u1ea1n th\u00e2n m\u1ebfn,<\/span><\/p>\n<p><strong><span style=\"font-size: 22px;color: #00ae3f\">Grab<\/span><\/strong> <span style=\"font-size: 22px;color: #66666\">th\u00f4ng b\u00e1o thay \u0111\u1ed5i t\u00ean g\u1ecdi c\u1ee7a d\u1ecbch v\u1ee5 GrabBike Economy v\u00e0 GrabCar Economy k\u1ec3 t\u1eeb ng\u00e0y 04\/12\/2023 c\u00f9ng c\u00e1c th\u00f4ng tin c\u1ee5 th\u1ec3 nh\u01b0 sau:<\/span><\/p>\n<p><img loading=\"lazy\" decoding=\"async\" class=\"alignnone wp-image-158590\" src=\"https:\/\/assets.grab.com\/wp-content\/uploads\/sites\/11\/2023\/11\/30152842\/Screenshot-2023-11-30-142728.png\" alt=\"\" width=\"1021\" height=\"181\" srcset=\"https:\/\/assets.grab.com\/wp-content\/uploads\/sites\/11\/2023\/11\/30152842\/Screenshot-2023-11-30-142728.png 1270w, https:\/\/assets.grab.com\/wp-content\/uploads\/sites\/11\/2023\/11\/30152842\/Screenshot-2023-11-30-142728-250x44.png 250w, https:\/\/assets.grab.com\/wp-content\/uploads\/sites\/11\/2023\/11\/30152842\/Screenshot-2023-11-30-142728-700x124.png 700w, https:\/\/assets.grab.com\/wp-content\/uploads\/sites\/11\/2023\/11\/30152842\/Screenshot-2023-11-30-142728-768x136.png 768w, https:\/\/assets.grab.com\/wp-content\/uploads\/sites\/11\/2023\/11\/30152842\/Screenshot-2023-11-30-142728-18x3.png 18w, https:\/\/assets.grab.com\/wp-content\/uploads\/sites\/11\/2023\/11\/30152842\/Screenshot-2023-11-30-142728-120x21.png 120w\" sizes=\"(max-width: 1021px) 100vw, 1021px\" \/><\/p>\n<p><span style=\"font-size: 22px;color: #66666\">\u0110\u1ed3ng th\u1eddi, d\u1ecbch v\u1ee5 GrabCar Ti\u1ebft Ki\u1ec7m s\u1ebd \u0111\u01b0\u1ee3c tri\u1ec3n khai t\u1ea1i t\u1ec9nh B\u00ecnh D\u01b0\u01a1ng v\u00e0 \u0110\u1ed3ng Nai t\u1eeb 07\/12\/2023. Th\u00f4ng tin chi ti\u1ebft v\u1ec1 hai d\u1ecbch v\u1ee5 nh\u01b0 sau:<\/span><\/p>\n<p><img loading=\"lazy\" decoding=\"async\" class=\"alignnone wp-image-158592\" src=\"https:\/\/assets.grab.com\/wp-content\/uploads\/sites\/11\/2023\/11\/30153701\/Screenshot-2023-11-30-143530.png\" alt=\"\" width=\"1020\" height=\"535\" srcset=\"https:\/\/assets.grab.com\/wp-content\/uploads\/sites\/11\/2023\/11\/30153701\/Screenshot-2023-11-30-143530.png 1280w, https:\/\/assets.grab.com\/wp-content\/uploads\/sites\/11\/2023\/11\/30153701\/Screenshot-2023-11-30-143530-250x131.png 250w, https:\/\/assets.grab.com\/wp-content\/uploads\/sites\/11\/2023\/11\/30153701\/Screenshot-2023-11-30-143530-700x367.png 700w, https:\/\/assets.grab.com\/wp-content\/uploads\/sites\/11\/2023\/11\/30153701\/Screenshot-2023-11-30-143530-768x403.png 768w, https:\/\/assets.grab.com\/wp-content\/uploads\/sites\/11\/2023\/11\/30153701\/Screenshot-2023-11-30-143530-18x9.png 18w, https:\/\/assets.grab.com\/wp-content\/uploads\/sites\/11\/2023\/11\/30153701\/Screenshot-2023-11-30-143530-120x63.png 120w\" sizes=\"(max-width: 1020px) 100vw, 1020px\" \/><\/p>\n<p><img loading=\"lazy\" decoding=\"async\" class=\"alignnone wp-image-158593\" src=\"https:\/\/assets.grab.com\/wp-content\/uploads\/sites\/11\/2023\/11\/30153732\/Screenshot-2023-11-30-143605.png\" alt=\"\" width=\"1018\" height=\"500\" srcset=\"https:\/\/assets.grab.com\/wp-content\/uploads\/sites\/11\/2023\/11\/30153732\/Screenshot-2023-11-30-143605.png 1277w, https:\/\/assets.grab.com\/wp-content\/uploads\/sites\/11\/2023\/11\/30153732\/Screenshot-2023-11-30-143605-250x123.png 250w, https:\/\/assets.grab.com\/wp-content\/uploads\/sites\/11\/2023\/11\/30153732\/Screenshot-2023-11-30-143605-700x344.png 700w, https:\/\/assets.grab.com\/wp-content\/uploads\/sites\/11\/2023\/11\/30153732\/Screenshot-2023-11-30-143605-768x377.png 768w, https:\/\/assets.grab.com\/wp-content\/uploads\/sites\/11\/2023\/11\/30153732\/Screenshot-2023-11-30-143605-18x9.png 18w, https:\/\/assets.grab.com\/wp-content\/uploads\/sites\/11\/2023\/11\/30153732\/Screenshot-2023-11-30-143605-120x59.png 120w\" sizes=\"(max-width: 1018px) 100vw, 1018px\" \/><\/p>\n<p><b><strong><span style=\"font-size: 20px;color: #ff3333\">L\u01b0u \u00fd:<\/span><\/strong><\/b><\/p>\n<ul>\n<li style=\"list-style-type: none\">\n<ul>\n<li style=\"font-weight: 400\"><span style=\"font-weight: 400;font-size: 20px\">C\u01b0\u1edbc ph\u00ed GrabBike Ti\u1ebft Ki\u1ec7m v\u00e0 GrabCar Ti\u1ebft Ki\u1ec7m hi\u1ec3n th\u1ecb tr\u00ean \u1ee9ng d\u1ee5ng Grab <\/span><b>ch\u01b0a bao g\u1ed3m<\/b><span style=\"font-weight: 400;font-size: 20px\"> l\u1ec7 ph\u00ed c\u1ea7u \u0111\u01b0\u1eddng, ph\u00ed ra v\u00e0o s\u00e2n bay v\u00e0 c\u00e1c lo\u1ea1i ph\u1ee5 ph\u00ed (n\u1ebfu c\u00f3).\u00a0<\/span><\/li>\n<li style=\"font-weight: 400;font-size: 20px\">Vui l\u00f2ng tham kh\u1ea3o th\u00eam th\u00f4ng tin chi ti\u1ebft t\u1ea1i <a href=\"https:\/\/www.grab.com\/vn\/blog\/bang-dich-vu-cap-nhat-thue-suat-vat-2023\/\/\"><span style=\"font-weight: 400;font-size: 20px\">\u0111\u00e2y<\/span><\/a><\/li>\n<\/ul>\n<\/li>\n<\/ul>\n<p>&nbsp;<\/p>\n<p><span style=\"font-weight: 400;font-size: 22px\">Tr\u00e2n tr\u1ecdng,<\/span><br \/>\n<span style=\"font-weight: 400;font-size: 22px\">\u0110\u1ed9i ng\u0169 <\/span><b><span style=\"font-weight: 600;font-size: 22px;color: #00ae3f\">Grab.<\/span><\/b><\/p>\n","protected":false},"excerpt":{"rendered":"&nbsp; Th\u00f4ng b\u00e1o c\u1eadp nh\u1eadt v\u1ec1 d\u1ecbch v\u1ee5 GrabBike Ti\u1ebft Ki\u1ec7m v\u00e0 GrabCar Ti\u1ebft Ki\u1ec7m B\u1ea1n th\u00e2n m\u1ebfn, Grab th\u00f4ng b\u00e1o thay \u0111\u1ed5i t\u00ean g\u1ecdi c\u1ee7a d\u1ecbch v\u1ee5 GrabBike Economy v\u00e0 GrabCar Economy k\u1ec3 t\u1eeb ng\u00e0y 04\/12\/2023 c\u00f9ng c\u00e1c th\u00f4ng tin c\u1ee5 th\u1ec3 nh\u01b0 sau: \u0110\u1ed3ng th\u1eddi, d\u1ecbch v\u1ee5 GrabCar Ti\u1ebft Ki\u1ec7m s\u1ebd \u0111\u01b0\u1ee3c tri\u1ec3n [&hellip;]","protected":false},"author":1428,"featured_media":0,"parent":0,"menu_order":0,"comment_status":"closed","ping_status":"closed","template":"","meta":{"_acf_changed":false,"footnotes":""},"acf":[],"_links":{"self":[{"href":"https:\/\/www.grab.com\/vn\/wp-json\/wp\/v2\/pages\/158581"}],"collection":[{"href":"https:\/\/www.grab.com\/vn\/wp-json\/wp\/v2\/pages"}],"about":[{"href":"https:\/\/www.grab.com\/vn\/wp-json\/wp\/v2\/types\/page"}],"author":[{"embeddable":true,"href":"https:\/\/www.grab.com\/vn\/wp-json\/wp\/v2\/users\/1428"}],"replies":[{"embeddable":true,"href":"https:\/\/www.grab.com\/vn\/wp-json\/wp\/v2\/comments?post=158581"}],"version-history":[{"count":5,"href":"https:\/\/www.grab.com\/vn\/wp-json\/wp\/v2\/pages\/158581\/revisions"}],"predecessor-version":[{"id":158705,"href":"https:\/\/www.grab.com\/vn\/wp-json\/wp\/v2\/pages\/158581\/revisions\/158705"}],"wp:attachment":[{"href":"https:\/\/www.grab.com\/vn\/wp-json\/wp\/v2\/media?parent=158581"}],"curies":[{"name":"wp","href":"https:\/\/api.w.org\/{rel}","templated":true}]}}