{"id":157766,"date":"2023-11-14T16:58:14","date_gmt":"2023-11-14T08:58:14","guid":{"rendered":"https:\/\/www.grab.com\/vn\/?page_id=157766"},"modified":"2023-12-05T16:05:57","modified_gmt":"2023-12-05T08:05:57","slug":"uong-may-ly-cung-di-grab-cho-khoe","status":"publish","type":"page","link":"https:\/\/www.grab.com\/vn\/uong-may-ly-cung-di-grab-cho-khoe\/","title":{"rendered":"U\u1ed1ng m\u1ea5y ly c\u0169ng \u0111i Grab cho kh\u1ecfe"},"content":{"rendered":"<p><img loading=\"lazy\" decoding=\"async\" width=\"1200\" height=\"600\" class=\"alignnone size-full wp-image-158361\" src=\"https:\/\/assets.grab.com\/wp-content\/uploads\/sites\/11\/2023\/11\/27163504\/1200x600.jpg\" alt=\"\" srcset=\"https:\/\/assets.grab.com\/wp-content\/uploads\/sites\/11\/2023\/11\/27163504\/1200x600.jpg 1200w, https:\/\/assets.grab.com\/wp-content\/uploads\/sites\/11\/2023\/11\/27163504\/1200x600-250x125.jpg 250w, https:\/\/assets.grab.com\/wp-content\/uploads\/sites\/11\/2023\/11\/27163504\/1200x600-700x350.jpg 700w, https:\/\/assets.grab.com\/wp-content\/uploads\/sites\/11\/2023\/11\/27163504\/1200x600-768x384.jpg 768w, https:\/\/assets.grab.com\/wp-content\/uploads\/sites\/11\/2023\/11\/27163504\/1200x600-18x9.jpg 18w, https:\/\/assets.grab.com\/wp-content\/uploads\/sites\/11\/2023\/11\/27163504\/1200x600-120x60.jpg 120w\" sizes=\"(max-width: 1200px) 100vw, 1200px\" \/><\/p>\n<p>\ud83d\ude0d\u00a0Tr\u1eddi g\u1ea7n cu\u1ed1i n\u0103m m\u00e1t m\u1ebb, th\u1eddi ti\u1ebft tuy\u1ec7t v\u1eddi nh\u01b0 th\u1ebf n\u00e0y nhanh nhanh tranh th\u1ee7 l\u00ean k\u00e8o h\u1eb9n h\u00f2 nhau th\u00f4i anh ch\u1ecb m\u00ecnh \u01a1i!<br \/>\n\ud83d\udc9a\u00a0T\u1ed1i nh\u1eafn tin h\u1eb9n v\u00e0i ng\u01b0\u1eddi b\u1ea1n \u0111i u\u1ed1ng m\u1ea5y ly th\u00e2n m\u1eadt \u201cc\u1eadp nh\u1eadt\u201d t\u00ecnh h\u00ecnh cu\u1ed9c s\u1ed1ng, khuya \u0111\u1eb7t m\u1ed9t chuy\u1ebfn an to\u00e0n v\u1ec1 t\u1eadn c\u1eeda nh\u00e0, k\u1ebft th\u00fac m\u1ed9t ng\u00e0y vui v\u1ebb.<br \/>\n\u2705 L\u00ean k\u00e8o b\u1ea1n nh\u1edb nh\u1eadp m\u00e3 BAORE, nh\u1eadn \u01b0u \u0111\u00e3i gi\u1ea3m 50% t\u1ed1i \u0111a 50.000\u0111 cho t\u1ea5t c\u1ea3 c\u00e1c d\u1ecbch v\u1ee5 GrabBike, GrabBike Plus, GrabBike Ti\u1ebft Ki\u1ec7m, GrabCar, GrabCar Plus v\u00e0 GrabCar Ti\u1ebft Ki\u1ec7m.<br \/>\n\u2728 Nh\u1eadn th\u00eam 10 \u01b0u \u0111\u00e3i gi\u1ea3m 20% t\u1ed1i \u0111a 15.000\u0111 cho c\u00e1c cu\u1ed1c xe ti\u1ebfp theo sau khi ho\u00e0n th\u00e0nh chuy\u1ebfn xe v\u1edbi \u01b0u \u0111\u00e3i gi\u1ea3m 50%.<\/p>\n<p><strong>\u0110i\u1ec1u ki\u1ec7n \u0111i\u1ec1u kho\u1ea3n:<\/strong><\/p>\n<p>&#8211; \u01afu \u0111\u00e3i gi\u1ea3m 50% t\u1ed1i \u0111a 50.000\u0111 \u00e1p d\u1ee5ng v\u1edbi t\u1ea5t c\u1ea3 c\u00e1c d\u1ecbch v\u1ee5 GrabBike\/GrabBike Plus\/ GrabBike Ti\u1ebft Ki\u1ec7m\/GrabCar\/GrabCar Plus\/GrabCar Ti\u1ebft Ki\u1ec7m<br \/>\n&#8211; \u00c1p d\u1ee5ng t\u1ea1i Tp. H\u1ed3 Ch\u00ed Minh, H\u00e0 N\u1ed9i, \u0110\u00e0 N\u1eb5ng, T\u1ec9nh Kh\u00e1nh Ho\u00e0, B\u00ecnh D\u01b0\u01a1ng, \u0110\u1ed3ng Nai, H\u1ea3i Ph\u00f2ng, C\u1ea7n Th\u01a1, L\u00e2m \u0110\u1ed3ng, Dak Lak, Hu\u1ebf, V\u0169ng T\u00e0u<br \/>\n&#8211; \u00c1p d\u1ee5ng m\u1ecdi ph\u01b0\u01a1ng th\u1ee9c thanh to\u00e1n.<br \/>\n&#8211; \u01afu \u0111\u00e3i kh\u00f4ng bao g\u1ed3m ph\u1ee5 ph\u00ed, ng\u01b0\u1eddi d\u00f9ng vui l\u00f2ng thanh to\u00e1n ph\u1ee5 ph\u00ed (n\u1ebfu c\u00f3) v\u1edbi \u0110\u1ed1i t\u00e1c t\u00e0i x\u1ebf.<br \/>\n&#8211; M\u1ed7i ng\u01b0\u1eddi d\u00f9ng \u0111\u01b0\u1ee3c s\u1eed d\u1ee5ng 01 l\u1ea7n su\u1ed1t th\u1eddi gian di\u1ec5n ra ch\u01b0\u01a1ng tr\u00ecnh.<br \/>\n&#8211; Ch\u1ec9 \u00e1p d\u1ee5ng v\u1edbi phi\u00ean b\u1ea3n \u1ee9ng d\u1ee5ng m\u1edbi nh\u1ea5t.<br \/>\n&#8211; S\u1ed1 l\u01b0\u1ee3ng \u01b0u \u0111\u00e3i c\u00f3 gi\u1edbi h\u1ea1n m\u1ed7i ng\u00e0y.<br \/>\n&#8211; Ng\u00e0y k\u1ebft th\u00fac \u01b0u \u0111\u00e3i: 31\/01\/2024<br \/>\n&#8211; Sau khi ho\u00e0n th\u00e0nh chuy\u1ebfn xe v\u1edbi \u01b0u \u0111\u00e3i gi\u1ea3m 50% n\u00e0y, nh\u1eadn ngay th\u00eam 10 \u01b0u \u0111\u00e3i 20% (T\u1ed1i \u0111a 15.000\u0111) c\u00f3 th\u1eddi h\u1ea1n s\u1eed d\u1ee5ng trong 07 ng\u00e0y sau khi ho\u00e0n th\u00e0nh chuy\u1ebfn xe. V\u00e0o m\u1ee5c &#8220;My Rewards\/ \u01afu \u0111\u00e3i c\u1ee7a t\u00f4i&#8221; \u0111\u1ec3 s\u1eed d\u1ee5ng \u01b0u \u0111\u00e3i.<br \/>\n&#8211; L\u01b0u \u00fd:<br \/>\n+ D\u1ecbch v\u1ee5 GrabCar Ti\u1ebft Ki\u1ec7m ch\u1ec9 c\u00f3 t\u1ea1i c\u00e1c th\u00e0nh ph\u1ed1 H\u1ed3 Ch\u00ed Minh, B\u00ecnh D\u01b0\u01a1ng, \u0110\u1ed3ng Nai, H\u00e0 N\u1ed9i, \u0110\u00e0 N\u1eb5ng &amp; t\u1ec9nh Kh\u00e1nh H\u00f2a v\u00e0 L\u00e2m \u0110\u1ed3ng.<br \/>\n+ D\u1ecbch v\u1ee5 GrabBike Ti\u1ebft Ki\u1ec7m ch\u1ec9 c\u00f3 t\u1ea1i c\u00e1c th\u00e0nh ph\u1ed1 H\u1ed3 Ch\u00ed Minh, H\u00e0 N\u1ed9i, \u0110\u00e0 N\u1eb5ng, H\u1ea3i Ph\u00f2ng &amp; t\u1ec9nh Th\u1eeba Thi\u00ean Hu\u1ebf, Kh\u00e1nh H\u00f2a, L\u00e2m \u0110\u1ed3ng v\u00e0 B\u00e0 R\u1ecba &#8211; V\u0169ng T\u00e0u.<\/p>\n<p><a href=\"https:\/\/grab.onelink.me\/2695613898\/datxengay\"><img loading=\"lazy\" decoding=\"async\" class=\" wp-image-32895 aligncenter\" src=\"https:\/\/assets.grab.com\/wp-content\/uploads\/sites\/11\/2023\/09\/18141113\/DAT-XE-NGAY.png\" alt=\"\" width=\"325\" height=\"99\" \/><\/a><\/p>\n","protected":false},"excerpt":{"rendered":"\ud83d\ude0d\u00a0Tr\u1eddi g\u1ea7n cu\u1ed1i n\u0103m m\u00e1t m\u1ebb, th\u1eddi ti\u1ebft tuy\u1ec7t v\u1eddi nh\u01b0 th\u1ebf n\u00e0y nhanh nhanh tranh th\u1ee7 l\u00ean k\u00e8o h\u1eb9n h\u00f2 nhau th\u00f4i anh ch\u1ecb m\u00ecnh \u01a1i! \ud83d\udc9a\u00a0T\u1ed1i nh\u1eafn tin h\u1eb9n v\u00e0i ng\u01b0\u1eddi b\u1ea1n \u0111i u\u1ed1ng m\u1ea5y ly th\u00e2n m\u1eadt \u201cc\u1eadp nh\u1eadt\u201d t\u00ecnh h\u00ecnh cu\u1ed9c s\u1ed1ng, khuya \u0111\u1eb7t m\u1ed9t chuy\u1ebfn an to\u00e0n v\u1ec1 t\u1eadn c\u1eeda [&hellip;]","protected":false},"author":1428,"featured_media":0,"parent":0,"menu_order":0,"comment_status":"closed","ping_status":"closed","template":"","meta":{"_acf_changed":false,"footnotes":""},"acf":[],"_links":{"self":[{"href":"https:\/\/www.grab.com\/vn\/wp-json\/wp\/v2\/pages\/157766"}],"collection":[{"href":"https:\/\/www.grab.com\/vn\/wp-json\/wp\/v2\/pages"}],"about":[{"href":"https:\/\/www.grab.com\/vn\/wp-json\/wp\/v2\/types\/page"}],"author":[{"embeddable":true,"href":"https:\/\/www.grab.com\/vn\/wp-json\/wp\/v2\/users\/1428"}],"replies":[{"embeddable":true,"href":"https:\/\/www.grab.com\/vn\/wp-json\/wp\/v2\/comments?post=157766"}],"version-history":[{"count":10,"href":"https:\/\/www.grab.com\/vn\/wp-json\/wp\/v2\/pages\/157766\/revisions"}],"predecessor-version":[{"id":158954,"href":"https:\/\/www.grab.com\/vn\/wp-json\/wp\/v2\/pages\/157766\/revisions\/158954"}],"wp:attachment":[{"href":"https:\/\/www.grab.com\/vn\/wp-json\/wp\/v2\/media?parent=157766"}],"curies":[{"name":"wp","href":"https:\/\/api.w.org\/{rel}","templated":true}]}}