{"id":15755,"date":"2017-10-09T23:09:05","date_gmt":"2017-10-09T15:09:05","guid":{"rendered":"https:\/\/www.grab.com\/vn\/?page_id=15755"},"modified":"2017-11-24T15:44:34","modified_gmt":"2017-11-24T07:44:34","slug":"grabcar-thuong-cuoc-ngan","status":"publish","type":"page","link":"https:\/\/www.grab.com\/vn\/grabcar-thuong-cuoc-ngan\/","title":{"rendered":"[GrabCar] Th\u01b0\u1edfng \u0111\u1ea3m b\u1ea3o doanh thu"},"content":{"rendered":"<p><span style=\"color: #000000\"><strong>Th\u01b0\u1edfng \u0111\u1ea3m b\u1ea3o doanh thu <\/strong><span style=\"font-weight: 400\">&#8211; Ch\u01b0\u01a1ng tr\u00ecnh n\u00e0y v\u1edbi m\u1ee5c \u0111\u00edch h\u1ed7 tr\u1ee3 \u0110\u1ed1i t\u00e1c c\u00f3 th\u1ec3 <\/span><strong>\u0110\u1ea2M B\u1ea2O M\u1ee8C THU NH\u1eacP V\u1edaI VI\u1ec6C GRAB TR\u1ee2 GI\u00c1 CHO NH\u1eeeNG CU\u1ed0C XE NG\u1eaeN<\/strong><span style=\"font-weight: 400\"><strong><span style=\"color: #000000\">. <\/span><\/strong><span style=\"color: #000000\">Theo \u0111\u00f3 n\u1ebfu \u0110\u1ed1i t\u00e1c \u0111\u1ea1t \u0111\u01b0\u1ee3c s\u1ed1 cu\u1ed1c theo quy \u0111\u1ecbnh c\u1ee7a ch\u01b0\u01a1ng tr\u00ecnh th\u00ec t\u1ea5t c\u1ea3 nh\u1eefng cu\u1ed1c c\u00f3 c\u01b0\u1edbc ph\u00ed th\u1ea5p h\u01a1n m\u1ee9c \u0111\u1ea3m b\u1ea3o s\u1ebd \u0111\u01b0\u1ee3c Grab th\u01b0\u1edfng cho ph\u1ea7n ch\u00eanh l\u1ec7ch. <\/span><\/span><\/span><\/p>\n<h2><strong><span style=\"color: #000000\">V\u00ed d\u1ee5<\/span><\/strong><\/h2>\n<p><span style=\"color: #000000\"><span style=\"font-weight: 400\">M\u1ed9t ch\u01b0\u01a1ng tr\u00ecnh <\/span><strong>Th\u01b0\u1edfng \u0111\u1ea3m b\u1ea3o doanh thu<\/strong>\u00a0<span style=\"font-weight: 400\">v\u1edbi n\u1ed9i dung nh\u01b0 sau:<\/span><\/span><\/p>\n<p><b><img loading=\"lazy\" decoding=\"async\" class=\"aligncenter wp-image-15756 size-full\" src=\"https:\/\/www.grab.com\/vn\/wp-content\/uploads\/sites\/11\/2017\/10\/Screen-Shot-2017-10-09-at-10.02.30-PM.png\" alt=\"\" width=\"617\" height=\"221\" srcset=\"https:\/\/www.grab.com\/vn\/wp-content\/uploads\/sites\/11\/2017\/10\/Screen-Shot-2017-10-09-at-10.02.30-PM.png 617w, https:\/\/www.grab.com\/vn\/wp-content\/uploads\/sites\/11\/2017\/10\/Screen-Shot-2017-10-09-at-10.02.30-PM-250x90.png 250w, https:\/\/www.grab.com\/vn\/wp-content\/uploads\/sites\/11\/2017\/10\/Screen-Shot-2017-10-09-at-10.02.30-PM-120x43.png 120w\" sizes=\"(max-width: 617px) 100vw, 617px\" \/><\/b><\/p>\n<p><span style=\"color: #000000\"><span style=\"font-weight: 400\">N\u1ebfu v\u00e0o <\/span><strong>th\u1ee9 2<\/strong><span style=\"font-weight: 400\"><strong>,<\/strong> t\u00e0i x\u1ebf c\u00f3 <\/span><strong>22 cu\u1ed1c<\/strong><span style=\"font-weight: 400\"> trong khung gi\u1edd quy \u0111\u1ecbnh, trong \u0111\u00f3 c\u00f3 <\/span><strong>3 cu\u1ed1c ng\u1eafn v\u1edbi Gi\u00e1 cu\u1ed1i c\u00f9ng <i>\u2264 <\/i>45.000 VN\u0110\/cu\u1ed1c. <\/strong><span style=\"font-weight: 400\">th\u00ec c\u1ea3 3 cu\u1ed1c xe \u0111\u1ec1u \u0111\u01b0\u1ee3c <\/span><strong>Grab th\u01b0\u1edfng ch\u00eanh l\u1ec7ch<\/strong><span style=\"font-weight: 400\"> \u0111\u1ec3 \u0111\u1ea3m b\u1ea3o doanh thu m\u1ed7i cu\u1ed1c b\u1eb1ng 45.000 VN\u0110.<\/span><\/span><\/p>\n<p><img loading=\"lazy\" decoding=\"async\" class=\"aligncenter wp-image-15757 size-full\" src=\"https:\/\/www.grab.com\/vn\/wp-content\/uploads\/sites\/11\/2017\/10\/Screen-Shot-2017-10-09-at-10.03.33-PM.png\" alt=\"\" width=\"616\" height=\"127\" srcset=\"https:\/\/www.grab.com\/vn\/wp-content\/uploads\/sites\/11\/2017\/10\/Screen-Shot-2017-10-09-at-10.03.33-PM.png 616w, https:\/\/www.grab.com\/vn\/wp-content\/uploads\/sites\/11\/2017\/10\/Screen-Shot-2017-10-09-at-10.03.33-PM-250x52.png 250w, https:\/\/www.grab.com\/vn\/wp-content\/uploads\/sites\/11\/2017\/10\/Screen-Shot-2017-10-09-at-10.03.33-PM-120x25.png 120w\" sizes=\"(max-width: 616px) 100vw, 616px\" \/><\/p>\n<h1><strong><span style=\"color: #000000\">H\u1ecfi \u0110\u00e1p<\/span><\/strong><\/h1>\n<table style=\"border-color: #000000\" border=\"1\">\n<tbody>\n<tr>\n<td style=\"background-color: #00953a\">\n<p style=\"text-align: center\"><strong><span style=\"color: #ffffff\">H\u1eceI<\/span><\/strong><\/p>\n<\/td>\n<td style=\"background-color: #00953a\">\n<p style=\"text-align: center\"><strong><span style=\"color: #ffffff\">\u0110\u00c1P<\/span><\/strong><\/p>\n<\/td>\n<\/tr>\n<tr>\n<td><span style=\"font-weight: 400;color: #000000\">Ch\u01b0\u01a1ng tr\u00ecnh n\u00e0y \u1ea3nh h\u01b0\u1edfng ra sao \u0111\u1ebfn thu nh\u1eadp c\u1ee7a t\u00f4i?<\/span><\/td>\n<td><span style=\"font-weight: 400;color: #000000\">\u0110\u1ed1i t\u00e1c c\u00f3 th\u1ec3 \u0111\u1ea3m b\u1ea3o m\u1ee9c thu nh\u1eadp c\u1ee7a m\u00ecnh khi t\u00edch c\u1ef1c nh\u1eadn chuy\u1ebfn v\u1edbi vi\u1ec7c GRAB \u0111\u1ea3m b\u1ea3o b\u00f9 th\u00eam ph\u1ea7n ch\u00eanh l\u1ec7ch cho t\u1ea5t c\u1ea3 c\u00e1c cu\u1ed1c ng\u1eafn ho\u00e0n t\u1ea5t trong khung gi\u1edd quy \u0111\u1ecbnh c\u1ee7a ch\u01b0\u01a1ng tr\u00ecnh.<\/span><\/td>\n<\/tr>\n<tr>\n<td><span style=\"font-weight: 400;color: #000000\">B\u00ean c\u1ea1nh ch\u01b0\u01a1ng tr\u00ecnh \u201cTh\u01b0\u1edfng \u0111\u1ea3m b\u1ea3o doanh thu\u201d, t\u00f4i c\u00f3 th\u1ec3 ti\u1ebfp t\u1ee5c \u0111\u01b0\u1ee3c h\u01b0\u1edfng nh\u1eefng ch\u01b0\u01a1ng tr\u00ecnh th\u01b0\u1edfng kh\u00e1c kh\u00f4ng?<\/span><\/td>\n<td><span style=\"font-weight: 400;color: #000000\">C\u00f3. Ngo\u00e0i ch\u01b0\u01a1ng tr\u00ecnh th\u01b0\u1edfng n\u00e0y, \u0110\u1ed1i t\u00e1c c\u00f2n \u0111\u01b0\u1ee3c h\u01b0\u1edfng nh\u1eefng ch\u01b0\u01a1ng tr\u00ecnh kh\u00e1c. Chi ti\u1ebft c\u00e1c ch\u01b0\u01a1ng tr\u00ecnh th\u01b0\u1edfng m\u00e0 Qu\u00fd \u0110\u1ed1i t\u00e1c \u0111\u01b0\u1ee3c h\u01b0\u1edfng, xin vui l\u00f2ng c\u1eadp nh\u1eadt m\u1ee5c th\u01b0\u1edfng trong \u1ee9ng d\u1ee5ng.<\/span><\/td>\n<\/tr>\n<tr>\n<td><span style=\"font-weight: 400;color: #000000\"><span style=\"font-weight: 400;color: #000000\">\u201cTh\u01b0\u1edfng\u00a0<\/span><\/span><span style=\"font-weight: 400;color: #000000\">\u0111\u1ea3m b\u1ea3o doanh thu\u201d \u00e1p d\u1ee5ng cho nh\u1eefng khu v\u1ef1c n\u00e0o?<\/span><\/td>\n<td><span style=\"font-weight: 400;color: #000000\">\u0110\u01b0\u1ee3c \u00e1p d\u1ee5ng trong \u0111\u1ecba ph\u1eadn Th\u00e0nh ph\u1ed1 quy \u0111\u1ecbnh c\u1ee7a ch\u01b0\u01a1ng tr\u00ecnh.<\/span><\/td>\n<\/tr>\n<tr>\n<td><span style=\"font-weight: 400;color: #000000\"><span style=\"font-weight: 400;color: #000000\">\u201cTh\u01b0\u1edfng\u00a0<\/span><\/span><span style=\"font-weight: 400;color: #000000\">\u0111\u1ea3m b\u1ea3o doanh thu\u201d \u00e1p d\u1ee5ng cho d\u1ecbch v\u1ee5 n\u00e0o?<\/span><\/td>\n<td><span style=\"font-weight: 400;color: #000000\">\u00c1p d\u1ee5ng cho GrabCar (4 ch\u1ed7 v\u00e0 7 ch\u1ed7) v\u00e0 GrabShare &amp; GCPlus<\/span><\/td>\n<\/tr>\n<tr>\n<td><span style=\"font-weight: 400;color: #000000\">L\u00e0m th\u1ebf n\u00e0o \u0111\u1ec3 t\u00f4i c\u00f3 th\u1ec3 h\u01b0\u1edfng t\u1ed1i \u0111a ch\u01b0\u01a1ng tr\u00ecnh th\u01b0\u1edfng n\u00e0y?<\/span><\/td>\n<td><span style=\"font-weight: 400;color: #000000\">R\u1ea5t \u0111\u01a1n gi\u1ea3n, \u0110\u1ed1i t\u00e1c c\u00e0ng t\u00edch c\u1ef1c ho\u1ea1t \u0111\u1ed9ng, nh\u1eadn cu\u1ed1c v\u00e0 ho\u00e0n t\u1ea5t cu\u1ed1c c\u00e0ng nhi\u1ec1u c\u00e0ng t\u1ed1t, theo \u0111\u00f3 t\u1ea5t c\u1ea3 c\u00e1c cu\u1ed1c ng\u1eafn s\u1ebd \u0111\u01b0\u1ee3c \u0111\u1ea3m b\u1ea3o thu nh\u1eadp \u1edf m\u1ee9c cao nh\u1ea5t.<\/span><\/td>\n<\/tr>\n<tr>\n<td><span style=\"font-weight: 400;color: #000000\">N\u1ebfu cu\u1ed1c xe \u0111\u01b0\u1ee3c \u0111\u1eb7t t\u1eeb t\u1ec9nh\/th\u00e0nh ph\u1ed1 kh\u00e1c v\u00e0 c\u00f3 \u0111i\u1ec3m \u0111\u1ebfn thu\u1ed9c \u0111\u1ecba ph\u1eadn th\u00e0nh ph\u1ed1 \u0111ang \u00e1p d\u1ee5ng ch\u01b0\u01a1ng tr\u00ecnh th\u00ec c\u00f3 \u0111\u1ee7 \u0111i\u1ec1u ki\u1ec7n t\u00ednh th\u01b0\u1edfng hay kh\u00f4ng?<\/span><\/td>\n<td><span style=\"font-weight: 400;color: #000000\">Kh\u00f4ng. Cu\u1ed1c xe h\u1ee3p l\u1ec7 ph\u1ea3i c\u00f3 \u0111i\u1ec3m \u0111\u00f3n n\u1eb1m trong khu v\u1ef1c quy \u0111\u1ecbnh c\u1ee7a ch\u01b0\u01a1ng tr\u00ecnh v\u00e0 ph\u1ea3i \u0111\u01b0\u1ee3c k\u1ebft th\u00fac trong \u0111\u1ecba ph\u1eadn Th\u00e0nh ph\u1ed1 \u0111ang \u00e1p d\u1ee5ng ch\u01b0\u01a1ng tr\u00ecnh.<\/span><\/td>\n<\/tr>\n<\/tbody>\n<\/table>\n<p style=\"text-align: center\"><a href=\"https:\/\/www.grab.com\/vn\/grabcar-thu-vien-chuong-trinh-thuong\/\"><strong><span style=\"color: #ff0000\">QUAY L\u1ea0I TH\u01af VI\u1ec6N CH\u01af\u01a0NG TR\u00ccNH TH\u01af\u1edeNG<\/span><\/strong><\/a><\/p>\n<p><strong><span style=\"color: #00953a\">Tr\u00e2n tr\u1ecdng,<\/span><\/strong><\/p>\n<p><strong><span style=\"color: #00953a\">\u0110\u1ed9i ng\u0169 GrabCar.<\/span><\/strong><\/p>\n","protected":false},"excerpt":{"rendered":"Th\u01b0\u1edfng \u0111\u1ea3m b\u1ea3o doanh thu &#8211; Ch\u01b0\u01a1ng tr\u00ecnh n\u00e0y v\u1edbi m\u1ee5c \u0111\u00edch h\u1ed7 tr\u1ee3 \u0110\u1ed1i t\u00e1c c\u00f3 th\u1ec3 \u0110\u1ea2M B\u1ea2O M\u1ee8C THU NH\u1eacP V\u1edaI VI\u1ec6C GRAB TR\u1ee2 GI\u00c1 CHO NH\u1eeeNG CU\u1ed0C XE NG\u1eaeN. Theo \u0111\u00f3 n\u1ebfu \u0110\u1ed1i t\u00e1c \u0111\u1ea1t \u0111\u01b0\u1ee3c s\u1ed1 cu\u1ed1c theo quy \u0111\u1ecbnh c\u1ee7a ch\u01b0\u01a1ng tr\u00ecnh th\u00ec t\u1ea5t c\u1ea3 nh\u1eefng cu\u1ed1c c\u00f3 c\u01b0\u1edbc [&hellip;]","protected":false},"author":592,"featured_media":0,"parent":0,"menu_order":0,"comment_status":"closed","ping_status":"closed","template":"","meta":{"_acf_changed":false,"footnotes":""},"acf":[],"_links":{"self":[{"href":"https:\/\/www.grab.com\/vn\/wp-json\/wp\/v2\/pages\/15755"}],"collection":[{"href":"https:\/\/www.grab.com\/vn\/wp-json\/wp\/v2\/pages"}],"about":[{"href":"https:\/\/www.grab.com\/vn\/wp-json\/wp\/v2\/types\/page"}],"author":[{"embeddable":true,"href":"https:\/\/www.grab.com\/vn\/wp-json\/wp\/v2\/users\/592"}],"replies":[{"embeddable":true,"href":"https:\/\/www.grab.com\/vn\/wp-json\/wp\/v2\/comments?post=15755"}],"version-history":[{"count":3,"href":"https:\/\/www.grab.com\/vn\/wp-json\/wp\/v2\/pages\/15755\/revisions"}],"predecessor-version":[{"id":17386,"href":"https:\/\/www.grab.com\/vn\/wp-json\/wp\/v2\/pages\/15755\/revisions\/17386"}],"wp:attachment":[{"href":"https:\/\/www.grab.com\/vn\/wp-json\/wp\/v2\/media?parent=15755"}],"curies":[{"name":"wp","href":"https:\/\/api.w.org\/{rel}","templated":true}]}}