{"id":15725,"date":"2017-10-09T20:05:37","date_gmt":"2017-10-09T12:05:37","guid":{"rendered":"https:\/\/www.grab.com\/vn\/?page_id=15725"},"modified":"2017-11-01T10:11:37","modified_gmt":"2017-11-01T02:11:37","slug":"thuong-dam-bao-thu-nhap-cho-moi-gio-hoat-dong","status":"publish","type":"page","link":"https:\/\/www.grab.com\/vn\/thuong-dam-bao-thu-nhap-cho-moi-gio-hoat-dong\/","title":{"rendered":"[GrabCar] Th\u01b0\u1edfng \u0110\u1ea3m B\u1ea3o Thu Nh\u1eadp Cho M\u1ed7i Gi\u1edd Ho\u1ea1t \u0110\u1ed9ng"},"content":{"rendered":"<p><span style=\"color: #000000\"><strong>\u0110\u1ea3m B\u1ea3o Thu Nh\u1eadp Cho M\u1ed7i Gi\u1edd Ho\u1ea1t \u0110\u1ed9ng <\/strong><span style=\"font-weight: 400\"><strong><span style=\"color: #000000\">&#8211;<\/span><\/strong> Ch\u01b0\u01a1ng tr\u00ecnh n\u00e0y nh\u1eb1m gi\u00fap \u0110\u1ed1i t\u00e1c c\u00f3 th\u1ec3 <\/span><strong>\u0110\u1ea2M B\u1ea2O V\u00c0 GIA T\u0102NG M\u1ee8C THU NH\u1eacP KHI HO\u1ea0T \u0110\u1ed8NG LI\u00caN T\u1ee4C TRONG NH\u1eeeNG KHUNG GI\u1edc CAO \u0110I\u1ec2M<\/strong><span style=\"font-weight: 400\">. N\u00f3i c\u00e1ch kh\u00e1c, \u0110\u1ed1i t\u00e1c s\u1ebd \u0111\u01b0\u1ee3c th\u01b0\u1edfng v\u00ec lu\u00f4n s\u1eb5n s\u00e0ng ph\u1ee5c v\u1ee5 h\u00e0nh kh\u00e1ch ngay c\u1ea3 trong th\u1eddi \u0111i\u1ec3m l\u01b0u th\u00f4ng \u00f9n t\u1eafc ho\u1eb7c \u0111i\u1ec1u ki\u1ec7n l\u00e0m vi\u1ec7c kh\u00f4ng \u1edf m\u1ee9c t\u1ed1t nh\u1ea5t c\u00f3 th\u1ec3.<\/span><\/span><\/p>\n<h3><span style=\"color: #000000\">V\u00ed d\u1ee5<\/span><\/h3>\n<p><span style=\"color: #000000\"><span style=\"font-weight: 400\">V\u1edbi ch\u01b0\u01a1ng tr\u00ecnh <\/span><strong>\u0110\u1ea3m B\u1ea3o Thu Nh\u1eadp Cho M\u1ed7i Gi\u1edd Ho\u1ea1t \u0110\u1ed9ng<\/strong> <span style=\"font-weight: 400\">nh\u01b0 sau:<\/span><\/span><\/p>\n<p><span style=\"color: #000000\"><img loading=\"lazy\" decoding=\"async\" class=\"aligncenter wp-image-15726 size-full\" src=\"https:\/\/www.grab.com\/vn\/wp-content\/uploads\/sites\/11\/2017\/10\/Screen-Shot-2017-10-09-at-7.00.05-PM.png\" alt=\"\" width=\"537\" height=\"157\" srcset=\"https:\/\/www.grab.com\/vn\/wp-content\/uploads\/sites\/11\/2017\/10\/Screen-Shot-2017-10-09-at-7.00.05-PM.png 537w, https:\/\/www.grab.com\/vn\/wp-content\/uploads\/sites\/11\/2017\/10\/Screen-Shot-2017-10-09-at-7.00.05-PM-250x73.png 250w, https:\/\/www.grab.com\/vn\/wp-content\/uploads\/sites\/11\/2017\/10\/Screen-Shot-2017-10-09-at-7.00.05-PM-120x35.png 120w\" sizes=\"(max-width: 537px) 100vw, 537px\" \/><\/span><\/p>\n<p style=\"text-align: center\"><span style=\"color: #000000\"><i><span style=\"font-weight: 400\">\u0110i\u1ec1u ki\u1ec7n: AR \u2265 85%; CR \u2264 20%<\/span><\/i><\/span><\/p>\n<p><span style=\"font-weight: 400;color: #000000\">Trong khung gi\u1edd Tr\u01b0a t\u1eeb 11:00 \u2013 13:00, \u0110\u1ed1i t\u00e1c A ho\u1ea1t \u0111\u1ed9ng nh\u01b0 sau:<\/span><\/p>\n<ul>\n<li style=\"font-weight: 400\"><span style=\"font-weight: 400;color: #000000\">Tr\u01b0\u1edbc khi c\u00f3 ch\u01b0\u01a1ng tr\u00ecnh th\u01b0\u1edfng, \u0110\u1ed1i t\u00e1c A ch\u1ea1y \u0111\u01b0\u1ee3c 4 cu\u1ed1c xe trong khung gi\u1edd t\u1eeb 11:00 \u0111\u1ebfn 12h13. Sau \u0111\u00f3 \u0110\u1ed1i t\u00e1c A n\u00e0y t\u1eaft m\u00e1y v\u00e0 ngh\u1ec9 ng\u01a1i \u0111\u1ebfn 14:00.<\/span><\/li>\n<li style=\"font-weight: 400\"><span style=\"font-weight: 400;color: #000000\">Sau khi c\u00f3 ch\u01b0\u01a1ng th\u01b0\u1edfng,\u0110\u1ed1i t\u00e1c A c\u0169ng ch\u1ea1y \u0111\u01b0\u1ee3c 4 cu\u1ed1c xe trong khung gi\u1edd t\u1eeb 11:00 \u0111\u1ebfn 12h13. Sau \u0111\u00f3\u0110\u1ed1i t\u00e1c A n\u00e0y ch\u1ecbu kh\u00f3 ch\u1ea1y th\u00eam \u0111\u1ebfn 12:43 nh\u01b0ng kh\u00f4ng c\u00f3 th\u00eam cu\u1ed1c xe n\u00e0o.<\/span><\/li>\n<\/ul>\n<p><span style=\"font-weight: 400;color: #000000\">V\u1eady tr\u01b0\u1edbc v\u00e0 sau khi c\u00f3 ch\u01b0\u01a1ng tr\u00ecnh th\u01b0\u1edfng, thu nh\u1eadp sau PH\u00cd SDUD c\u1ee7a\u0110\u1ed1i t\u00e1c A (T\u1ef7 l\u1ec7 ch\u1ea5p nh\u1eadn &amp; t\u1ef7 l\u1ec7 h\u1ee7y chuy\u1ebfn \u0111\u1ea1t \u0111i\u1ec1u ki\u1ec7n) s\u1ebd t\u0103ng th\u00eam 40% nh\u01b0 b\u1ea3ng th\u1ed1ng k\u00ea b\u00ean d\u01b0\u1edbi:<\/span><\/p>\n<p><span style=\"color: #000000\"><img loading=\"lazy\" decoding=\"async\" class=\"aligncenter wp-image-15727 size-full\" src=\"https:\/\/www.grab.com\/vn\/wp-content\/uploads\/sites\/11\/2017\/10\/Screen-Shot-2017-10-09-at-7.01.30-PM.png\" alt=\"\" width=\"603\" height=\"193\" srcset=\"https:\/\/www.grab.com\/vn\/wp-content\/uploads\/sites\/11\/2017\/10\/Screen-Shot-2017-10-09-at-7.01.30-PM.png 603w, https:\/\/www.grab.com\/vn\/wp-content\/uploads\/sites\/11\/2017\/10\/Screen-Shot-2017-10-09-at-7.01.30-PM-250x80.png 250w, https:\/\/www.grab.com\/vn\/wp-content\/uploads\/sites\/11\/2017\/10\/Screen-Shot-2017-10-09-at-7.01.30-PM-120x38.png 120w\" sizes=\"(max-width: 603px) 100vw, 603px\" \/><\/span><\/p>\n<h1><span style=\"color: #000000\">H\u1ecfi \u0110\u00e1p<\/span><\/h1>\n<table style=\"border-color: #000000\" border=\"1\">\n<tbody>\n<tr>\n<td style=\"background-color: #00953a\">\n<p style=\"text-align: center\"><strong><span style=\"color: #ffffff\">H\u1eceI<\/span><\/strong><\/p>\n<\/td>\n<td style=\"background-color: #00953a\">\n<p style=\"text-align: center\"><strong><span style=\"color: #ffffff\">\u0110\u00c1P<\/span><\/strong><\/p>\n<\/td>\n<\/tr>\n<tr>\n<td><span style=\"font-weight: 400;color: #000000\">\u0110\u1ea3m b\u1ea3o thu nh\u1eadp cho m\u1ed7i gi\u1edd ho\u1ea1t \u0111\u1ed9ng\u201d c\u1ee5 th\u1ec3 l\u00e0 g\u00ec?<\/span><\/td>\n<td><span style=\"font-weight: 400;color: #000000\">Ch\u01b0\u01a1ng tr\u00ecnh n\u00e0y nh\u1eb1m gi\u00fap \u0110\u1ed1i t\u00e1c c\u00f3 th\u1ec3 \u0110\u1ea2M B\u1ea2O V\u00c0 GIA T\u0102NG M\u1ee8C THU NH\u1eacP KHI HO\u1ea0T \u0110\u1ed8NG LI\u00caN T\u1ee4C TRONG NH\u1eeeNG KHUNG GI\u1edc CAO \u0110I\u1ec2M. N\u00f3i c\u00e1ch kh\u00e1c, \u0110\u1ed1i t\u00e1c s\u1ebd \u0111\u01b0\u1ee3c th\u01b0\u1edfng v\u00ec lu\u00f4n s\u1eb5n s\u00e0ng ph\u1ee5c v\u1ee5 h\u00e0nh kh\u00e1ch ngay c\u1ea3 trong th\u1eddi \u0111i\u1ec3m l\u01b0u th\u00f4ng \u00f9n t\u1eafc ho\u1eb7c \u0111i\u1ec1u ki\u1ec7n l\u00e0m vi\u1ec7c kh\u00f4ng \u1edf m\u1ee9c t\u1ed1t nh\u1ea5t c\u00f3 th\u1ec3.<\/span><\/td>\n<\/tr>\n<tr>\n<td><span style=\"font-weight: 400;color: #000000\">T\u00f4i c\u1ea7n \u0111i\u1ec1u ki\u1ec7n g\u00ec \u0111\u1ec3 h\u01b0\u1edfng ch\u01b0\u01a1ng tr\u00ecnh \u201c\u0110\u1ea3m b\u1ea3o thu nh\u1eadp cho m\u1ed7i gi\u1edd ho\u1ea1t \u0111\u1ed9ng\u201d?<\/span><\/td>\n<td><span style=\"font-weight: 400;color: #000000\">\u0110\u1ed1i t\u00e1c c\u1ea7n ch\u00fa \u00fd duy tr\u00ec t\u1ec9 l\u1ec7 ch\u1ea5p nh\u1eadn chuy\u1ebfn v\u00e0 h\u1ee7y chuy\u1ebfn trong ng\u00e0y theo \u0111i\u1ec1u ki\u1ec7n c\u1ee7a Ch\u01b0\u01a1ng tr\u00ecnh. Ngo\u00e0i ra C\u00e1c cu\u1ed1c xe ph\u1ea3i k\u1ebft th\u00fac trong \u0111\u1ecba ph\u1eadn Th\u00e0nh ph\u1ed1 \u0111ang \u00e1p d\u1ee5ng<\/span><\/td>\n<\/tr>\n<tr>\n<td><span style=\"font-weight: 400;color: #000000\">Thu nh\u1eadp c\u1ee7a t\u00f4i \u0111\u01b0\u1ee3c t\u00ednh th\u1ebf n\u00e0o?<\/span><\/td>\n<td><span style=\"font-weight: 400;color: #000000\">M\u1ed7i kho\u1ea3ng th\u1eddi gian s\u1ebd c\u00f3 m\u1ed9t m\u1ee9c \u0111\u1ea3m b\u1ea3o kh\u00e1c nhau, t\u00f9y thu\u1ed9c v\u00e0o s\u1ed1 l\u01b0\u1ee3ng cu\u1ed1c xe. Vui l\u00f2ng xem ph\u1ea7n v\u00ed d\u1ee5 t\u00ednh th\u01b0\u1edfng \u1edf tr\u00ean.<\/span><\/td>\n<\/tr>\n<tr>\n<td><span style=\"font-weight: 400;color: #000000\">N\u1ebfu \u0110\u1ed1i t\u00e1c c\u1ee7a v\u00ed d\u1ee5 tr\u00ean ho\u00e0n th\u00e0nh 04 cu\u1ed1c xe nh\u01b0ng m\u1edf \u1ee9ng d\u1ee5ng li\u00ean t\u1ee5c trong 2 gi\u1edd trong khung gi\u1edd \u00e1p d\u1ee5ng ctr\u00ecnh, th\u00ec thu nh\u1eadp c\u1ee7a anh \u1ea5y l\u00e0 bao nhi\u00eau?<\/span><\/td>\n<td>\n<p><span style=\"color: #000000\"><span style=\"font-weight: 400\">Trong tr\u01b0\u1eddng h\u1ee3p n\u00e0y, \u0110\u1ed1i t\u00e1c s\u1ebd <\/span><span style=\"font-weight: 400\">\u0111\u01b0\u1ee3c <\/span><strong>\u0111\u1ea3m b\u1ea3o doanh thu<\/strong><span style=\"font-weight: 400\"> cho 2 gi\u1edd<\/span><span style=\"font-weight: 400\">:<\/span><\/span><\/p>\n<p><span style=\"font-weight: 400;color: #000000\">200,000 x 2 gi\u1edd = 400,000 VN\u0110<\/span><\/p>\n<p><span style=\"font-weight: 400;color: #000000\">\u0110\u01a1n gi\u1ea3n th\u00ec m\u1edf \u1ee9ng d\u1ee5ng c\u00e0ng l\u00e2u, th\u00ec thu nh\u1eadp c\u1ee7a \u0110\u1ed1i t\u00e1c c\u00e0ng gia t\u0103ng.<\/span><\/td>\n<\/tr>\n<tr>\n<td><span style=\"font-weight: 400;color: #000000\">B\u00ean c\u1ea1nh \u201c\u0110\u1ea3m b\u1ea3o thu nh\u1eadp cho m\u1ed7i gi\u1edd ho\u1ea1t \u0111\u1ed9ng\u201d, t\u00f4i c\u00f3 th\u1ec3 ti\u1ebfp t\u1ee5c \u0111\u01b0\u1ee3c h\u01b0\u1edfng nh\u1eefng ch\u01b0\u01a1ng tr\u00ecnh th\u01b0\u1edfng kh\u00e1c kh\u00f4ng?<\/span><\/td>\n<td><span style=\"font-weight: 400;color: #000000\">C\u00f3. Ngo\u00e0i ch\u01b0\u01a1ng tr\u00ecnh th\u01b0\u1edfng n\u00e0y, \u0111\u1ed1i t\u00e1c c\u00f2n \u0111\u01b0\u1ee3c h\u01b0\u1edfng nh\u1eefng ch\u01b0\u01a1ng tr\u00ecnh kh\u00e1c. Chi ti\u1ebft c\u00e1c ch\u01b0\u01a1ng tr\u00ecnh th\u01b0\u1edfng m\u00e0 Qu\u00fd \u0110\u1ed1i T\u00e1c \u0111\u01b0\u1ee3c h\u01b0\u1edfng, xin vui l\u00f2ng c\u1eadp nh\u1eadt m\u1ee5c th\u01b0\u1edfng trong \u1ee9ng d\u1ee5ng.<\/span><\/td>\n<\/tr>\n<tr>\n<td><span style=\"font-weight: 400;color: #000000\">\u201c\u0110\u1ea3m b\u1ea3o thu nh\u1eadp cho m\u1ed7i gi\u1edd ho\u1ea1t \u0111\u1ed9ng\u201d \u00e1p d\u1ee5ng cho nh\u1eefng khu v\u1ef1c n\u00e0o?<\/span><\/td>\n<td><span style=\"font-weight: 400;color: #000000\">\u0110T tham kh\u1ea3o m\u1ee5c khu v\u1ef1c \u00e1p d\u1ee5ng \u0111\u01b0\u1ee3c \u0111\u1ec1 c\u1eadp \u1edf m\u1ee5c CT Th\u01b0\u1edfng tr\u00ean \u1ee9ng d\u1ee5ng c\u1ee7a \u0110\u1ed1i t\u00e1c.<\/span><\/td>\n<\/tr>\n<tr>\n<td><span style=\"font-weight: 400;color: #000000\">\u201c\u0110\u1ea3m b\u1ea3o thu nh\u1eadp cho m\u1ed7i gi\u1edd ho\u1ea1t \u0111\u1ed9ng\u201d \u00e1p d\u1ee5ng cho d\u1ecbch v\u1ee5 n\u00e0o?<\/span><\/td>\n<td><span style=\"color: #000000\"><span style=\"font-weight: 400\">\u00c1p d\u1ee5ng cho GrabCar (4 ch\u1ed7 v\u00e0 7 ch\u1ed7) v\u00e0 GrabShare, GrabCar Plus \u0111ang ho\u1ea1t \u0111\u1ed9ng t\u1ea1i <\/span><span style=\"font-weight: 400\">Th\u00e0nh Ph\u1ed1 \u00e1p d\u1ee5ng ch\u01b0\u01a1ng tr\u00ecnh<\/span><span style=\"font-weight: 400\">.<\/span><\/span><\/td>\n<\/tr>\n<tr>\n<td><span style=\"font-weight: 400;color: #000000\">L\u00e0m th\u1ebf n\u00e0o \u0111\u1ec3 t\u00f4i c\u00f3 th\u1ec3 h\u01b0\u1edfng t\u1ed1i \u0111a ch\u01b0\u01a1ng tr\u00ecnh th\u01b0\u1edfng n\u00e0y?<\/span><\/td>\n<td><span style=\"font-weight: 400;color: #000000\">R\u1ea5t \u0111\u01a1n gi\u1ea3n: m\u1edf \u1ee9ng d\u1ee5ng t\u00e0i x\u1ebf v\u00e0 ho\u1ea1t \u0111\u1ed9ng b\u00ecnh th\u01b0\u1eddng.<\/span><\/td>\n<\/tr>\n<tr>\n<td><span style=\"font-weight: 400;color: #000000\">N\u1ebfu sau khung gi\u1edd c\u1ee7a ch\u01b0\u01a1ng tr\u00ecnh t\u00f4i t\u1eaft \u1ee9ng d\u1ee5ng \u0111\u1ec3 t\u1ea1m ngh\u1ec9 th\u00ec sao?<\/span><\/td>\n<td><span style=\"font-weight: 400;color: #000000\">\u0110\u1ed1i t\u00e1c c\u1ee9 y\u00ean t\u00e2m t\u1ea1m ngh\u1ec9. Thu nh\u1eadp c\u1ee7a \u0110\u1ed1i t\u00e1c \u0111\u00e3 \u0111\u01b0\u1ee3c ghi nh\u1eadn trong khung gi\u1edd c\u1ee7a ch\u01b0\u01a1ng tr\u00ecnh. Vi\u1ec7c t\u1ea1m ngh\u1ec9 kh\u00f4ng \u1ea3nh h\u01b0\u1edfng g\u00ec \u0111\u1ebfn m\u1ee9c thu nh\u1eadp \u0111\u00e3 \u0111\u01b0\u1ee3c ghi nh\u1eadn.<\/span><\/td>\n<\/tr>\n<\/tbody>\n<\/table>\n<p style=\"text-align: center\"><a href=\"https:\/\/www.grab.com\/vn\/grabcar-thu-vien-chuong-trinh-thuong\/\"><strong><span style=\"color: #ff0000\">QUAY L\u1ea0I TH\u01af VI\u1ec6N CH\u01af\u01a0NG TR\u00ccNH TH\u01af\u1edeNG<\/span><\/strong><\/a><\/p>\n<p><strong><span style=\"color: #00953a\">Tr\u00e2n tr\u1ecdng,<\/span><\/strong><\/p>\n<p><strong><span style=\"color: #00953a\">\u0110\u1ed8I NG\u0168 GRABCAR.<\/span><\/strong><\/p>\n","protected":false},"excerpt":{"rendered":"\u0110\u1ea3m B\u1ea3o Thu Nh\u1eadp Cho M\u1ed7i Gi\u1edd Ho\u1ea1t \u0110\u1ed9ng &#8211; Ch\u01b0\u01a1ng tr\u00ecnh n\u00e0y nh\u1eb1m gi\u00fap \u0110\u1ed1i t\u00e1c c\u00f3 th\u1ec3 \u0110\u1ea2M B\u1ea2O V\u00c0 GIA T\u0102NG M\u1ee8C THU NH\u1eacP KHI HO\u1ea0T \u0110\u1ed8NG LI\u00caN T\u1ee4C TRONG NH\u1eeeNG KHUNG GI\u1edc CAO \u0110I\u1ec2M. N\u00f3i c\u00e1ch kh\u00e1c, \u0110\u1ed1i t\u00e1c s\u1ebd \u0111\u01b0\u1ee3c th\u01b0\u1edfng v\u00ec lu\u00f4n s\u1eb5n s\u00e0ng ph\u1ee5c v\u1ee5 h\u00e0nh kh\u00e1ch ngay [&hellip;]","protected":false},"author":592,"featured_media":0,"parent":0,"menu_order":0,"comment_status":"closed","ping_status":"closed","template":"","meta":{"_acf_changed":false,"footnotes":""},"acf":[],"_links":{"self":[{"href":"https:\/\/www.grab.com\/vn\/wp-json\/wp\/v2\/pages\/15725"}],"collection":[{"href":"https:\/\/www.grab.com\/vn\/wp-json\/wp\/v2\/pages"}],"about":[{"href":"https:\/\/www.grab.com\/vn\/wp-json\/wp\/v2\/types\/page"}],"author":[{"embeddable":true,"href":"https:\/\/www.grab.com\/vn\/wp-json\/wp\/v2\/users\/592"}],"replies":[{"embeddable":true,"href":"https:\/\/www.grab.com\/vn\/wp-json\/wp\/v2\/comments?post=15725"}],"version-history":[{"count":3,"href":"https:\/\/www.grab.com\/vn\/wp-json\/wp\/v2\/pages\/15725\/revisions"}],"predecessor-version":[{"id":16605,"href":"https:\/\/www.grab.com\/vn\/wp-json\/wp\/v2\/pages\/15725\/revisions\/16605"}],"wp:attachment":[{"href":"https:\/\/www.grab.com\/vn\/wp-json\/wp\/v2\/media?parent=15725"}],"curies":[{"name":"wp","href":"https:\/\/api.w.org\/{rel}","templated":true}]}}